{"id":42953,"date":"2019-03-29T12:16:51","date_gmt":"2019-03-29T11:16:51","guid":{"rendered":"https:\/\/shamengo-vps1.tetedecom.pro\/?page_id=42953"},"modified":"2020-06-02T18:30:38","modified_gmt":"2020-06-02T16:30:38","slug":"our-team","status":"publish","type":"page","link":"https:\/\/shamengo-vps1.tetedecom.pro\/en\/our-team\/","title":{"rendered":"Our team"},"content":{"rendered":"<p>[vc_section full_width=&#8221;stretch_row_content&#8221; el_class=&#8221;header-image-section&#8221; css=&#8221;.vc_custom_1529956307959{background-image: url(\/wp-content\/uploads\/2018\/06\/banner-equipe-1.jpg?id=22711) !important;}&#8221;][\/vc_section][vc_section][vc_row el_id=&#8221;site-title&#8221;][vc_column][vc_column_text]<\/p>\n<h1 style=\"text-align: center;\">WHO ARE WE?<\/h1>\n<p style=\"text-align: center;\">A gang of enthusiasts<\/p>\n<p>[\/vc_column_text][\/vc_column][\/vc_row][\/vc_section][vc_section full_width=&#8221;stretch_row_content&#8221;][vc_row equal_height=&#8221;yes&#8221; content_placement=&#8221;middle&#8221; el_class=&#8221;stretch-right-col&#8221;][vc_column width=&#8221;1\/2&#8243; css=&#8221;.vc_custom_1525705002925{padding-bottom: 6em !important;}&#8221;][vc_column_text]<\/p>\n<h2>Background<\/h2>\n<p>[\/vc_column_text][vc_column_text el_class=&#8221;sep-top&#8221;]Shamengo, a gamble on the future, was initiated by Catherine Berthillier, a senior reporter for famous French television programs (Envoy\u00e9 Sp\u00e9cial [France\u00a02], Des racines et des ailes [France\u00a03], Zone interdite [M6], Reportages [TF1], Arte reportage [Arte]\u2026) and different international co-production documentaries for France\u00a03 and France\u00a05.<\/p>\n<p>After 20 years of battling through her investigative reporting against those who destroy the world, Catherine Berthillier decided, in 2008, to share her skills and her large network of contacts in France and abroad to the benefit of those who build the world of tomorrow. This is how Shamengo Association was founded in October 2011.<\/p>\n<p>Some of the founder team members are still among the major players. Other individuals join on a regular mission\u2019s basis. What they all have in common is they want to bring to life this meaningful company that exceeds our own understanding and of which we are proud.[\/vc_column_text][\/vc_column][vc_column width=&#8221;1\/2&#8243; css=&#8221;.vc_custom_1529953635241{background-image: url(\/wp-content\/uploads\/2018\/06\/C.-Berthillier-\u00e0-Vanarasi.jpg?id=22688) !important;background-position: center !important;background-repeat: no-repeat !important;background-size: cover !important;}&#8221; el_class=&#8221;bg-align-top&#8221;][\/vc_column][\/vc_row][\/vc_section][vc_section full_width=&#8221;stretch_row&#8221; css=&#8221;.vc_custom_1529954666997{background-color: #f7f7f7 !important;}&#8221;][vc_row][vc_column][vc_column_text]<\/p>\n<h2 style=\"text-align: center;\">Our team<\/h2>\n<p>[\/vc_column_text][\/vc_column][\/vc_row][vc_row el_class=&#8221;team-photos&#8221;][vc_column width=&#8221;1\/4&#8243;][vc_single_image image=&#8221;22690&#8243; img_size=&#8221;large&#8221; alignment=&#8221;center&#8221;][vc_column_text]<\/p>\n<h3>Catherine<br \/>\nBERTHILLIER<\/h3>\n<p>Founder[\/vc_column_text][\/vc_column][vc_column width=&#8221;1\/4&#8243;][vc_single_image image=&#8221;22694&#8243; img_size=&#8221;large&#8221; alignment=&#8221;center&#8221;][vc_column_text]<\/p>\n<h3>Virginie<br \/>\nTREMSAL<\/h3>\n<p>Project Manager[\/vc_column_text][\/vc_column][vc_column width=&#8221;1\/4&#8243;][vc_single_image image=&#8221;22691&#8243; img_size=&#8221;large&#8221; alignment=&#8221;center&#8221;][vc_column_text]<\/p>\n<h3>Denis<br \/>\nBENOIT<\/h3>\n<p>Technical Director[\/vc_column_text][\/vc_column][vc_column width=&#8221;1\/4&#8243;][vc_single_image image=&#8221;22692&#8243; img_size=&#8221;large&#8221; alignment=&#8221;center&#8221;][vc_column_text]<\/p>\n<h3>Pascale<br \/>\nBOISSIER<\/h3>\n<p>Head of communications[\/vc_column_text][\/vc_column][\/vc_row][vc_row][vc_column][vc_column_text]<\/p>\n<p style=\"text-align: center;\"><strong><span style=\"font-size: 14pt;\">As well as Naomie Desfontaines, Fran\u00e7oise Sellier, Marie-H\u00e9l\u00e8ne Becquemin, Antoine H\u00e9ron, Xavier Fontes, Caroline Loisel, Lilly Begg, L\u00e9a Durif, Nicolas Sandt, Serge Broch, Michael, Phil and William.<br \/>\nWe want to express special gratitude to all of them for their continuous passionate support, dedication and commitment.<\/span><\/strong><\/p>\n<p>[\/vc_column_text][\/vc_column][\/vc_row][\/vc_section][vc_section full_width=&#8221;stretch_row_content&#8221; css=&#8221;.vc_custom_1529955757509{padding-top: 0px !important;}&#8221;][vc_row][vc_column][vc_single_image image=&#8221;22685&#8243; img_size=&#8221;full&#8221; alignment=&#8221;center&#8221;][\/vc_column][\/vc_row][\/vc_section][vc_section full_width=&#8221;stretch_row&#8221; css=&#8221;.vc_custom_1529955550026{background-color: f7f7f7 !important;}&#8221; el_class=&#8221;grey-bg-header&#8221;][vc_row][vc_column][vc_single_image image=&#8221;21958&#8243; img_size=&#8221;full&#8221; alignment=&#8221;center&#8221; css=&#8221;.vc_custom_1529955646069{margin-bottom: 25px !important;}&#8221;][vc_column_text css=&#8221;.vc_custom_1529955712410{margin-bottom: 25px !important;}&#8221;]<\/p>\n<h2 style=\"text-align: center;\">SHAMENGO COMMUNITY<\/h2>\n<p style=\"text-align: center;\">Discover, learn and share with men and women who are changing the world<\/p>\n<p>[\/vc_column_text][vc_btn title=&#8221;Join us&#8221; color=&#8221;so-white&#8221; align=&#8221;center&#8221; link=&#8221;url:%2Fen%2Fjoin%2F|||&#8221;][\/vc_column][\/vc_row][\/vc_section]<\/p>\n","protected":false},"excerpt":{"rendered":"<p>[vc_section full_width=&#8221;stretch_row_content&#8221; el_class=&#8221;header-image-section&#8221; css=&#8221;.vc_custom_1529956307959{background-image: url(\/wp-content\/uploads\/2018\/06\/banner-equipe-1.jpg?id=22711) !important;}&#8221;][\/vc_section][vc_section][vc_row el_id=&#8221;site-title&#8221;][vc_column][vc_column_text] WHO ARE WE? A gang of enthusiasts [\/vc_column_text][\/vc_column][\/vc_row][\/vc_section][vc_section full_width=&#8221;stretch_row_content&#8221;][vc_row equal_height=&#8221;yes&#8221; content_placement=&#8221;middle&#8221; el_class=&#8221;stretch-right-col&#8221;][vc_column width=&#8221;1\/2&#8243; css=&#8221;.vc_custom_1525705002925{padding-bottom: 6em !important;}&#8221;][vc_column_text] Background [\/vc_column_text][vc_column_text el_class=&#8221;sep-top&#8221;]Shamengo, a gamble on the future, was initiated by Catherine Berthillier, a senior reporter for famous French television programs (Envoy\u00e9 Sp\u00e9cial [France\u00a02], Des racines et des ailes [France\u00a03], Zone interdite [&hellip;]<\/p>\n","protected":false},"author":5148,"featured_media":0,"parent":0,"menu_order":0,"comment_status":"closed","ping_status":"closed","template":"","meta":{"_acf_changed":false,"footnotes":""},"thematique":[],"class_list":["post-42953","page","type-page","status-publish","hentry"],"acf":{"top_page":false},"_links":{"self":[{"href":"https:\/\/shamengo-vps1.tetedecom.pro\/en\/wp-json\/wp\/v2\/pages\/42953"}],"collection":[{"href":"https:\/\/shamengo-vps1.tetedecom.pro\/en\/wp-json\/wp\/v2\/pages"}],"about":[{"href":"https:\/\/shamengo-vps1.tetedecom.pro\/en\/wp-json\/wp\/v2\/types\/page"}],"author":[{"embeddable":true,"href":"https:\/\/shamengo-vps1.tetedecom.pro\/en\/wp-json\/wp\/v2\/users\/5148"}],"replies":[{"embeddable":true,"href":"https:\/\/shamengo-vps1.tetedecom.pro\/en\/wp-json\/wp\/v2\/comments?post=42953"}],"version-history":[{"count":22,"href":"https:\/\/shamengo-vps1.tetedecom.pro\/en\/wp-json\/wp\/v2\/pages\/42953\/revisions"}],"predecessor-version":[{"id":54947,"href":"https:\/\/shamengo-vps1.tetedecom.pro\/en\/wp-json\/wp\/v2\/pages\/42953\/revisions\/54947"}],"wp:attachment":[{"href":"https:\/\/shamengo-vps1.tetedecom.pro\/en\/wp-json\/wp\/v2\/media?parent=42953"}],"wp:term":[{"taxonomy":"thematique","embeddable":true,"href":"https:\/\/shamengo-vps1.tetedecom.pro\/en\/wp-json\/wp\/v2\/thematique?post=42953"}],"curies":[{"name":"wp","href":"https:\/\/api.w.org\/{rel}","templated":true}]}}