{"id":43013,"date":"2019-03-29T15:33:45","date_gmt":"2019-03-29T14:33:45","guid":{"rendered":"https:\/\/shamengo-vps1.tetedecom.pro\/?page_id=43013"},"modified":"2019-03-29T15:33:45","modified_gmt":"2019-03-29T14:33:45","slug":"legal-disclaimer","status":"publish","type":"page","link":"https:\/\/shamengo-vps1.tetedecom.pro\/en\/legal-disclaimer\/","title":{"rendered":"Legal disclaimer"},"content":{"rendered":"<p>[vc_section full_width=&#8221;stretch_row_content&#8221; el_class=&#8221;header-image-section&#8221; css=&#8221;.vc_custom_1528448493113{background-image: url(\/wp-content\/uploads\/2018\/09\/Les-Canaux-contact-shamengo-1.jpg?id=37894) !important;background-position: center !important;background-repeat: no-repeat !important;background-size: cover !important;}&#8221;][\/vc_section][vc_section][vc_row el_id=&#8221;site-title&#8221;][vc_column][vc_column_text]<\/p>\n<h1 style=\"text-align: center;\">LEGAL DISCLAIMER<\/h1>\n<p>[\/vc_column_text][\/vc_column][\/vc_row][\/vc_section][vc_row full_width=&#8221;stretch_row&#8221; css=&#8221;.vc_custom_1537368439667{padding-top: 10px !important;padding-bottom: 30px !important;background-color: #ffffff !important;}&#8221;][vc_column][vc_column_text el_class=&#8221;info-en-avant&#8221;]<\/p>\n<h2 style=\"text-align: left;\">Publisher and publication manager<\/h2>\n<div class=\"page\" title=\"Page 2\">\n<div class=\"section\">\n<div class=\"layoutArea\">\n<div class=\"column\">\n<p style=\"text-align: left;\">Association Shamengo<\/p>\n<p style=\"text-align: left;\">Publication manager: Catherine Bertillier<\/p>\n<h2>Graphic integration and website development<\/h2>\n<p>T\u00eate De Com<br \/>\n2b Rue de l&#8217;\u00e9glise<br \/>\n25000 Besan\u00e7on | FRANCE<br \/>\n<a href=\"https:\/\/www.tetedecom.eu\" target=\"_blank\" rel=\"noopener\">www.tetedecom.eu<\/a><\/p>\n<\/div>\n<h2>Copyrights<\/h2>\n<h3>Photographies\/pictures: Shamengo and images used under Shutterstock license<\/h3>\n<h3>Videos: Shamengo<\/h3>\n<h2>Hosting<\/h2>\n<p>OVH SAS with a share capital of 10 069 020 \u20ac<br \/>\nRCS Lille M\u00e9tropole 424 761 419 00045<br \/>\nCode APE: 2620Z<br \/>\nVAT number: FR 22 424 761 419<br \/>\nHeadquarters: 2 rue Kellermann &#8211; 59100 Roubaix &#8211; France<br \/>\nPublication director: Octave KLABA<\/p>\n<h2>Personal data<\/h2>\n<p>In order to offer you appropriate services, we may ask you to provide us with personal data. Depending on the services you subscribe to, you will be asked to provide information, some mandatory and some optional.<\/p>\n<p>Shamengo is committed to respecting your privacy and protecting the information you provide to us. The personal data collected on our websites are only intended for the use of the Shamengo association.<\/p>\n<p>In accordance with the French Data Protection Act of 6 January 1978, you have the right to access, rectify, modify and delete any personal data you have provided us with. You can exercise this right by sending a letter to:\u00a0Association Shamengo\u2009\u2013 22 Bd de Magenta, 75010 Paris.<\/p>\n<p>If you have subscribed to e-mail information services (\u2018newsletter\u2019), you may request to no longer receive these letters either as indicated above or by following the instructions at the end of each of these letters when you receive them.<\/p>\n<h2>Cookies<\/h2>\n<p>Shamengo\u2019s websites use cookies. These files stored on your computer are used to facilitate your access to the services we offer. The site\u2019s cookies do not contain any personally identifiable information, and they are designed to be used only by the Shamengo association. We inform you that you can oppose the recording of these \u2018cookies\u2019 by configuring your computer according to the procedures detailed on the site http:\/\/www.cnil.fr<\/p>\n<h2>Links to other sites<\/h2>\n<p>The Shamengo association offers links to third party sites on its sites. These links are established in agreement with the sites concerned at a time when the Shamengo association may have deemed it appropriate to do so, taking into account the content and services of these sites. The Shamengo association cannot be held responsible for their content and the way these websites use it.<\/p>\n<h2>Intellectual property<\/h2>\n<p>Access to the Shamengo association\u2019s sites gives you a private and non-exclusive right of use of these sites. All articles, photographs and other documents on this site are the property of the Shamengo association, or are authorized by their owners, and are subject to copyright and other intellectual property rights.<\/p>\n<p>The trademarks, logos, characters (collectively referred to as \u2018Brand\u2019) displayed on this website belong to the Shamengo association or its partners. No interpretation may be made in favour of a licence or any right to use the Trademark displayed on the Website.<\/p>\n<p>The fraudulent use of the Brand or any other content of the website is totally prohibited. The Shamengo Association informs you that it will make extensive use of its intellectual property rights to initiate legal proceedings, including criminal proceedings, if necessary.<\/p>\n<h2>Unavailability of sites<\/h2>\n<p>The Shamengo association is committed to devoting its best efforts to ensure that users can access its sites at all times. The Shamengo association cannot be held responsible in case of unavailability, for any reason whatsoever.<\/p>\n<\/div>\n<\/div>\n<\/div>\n<p>[\/vc_column_text][\/vc_column][\/vc_row]<\/p>\n","protected":false},"excerpt":{"rendered":"<p>[vc_section full_width=&#8221;stretch_row_content&#8221; el_class=&#8221;header-image-section&#8221; css=&#8221;.vc_custom_1528448493113{background-image: url(\/wp-content\/uploads\/2018\/09\/Les-Canaux-contact-shamengo-1.jpg?id=37894) !important;background-position: center !important;background-repeat: no-repeat !important;background-size: cover !important;}&#8221;][\/vc_section][vc_section][vc_row el_id=&#8221;site-title&#8221;][vc_column][vc_column_text] LEGAL DISCLAIMER [\/vc_column_text][\/vc_column][\/vc_row][\/vc_section][vc_row full_width=&#8221;stretch_row&#8221; css=&#8221;.vc_custom_1537368439667{padding-top: 10px !important;padding-bottom: 30px !important;background-color: #ffffff !important;}&#8221;][vc_column][vc_column_text el_class=&#8221;info-en-avant&#8221;] Publisher and publication manager Association Shamengo Publication manager: Catherine Bertillier Graphic integration and website development T\u00eate De Com 2b Rue de l&#8217;\u00e9glise 25000 Besan\u00e7on | FRANCE www.tetedecom.eu Copyrights Photographies\/pictures: Shamengo [&hellip;]<\/p>\n","protected":false},"author":5148,"featured_media":0,"parent":0,"menu_order":0,"comment_status":"closed","ping_status":"closed","template":"","meta":{"_acf_changed":false,"footnotes":""},"thematique":[],"class_list":["post-43013","page","type-page","status-publish","hentry"],"acf":false,"_links":{"self":[{"href":"https:\/\/shamengo-vps1.tetedecom.pro\/en\/wp-json\/wp\/v2\/pages\/43013"}],"collection":[{"href":"https:\/\/shamengo-vps1.tetedecom.pro\/en\/wp-json\/wp\/v2\/pages"}],"about":[{"href":"https:\/\/shamengo-vps1.tetedecom.pro\/en\/wp-json\/wp\/v2\/types\/page"}],"author":[{"embeddable":true,"href":"https:\/\/shamengo-vps1.tetedecom.pro\/en\/wp-json\/wp\/v2\/users\/5148"}],"replies":[{"embeddable":true,"href":"https:\/\/shamengo-vps1.tetedecom.pro\/en\/wp-json\/wp\/v2\/comments?post=43013"}],"version-history":[{"count":2,"href":"https:\/\/shamengo-vps1.tetedecom.pro\/en\/wp-json\/wp\/v2\/pages\/43013\/revisions"}],"predecessor-version":[{"id":46898,"href":"https:\/\/shamengo-vps1.tetedecom.pro\/en\/wp-json\/wp\/v2\/pages\/43013\/revisions\/46898"}],"wp:attachment":[{"href":"https:\/\/shamengo-vps1.tetedecom.pro\/en\/wp-json\/wp\/v2\/media?parent=43013"}],"wp:term":[{"taxonomy":"thematique","embeddable":true,"href":"https:\/\/shamengo-vps1.tetedecom.pro\/en\/wp-json\/wp\/v2\/thematique?post=43013"}],"curies":[{"name":"wp","href":"https:\/\/api.w.org\/{rel}","templated":true}]}}