{"id":47133,"date":"2019-04-03T18:19:08","date_gmt":"2019-04-03T16:19:08","guid":{"rendered":"https:\/\/shamengo-vps1.tetedecom.pro\/?page_id=47133"},"modified":"2019-10-04T17:06:42","modified_gmt":"2019-10-04T15:06:42","slug":"tv-channel-shamengo-events","status":"publish","type":"page","link":"https:\/\/shamengo-vps1.tetedecom.pro\/en\/tv-channel-shamengo-events\/","title":{"rendered":"TV Channel: Shamengo Events"},"content":{"rendered":"<p>[vc_section full_width=&#8221;stretch_row_content&#8221; el_class=&#8221;header-image-section&#8221; css=&#8221;.vc_custom_1536573527852{background-image: url(\/\/shamengo-vps1.tetedecom.pro\/wp-content\/uploads\/2018\/04\/Laure-Meryam-Afrique-Sud.jpg?id=22030) !important;}&#8221;][vc_row][vc_column][\/vc_column][\/vc_row][\/vc_section][vc_section full_width=&#8221;stretch_row_content&#8221;][vc_row][vc_column]\n\t\t<div id=\"vc_so_video_channel_797143\" class=\"vc_so_video_channel  \">\n\t\t<p>[vc_section][vc_row el_id=&#8221;site-title&#8221;][vc_column][vc_column_text]<\/p>\n<h1 style=\"text-align: center;\">SHAMENGO EVENTS<\/h1>\n<p>\t\t[\/vc_column_text][\/vc_column][\/vc_row][\/vc_section]<\/p>\n\n\n\t\t<div id=\"vc_so_video_channel_content\" class=\"so-wrapper\">\n\n\t\t<div class=\"playing_video_area\">\n\t\t\n\t\t<div id=\"video_player\">\n\t\t<script type=\"text\/javascript\">\n\n\t\tfunction loadJavaScriptSync(filePath){\n\t\t\tvar req = new XMLHttpRequest();\n\t\t\treq.open(\"GET\", filePath, false);\n\t\t\treq.send(null);\n\n\t\t\tvar headElement = document.getElementsByTagName(\"head\")[0];\n\t\t\tvar newScriptElement = document.createElement(\"script\");\n\t\t\tnewScriptElement.type = \"text\/javascript\";\n\t\t\tnewScriptElement.text = req.responseText;\n\t\t\tif (headElement) { headElement.appendChild(newScriptElement); }\n\t\t}\n\n\t\tloadJavaScriptSync(\"\/\/shamengo.streameo.tv\/getembed.js?custom_playlist=playlist&ids_prods=688,yt-ozJDTV3o1E8,yt-xvvke-Pwy3w,yt-p3Xp0cchCNE,yt-yt7z2V5xRVE,yt-3_rMc_SUC3A,yt-e8Pl52LodIE&lang=fr&id_app=186\");\n\n\t\t<\/script>\n\t\t<div class=\"video_poster\" style=\"background-image:url(\/\/shamengo-vps1.tetedecom.pro\/wp-content\/uploads\/2019\/07\/video-streameo-688.png)\"><i class=\"fa fa-play\" aria-hidden=\"true\"><\/i><\/div>\n\t\t<\/div>\n\t\t\n\t<div id=\"video_infos\">\n\n\t<div id=\"video_header\">\n\n\t<div id=\"video_title\">\n\t\n\t\n\t<h1>Drone presentation - 3D Villa Shamengo<\/h1>\n\t<\/div>\n\n\t<div id=\"video_actions\">\n\n\t\n\t<div id=\"social_actions\">\n\t<div id=\"video_likes\">\n\t<span class=\"lb-wrapper\"><a href=\"https:\/\/shamengo-vps1.tetedecom.pro\/wp-admin\/admin-ajax.php?action=process_like_button&post_id=49055&nonce=d500740847&is_comment=0&disabled=true\" class=\"lb-button lb-button-49055\" data-nonce=\"d500740847\" data-post-id=\"49055\" data-iscomment=\"0\" title=\"Like\"><i class=\"fa fa-heart\"><\/i><\/a><span id=\"lb-loader\"><\/span><span class=\"lb-count\">0<\/span> Like<\/span>\n\t<\/div>\n\t<div id=\"video_share\">\n\t<span>\n\t<i class=\"fa fa-share-alt\" aria-hidden=\"true\"><\/i>\n\tPartager\n\t<\/span>\n\t<div class=\"sharing_box\">\n\t<a target=\"_blank\" title=\"Facebook\" href=\"https:\/\/www.facebook.com\/sharer\/sharer.php?u=https%3A%2F%2Fshamengo-vps1.tetedecom.pro%2Fen%2Fvideo%2Fpresentation-drone-3d-villa-shamengo%2F\">\n\t<i class=\"fa fa-facebook-official\" aria-hidden=\"true\"><\/i>\n\t<\/a>\n\t<a target=\"_blank\" title=\"Twitter\" href=\"https:\/\/twitter.com\/intent\/tweet\/?url=https%3A%2F%2Fshamengo-vps1.tetedecom.pro%2Fen%2Fvideo%2Fpresentation-drone-3d-villa-shamengo%2F&amp;text=Drone+presentation+-+3D+Villa+Shamengo\">\n\t<i class=\"fa fa-twitter\" aria-hidden=\"true\"><\/i>\n\t<\/a>\n\t<\/div>\n\t<\/div>\n\t<\/div>\n\n\t<\/div>\n\n\t<\/div>\n\n\t<div class=\"video_description\"><p><span style=\"background-color: #ffffff;\"><img loading=\"lazy\" decoding=\"async\" class=\"alignnone size-medium wp-image-48981\" src=\"https:\/\/shamengo-vps1.tetedecom.pro\/wp-content\/uploads\/2019\/07\/Capture-de\u0301cran-2019-07-06-15.35.29-350x199.png\" alt=\"\" width=\"350\" height=\"199\" srcset=\"\/\/shamengo-vps1.tetedecom.pro\/wp-content\/uploads\/2019\/07\/Capture-de\u0301cran-2019-07-06-15.35.29-350x199.png 350w, \/\/shamengo-vps1.tetedecom.pro\/wp-content\/uploads\/2019\/07\/Capture-de\u0301cran-2019-07-06-15.35.29-768x437.png 768w, \/\/shamengo-vps1.tetedecom.pro\/wp-content\/uploads\/2019\/07\/Capture-de\u0301cran-2019-07-06-15.35.29-253x144.png 253w, \/\/shamengo-vps1.tetedecom.pro\/wp-content\/uploads\/2019\/07\/Capture-de\u0301cran-2019-07-06-15.35.29-600x342.png 600w, \/\/shamengo-vps1.tetedecom.pro\/wp-content\/uploads\/2019\/07\/Capture-de\u0301cran-2019-07-06-15.35.29.png 950w\" sizes=\"(max-width: 350px) 100vw, 350px\" \/><\/span><\/p>\n<\/div>\n\t<\/div>\n\n\t\n\t\t<\/div>\n\n\t\t<div class=\"related_videos_area\">\n\n\t\t<div id=\"play-mode\">\n\t\t<div class=\"toggle-bt\">\n\t\t<label for=\"play-mode-bt\">\n\t\t<span>Lecture al\u00e9atoire<\/span>\n\t\t<input id=\"play-mode-bt\" type=\"checkbox\"  >\n\t\t<div class=\"toggle-switch\"><\/div>\n\t\t<\/label>\n\t\t<\/div>\n\t\t<\/div>\n\n\t\t<div id=\"related-items\" data-simplebar>\n\t\t<ul id=\"related_videos\" ><li>\n\t\t\t<a href=\"https:\/\/shamengo-vps1.tetedecom.pro\/en\/video\/presentation-drone-3d-villa-shamengo\/\" class=\"active\" data-video-id=\"688\" data-wp-video-id=\"49055\">\n\n\t\t\t<div class=\"related_video_container\">\n\n\t\t\t<div class=\"video_poster\"><img loading=\"lazy\" decoding=\"async\" width=\"253\" height=\"144\" src=\"\/\/shamengo-vps1.tetedecom.pro\/wp-content\/uploads\/2019\/07\/video-streameo-688-253x144.png\" class=\"attachment-video-thumb size-video-thumb wp-post-image\" alt=\"\" srcset=\"\/\/shamengo-vps1.tetedecom.pro\/wp-content\/uploads\/2019\/07\/video-streameo-688-253x144.png 253w, \/\/shamengo-vps1.tetedecom.pro\/wp-content\/uploads\/2019\/07\/video-streameo-688-350x199.png 350w, \/\/shamengo-vps1.tetedecom.pro\/wp-content\/uploads\/2019\/07\/video-streameo-688-768x437.png 768w, \/\/shamengo-vps1.tetedecom.pro\/wp-content\/uploads\/2019\/07\/video-streameo-688-600x342.png 600w, \/\/shamengo-vps1.tetedecom.pro\/wp-content\/uploads\/2019\/07\/video-streameo-688.png 950w\" sizes=\"(max-width: 253px) 100vw, 253px\" \/><\/div>\n\n\t\t\t<div class=\"video_infos \">\n\t\t\t\n\t\t\t<div class=\"video_subtitle\">Drone presentation - 3D Villa Shamengo<\/div>\n\t\t\t<\/div>\n\n\t\t\t<\/div>\n\n\t\t\t<\/a>\n\t\t\t<\/li><li>\n\t\t\t<a href=\"https:\/\/shamengo-vps1.tetedecom.pro\/en\/video\/clip-villa-shamengo-cop-21\/\"  data-video-id=\"yt-ozJDTV3o1E8\" data-wp-video-id=\"47837\">\n\n\t\t\t<div class=\"related_video_container\">\n\n\t\t\t<div class=\"video_poster\"><img loading=\"lazy\" decoding=\"async\" width=\"254\" height=\"144\" src=\"\/\/shamengo-vps1.tetedecom.pro\/wp-content\/uploads\/2019\/04\/Capture-de\u0301cran-2019-04-14-22.00.31-254x144.png\" class=\"attachment-video-thumb size-video-thumb wp-post-image\" alt=\"\" srcset=\"\/\/shamengo-vps1.tetedecom.pro\/wp-content\/uploads\/2019\/04\/Capture-de\u0301cran-2019-04-14-22.00.31-254x144.png 254w, \/\/shamengo-vps1.tetedecom.pro\/wp-content\/uploads\/2019\/04\/Capture-de\u0301cran-2019-04-14-22.00.31-350x198.png 350w, \/\/shamengo-vps1.tetedecom.pro\/wp-content\/uploads\/2019\/04\/Capture-de\u0301cran-2019-04-14-22.00.31-768x435.png 768w, \/\/shamengo-vps1.tetedecom.pro\/wp-content\/uploads\/2019\/04\/Capture-de\u0301cran-2019-04-14-22.00.31-1024x579.png 1024w, \/\/shamengo-vps1.tetedecom.pro\/wp-content\/uploads\/2019\/04\/Capture-de\u0301cran-2019-04-14-22.00.31-600x340.png 600w, \/\/shamengo-vps1.tetedecom.pro\/wp-content\/uploads\/2019\/04\/Capture-de\u0301cran-2019-04-14-22.00.31.png 1101w\" sizes=\"(max-width: 254px) 100vw, 254px\" \/><\/div>\n\n\t\t\t<div class=\"video_infos \">\n\t\t\t\n\t\t\t<div class=\"video_subtitle\">Clip Villa Shamengo COP 21<\/div>\n\t\t\t<\/div>\n\n\t\t\t<\/div>\n\n\t\t\t<\/a>\n\t\t\t<\/li><li>\n\t\t\t<a href=\"https:\/\/shamengo-vps1.tetedecom.pro\/en\/video\/clip-villa-shamengo-a-bordeaux\/\"  data-video-id=\"yt-xvvke-Pwy3w\" data-wp-video-id=\"47839\">\n\n\t\t\t<div class=\"related_video_container\">\n\n\t\t\t<div class=\"video_poster\"><img loading=\"lazy\" decoding=\"async\" width=\"256\" height=\"138\" src=\"\/\/shamengo-vps1.tetedecom.pro\/wp-content\/uploads\/2019\/04\/Capture-de\u0301cran-2019-04-14-21.42.59-256x138.jpg\" class=\"attachment-video-thumb size-video-thumb wp-post-image\" alt=\"\" srcset=\"\/\/shamengo-vps1.tetedecom.pro\/wp-content\/uploads\/2019\/04\/Capture-de\u0301cran-2019-04-14-21.42.59-256x138.jpg 256w, \/\/shamengo-vps1.tetedecom.pro\/wp-content\/uploads\/2019\/04\/Capture-de\u0301cran-2019-04-14-21.42.59-350x189.jpg 350w, \/\/shamengo-vps1.tetedecom.pro\/wp-content\/uploads\/2019\/04\/Capture-de\u0301cran-2019-04-14-21.42.59-768x414.jpg 768w, \/\/shamengo-vps1.tetedecom.pro\/wp-content\/uploads\/2019\/04\/Capture-de\u0301cran-2019-04-14-21.42.59-1024x552.jpg 1024w, \/\/shamengo-vps1.tetedecom.pro\/wp-content\/uploads\/2019\/04\/Capture-de\u0301cran-2019-04-14-21.42.59-600x323.jpg 600w, \/\/shamengo-vps1.tetedecom.pro\/wp-content\/uploads\/2019\/04\/Capture-de\u0301cran-2019-04-14-21.42.59.jpg 1892w\" sizes=\"(max-width: 256px) 100vw, 256px\" \/><\/div>\n\n\t\t\t<div class=\"video_infos \">\n\t\t\t\n\t\t\t<div class=\"video_subtitle\">Clip Villa Shamengo \u00e0 Bordeaux<\/div>\n\t\t\t<\/div>\n\n\t\t\t<\/div>\n\n\t\t\t<\/a>\n\t\t\t<\/li><li>\n\t\t\t<a href=\"https:\/\/shamengo-vps1.tetedecom.pro\/en\/video\/la-nuit-du-clean-tag\/\"  data-video-id=\"yt-p3Xp0cchCNE\" data-wp-video-id=\"47841\">\n\n\t\t\t<div class=\"related_video_container\">\n\n\t\t\t<div class=\"video_poster\"><img loading=\"lazy\" decoding=\"async\" width=\"256\" height=\"144\" src=\"\/\/shamengo-vps1.tetedecom.pro\/wp-content\/uploads\/2019\/04\/p3Xp0cchCNE-mqdefault-256x144.jpg\" class=\"attachment-video-thumb size-video-thumb wp-post-image\" alt=\"\" srcset=\"\/\/shamengo-vps1.tetedecom.pro\/wp-content\/uploads\/2019\/04\/p3Xp0cchCNE-mqdefault-256x144.jpg 256w, \/\/shamengo-vps1.tetedecom.pro\/wp-content\/uploads\/2019\/04\/p3Xp0cchCNE-mqdefault.jpg 320w\" sizes=\"(max-width: 256px) 100vw, 256px\" \/><\/div>\n\n\t\t\t<div class=\"video_infos \">\n\t\t\t\n\t\t\t<div class=\"video_subtitle\">La Nuit du Clean Tag<\/div>\n\t\t\t<\/div>\n\n\t\t\t<\/div>\n\n\t\t\t<\/a>\n\t\t\t<\/li><li>\n\t\t\t<a href=\"https:\/\/shamengo-vps1.tetedecom.pro\/en\/video\/esd-ecole-de-conde-projet-peinture-vegetale-pour-villa-shamengo\/\"  data-video-id=\"yt-yt7z2V5xRVE\" data-wp-video-id=\"47843\">\n\n\t\t\t<div class=\"related_video_container\">\n\n\t\t\t<div class=\"video_poster\"><img loading=\"lazy\" decoding=\"async\" width=\"256\" height=\"144\" src=\"\/\/shamengo-vps1.tetedecom.pro\/wp-content\/uploads\/2019\/04\/yt7z2V5xRVE-mqdefault-256x144.jpg\" class=\"attachment-video-thumb size-video-thumb wp-post-image\" alt=\"\" srcset=\"\/\/shamengo-vps1.tetedecom.pro\/wp-content\/uploads\/2019\/04\/yt7z2V5xRVE-mqdefault-256x144.jpg 256w, \/\/shamengo-vps1.tetedecom.pro\/wp-content\/uploads\/2019\/04\/yt7z2V5xRVE-mqdefault.jpg 320w\" sizes=\"(max-width: 256px) 100vw, 256px\" \/><\/div>\n\n\t\t\t<div class=\"video_infos \">\n\t\t\t\n\t\t\t<div class=\"video_subtitle\">ESD & Ecole de Cond\u00e9 - Projet Peinture v\u00e9g\u00e9tale pour Villa Shamengo<\/div>\n\t\t\t<\/div>\n\n\t\t\t<\/div>\n\n\t\t\t<\/a>\n\t\t\t<\/li><li>\n\t\t\t<a href=\"https:\/\/shamengo-vps1.tetedecom.pro\/en\/video\/esd-ecole-de-conde-projet-bistrot-pour-villa-shamengo\/\"  data-video-id=\"yt-3_rMc_SUC3A\" data-wp-video-id=\"47845\">\n\n\t\t\t<div class=\"related_video_container\">\n\n\t\t\t<div class=\"video_poster\"><img loading=\"lazy\" decoding=\"async\" width=\"256\" height=\"144\" src=\"\/\/shamengo-vps1.tetedecom.pro\/wp-content\/uploads\/2019\/04\/3_rMc_SUC3A-mqdefault-256x144.jpg\" class=\"attachment-video-thumb size-video-thumb wp-post-image\" alt=\"\" srcset=\"\/\/shamengo-vps1.tetedecom.pro\/wp-content\/uploads\/2019\/04\/3_rMc_SUC3A-mqdefault-256x144.jpg 256w, \/\/shamengo-vps1.tetedecom.pro\/wp-content\/uploads\/2019\/04\/3_rMc_SUC3A-mqdefault.jpg 320w\" sizes=\"(max-width: 256px) 100vw, 256px\" \/><\/div>\n\n\t\t\t<div class=\"video_infos \">\n\t\t\t\n\t\t\t<div class=\"video_subtitle\">ESD & Ecole de Cond\u00e9 - Projet Bistrot pour Villa Shamengo<\/div>\n\t\t\t<\/div>\n\n\t\t\t<\/div>\n\n\t\t\t<\/a>\n\t\t\t<\/li><li>\n\t\t\t<a href=\"https:\/\/shamengo-vps1.tetedecom.pro\/en\/video\/esd-ecole-de-conde-projet-makego-pour-villa-shamengo\/\"  data-video-id=\"yt-e8Pl52LodIE\" data-wp-video-id=\"47847\">\n\n\t\t\t<div class=\"related_video_container\">\n\n\t\t\t<div class=\"video_poster\"><img loading=\"lazy\" decoding=\"async\" width=\"256\" height=\"144\" src=\"\/\/shamengo-vps1.tetedecom.pro\/wp-content\/uploads\/2019\/04\/e8Pl52LodIE-mqdefault-256x144.jpg\" class=\"attachment-video-thumb size-video-thumb wp-post-image\" alt=\"\" srcset=\"\/\/shamengo-vps1.tetedecom.pro\/wp-content\/uploads\/2019\/04\/e8Pl52LodIE-mqdefault-256x144.jpg 256w, \/\/shamengo-vps1.tetedecom.pro\/wp-content\/uploads\/2019\/04\/e8Pl52LodIE-mqdefault.jpg 320w\" sizes=\"(max-width: 256px) 100vw, 256px\" \/><\/div>\n\n\t\t\t<div class=\"video_infos \">\n\t\t\t\n\t\t\t<div class=\"video_subtitle\">ESD & Ecole de Cond\u00e9 - Projet Make&Go pour Villa Shamengo<\/div>\n\t\t\t<\/div>\n\n\t\t\t<\/div>\n\n\t\t\t<\/a>\n\t\t\t<\/li><\/ul>\n\t\t<\/div>\n\t\t<\/div>\n\n\t\t<\/div>\n\n\t\t<div id=\"back_to_channel_listing\">\n\t\t<div class=\"so-wrapper\">\n\t\t<a href=\"https:\/\/shamengo-vps1.tetedecom.pro\/en\/?page_id=80619&t_body=1\"><i class=\"fa fa-caret-left\" aria-hidden=\"true\"><\/i>Back to the video channels<\/a>\n\t\t<\/div>\n\t\t<\/div>\n\n\t\t<\/div>\n\t\t[\/vc_column][\/vc_row][\/vc_section][vc_section full_width=&#8221;stretch_row_content&#8221; el_class=&#8221;image-banner-text-box cta-soutenir-shamengo&#8221; css=&#8221;.vc_custom_1569932359909{background-image: url(\/\/shamengo-vps1.tetedecom.pro\/wp-content\/uploads\/2019\/10\/CTA-Dons_villa_lounge-zoom.jpg?id=50495) !important;background-position: center !important;background-repeat: no-repeat !important;background-size: cover !important;}&#8221;][vc_row][vc_column][vc_column_text]<\/p>\n<h2 style=\"text-align: center; margin-bottom: 10px;\"><img loading=\"lazy\" decoding=\"async\" class=\"aligncenter wp-image-37745\" src=\"\/\/shamengo-vps1.tetedecom.pro\/wp-content\/uploads\/2018\/08\/don.png\" alt=\"\" width=\"110\" height=\"96\" \/><\/h2>\n<h2 style=\"text-align: center;\">I SUPPORT SHAMENGO<\/h2>\n<h3 style=\"text-align: center;\">Your donation is precious. It will allow us to continue this incredible adventure.<\/h3>\n<p>[\/vc_column_text][vc_btn title=&#8221;LEARN MORE&#8221; color=&#8221;so-white&#8221; align=&#8221;center&#8221; link=&#8221;url:https%3A%2F%2Fshamengo-vps1.tetedecom.pro%2Fen%2Fsupport-shamengo%2F|&#8221;][\/vc_column][\/vc_row][\/vc_section]<\/p>\n","protected":false},"excerpt":{"rendered":"<p>[vc_section full_width=&#8221;stretch_row_content&#8221; el_class=&#8221;header-image-section&#8221; css=&#8221;.vc_custom_1536573527852{background-image: url(\/\/shamengo-vps1.tetedecom.pro\/wp-content\/uploads\/2018\/04\/Laure-Meryam-Afrique-Sud.jpg?id=22030) !important;}&#8221;][vc_row][vc_column][\/vc_column][\/vc_row][\/vc_section][vc_section full_width=&#8221;stretch_row_content&#8221;][vc_row][vc_column][\/vc_column][\/vc_row][\/vc_section][vc_section full_width=&#8221;stretch_row_content&#8221; el_class=&#8221;image-banner-text-box cta-soutenir-shamengo&#8221; css=&#8221;.vc_custom_1569932359909{background-image: url(\/\/shamengo-vps1.tetedecom.pro\/wp-content\/uploads\/2019\/10\/CTA-Dons_villa_lounge-zoom.jpg?id=50495) !important;background-position: center !important;background-repeat: no-repeat !important;background-size: cover !important;}&#8221;][vc_row][vc_column][vc_column_text] I SUPPORT SHAMENGO Your donation is precious. It will allow us to continue this incredible adventure. [\/vc_column_text][vc_btn title=&#8221;LEARN MORE&#8221; color=&#8221;so-white&#8221; align=&#8221;center&#8221; link=&#8221;url:https%3A%2F%2Fshamengo-vps1.tetedecom.pro%2Fen%2Fsupport-shamengo%2F|&#8221;][\/vc_column][\/vc_row][\/vc_section]<\/p>\n","protected":false},"author":5148,"featured_media":0,"parent":0,"menu_order":0,"comment_status":"closed","ping_status":"closed","template":"","meta":{"_acf_changed":false,"footnotes":""},"thematique":[],"class_list":["post-47133","page","type-page","status-publish","hentry"],"acf":false,"_links":{"self":[{"href":"https:\/\/shamengo-vps1.tetedecom.pro\/en\/wp-json\/wp\/v2\/pages\/47133"}],"collection":[{"href":"https:\/\/shamengo-vps1.tetedecom.pro\/en\/wp-json\/wp\/v2\/pages"}],"about":[{"href":"https:\/\/shamengo-vps1.tetedecom.pro\/en\/wp-json\/wp\/v2\/types\/page"}],"author":[{"embeddable":true,"href":"https:\/\/shamengo-vps1.tetedecom.pro\/en\/wp-json\/wp\/v2\/users\/5148"}],"replies":[{"embeddable":true,"href":"https:\/\/shamengo-vps1.tetedecom.pro\/en\/wp-json\/wp\/v2\/comments?post=47133"}],"version-history":[{"count":5,"href":"https:\/\/shamengo-vps1.tetedecom.pro\/en\/wp-json\/wp\/v2\/pages\/47133\/revisions"}],"predecessor-version":[{"id":50559,"href":"https:\/\/shamengo-vps1.tetedecom.pro\/en\/wp-json\/wp\/v2\/pages\/47133\/revisions\/50559"}],"wp:attachment":[{"href":"https:\/\/shamengo-vps1.tetedecom.pro\/en\/wp-json\/wp\/v2\/media?parent=47133"}],"wp:term":[{"taxonomy":"thematique","embeddable":true,"href":"https:\/\/shamengo-vps1.tetedecom.pro\/en\/wp-json\/wp\/v2\/thematique?post=47133"}],"curies":[{"name":"wp","href":"https:\/\/api.w.org\/{rel}","templated":true}]}}