{"id":88037,"date":"2024-01-22T09:36:34","date_gmt":"2024-01-22T08:36:34","guid":{"rendered":"https:\/\/shamengo-vps1.tetedecom.pro\/?page_id=88037"},"modified":"2024-01-22T09:36:35","modified_gmt":"2024-01-22T08:36:35","slug":"home-2-2","status":"publish","type":"page","link":"https:\/\/shamengo-vps1.tetedecom.pro\/en\/","title":{"rendered":"Home &#8211; Shamengo, the living lab of a new world"},"content":{"rendered":"<p>[vc_section full_width=&#8221;stretch_row_content&#8221;][vc_row full_width=&#8221;stretch_row_content_no_spaces&#8221;][vc_column][smartslider3 slider=&#8221;58&#8243;][\/vc_column][\/vc_row][\/vc_section][vc_section css=&#8221;.vc_custom_1529419120726{margin-top: 50px !important;}&#8221;][vc_row el_id=&#8221;site-title&#8221;][vc_column][vc_column_text css=&#8221;.vc_custom_1704793088195{margin-bottom: 0px !important;}&#8221;]<\/p>\n<h1 style=\"text-align: center;\">L&#8217;\u00c9COLE SHAMENGO<\/h1>\n<p style=\"text-align: center;\">Nous vous accompagnons dans votre vie pro et perso\u00a0pour rendre vos modes de production et consommation plus durables.<\/p>\n<p>[\/vc_column_text][\/vc_column][\/vc_row][\/vc_section][vc_section][vc_row css_animation=&#8221;none&#8221; css=&#8221;.vc_custom_1540564785591{padding-top: 30px !important;padding-bottom: 50px !important;}&#8221;][vc_column css_animation=&#8221;fadeIn&#8221;]\n\n\t\t<div id=\"vc_so_categ_circles_109238\" class=\"vc_so_categ_circles \">\n\n\t\t<div class=\"vc_so_categ_circles_items\">\n\t\t\n\t\t\t<div class=\"vc_so_categ_circles_item\">\n\t\t\t<div class=\"wpb_single_image wpb_content_element vc_align_center \">\n\t\t\t<figure class=\"wpb_wrapper vc_figure\">\n\t\t\t<a href=\"https:\/\/shamengo-vps1.tetedecom.pro\/fr\/?p=1\" target=\"_self\" class=\"vc_single_image-wrapper vc_box_rounded  vc_box_border_grey\">\n\t\t\t<img loading=\"lazy\" decoding=\"async\" width=\"26\" height=\"26\" src=\"\/\/shamengo-vps1.tetedecom.pro\/wp-content\/uploads\/2018\/02\/rond-bleu-texture.png\" class=\"attachment-medium size-medium\" alt=\"\" \/>\n\t\t\t<\/a>\n\t\t\t<\/figure>\n\t\t\t<\/div>\n\t\t\t<div class=\"wpb_text_column wpb_content_element \">\n\t\t\t<div class=\"wpb_wrapper\">\n\t\t\t<h4 style=\"text-align: center;\"><a href=\"https:\/\/shamengo-vps1.tetedecom.pro\/fr\/?p=1\">Prendre<br \/>\nsoin de soi<\/a><\/h4>\n\t\t\t<\/div>\n\t\t\t<\/div>\n\t\t\t<\/div>\n\t\t\t<div class=\"vc_so_categ_circles_item\">\n\t\t\t<div class=\"wpb_single_image wpb_content_element vc_align_center \">\n\t\t\t<figure class=\"wpb_wrapper vc_figure\">\n\t\t\t<a href=\"https:\/\/shamengo-vps1.tetedecom.pro\/fr\/?p=1\" target=\"_self\" class=\"vc_single_image-wrapper vc_box_rounded  vc_box_border_grey\">\n\t\t\t<img loading=\"lazy\" decoding=\"async\" width=\"26\" height=\"26\" src=\"\/\/shamengo-vps1.tetedecom.pro\/wp-content\/uploads\/2018\/02\/rond-rose-texture.png\" class=\"attachment-medium size-medium\" alt=\"\" \/>\n\t\t\t<\/a>\n\t\t\t<\/figure>\n\t\t\t<\/div>\n\t\t\t<div class=\"wpb_text_column wpb_content_element \">\n\t\t\t<div class=\"wpb_wrapper\">\n\t\t\t<h4 style=\"text-align: center;\"><a href=\"https:\/\/shamengo-vps1.tetedecom.pro\/fr\/?p=1\">Cr\u00e9er<br \/>\ndans l'\u00e9thique<\/a><\/h4>\n\t\t\t<\/div>\n\t\t\t<\/div>\n\t\t\t<\/div>\n\t\t\t<div class=\"vc_so_categ_circles_item\">\n\t\t\t<div class=\"wpb_single_image wpb_content_element vc_align_center \">\n\t\t\t<figure class=\"wpb_wrapper vc_figure\">\n\t\t\t<a href=\"https:\/\/shamengo-vps1.tetedecom.pro\/fr\/?p=1\" target=\"_self\" class=\"vc_single_image-wrapper vc_box_rounded  vc_box_border_grey\">\n\t\t\t<img loading=\"lazy\" decoding=\"async\" width=\"26\" height=\"26\" src=\"\/\/shamengo-vps1.tetedecom.pro\/wp-content\/uploads\/2018\/02\/rond-vert-texture.png\" class=\"attachment-medium size-medium\" alt=\"\" \/>\n\t\t\t<\/a>\n\t\t\t<\/figure>\n\t\t\t<\/div>\n\t\t\t<div class=\"wpb_text_column wpb_content_element \">\n\t\t\t<div class=\"wpb_wrapper\">\n\t\t\t<h4 style=\"text-align: center;\"><a href=\"https:\/\/shamengo-vps1.tetedecom.pro\/fr\/?p=1\">Pr\u00e9server<br \/>\nla plan\u00e8te<\/a><\/h4>\n\t\t\t<\/div>\n\t\t\t<\/div>\n\t\t\t<\/div>\n\t\t\t<div class=\"vc_so_categ_circles_item\">\n\t\t\t<div class=\"wpb_single_image wpb_content_element vc_align_center \">\n\t\t\t<figure class=\"wpb_wrapper vc_figure\">\n\t\t\t<a href=\"https:\/\/shamengo-vps1.tetedecom.pro\/fr\/?p=1\" target=\"_self\" class=\"vc_single_image-wrapper vc_box_rounded  vc_box_border_grey\">\n\t\t\t<img loading=\"lazy\" decoding=\"async\" width=\"26\" height=\"26\" src=\"\/\/shamengo-vps1.tetedecom.pro\/wp-content\/uploads\/2018\/02\/rond-orange-texture.png\" class=\"attachment-medium size-medium\" alt=\"\" \/>\n\t\t\t<\/a>\n\t\t\t<\/figure>\n\t\t\t<\/div>\n\t\t\t<div class=\"wpb_text_column wpb_content_element \">\n\t\t\t<div class=\"wpb_wrapper\">\n\t\t\t<h4 style=\"text-align: center;\"><a href=\"https:\/\/shamengo-vps1.tetedecom.pro\/fr\/?p=1\">S'engager<br \/>\npour les autres<\/a><\/h4>\n\t\t\t<\/div>\n\t\t\t<\/div>\n\t\t\t<\/div>\n\t\t<\/div>\n\n\t\t<\/div>\n\t\t[\/vc_column][\/vc_row][\/vc_section][vc_section][vc_row][vc_column][smartslider3 slider=&#8221;56&#8243;][\/vc_column][\/vc_row][\/vc_section][vc_section][vc_row el_class=&#8221;picto-section&#8221;][vc_column][vc_icon icon_fontawesome=&#8221;fa fa-play-circle-o&#8221; color=&#8221;custom&#8221; size=&#8221;xl&#8221; align=&#8221;center&#8221; custom_color=&#8221;#666462&#8243; css=&#8221;.vc_custom_1553882377532{margin-bottom: 0px !important;}&#8221;][vc_column_text]<\/p>\n<h2 style=\"text-align: center;\">LA TV SHAMENGO<\/h2>\n<p style=\"font-weight: 400; text-align: center;\">Nous passons une grande partie de notre temps sur le terrain pour filmer les acteurs de la nouvelle \u00e9conomie.<\/p>\n<p>[\/vc_column_text][\/vc_column][\/vc_row][vc_row][vc_column][smartslider3 slider=&#8221;59&#8243;][\/vc_column][\/vc_row][\/vc_section][vc_section][vc_row el_class=&#8221;picto-section&#8221;][vc_column][vc_single_image image=&#8221;21975&#8243; img_size=&#8221;medium&#8221; alignment=&#8221;center&#8221; css=&#8221;.vc_custom_1520520289769{margin-top: 0px !important;margin-bottom: 0px !important;}&#8221;][vc_column_text]<\/p>\n<h2 style=\"text-align: center;\">L&#8217;\u00c9COLE SHAMENGO<\/h2>\n<p style=\"text-align: center;\">Nous d\u00e9veloppons des modules de formation \u00e0 la transition \u00e9cologique et sociale pour les entreprises, les \u00e9tablissements scolaires et les particuliers.<\/p>\n<p>[\/vc_column_text][\/vc_column][\/vc_row][vc_row][vc_column][smartslider3 slider=&#8221;60&#8243;][\/vc_column][\/vc_row][\/vc_section][vc_section][vc_row el_class=&#8221;picto-section&#8221;][vc_column][vc_single_image image=&#8221;21959&#8243; img_size=&#8221;medium&#8221; alignment=&#8221;center&#8221; css=&#8221;.vc_custom_1520503375267{margin-top: 0px !important;margin-bottom: 0px !important;}&#8221;][vc_column_text]<\/p>\n<h2 style=\"text-align: center;\">LA COMMUNAUT\u00c9 SHAMENGO<\/h2>\n<p style=\"font-weight: 400; text-align: center;\">Nous rassemblons jour apr\u00e8s jour une communaut\u00e9 grandissante d\u2019acteurs engag\u00e9s sur le chemin de la transition \u00e9cologique et sociale<\/p>\n<p>[\/vc_column_text][\/vc_column][\/vc_row][vc_row][vc_column][smartslider3 slider=&#8221;61&#8243;][\/vc_column][\/vc_row][\/vc_section][vc_section][vc_row el_class=&#8221;picto-section&#8221;][vc_column][vc_single_image image=&#8221;21968&#8243; img_size=&#8221;medium&#8221; alignment=&#8221;center&#8221; css=&#8221;.vc_custom_1520519399937{margin-top: 0px !important;margin-bottom: 0px !important;}&#8221;][vc_column_text]<\/p>\n<h2 style=\"text-align: center;\">L&#8217;ASSOCIATION SHAMENGO<\/h2>\n<p style=\"font-weight: 400; text-align: center;\">\u00ab\u00a0Nous\u00a0\u00bb rassemble une petite \u00e9quipe, passionn\u00e9e par le nouveau monde. D\u00e9couvrez qui nous sommes, notre histoire, nos soutiens et le fonctionnement de notre association d\u2019int\u00e9r\u00eat g\u00e9n\u00e9ral, dont le si\u00e8ge social est situ\u00e9 \u00e0 Bordeaux.<\/p>\n<p>[\/vc_column_text][\/vc_column][\/vc_row][vc_row][vc_column][smartslider3 slider=&#8221;62&#8243;][\/vc_column][\/vc_row][\/vc_section][vc_section full_width=&#8221;stretch_row_content&#8221; el_class=&#8221;image-banner-text-box cta-soutenir-shamengo&#8221; css=&#8221;.vc_custom_1614789764213{background-position: center !important;background-repeat: no-repeat !important;background-size: cover !important;}&#8221;][vc_row][vc_column][vc_column_text]<\/p>\n<h2 style=\"text-align: center; margin-bottom: 10px;\"><img loading=\"lazy\" decoding=\"async\" class=\"aligncenter wp-image-37745\" src=\"\/\/shamengo-vps1.tetedecom.pro\/wp-content\/uploads\/2018\/08\/don.png\" alt=\"\" width=\"90\" height=\"78\" \/><\/h2>\n<h2 style=\"text-align: center;\">JE SOUTIENS SHAMENGO<\/h2>\n<h3 style=\"text-align: center;\">Votre don (d\u00e9fiscalis\u00e9) est pr\u00e9cieux. Il nous permettra de continuer cette incroyable aventure.<\/h3>\n<p>[\/vc_column_text][vc_btn title=&#8221;EN SAVOIR PLUS&#8221; color=&#8221;so-white&#8221; align=&#8221;center&#8221; link=&#8221;url:https%3A%2F%2Fwww.helloasso.com%2Fassociations%2Fecole-shamengo%2Fformulaires%2F2&#8243;][\/vc_column][\/vc_row][\/vc_section]<\/p>\n","protected":false},"excerpt":{"rendered":"<p>[vc_section full_width=&#8221;stretch_row_content&#8221;][vc_row full_width=&#8221;stretch_row_content_no_spaces&#8221;][vc_column][smartslider3 slider=&#8221;58&#8243;][\/vc_column][\/vc_row][\/vc_section][vc_section css=&#8221;.vc_custom_1529419120726{margin-top: 50px !important;}&#8221;][vc_row el_id=&#8221;site-title&#8221;][vc_column][vc_column_text css=&#8221;.vc_custom_1704793088195{margin-bottom: 0px !important;}&#8221;] L&#8217;\u00c9COLE SHAMENGO Nous vous accompagnons dans votre vie pro et perso\u00a0pour rendre vos modes de production et consommation plus durables. [\/vc_column_text][\/vc_column][\/vc_row][\/vc_section][vc_section][vc_row css_animation=&#8221;none&#8221; css=&#8221;.vc_custom_1540564785591{padding-top: 30px !important;padding-bottom: 50px !important;}&#8221;][vc_column css_animation=&#8221;fadeIn&#8221;][\/vc_column][\/vc_row][\/vc_section][vc_section][vc_row][vc_column][smartslider3 slider=&#8221;56&#8243;][\/vc_column][\/vc_row][\/vc_section][vc_section][vc_row el_class=&#8221;picto-section&#8221;][vc_column][vc_icon icon_fontawesome=&#8221;fa fa-play-circle-o&#8221; color=&#8221;custom&#8221; size=&#8221;xl&#8221; align=&#8221;center&#8221; custom_color=&#8221;#666462&#8243; css=&#8221;.vc_custom_1553882377532{margin-bottom: 0px !important;}&#8221;][vc_column_text] LA TV SHAMENGO Nous passons [&hellip;]<\/p>\n","protected":false},"author":12337,"featured_media":0,"parent":0,"menu_order":0,"comment_status":"closed","ping_status":"closed","template":"","meta":{"_acf_changed":false,"footnotes":""},"thematique":[],"class_list":["post-88037","page","type-page","status-publish","hentry"],"acf":{"top_page":false},"_links":{"self":[{"href":"https:\/\/shamengo-vps1.tetedecom.pro\/en\/wp-json\/wp\/v2\/pages\/88037"}],"collection":[{"href":"https:\/\/shamengo-vps1.tetedecom.pro\/en\/wp-json\/wp\/v2\/pages"}],"about":[{"href":"https:\/\/shamengo-vps1.tetedecom.pro\/en\/wp-json\/wp\/v2\/types\/page"}],"author":[{"embeddable":true,"href":"https:\/\/shamengo-vps1.tetedecom.pro\/en\/wp-json\/wp\/v2\/users\/12337"}],"replies":[{"embeddable":true,"href":"https:\/\/shamengo-vps1.tetedecom.pro\/en\/wp-json\/wp\/v2\/comments?post=88037"}],"version-history":[{"count":5,"href":"https:\/\/shamengo-vps1.tetedecom.pro\/en\/wp-json\/wp\/v2\/pages\/88037\/revisions"}],"predecessor-version":[{"id":88280,"href":"https:\/\/shamengo-vps1.tetedecom.pro\/en\/wp-json\/wp\/v2\/pages\/88037\/revisions\/88280"}],"wp:attachment":[{"href":"https:\/\/shamengo-vps1.tetedecom.pro\/en\/wp-json\/wp\/v2\/media?parent=88037"}],"wp:term":[{"taxonomy":"thematique","embeddable":true,"href":"https:\/\/shamengo-vps1.tetedecom.pro\/en\/wp-json\/wp\/v2\/thematique?post=88037"}],"curies":[{"name":"wp","href":"https:\/\/api.w.org\/{rel}","templated":true}]}}