{"id":20,"date":"2017-05-15T10:09:30","date_gmt":"2017-05-15T08:09:30","guid":{"rendered":"https:\/\/shamengo-vps1.tetedecom.pro\/register\/"},"modified":"2019-04-11T16:57:22","modified_gmt":"2019-04-11T14:57:22","slug":"inscription","status":"publish","type":"page","link":"https:\/\/shamengo-vps1.tetedecom.pro\/fr\/inscription\/","title":{"rendered":"Inscription"},"content":{"rendered":"<p>[vc_section full_width=&#8221;stretch_row_content&#8221; el_class=&#8221;header-image-section&#8221; css=&#8221;.vc_custom_1532637113475{background-image: url(\/\/shamengo-vps1.tetedecom.pro\/wp-content\/uploads\/2018\/07\/bandeau_pages_communaute.jpg?id=36995) !important;}&#8221;][\/vc_section][vc_section][vc_row el_id=&#8221;site-title&#8221;][vc_column][vc_column_text]<\/p>\n<h1 style=\"text-align: center;\">MY SHAMENGO<\/h1>\n<p style=\"text-align: center;\">Cr\u00e9er mon espace personnel<\/p>\n<p>[\/vc_column_text][\/vc_column][\/vc_row][\/vc_section][vc_section el_class=&#8221;login_register_form&#8221;][vc_row][vc_column][vc_column_text]\n\n<div class=\"um um-shortcode-social\" id=\"um-shortcode-social-17606\" style=\"padding:;margin:!important;\">\n\n\t<div class=\"um-field\">\n\n\t\t<div class=\"um-col-alt\">\n\n\t\t\t\n\t\t\t\t<div  class=\"\">\n\t\t\t\t\t<a href=\"?oauthWindow=true&#038;provider=facebook&#038;um_sso=17606\" title=\"Connectez-vous avec Facebook\"\n\t\t\t\t\t   class=\"um-button um-alt um-button-social um-button-facebook\" data-redirect-url=\"https:\/\/shamengo-vps1.tetedecom.pro\/fr\/wp-json\/wp\/v2\/pages\/20\/\"  onclick=\"um_social_login_oauth_window( this.href,'authWindow', 'width=600,height=600,scrollbars=yes' );return false;\">\n\t\t\t\t\t\t\t\t\t\t\t<i class=\"um-faicon-facebook-square\" style=\"margin-right: 8px;\"><\/i>\n\t\t\t\t\t\t\t\t\t\t\t<span>Connectez-vous avec Facebook<\/span>\n\t\t\t\t\t\t\t\t\t\t<\/a>\n\t\t\t\t<\/div>\n\n\t\t\t\t\t\t\t\t\t<div class=\"um-clear\"><\/div>\n\t\t\t\t\n\t\t\t\t<div  class=\"\">\n\t\t\t\t\t<a href=\"?oauthWindow=true&#038;provider=twitter&#038;um_sso=17606\" title=\"Se connecter avec Twitter\"\n\t\t\t\t\t   class=\"um-button um-alt um-button-social um-button-twitter\" data-redirect-url=\"https:\/\/shamengo-vps1.tetedecom.pro\/fr\/wp-json\/wp\/v2\/pages\/20\/\"  onclick=\"um_social_login_oauth_window( this.href,'authWindow', 'width=600,height=600,scrollbars=yes' );return false;\">\n\t\t\t\t\t\t\t\t\t\t\t<i class=\"um-faicon-twitter\" style=\"margin-right: 8px;\"><\/i>\n\t\t\t\t\t\t\t\t\t\t\t<span>Se connecter avec Twitter<\/span>\n\t\t\t\t\t\t\t\t\t\t<\/a>\n\t\t\t\t<\/div>\n\n\t\t\t\t\t\t\t\t\t<div class=\"um-clear\"><\/div>\n\t\t\t\t\n\t\t\t\t<div  class=\"\">\n\t\t\t\t\t<a href=\"?oauthWindow=true&#038;provider=google&#038;um_sso=17606\" title=\"Se connecter avec Google\"\n\t\t\t\t\t   class=\"um-button um-alt um-button-social um-button-google\" data-redirect-url=\"https:\/\/shamengo-vps1.tetedecom.pro\/fr\/wp-json\/wp\/v2\/pages\/20\/\"  onclick=\"um_social_login_oauth_window( this.href,'authWindow', 'width=600,height=600,scrollbars=yes' );return false;\">\n\t\t\t\t\t\t\t\t\t\t\t<i class=\"um-sso-icon-google\" style=\"margin-right: 8px;\"><\/i>\n\t\t\t\t\t\t\t\t\t\t\t<span>Se connecter avec Google<\/span>\n\t\t\t\t\t\t\t\t\t\t<\/a>\n\t\t\t\t<\/div>\n\n\t\t\t\t\t\t\t\t\t<div class=\"um-clear\"><\/div>\n\t\t\t\t\n\t\t\t\t<div  class=\"\">\n\t\t\t\t\t<a href=\"?oauthWindow=true&#038;provider=github&#038;um_sso=17606\" title=\"Sign in with Github\"\n\t\t\t\t\t   class=\"um-button um-alt um-button-social um-button-github\" data-redirect-url=\"https:\/\/shamengo-vps1.tetedecom.pro\/fr\/wp-json\/wp\/v2\/pages\/20\/\"  onclick=\"um_social_login_oauth_window( this.href,'authWindow', 'width=600,height=600,scrollbars=yes' );return false;\">\n\t\t\t\t\t\t\t\t\t\t\t<i class=\"um-faicon-github\" style=\"margin-right: 8px;\"><\/i>\n\t\t\t\t\t\t\t\t\t\t\t<span>Sign in with Github<\/span>\n\t\t\t\t\t\t\t\t\t\t<\/a>\n\t\t\t\t<\/div>\n\n\t\t\t\t\t\t\t\t\t<div class=\"um-clear\"><\/div>\n\t\t\t\t\n\t\t\t\t<div  class=\"\">\n\t\t\t\t\t<a href=\"?oauthWindow=true&#038;provider=wordpress&#038;um_sso=17606\" title=\"Sign in with Wordpress\"\n\t\t\t\t\t   class=\"um-button um-alt um-button-social um-button-wordpress\" data-redirect-url=\"https:\/\/shamengo-vps1.tetedecom.pro\/fr\/wp-json\/wp\/v2\/pages\/20\/\"  onclick=\"um_social_login_oauth_window( this.href,'authWindow', 'width=600,height=600,scrollbars=yes' );return false;\">\n\t\t\t\t\t\t\t\t\t\t\t<i class=\"um-faicon-wordpress\" style=\"margin-right: 8px;\"><\/i>\n\t\t\t\t\t\t\t\t\t\t\t<span>Sign in with Wordpress<\/span>\n\t\t\t\t\t\t\t\t\t\t<\/a>\n\t\t\t\t<\/div>\n\n\t\t\t\t\t\t\t\t\t<div class=\"um-clear\"><\/div>\n\t\t\t\t\n\t\t\t\t<div  class=\"\">\n\t\t\t\t\t<a href=\"?oauthWindow=true&#038;provider=wechat&#038;um_sso=17606\" title=\"Sign in with WeChat\"\n\t\t\t\t\t   class=\"um-button um-alt um-button-social um-button-wechat\" data-redirect-url=\"https:\/\/shamengo-vps1.tetedecom.pro\/fr\/wp-json\/wp\/v2\/pages\/20\/\"  onclick=\"um_social_login_oauth_window( this.href,'authWindow', 'width=600,height=600,scrollbars=yes' );return false;\">\n\t\t\t\t\t\t\t\t\t\t\t<i class=\"um-faicon-weixin\" style=\"margin-right: 8px;\"><\/i>\n\t\t\t\t\t\t\t\t\t\t\t<span>Sign in with WeChat<\/span>\n\t\t\t\t\t\t\t\t\t\t<\/a>\n\t\t\t\t<\/div>\n\n\t\t\t\t\t\t\t\t\t<div class=\"um-clear\"><\/div>\n\t\t\t\t\n\t\t\t<div class=\"um-clear\"><\/div>\n\n\t\t<\/div>\n\n\t<\/div>\n\n\t<style type=\"text\/css\">\n\n\t\tdiv#um-shortcode-social-17606 div.um-field {padding: 0}\n\n\t\tdiv#um-shortcode-social-17606 a.um-button.um-button-social {\n\t\t\tfont-size: 15px;\n\t\t\tpadding: 16px 20px !important;\n\t\t}\n\n\t\tdiv#um-shortcode-social-17606 a.um-button.um-button-social i {\n\t\t\tfont-size: 18px;\n\t\t\twidth: 18px;\n\t\t\ttop: auto;\n\t\t\tvertical-align: baseline !important;\n\t\t\tmargin-right: 0;\n\t\t}\n\n\t\t\n\t\t\tdiv#um-shortcode-social-17606 a.um-button.um-button-social {\n\t\t\t\tdisplay: inline-block !important;\n\t\t\t\tfloat: none !important;\n\t\t\t\tmargin-bottom: 10px !important;\n\t\t\t\twidth: auto;\n\t\t\t\t\t\t\t}\n\n\t\t\tdiv#um-shortcode-social-17606 div.um-field {text-align: center}\n\n\t\t\n\t\t\tdiv#um-shortcode-social-17606 a.um-button.um-button-facebook {background-color: #4267B2!important}\n\t\t\tdiv#um-shortcode-social-17606 a.um-button.um-button-facebook:hover {background-color: #365899!important}\n\t\t\tdiv#um-shortcode-social-17606 a.um-button.um-button-facebook {color: #fff!important}\n\n\t\t\n\t\t\tdiv#um-shortcode-social-17606 a.um-button.um-button-twitter {background-color: #55acee!important}\n\t\t\tdiv#um-shortcode-social-17606 a.um-button.um-button-twitter:hover {background-color: #4997D2!important}\n\t\t\tdiv#um-shortcode-social-17606 a.um-button.um-button-twitter {color: #fff!important}\n\n\t\t\n\t\t\tdiv#um-shortcode-social-17606 a.um-button.um-button-google {background-color: #4285f4!important}\n\t\t\tdiv#um-shortcode-social-17606 a.um-button.um-button-google:hover {background-color: #3574de!important}\n\t\t\tdiv#um-shortcode-social-17606 a.um-button.um-button-google {color: #fff!important}\n\n\t\t\n\t\t\tdiv#um-shortcode-social-17606 a.um-button.um-button-github {background-color: #444444!important}\n\t\t\tdiv#um-shortcode-social-17606 a.um-button.um-button-github:hover {background-color: #000000!important}\n\t\t\tdiv#um-shortcode-social-17606 a.um-button.um-button-github {color: #ffffff!important}\n\n\t\t\n\t\t\tdiv#um-shortcode-social-17606 a.um-button.um-button-wordpress {background-color: #0085ba!important}\n\t\t\tdiv#um-shortcode-social-17606 a.um-button.um-button-wordpress:hover {background-color: #0085ba!important}\n\t\t\tdiv#um-shortcode-social-17606 a.um-button.um-button-wordpress {color: #ffffff!important}\n\n\t\t\n\t\t\tdiv#um-shortcode-social-17606 a.um-button.um-button-wechat {background-color: #35c100!important}\n\t\t\tdiv#um-shortcode-social-17606 a.um-button.um-button-wechat:hover {background-color: #30af00!important}\n\t\t\tdiv#um-shortcode-social-17606 a.um-button.um-button-wechat {color: #ffffff!important}\n\n\t\t\n\t<\/style>\n\n<\/div>[\/vc_column_text][vc_column_text]<\/p>\n\n<div class=\"um um-register um-12\">\n\t<div class=\"um-form\" data-mode=\"register\">\n\t\t<form method=\"post\" action=\"\">\n\t\t\t<div class=\"um-row _um_row_1 \" style=\"margin: 0 0 30px 0;\"><div class=\"um-col-121\"><div  id=\"um_field_12_first_name\" class=\"um-field um-field-text  um-field-first_name um-field-text um-field-type_text\" data-key=\"first_name\"><div class=\"um-field-label\"><label for=\"first_name-12\">Pr\u00e9nom<span class=\"um-req\" title=\"Obligatoire\">*<\/span><\/label><div class=\"um-clear\"><\/div><\/div><div class=\"um-field-area\"><input  autocomplete=\"off\" class=\"um-form-field valid \" type=\"text\" name=\"first_name-12\" id=\"first_name-12\" value=\"\" placeholder=\"\" data-validate=\"\" data-key=\"first_name\"  aria-invalid=\"false\" \/>\n\n\t\t\t\t\t\t<\/div><\/div><div  id=\"um_field_12_last_name\" class=\"um-field um-field-text  um-field-last_name um-field-text um-field-type_text\" data-key=\"last_name\"><div class=\"um-field-label\"><label for=\"last_name-12\">Nom<span class=\"um-req\" title=\"Obligatoire\">*<\/span><\/label><div class=\"um-clear\"><\/div><\/div><div class=\"um-field-area\"><input  autocomplete=\"off\" class=\"um-form-field valid \" type=\"text\" name=\"last_name-12\" id=\"last_name-12\" value=\"\" placeholder=\"\" data-validate=\"\" data-key=\"last_name\"  aria-invalid=\"false\" \/>\n\n\t\t\t\t\t\t<\/div><\/div><\/div><div class=\"um-col-122\"><div  id=\"um_field_12_city\" class=\"um-field um-field-text  um-field-city um-field-text um-field-type_text\" data-key=\"city\"><div class=\"um-field-label\"><label for=\"city-12\">Ville<span class=\"um-req\" title=\"Obligatoire\">*<\/span><\/label><div class=\"um-clear\"><\/div><\/div><div class=\"um-field-area\"><input  autocomplete=\"off\" class=\"um-form-field valid \" type=\"text\" name=\"city-12\" id=\"city-12\" value=\"\" placeholder=\"Ville\" data-validate=\"0\" data-key=\"city\"  aria-invalid=\"false\" \/>\n\n\t\t\t\t\t\t<\/div><\/div><div  id=\"um_field_12_country\" class=\"um-field um-field-select  um-field-country um-field-select um-field-type_select\" data-key=\"country\"><div class=\"um-field-label\"><label for=\"country-12\">Pays<span class=\"um-req\" title=\"Obligatoire\">*<\/span><\/label><div class=\"um-clear\"><\/div><\/div><div class=\"um-field-area  \"><select data-default=\"\"     name=\"country\" id=\"country\" data-validate=\"\" data-key=\"country\" class=\"um-form-field valid um-s1 \" style=\"width: 100%\" data-placeholder=\"Choisissez un Pays\"  data-um-ajax-source=\"um_dropdown_country\"   aria-invalid=\"false\" ><option value=\"\"><\/option><option value=\"3097\" >Afghanistan<\/option><option value=\"3298\" >Afrique du Sud<\/option><option value=\"3098\" >Albanie<\/option><option value=\"3100\" >Alg\u00e9rie<\/option><option value=\"3180\" >Allemagne<\/option><option value=\"3102\" >Andorre<\/option><option value=\"3103\" >Angola<\/option><option value=\"3282\" >Anguilla<\/option><option value=\"3099\" >Antarctique<\/option><option value=\"3104\" >Antigua-et-Barbuda<\/option><option value=\"3247\" >Antilles N\u00e9erlandaises<\/option><option value=\"3289\" >Arabie Saoudite<\/option><option value=\"3106\" >Argentine<\/option><option value=\"3112\" >Arm\u00e9nie<\/option><option value=\"3248\" >Aruba<\/option><option value=\"3107\" >Australie<\/option><option value=\"3108\" >Autriche<\/option><option value=\"3105\" >Azerba\u00efdjan<\/option><option value=\"3109\" >Bahamas<\/option><option value=\"3110\" >Bahre\u00efn<\/option><option value=\"3111\" >Bangladesh<\/option><option value=\"3113\" >Barbade<\/option><option value=\"3130\" >B\u00e9larus<\/option><option value=\"3114\" >Belgique<\/option><option value=\"3122\" >Belize<\/option><option value=\"3155\" >B\u00e9nin<\/option><option value=\"3115\" >Bermudes<\/option><option value=\"3116\" >Bhoutan<\/option><option value=\"3117\" >Bolivie<\/option><option value=\"3118\" >Bosnie-Herz\u00e9govine<\/option><option value=\"3119\" >Botswana<\/option><option value=\"3121\" >Br\u00e9sil<\/option><option value=\"3126\" >Brun\u00e9i Darussalam<\/option><option value=\"3127\" >Bulgarie<\/option><option value=\"3330\" >Burkina Faso<\/option><option value=\"3129\" >Burundi<\/option><option value=\"3131\" >Cambodge<\/option><option value=\"3132\" >Cameroun<\/option><option value=\"3133\" >Canada<\/option><option value=\"3134\" >Cap-vert<\/option><option value=\"3139\" >Chili<\/option><option value=\"3140\" >Chine<\/option><option value=\"3153\" >Chypre<\/option><option value=\"3144\" >Colombie<\/option><option value=\"3145\" >Comores<\/option><option value=\"3150\" >Costa Rica<\/option><option value=\"3206\" >C\u00f4te d\u2019Ivoire<\/option><option value=\"3151\" >Croatie<\/option><option value=\"3152\" >Cuba<\/option><option value=\"3156\" >Danemark<\/option><option value=\"3175\" >Djibouti<\/option><option value=\"3157\" >Dominique<\/option><option value=\"3324\" >\u00c9gypte<\/option><option value=\"3160\" >Salvador<\/option><option value=\"3315\" >\u00c9mirats Arabes Unis<\/option><option value=\"3159\" >\u00c9quateur<\/option><option value=\"3163\" >\u00c9rythr\u00e9e<\/option><option value=\"3300\" >Espagne<\/option><option value=\"3164\" >Estonie<\/option><option value=\"3260\" >\u00c9tats F\u00e9d\u00e9r\u00e9s de Micron\u00e9sie<\/option><option value=\"3328\" >\u00c9tats-Unis<\/option><option value=\"3162\" >\u00c9thiopie<\/option><option value=\"3278\" >F\u00e9d\u00e9ration de Russie<\/option><option value=\"3168\" >Fidji<\/option><option value=\"3169\" >Finlande<\/option><option value=\"3171\" >France<\/option><option value=\"3176\" >Gabon<\/option><option value=\"3178\" >Gambie<\/option><option value=\"3177\" >G\u00e9orgie<\/option><option value=\"3167\" >G\u00e9orgie du Sud et les \u00celes Sandwich du Sud<\/option><option value=\"3181\" >Ghana<\/option><option value=\"3182\" >Gibraltar<\/option><option value=\"3184\" >Gr\u00e8ce<\/option><option value=\"3186\" >Grenade<\/option><option value=\"3185\" >Groenland<\/option><option value=\"3187\" >Guadeloupe<\/option><option value=\"3188\" >Guam<\/option><option value=\"3189\" >Guatemala<\/option><option value=\"3190\" >Guin\u00e9e<\/option><option value=\"3161\" >Guin\u00e9e \u00c9quatoriale<\/option><option value=\"3272\" >Guin\u00e9e-Bissau<\/option><option value=\"3191\" >Guyane<\/option><option value=\"3172\" >Guyane Fran\u00e7aise<\/option><option value=\"3192\" >Ha\u00efti<\/option><option value=\"3195\" >Honduras<\/option><option value=\"3196\" >Hong-Kong<\/option><option value=\"3197\" >Hongrie<\/option><option value=\"3120\" >\u00cele Bouvet<\/option><option value=\"3142\" >\u00cele Christmas<\/option><option value=\"3326\" >\u00cele de Man<\/option><option value=\"3256\" >\u00cele Norfolk<\/option><option value=\"3166\" >\u00celes (malvinas) Falkland<\/option><option value=\"3170\" >\u00celes \u00c5land<\/option><option value=\"3135\" >\u00celes Ca\u00efmanes<\/option><option value=\"3143\" >\u00celes Cocos (Keeling<\/option><option value=\"3149\" >\u00celes Cook<\/option><option value=\"3165\" >\u00celes F\u00e9ro\u00e9<\/option><option value=\"3193\" >\u00celes Heard et Mcdonald<\/option><option value=\"3258\" >\u00celes Mariannes du Nord<\/option><option value=\"3261\" >\u00celes Marshall<\/option><option value=\"3259\" >\u00celes Mineures \u00c9loign\u00e9es des \u00c9tats-Unis<\/option><option value=\"3124\" >\u00celes Salomon<\/option><option value=\"3319\" >\u00celes Turks et Ca\u00efques<\/option><option value=\"3125\" >\u00celes Vierges Britanniques<\/option><option value=\"3329\" >\u00celes Vierges des \u00c9tats-Unis<\/option><option value=\"3199\" >Inde<\/option><option value=\"3200\" >Indon\u00e9sie<\/option><option value=\"3202\" >Irak<\/option><option value=\"3203\" >Irlande<\/option><option value=\"3198\" >Islande<\/option><option value=\"3204\" >Isra\u00ebl<\/option><option value=\"3205\" >Italie<\/option><option value=\"3221\" >Jamahiriya Arabe Libyenne<\/option><option value=\"3207\" >Jama\u00efque<\/option><option value=\"3208\" >Japon<\/option><option value=\"3210\" >Jordanie<\/option><option value=\"3209\" >Kazakhstan<\/option><option value=\"3211\" >Kenya<\/option><option value=\"3215\" >Kirghizistan<\/option><option value=\"3183\" >Kiribati<\/option><option value=\"3214\" >Kowe\u00eft<\/option><option value=\"3323\" >L&#039;ex-R\u00e9publique Yougoslave de Mac\u00e9doine<\/option><option value=\"3218\" >Lesotho<\/option><option value=\"3219\" >Lettonie<\/option><option value=\"3217\" >Liban<\/option><option value=\"3220\" >Lib\u00e9ria<\/option><option value=\"3222\" >Liechtenstein<\/option><option value=\"3223\" >Lituanie<\/option><option value=\"3224\" >Luxembourg<\/option><option value=\"3225\" >Macao<\/option><option value=\"3226\" >Madagascar<\/option><option value=\"3228\" >Malaisie<\/option><option value=\"3227\" >Malawi<\/option><option value=\"3229\" >Maldives<\/option><option value=\"3230\" >Mali<\/option><option value=\"3231\" >Malte<\/option><option value=\"3240\" >Maroc<\/option><option value=\"3232\" >Martinique<\/option><option value=\"3234\" >Maurice<\/option><option value=\"3233\" >Mauritanie<\/option><option value=\"3146\" >Mayotte<\/option><option value=\"3235\" >Mexique<\/option><option value=\"3236\" >Monaco<\/option><option value=\"3589\" >Mondial<\/option><option value=\"3237\" >Mongolie<\/option><option value=\"3239\" >Montserrat<\/option><option value=\"3241\" >Mozambique<\/option><option value=\"3128\" >Birmanie<\/option><option value=\"3243\" >Namibie<\/option><option value=\"3244\" >Nauru<\/option><option value=\"3245\" >N\u00e9pal<\/option><option value=\"3252\" >Nicaragua<\/option><option value=\"3253\" >Niger<\/option><option value=\"3254\" >Nig\u00e9ria<\/option><option value=\"3255\" >Niu\u00e9<\/option><option value=\"3257\" >Norv\u00e8ge<\/option><option value=\"3249\" >Nouvelle-Cal\u00e9donie<\/option><option value=\"3251\" >Nouvelle-Z\u00e9lande<\/option><option value=\"3242\" >Oman<\/option><option value=\"3321\" >Ouganda<\/option><option value=\"3332\" >Ouzb\u00e9kistan<\/option><option value=\"3263\" >Pakistan<\/option><option value=\"3262\" >Palaos<\/option><option value=\"3264\" >Panama<\/option><option value=\"3265\" >Papouasie-Nouvelle-Guin\u00e9e<\/option><option value=\"3266\" >Paraguay<\/option><option value=\"3246\" >Pays-Bas<\/option><option value=\"3267\" >P\u00e9rou<\/option><option value=\"3268\" >Philippines<\/option><option value=\"3269\" >Pitcairn<\/option><option value=\"3270\" >Pologne<\/option><option value=\"3173\" >Polyn\u00e9sie Fran\u00e7aise<\/option><option value=\"3274\" >Porto Rico<\/option><option value=\"3271\" >Portugal<\/option><option value=\"3275\" >Qatar<\/option><option value=\"3308\" >R\u00e9publique Arabe Syrienne<\/option><option value=\"3136\" >R\u00e9publique Centrafricaine<\/option><option value=\"3213\" >R\u00e9publique de Cor\u00e9e<\/option><option value=\"3238\" >R\u00e9publique de Moldova<\/option><option value=\"3148\" >R\u00e9publique D\u00e9mocratique du Congo<\/option><option value=\"3216\" >R\u00e9publique D\u00e9mocratique Populaire Lao<\/option><option value=\"3158\" >R\u00e9publique Dominicaine<\/option><option value=\"3147\" >R\u00e9publique du Congo<\/option><option value=\"3201\" >R\u00e9publique Islamique d&#039;Iran<\/option><option value=\"3212\" >R\u00e9publique Populaire D\u00e9mocratique de Cor\u00e9e<\/option><option value=\"3154\" >R\u00e9publique Tch\u00e8que<\/option><option value=\"3327\" >R\u00e9publique-Unie de Tanzanie<\/option><option value=\"3276\" >R\u00e9union<\/option><option value=\"3277\" >Roumanie<\/option><option value=\"3325\" >Royaume-Uni<\/option><option value=\"3279\" >Rwanda<\/option><option value=\"3301\" >Sahara Occidental<\/option><option value=\"3281\" >Saint-Kitts-et-Nevis<\/option><option value=\"3287\" >Saint-Marin<\/option><option value=\"3284\" >Saint-Pierre-et-Miquelon<\/option><option value=\"3194\" >Saint-Si\u00e8ge (\u00e9tat de la Cit\u00e9 du Vatican<\/option><option value=\"3286\" >Saint-Vincent-et-les Grenadines<\/option><option value=\"3280\" >Sainte-H\u00e9l\u00e8ne<\/option><option value=\"3283\" >Sainte-Lucie<\/option><option value=\"3335\" >Samoa<\/option><option value=\"3101\" >Samoa Am\u00e9ricaines<\/option><option value=\"3288\" >Sao Tom\u00e9-et-Principe<\/option><option value=\"3290\" >S\u00e9n\u00e9gal<\/option><option value=\"3337\" >Serbie-et-Mont\u00e9n\u00e9gro<\/option><option value=\"3291\" >Seychelles<\/option><option value=\"3292\" >Sierra Leone<\/option><option value=\"3293\" >Singapour<\/option><option value=\"3294\" >Slovaquie<\/option><option value=\"3296\" >Slov\u00e9nie<\/option><option value=\"3297\" >Somalie<\/option><option value=\"3302\" >Soudan<\/option><option value=\"3137\" >Sri Lanka<\/option><option value=\"3306\" >Su\u00e8de<\/option><option value=\"3307\" >Suisse<\/option><option value=\"3303\" >Suriname<\/option><option value=\"3304\" >Svalbard et\u00cele Jan Mayen<\/option><option value=\"3305\" >Swaziland<\/option><option value=\"3309\" >Tadjikistan<\/option><option value=\"3141\" >Ta\u00efwan<\/option><option value=\"3138\" >Tchad<\/option><option value=\"3174\" >Terres Australes Fran\u00e7aises<\/option><option value=\"3123\" >Territoire Britannique de l&#039;Oc\u00e9an Indien<\/option><option value=\"3179\" >Territoire Palestinien Occup\u00e9<\/option><option value=\"3310\" >Tha\u00eflande<\/option><option value=\"3273\" >Timor-Leste<\/option><option value=\"3311\" >Togo<\/option><option value=\"3312\" >Tok\u00e9laou<\/option><option value=\"3313\" >Tonga<\/option><option value=\"3314\" >Trinit\u00e9-et-Tobago<\/option><option value=\"3316\" >Tunisie<\/option><option value=\"3318\" >Turkm\u00e9nistan<\/option><option value=\"3317\" >Turquie<\/option><option value=\"3320\" >Tuvalu<\/option><option value=\"3322\" >Ukraine<\/option><option value=\"3331\" >Uruguay<\/option><option value=\"3250\" >Vanuatu<\/option><option value=\"3333\" >Venezuela<\/option><option value=\"3295\" >Vi\u00eatnam<\/option><option value=\"3334\" >Wallis et Futuna<\/option><option value=\"3336\" >Y\u00e9men<\/option><option value=\"3338\" >Zambie<\/option><option value=\"3299\" >Zimbabwe<\/option><\/select><\/div><\/div><\/div><div class=\"um-clear\"><\/div><div class=\"um-col-1\"><div  id=\"um_field_12_user_email\" class=\"um-field um-field-text  um-field-user_email um-field-text um-field-type_text\" data-key=\"user_email\"><div class=\"um-field-label\"><label for=\"user_email-12\">Adresse e-mail<span class=\"um-req\" title=\"Obligatoire\">*<\/span><\/label><div class=\"um-clear\"><\/div><\/div><div class=\"um-field-area\"><input  autocomplete=\"off\" class=\"um-form-field valid \" type=\"text\" name=\"user_email-12\" id=\"user_email-12\" value=\"\" placeholder=\"\" data-validate=\"unique_email\" data-key=\"user_email\"  aria-invalid=\"false\" \/>\n\n\t\t\t\t\t\t<\/div><\/div><div  id=\"um_field_12_user_password\" class=\"um-field um-field-password  um-field-user_password um-field-password um-field-type_password\" data-key=\"user_password\"><div class=\"um-field-label\"><label for=\"user_password-12\">Mot de passe<span class=\"um-req\" title=\"Obligatoire\">*<\/span><\/label><span class=\"um-tip um-tip-w\" title=\"Votre mot de passe doit contenir au moins 8 caract\u00e8res dont une minuscule, une majuscule et un chiffre\"><i class=\"um-icon-help-circled\"><\/i><\/span><div class=\"um-clear\"><\/div><\/div><div class=\"um-field-area\"><input class=\"um-form-field valid \" type=\"password\" name=\"user_password-12\" id=\"user_password-12\" value=\"\" placeholder=\"\" data-validate=\"\" data-key=\"user_password\"  aria-invalid=\"false\" \/>\n\n\t\t\t\t\t\t\t<\/div><\/div><div  id=\"um_field_12_confirm_user_password\" class=\"um-field um-field-password  um-field-user_password um-field-password um-field-type_password\" data-key=\"confirm_user_password\"><div class=\"um-field-label\"><label for=\"confirm_user_password-12\">Confirmer le Mot de passe<span class=\"um-req\" title=\"Obligatoire\">*<\/span><\/label><div class=\"um-clear\"><\/div><\/div><div class=\"um-field-area\"><input class=\"um-form-field valid \" type=\"password\" name=\"confirm_user_password-12\" id=\"confirm_user_password-12\" value=\"\" placeholder=\"Confirmer le Mot de passe\" data-validate=\"\" data-key=\"confirm_user_password\"  aria-invalid=\"false\" \/><\/div><\/div><\/div><\/div>\t\t<input type=\"hidden\" name=\"form_id\" id=\"form_id_12\" value=\"12\" \/>\n\t\n\t<p class=\"um_request_name\">\n\t\t<label for=\"um_request_12\">Only fill in if you are not human<\/label>\n\t\t<input type=\"hidden\" name=\"um_request\" id=\"um_request_12\" class=\"input\" value=\"\" size=\"25\" autocomplete=\"off\" \/>\n\t<\/p>\n\n\t<input type=\"hidden\" id=\"_wpnonce\" name=\"_wpnonce\" value=\"69a5a2a83d\" \/><input type=\"hidden\" name=\"_wp_http_referer\" value=\"\/fr\/wp-json\/wp\/v2\/pages\/20\" \/>\n\t<div class=\"um-col-alt\">\n\n\t\t\n\t\t\t<div class=\"um-left um-half\">\n\t\t\t\t<input type=\"submit\" value=\"Inscription\" class=\"um-button\" id=\"um-submit-btn\" \/>\n\t\t\t<\/div>\n\t\t\t<div class=\"um-right um-half\">\n\t\t\t\t<a href=\"https:\/\/shamengo-vps1.tetedecom.pro\/fr\/connexion\/\" class=\"um-button um-alt\">\n\t\t\t\t\tConnexion\t\t\t\t<\/a>\n\t\t\t<\/div>\n\n\t\t\n\t\t<div class=\"um-clear\"><\/div>\n\n\t<\/div>\n\n\t\t\t<\/form>\n\t<\/div>\n<\/div>\n<style>\n\t\t\t.um-12.um {\n\t\t\tmax-width: 650px;\n\t\t}\n\t\t<\/style>\n\n<p>[\/vc_column_text][\/vc_column][\/vc_row][\/vc_section]<\/p>\n","protected":false},"excerpt":{"rendered":"<p>[vc_section full_width=&#8221;stretch_row_content&#8221; el_class=&#8221;header-image-section&#8221; css=&#8221;.vc_custom_1532637113475{background-image: url(\/\/shamengo-vps1.tetedecom.pro\/wp-content\/uploads\/2018\/07\/bandeau_pages_communaute.jpg?id=36995) !important;}&#8221;][\/vc_section][vc_section][vc_row el_id=&#8221;site-title&#8221;][vc_column][vc_column_text] MY SHAMENGO Cr\u00e9er mon espace personnel [\/vc_column_text][\/vc_column][\/vc_row][\/vc_section][vc_section el_class=&#8221;login_register_form&#8221;][vc_row][vc_column][vc_column_text][\/vc_column_text][vc_column_text] [\/vc_column_text][\/vc_column][\/vc_row][\/vc_section]<\/p>\n","protected":false},"author":1,"featured_media":0,"parent":0,"menu_order":0,"comment_status":"closed","ping_status":"open","template":"","meta":{"_acf_changed":false,"footnotes":""},"thematique":[],"class_list":["post-20","page","type-page","status-publish","hentry"],"acf":false,"_links":{"self":[{"href":"https:\/\/shamengo-vps1.tetedecom.pro\/fr\/wp-json\/wp\/v2\/pages\/20"}],"collection":[{"href":"https:\/\/shamengo-vps1.tetedecom.pro\/fr\/wp-json\/wp\/v2\/pages"}],"about":[{"href":"https:\/\/shamengo-vps1.tetedecom.pro\/fr\/wp-json\/wp\/v2\/types\/page"}],"author":[{"embeddable":true,"href":"https:\/\/shamengo-vps1.tetedecom.pro\/fr\/wp-json\/wp\/v2\/users\/1"}],"replies":[{"embeddable":true,"href":"https:\/\/shamengo-vps1.tetedecom.pro\/fr\/wp-json\/wp\/v2\/comments?post=20"}],"version-history":[{"count":5,"href":"https:\/\/shamengo-vps1.tetedecom.pro\/fr\/wp-json\/wp\/v2\/pages\/20\/revisions"}],"predecessor-version":[{"id":47511,"href":"https:\/\/shamengo-vps1.tetedecom.pro\/fr\/wp-json\/wp\/v2\/pages\/20\/revisions\/47511"}],"wp:attachment":[{"href":"https:\/\/shamengo-vps1.tetedecom.pro\/fr\/wp-json\/wp\/v2\/media?parent=20"}],"wp:term":[{"taxonomy":"thematique","embeddable":true,"href":"https:\/\/shamengo-vps1.tetedecom.pro\/fr\/wp-json\/wp\/v2\/thematique?post=20"}],"curies":[{"name":"wp","href":"https:\/\/api.w.org\/{rel}","templated":true}]}}