{"id":21511,"date":"2018-01-31T14:39:54","date_gmt":"2018-01-31T13:39:54","guid":{"rendered":"https:\/\/shamengo-vps1.tetedecom.pro\/?page_id=21511"},"modified":"2018-08-31T22:14:25","modified_gmt":"2018-08-31T20:14:25","slug":"les-videos-en-continu","status":"publish","type":"page","link":"https:\/\/shamengo-vps1.tetedecom.pro\/fr\/les-videos-en-continu\/","title":{"rendered":"Les vid\u00e9os en continu"},"content":{"rendered":"<p>[vc_section full_width=&#8221;stretch_row_content&#8221; el_class=&#8221;header-image-section&#8221; css=&#8221;.vc_custom_1532454310136{background-image: url(\/\/shamengo-vps1.tetedecom.pro\/wp-content\/uploads\/2018\/04\/Laure-Meryam-Afrique-Sud.jpg?id=22030) !important;}&#8221;][\/vc_section][vc_section][vc_row el_id=&#8221;site-title&#8221;][vc_column][vc_column_text]<\/p>\n<h1 style=\"text-align: center;\">LES CHAINES VID\u00c9OS EN CONTINU<\/h1>\n<p style=\"text-align: center;\">5 minutes ou une heure devant vous ? Faites une pause inspirante !<\/p>\n<p>[\/vc_column_text][\/vc_column][\/vc_row][\/vc_section][vc_section][vc_row][vc_column]\n\t\t\t\t<div id=\"vc_so_playlist_video_241293\" class=\"vc_so_playlist_video \">\n\n\t\t\t\t<div class=\"vc_so_playlist_video_menu_container\">\n\t\t\t\t<div style=\"background-image: url(https:\/\/shamengo-vps1.tetedecom.pro\/wp-content\/themes\/shamengo\/layouts\/images\/fond-texture-gris-medium.jpg);\" class=\"vc_so_playlist_video_menu_item \" data-playlist-url=\"\/\/shamengo.streameo.tv\/iframeplayer?custom_playlist=playlist-all&ids_prods=836,828,838,816,782,826,822,789,853,783,767,722,723,641,810,721,656,786,809,665,653,792,817,662,629,714,819,643,604,634,780,606,541,632,778,608,545,626,759,590,524,601,731,571,523,595,831,561,509,584,715,558,465,543,712,549,485,484,713,538,439,262,818,535,316,415,675,581,480,381,669,533,194,363,659,482,274,154,650,280,478,312,832,144,473,332,649,463,270,334,648,405,475,226,645,451,186,276,640,443,470,164,618,441,469,170,603,433,468,314,602,431,459,296,598,250,454,146,592,351,448,240,588,345,445,140,586,360,424,242,582,354,230,172,570,290,389,198,539,134,387,306,498,258,136,264,520,232,369,308,487,130,166,210,494,326,256,300,500,214,248,330,503,298,268,228,460,132,162,284,481,200,202,490,222,184,418,156,220,150,260,320,310,304,224,456,292,174,428,324,266,419,212,236,318,188,142,391,178,192,372,148,347,216,341,158,365,124,328,252,358,138,272,176,206,238,322,204,160,336,278,190,168,246,182,282,128,244,286,152,288,294,218,208,254&lang=fr&id_app=186&sharinglink=https%3A%2F%2Fshamengo-vps1.tetedecom.pro%2Ffr%2Fles-videos-en-continu%2F\" data-infos=\"Le meilleur des innovations vertes, sociales et digitales de la plan\u00e8te !\"><label>Toutes les vid\u00e9os<\/label><\/div><div style=\"background-image: url(\/\/shamengo-vps1.tetedecom.pro\/wp-content\/uploads\/2018\/04\/fond-texture-bleu-350x92.jpg);\" class=\"vc_so_playlist_video_menu_item thematic-188\" data-thematic-id=\"thematic-188\" data-playlist-url=\"\/\/shamengo.streameo.tv\/iframeplayer?custom_playlist=playlist188&ids_prods=836,782,853,723,656,653,629,604,541,545,524,523,509,465,485,439,316,480,194,274,478,473,270,475,186,470,469,468,459,454,448,445,424,230,389,387,136,369,166,256,248,268,162,202,184,220,320,224,174,266,236,142,192&lang=fr&id_app=186&sharinglink=https%3A%2F%2Fwww.google.fr\" data-infos=\"D\u00e9couvrez les derni\u00e8res innovations m\u00e9dicales, les futurs modes d\u2019alimentation, comment changer nos mentalit\u00e9s ou favoriser notre bien-\u00eatre gr\u00e2ce aux pionniers Shamengo.\"><label>Prendre soin de soi<\/label><\/div><div style=\"background-image: url(\/\/shamengo-vps1.tetedecom.pro\/wp-content\/uploads\/2018\/04\/fond-texture-rose-350x92.jpg);\" class=\"vc_so_playlist_video_menu_item thematic-189\" data-thematic-id=\"thematic-189\" data-playlist-url=\"\/\/shamengo.streameo.tv\/iframeplayer?custom_playlist=playlist189&ids_prods=828,826,783,641,786,792,714,634,632,626,601,595,584,543,484,262,415,381,363,154,312,332,334,226,276,164,170,314,296,146,240,140,242,172,198,306,264,308,210,300,330,228,284&lang=fr&id_app=186&sharinglink=https%3A%2F%2Fwww.google.fr\" data-infos=\"Remettre l\u2019humain au c\u0153ur de l\u2019\u00e9conomie et respecter le travail de chacun\u2026 L\u2019\u00e9thique guide ces pionniers dans leurs choix de production et de consommation afin de redonner du sens \u00e0 l\u2019activit\u00e9 humaine et du bonheur au travail !\"><label>Cr\u00e9er dans l'\u00e9thique<\/label><\/div><div style=\"background-image: url(\/\/shamengo-vps1.tetedecom.pro\/wp-content\/uploads\/2018\/04\/fond-texture-vert-350x92.jpg);\" class=\"vc_so_playlist_video_menu_item thematic-190\" data-thematic-id=\"thematic-190\" data-playlist-url=\"\/\/shamengo.streameo.tv\/iframeplayer?custom_playlist=playlist190&ids_prods=838,822,767,810,809,817,819,780,778,759,731,831,715,712,713,818,675,669,659,650,832,649,648,645,640,618,603,602,598,592,588,586,582,570,539,498,520,487,494,500,503,460,481,490,418,150,310,456,428,419,318,391,372,347,341,365,328,358,272,206,322,160,336,278,190,168,246,182,282,128,244,286,152,288,294,218,208,254&lang=fr&id_app=186&sharinglink=https%3A%2F%2Fwww.google.fr\" data-infos=\"Lutter contre le r\u00e9chauffement climatique, donner une deuxi\u00e8me vie \u00e0 nos d\u00e9chets, accro\u00eetre la mobilit\u00e9 durable ou pr\u00e9server la biodiversit\u00e9, c\u2019est possible ! Les pionniers Shamengo vous montrent comment\u2026\"><label>Pr\u00e9server la plan\u00e8te<\/label><\/div><div style=\"background-image: url(\/\/shamengo-vps1.tetedecom.pro\/wp-content\/uploads\/2018\/04\/fond-texture-orange-350x92.jpg);\" class=\"vc_so_playlist_video_menu_item thematic-191\" data-thematic-id=\"thematic-191\" data-playlist-url=\"\/\/shamengo.streameo.tv\/iframeplayer?custom_playlist=playlist191&ids_prods=816,789,722,721,665,662,643,606,608,590,571,561,558,549,538,535,581,533,482,280,144,463,405,451,443,441,433,431,250,351,345,360,354,290,134,258,232,130,326,214,298,132,200,222,156,260,304,292,324,212,188,178,148,216,158,124,252,138,176,238,204&lang=fr&id_app=186&sharinglink=https%3A%2F%2Fwww.google.fr\" data-infos=\"Partout dans le monde, les pionniers Shamengo se mettent au service de leur prochain, d\u00e9fendent de grandes causes ou viennent en aide \u00e0 des populations menac\u00e9es\u2026 de mani\u00e8re particuli\u00e8rement efficace et originale. Regardez !\"><label>S'engager pour les autres<\/label><\/div>\n\t\t\t\t<\/div>\n\n\t\t\t\t<div class=\"vc_so_playlist_video_container\">\n\n\t\t\t\t<div class=\"vc_so_playlist_video_embed_container\"><\/div>\n\n\t\t\t\t<div class=\"vc_so_playlist_video_infos_container\">\n\n\t\t\t\t<div class=\"vc_so_playlist_video_infos_hover_container\"><span><\/span><\/div>\n\t\t\t\t<div class=\"vc_so_playlist_video_infos_pioneer_container\">\n\t\t\t\t<div class=\"vc_so_playlist_video_infos_pioneer_details\">\n\n\t\t\t\t<\/div>\n\n\t\t\t\t<div class=\"vc_so_playlist_video_infos_pioneer_nav\">\n\t\t\t\t<div class=\"prev-pioneer\"><\/div>\n\t\t\t\t<div class=\"next-pioneer\"><\/div>\n\t\t\t\t<\/div>\n\n\t\t\t\t<\/div>\n\n\t\t\t\t<\/div>\n\n\t\t\t\t<\/div>\n\n\n\t\t\t\t<\/div>\n\t\t\t\t[\/vc_column][\/vc_row][\/vc_section]<\/p>\n","protected":false},"excerpt":{"rendered":"<p>[vc_section full_width=&#8221;stretch_row_content&#8221; el_class=&#8221;header-image-section&#8221; css=&#8221;.vc_custom_1532454310136{background-image: url(\/\/shamengo-vps1.tetedecom.pro\/wp-content\/uploads\/2018\/04\/Laure-Meryam-Afrique-Sud.jpg?id=22030) !important;}&#8221;][\/vc_section][vc_section][vc_row el_id=&#8221;site-title&#8221;][vc_column][vc_column_text] LES CHAINES VID\u00c9OS EN CONTINU 5 minutes ou une heure devant vous ? Faites une pause inspirante ! [\/vc_column_text][\/vc_column][\/vc_row][\/vc_section][vc_section][vc_row][vc_column][\/vc_column][\/vc_row][\/vc_section]<\/p>\n","protected":false},"author":1,"featured_media":0,"parent":0,"menu_order":0,"comment_status":"closed","ping_status":"closed","template":"","meta":{"_acf_changed":false,"footnotes":""},"thematique":[],"class_list":["post-21511","page","type-page","status-publish","hentry"],"acf":false,"_links":{"self":[{"href":"https:\/\/shamengo-vps1.tetedecom.pro\/fr\/wp-json\/wp\/v2\/pages\/21511"}],"collection":[{"href":"https:\/\/shamengo-vps1.tetedecom.pro\/fr\/wp-json\/wp\/v2\/pages"}],"about":[{"href":"https:\/\/shamengo-vps1.tetedecom.pro\/fr\/wp-json\/wp\/v2\/types\/page"}],"author":[{"embeddable":true,"href":"https:\/\/shamengo-vps1.tetedecom.pro\/fr\/wp-json\/wp\/v2\/users\/1"}],"replies":[{"embeddable":true,"href":"https:\/\/shamengo-vps1.tetedecom.pro\/fr\/wp-json\/wp\/v2\/comments?post=21511"}],"version-history":[{"count":36,"href":"https:\/\/shamengo-vps1.tetedecom.pro\/fr\/wp-json\/wp\/v2\/pages\/21511\/revisions"}],"predecessor-version":[{"id":37811,"href":"https:\/\/shamengo-vps1.tetedecom.pro\/fr\/wp-json\/wp\/v2\/pages\/21511\/revisions\/37811"}],"wp:attachment":[{"href":"https:\/\/shamengo-vps1.tetedecom.pro\/fr\/wp-json\/wp\/v2\/media?parent=21511"}],"wp:term":[{"taxonomy":"thematique","embeddable":true,"href":"https:\/\/shamengo-vps1.tetedecom.pro\/fr\/wp-json\/wp\/v2\/thematique?post=21511"}],"curies":[{"name":"wp","href":"https:\/\/api.w.org\/{rel}","templated":true}]}}