{"id":22439,"date":"2018-06-08T14:29:45","date_gmt":"2018-06-08T12:29:45","guid":{"rendered":"https:\/\/shamengo-vps1.tetedecom.pro\/?page_id=22439"},"modified":"2019-10-11T12:34:52","modified_gmt":"2019-10-11T10:34:52","slug":"contact","status":"publish","type":"page","link":"https:\/\/shamengo-vps1.tetedecom.pro\/fr\/contact\/","title":{"rendered":"Contact"},"content":{"rendered":"<p>[vc_section full_width=&#8221;stretch_row_content&#8221; el_class=&#8221;header-image-section&#8221; css=&#8221;.vc_custom_1536573527852{background-image: url(\/wp-content\/uploads\/2018\/09\/Les-Canaux-contact-shamengo-1.jpg?id=37894) !important;}&#8221;][vc_row][vc_column][\/vc_column][\/vc_row][\/vc_section][vc_section][vc_row el_id=&#8221;site-title&#8221;][vc_column][vc_column_text]<\/p>\n<h1 style=\"text-align: center;\">CONTACTEZ-NOUS<\/h1>\n<div class=\"page\" title=\"Page 2\">\n<div class=\"section\">\n<div class=\"layoutArea\">\n<div class=\"column\">\n<p style=\"text-align: center;\">Une question, une remarque, une ide\u0301e? N\u2019he\u0301sitez pas, e\u0301crivez-nous !<\/p>\n<\/div>\n<\/div>\n<\/div>\n<\/div>\n<p>[\/vc_column_text][\/vc_column][\/vc_row][\/vc_section][vc_row css=&#8221;.vc_custom_1528463666377{padding-bottom: 30px !important;}&#8221;][vc_column][vc_column_text]<\/p>\n<h2>Formulaire de contact<\/h2>\n<p>[\/vc_column_text]\n<div class=\"wpcf7 no-js\" id=\"wpcf7-f22438-o1\" lang=\"fr-FR\" dir=\"ltr\" data-wpcf7-id=\"22438\">\n<div class=\"screen-reader-response\"><p role=\"status\" aria-live=\"polite\" aria-atomic=\"true\"><\/p> <ul><\/ul><\/div>\n<form action=\"\/fr\/wp-json\/wp\/v2\/pages\/22439#wpcf7-f22438-o1\" method=\"post\" class=\"wpcf7-form init\" aria-label=\"Formulaire de contact\" novalidate=\"novalidate\" data-status=\"init\">\n<div style=\"display: none;\">\n<input type=\"hidden\" name=\"_wpcf7\" value=\"22438\" \/>\n<input type=\"hidden\" name=\"_wpcf7_version\" value=\"6.0\" \/>\n<input type=\"hidden\" name=\"_wpcf7_locale\" value=\"fr_FR\" \/>\n<input type=\"hidden\" name=\"_wpcf7_unit_tag\" value=\"wpcf7-f22438-o1\" \/>\n<input type=\"hidden\" name=\"_wpcf7_container_post\" value=\"0\" \/>\n<input type=\"hidden\" name=\"_wpcf7_posted_data_hash\" value=\"\" \/>\n<\/div>\n<div class=\"form-gauche\">\n\t<p><label> Pr\u00e9nom*<br \/>\n<span class=\"wpcf7-form-control-wrap\" data-name=\"your-first-name\"><input size=\"40\" maxlength=\"400\" class=\"wpcf7-form-control wpcf7-text wpcf7-validates-as-required\" aria-required=\"true\" aria-invalid=\"false\" value=\"\" type=\"text\" name=\"your-first-name\" \/><\/span> <\/label>\n\t<\/p>\n\t<p><label> Nom*<br \/>\n<span class=\"wpcf7-form-control-wrap\" data-name=\"your-name\"><input size=\"40\" maxlength=\"400\" class=\"wpcf7-form-control wpcf7-text wpcf7-validates-as-required\" aria-required=\"true\" aria-invalid=\"false\" value=\"\" type=\"text\" name=\"your-name\" \/><\/span> <\/label>\n\t<\/p>\n\t<p><label> Mail*<br \/>\n<span class=\"wpcf7-form-control-wrap\" data-name=\"your-email\"><input size=\"40\" maxlength=\"400\" class=\"wpcf7-form-control wpcf7-email wpcf7-validates-as-required wpcf7-text wpcf7-validates-as-email\" aria-required=\"true\" aria-invalid=\"false\" value=\"\" type=\"email\" name=\"your-email\" \/><\/span> <\/label>\n\t<\/p>\n\t<p><label> Objet*<br \/>\n<span class=\"wpcf7-form-control-wrap\" data-name=\"your-subject\"><input size=\"40\" maxlength=\"400\" class=\"wpcf7-form-control wpcf7-text wpcf7-validates-as-required\" aria-required=\"true\" aria-invalid=\"false\" value=\"\" type=\"text\" name=\"your-subject\" \/><\/span> <\/label>\n\t<\/p>\n<\/div>\n<div class=\"form-droite\">\n\t<p><label> Laisser un commentaire<br \/>\n<span class=\"wpcf7-form-control-wrap\" data-name=\"your-message\"><textarea cols=\"40\" rows=\"15\" maxlength=\"2000\" class=\"wpcf7-form-control wpcf7-textarea\" aria-invalid=\"false\" name=\"your-message\"><\/textarea><\/span> <\/label>\n\t<\/p>\n\t<p>[recaptcha class:recaptcha-input]\n\t<\/p>\n<\/div>\n<p><input class=\"wpcf7-form-control wpcf7-submit has-spinner\" type=\"submit\" value=\"ENVOYER\" \/>\n<\/p><div class=\"wpcf7-response-output\" aria-hidden=\"true\"><\/div>\n<\/form>\n<\/div>\n[\/vc_column][\/vc_row][vc_section full_width=&#8221;stretch_row&#8221; css=&#8221;.vc_custom_1529936071239{background-color: #f7f7f7 !important;}&#8221; el_class=&#8221;gmap-section&#8221;][vc_row equal_height=&#8221;yes&#8221; content_placement=&#8221;middle&#8221; el_class=&#8221;stretch-left-col&#8221;][vc_column width=&#8221;1\/2&#8243; css=&#8221;.vc_custom_1528460731526{background-position: center !important;background-repeat: no-repeat !important;background-size: cover !important;}&#8221;][vc_gmaps link=&#8221;#E-8_JTNDaWZyYW1lJTIwc3JjJTNEJTIyaHR0cHMlM0ElMkYlMkZ3d3cuZ29vZ2xlLmNvbSUyRm1hcHMlMkZlbWJlZCUzRnBiJTNEJTIxMW0xOCUyMTFtMTIlMjExbTMlMjExZDI2MjMuNjEyNDA2MjU0Mjk3JTIxMmQyLjM2ODU1OTQxNTU1NjAxNTIlMjEzZDQ4Ljg4NDY2NDk3OTI5MDElMjEybTMlMjExZjAlMjEyZjAlMjEzZjAlMjEzbTIlMjExaTEwMjQlMjEyaTc2OCUyMTRmMTMuMSUyMTNtMyUyMTFtMiUyMTFzMHg0N2U2NmRkODE1NjZkMmI1JTI1M0EweGI0ODhkMmQ1ZDI3ODEzMzIlMjEyczYlMkJRdWFpJTJCZGUlMkJsYSUyQlNlaW5lJTI1MkMlMkI3NTAxOSUyQlBhcmlzJTIxNWUwJTIxM20yJTIxMXNmciUyMTJzZnIlMjE0djE1Mjg0NjEwMzEyMzclMjIlMjB3aWR0aCUzRCUyMjYwMCUyMiUyMGhlaWdodCUzRCUyMjQ1MCUyMiUyMGZyYW1lYm9yZGVyJTNEJTIyMCUyMiUyMHN0eWxlJTNEJTIyYm9yZGVyJTNBMCUyMiUyMGFsbG93ZnVsbHNjcmVlbiUzRSUzQyUyRmlmcmFtZSUzRQ==&#8221;][\/vc_column][vc_column width=&#8221;1\/2&#8243; css=&#8221;.vc_custom_1529936178744{padding-top: 0px !important;padding-bottom: 0px !important;}&#8221; el_class=&#8221;address-col&#8221;][vc_column_text]<\/p>\n<h2>Adresse postale<\/h2>\n<p>[\/vc_column_text][vc_column_text el_class=&#8221;sep-top&#8221;]<\/p>\n<div class=\"page\" title=\"Page 2\">\n<div class=\"section\">\n<div class=\"layoutArea\">\n<div class=\"column\">\n<p><strong>SHAMENGO<\/strong><\/div>\n<\/div>\n<\/div>\n<\/div>\n<p>[\/vc_column_text][vc_column_text el_class=&#8221;contact-adresse&#8221; css=&#8221;.vc_custom_1570790073357{margin-top: 30px !important;margin-bottom: 20px !important;}&#8221;]62 Boulevard de Magenta<br \/>\n75010 Paris<\/p>\n<p>N\u2019h\u00e9sitez pas \u00e0 nous poser une question ou \u00e0 nous faire une proposition. Nous vous r\u00e9pondrons tr\u00e8s rapidement\u00a0!<\/p>\n<p>&nbsp;[\/vc_column_text][\/vc_column][\/vc_row][\/vc_section]<\/p>\n","protected":false},"excerpt":{"rendered":"<p>[vc_section full_width=&#8221;stretch_row_content&#8221; el_class=&#8221;header-image-section&#8221; css=&#8221;.vc_custom_1536573527852{background-image: url(\/wp-content\/uploads\/2018\/09\/Les-Canaux-contact-shamengo-1.jpg?id=37894) !important;}&#8221;][vc_row][vc_column][\/vc_column][\/vc_row][\/vc_section][vc_section][vc_row el_id=&#8221;site-title&#8221;][vc_column][vc_column_text] CONTACTEZ-NOUS Une question, une remarque, une ide\u0301e? N\u2019he\u0301sitez pas, e\u0301crivez-nous ! [\/vc_column_text][\/vc_column][\/vc_row][\/vc_section][vc_row css=&#8221;.vc_custom_1528463666377{padding-bottom: 30px !important;}&#8221;][vc_column][vc_column_text] Formulaire de contact [\/vc_column_text][\/vc_column][\/vc_row][vc_section full_width=&#8221;stretch_row&#8221; css=&#8221;.vc_custom_1529936071239{background-color: #f7f7f7 !important;}&#8221; el_class=&#8221;gmap-section&#8221;][vc_row equal_height=&#8221;yes&#8221; content_placement=&#8221;middle&#8221; el_class=&#8221;stretch-left-col&#8221;][vc_column width=&#8221;1\/2&#8243; css=&#8221;.vc_custom_1528460731526{background-position: center !important;background-repeat: no-repeat !important;background-size: cover !important;}&#8221;][vc_gmaps link=&#8221;#E-8_JTNDaWZyYW1lJTIwc3JjJTNEJTIyaHR0cHMlM0ElMkYlMkZ3d3cuZ29vZ2xlLmNvbSUyRm1hcHMlMkZlbWJlZCUzRnBiJTNEJTIxMW0xOCUyMTFtMTIlMjExbTMlMjExZDI2MjMuNjEyNDA2MjU0Mjk3JTIxMmQyLjM2ODU1OTQxNTU1NjAxNTIlMjEzZDQ4Ljg4NDY2NDk3OTI5MDElMjEybTMlMjExZjAlMjEyZjAlMjEzZjAlMjEzbTIlMjExaTEwMjQlMjEyaTc2OCUyMTRmMTMuMSUyMTNtMyUyMTFtMiUyMTFzMHg0N2U2NmRkODE1NjZkMmI1JTI1M0EweGI0ODhkMmQ1ZDI3ODEzMzIlMjEyczYlMkJRdWFpJTJCZGUlMkJsYSUyQlNlaW5lJTI1MkMlMkI3NTAxOSUyQlBhcmlzJTIxNWUwJTIxM20yJTIxMXNmciUyMTJzZnIlMjE0djE1Mjg0NjEwMzEyMzclMjIlMjB3aWR0aCUzRCUyMjYwMCUyMiUyMGhlaWdodCUzRCUyMjQ1MCUyMiUyMGZyYW1lYm9yZGVyJTNEJTIyMCUyMiUyMHN0eWxlJTNEJTIyYm9yZGVyJTNBMCUyMiUyMGFsbG93ZnVsbHNjcmVlbiUzRSUzQyUyRmlmcmFtZSUzRQ==&#8221;][\/vc_column][vc_column width=&#8221;1\/2&#8243; css=&#8221;.vc_custom_1529936178744{padding-top: 0px !important;padding-bottom: 0px !important;}&#8221; el_class=&#8221;address-col&#8221;][vc_column_text] Adresse postale [\/vc_column_text][vc_column_text el_class=&#8221;sep-top&#8221;] SHAMENGO [&hellip;]<\/p>\n","protected":false},"author":1,"featured_media":0,"parent":0,"menu_order":0,"comment_status":"closed","ping_status":"closed","template":"","meta":{"_acf_changed":false,"footnotes":""},"thematique":[],"class_list":["post-22439","page","type-page","status-publish","hentry"],"acf":false,"_links":{"self":[{"href":"https:\/\/shamengo-vps1.tetedecom.pro\/fr\/wp-json\/wp\/v2\/pages\/22439"}],"collection":[{"href":"https:\/\/shamengo-vps1.tetedecom.pro\/fr\/wp-json\/wp\/v2\/pages"}],"about":[{"href":"https:\/\/shamengo-vps1.tetedecom.pro\/fr\/wp-json\/wp\/v2\/types\/page"}],"author":[{"embeddable":true,"href":"https:\/\/shamengo-vps1.tetedecom.pro\/fr\/wp-json\/wp\/v2\/users\/1"}],"replies":[{"embeddable":true,"href":"https:\/\/shamengo-vps1.tetedecom.pro\/fr\/wp-json\/wp\/v2\/comments?post=22439"}],"version-history":[{"count":21,"href":"https:\/\/shamengo-vps1.tetedecom.pro\/fr\/wp-json\/wp\/v2\/pages\/22439\/revisions"}],"predecessor-version":[{"id":50641,"href":"https:\/\/shamengo-vps1.tetedecom.pro\/fr\/wp-json\/wp\/v2\/pages\/22439\/revisions\/50641"}],"wp:attachment":[{"href":"https:\/\/shamengo-vps1.tetedecom.pro\/fr\/wp-json\/wp\/v2\/media?parent=22439"}],"wp:term":[{"taxonomy":"thematique","embeddable":true,"href":"https:\/\/shamengo-vps1.tetedecom.pro\/fr\/wp-json\/wp\/v2\/thematique?post=22439"}],"curies":[{"name":"wp","href":"https:\/\/api.w.org\/{rel}","templated":true}]}}