{"id":22683,"date":"2018-06-29T22:25:59","date_gmt":"2018-06-29T20:25:59","guid":{"rendered":"https:\/\/shamengo-vps1.tetedecom.pro\/?page_id=22683"},"modified":"2023-08-31T14:46:59","modified_gmt":"2023-08-31T13:46:59","slug":"l-equipe","status":"publish","type":"page","link":"https:\/\/shamengo-vps1.tetedecom.pro\/fr\/l-equipe\/","title":{"rendered":"L&#8217;\u00e9quipe"},"content":{"rendered":"<p>[vc_section full_width=&#8221;stretch_row_content&#8221; el_class=&#8221;header-image-section&#8221; css=&#8221;.vc_custom_1529956307959{background-image: url(\/wp-content\/uploads\/2018\/06\/banner-equipe-1.jpg?id=22711) !important;}&#8221;][\/vc_section][vc_section][vc_row el_id=&#8221;site-title&#8221;][vc_column][vc_column_text]<\/p>\n<h1 style=\"text-align: center;\">QUI SOMMES-NOUS ?<\/h1>\n<p style=\"text-align: center;\">Une bande de passionn\u00e9s<\/p>\n<p>[\/vc_column_text][\/vc_column][\/vc_row][\/vc_section][vc_section full_width=&#8221;stretch_row_content&#8221;][vc_row equal_height=&#8221;yes&#8221; content_placement=&#8221;middle&#8221; el_class=&#8221;stretch-right-col&#8221;][vc_column width=&#8221;1\/2&#8243; css=&#8221;.vc_custom_1525705002925{padding-bottom: 6em !important;}&#8221;][vc_column_text]<\/p>\n<h2>A l&#8217;origine<\/h2>\n<p>[\/vc_column_text][vc_column_text el_class=&#8221;sep-top&#8221;]Ce pari sur l\u2019avenir a \u00e9t\u00e9 initi\u00e9 par Catherine Berthillier, grand reporter pour les \u00e9missions d\u2019information de la t\u00e9l\u00e9vision fran\u00e7aise : Envoy\u00e9 sp\u00e9cial (France 2), Des racines et des ailes (France 3), Zone interdite (M6), Reportages (TF1), Arte reportage (Arte)\u2026 ainsi que de nombreux documentaires pour France 3 et France 5 en co-production internationale.<\/p>\n<p>Apr\u00e8s avoir d\u00e9nonc\u00e9 pendant 20 ans ceux qui d\u00e9truisent le monde dans ses enqu\u00eates d\u2019investigation, Catherine Berthillier d\u00e9cide, en 2008, de mettre ses comp\u00e9tences et son large r\u00e9seau de contacts en France et \u00e0 l\u2019\u00e9tranger, au profit de ceux qui construisent le monde de demain. C\u2019est ainsi que l\u2019association Shamengo voit le jour, en octobre 2011.<\/p>\n<p>Certains sont l\u00e0 depuis le d\u00e9but, d\u2019autres nous rejoignent sur des missions ponctuelles, tous ont en commun de faire grandir cette \u0153uvre pleine de sens qui nous d\u00e9passe et dont nous sommes fiers.[\/vc_column_text][\/vc_column][vc_column width=&#8221;1\/2&#8243; css=&#8221;.vc_custom_1529953635241{background-image: url(\/wp-content\/uploads\/2018\/06\/C.-Berthillier-\u00e0-Vanarasi.jpg?id=22688) !important;background-position: center !important;background-repeat: no-repeat !important;background-size: cover !important;}&#8221; el_class=&#8221;bg-align-top&#8221;][\/vc_column][\/vc_row][\/vc_section][vc_section full_width=&#8221;stretch_row&#8221; css=&#8221;.vc_custom_1529954666997{background-color: #f7f7f7 !important;}&#8221;][vc_row][vc_column][vc_column_text]<\/p>\n<h2 style=\"text-align: center;\">Notre \u00e9quipe<\/h2>\n<p>[\/vc_column_text][\/vc_column][\/vc_row][vc_row el_class=&#8221;team-photos&#8221;][vc_column width=&#8221;1\/4&#8243;][vc_single_image image=&#8221;22690&#8243; img_size=&#8221;large&#8221; alignment=&#8221;center&#8221;][vc_column_text]<\/p>\n<h3>Catherine<br \/>\nBERTHILLIER<\/h3>\n<p>Fondatrice[\/vc_column_text][\/vc_column][vc_column width=&#8221;1\/4&#8243;][vc_single_image image=&#8221;22691&#8243; img_size=&#8221;large&#8221; alignment=&#8221;center&#8221;][vc_column_text]<\/p>\n<h3>Denis<br \/>\nBENOIT<\/h3>\n<p>Directeur technique[\/vc_column_text][\/vc_column][vc_column width=&#8221;1\/4&#8243;][vc_single_image image=&#8221;85503&#8243; img_size=&#8221;large&#8221; alignment=&#8221;center&#8221;][vc_column_text]<\/p>\n<h3>Na\u00efg GILBERT<\/h3>\n<p>Charg\u00e9e de d\u00e9veloppement[\/vc_column_text][\/vc_column][vc_column width=&#8221;1\/4&#8243;][vc_single_image image=&#8221;86244&#8243; img_size=&#8221;large&#8221; alignment=&#8221;center&#8221;][vc_column_text]<\/p>\n<h3>Marilyn<br \/>\nYEBRA<\/h3>\n<p>Tr\u00e9sori\u00e8re[\/vc_column_text][\/vc_column][\/vc_row][vc_row][vc_column][vc_column_text]<\/p>\n<p style=\"text-align: center;\"><strong><span style=\"font-size: 14pt;\">Ainsi que Fran\u00e7oise Sellier, Marie-H\u00e9l\u00e8ne Becquemin, Honorine Conseil, Erwann Rolland, Ora Atanley et plein d&#8217;autres qui nous accompagnent chaque jour avec passion et engagement !<\/span><\/strong><\/p>\n<p>[\/vc_column_text][\/vc_column][\/vc_row][\/vc_section][vc_section full_width=&#8221;stretch_row_content&#8221; css=&#8221;.vc_custom_1529955757509{padding-top: 0px !important;}&#8221;][vc_row][vc_column][vc_single_image image=&#8221;22685&#8243; img_size=&#8221;full&#8221; alignment=&#8221;center&#8221;][\/vc_column][\/vc_row][\/vc_section][vc_section full_width=&#8221;stretch_row&#8221; css=&#8221;.vc_custom_1529955550026{background-color: f7f7f7 !important;}&#8221; el_class=&#8221;grey-bg-header&#8221;][vc_row][vc_column][vc_single_image image=&#8221;21958&#8243; img_size=&#8221;full&#8221; alignment=&#8221;center&#8221; css=&#8221;.vc_custom_1529955646069{margin-bottom: 25px !important;}&#8221;][vc_column_text css=&#8221;.vc_custom_1529955712410{margin-bottom: 25px !important;}&#8221;]<\/p>\n<h2 style=\"text-align: center;\">LA COMMUNAUT\u00c9 SHAMENGO<\/h2>\n<p style=\"text-align: center;\">Des femmes et des hommes qui contribuent \u00e0 rendre le monde meilleur<\/p>\n<p>[\/vc_column_text][vc_btn title=&#8221;Nous rejoindre&#8221; color=&#8221;so-white&#8221; align=&#8221;center&#8221; link=&#8221;url:https%3A%2F%2Fshamengo-vps1.tetedecom.pro%2Ffr%2Frejoindre-la-communaute%2F|||&#8221;][\/vc_column][\/vc_row][\/vc_section]<\/p>\n","protected":false},"excerpt":{"rendered":"<p>[vc_section full_width=&#8221;stretch_row_content&#8221; el_class=&#8221;header-image-section&#8221; css=&#8221;.vc_custom_1529956307959{background-image: url(\/wp-content\/uploads\/2018\/06\/banner-equipe-1.jpg?id=22711) !important;}&#8221;][\/vc_section][vc_section][vc_row el_id=&#8221;site-title&#8221;][vc_column][vc_column_text] QUI SOMMES-NOUS ? Une bande de passionn\u00e9s [\/vc_column_text][\/vc_column][\/vc_row][\/vc_section][vc_section full_width=&#8221;stretch_row_content&#8221;][vc_row equal_height=&#8221;yes&#8221; content_placement=&#8221;middle&#8221; el_class=&#8221;stretch-right-col&#8221;][vc_column width=&#8221;1\/2&#8243; css=&#8221;.vc_custom_1525705002925{padding-bottom: 6em !important;}&#8221;][vc_column_text] A l&#8217;origine [\/vc_column_text][vc_column_text el_class=&#8221;sep-top&#8221;]Ce pari sur l\u2019avenir a \u00e9t\u00e9 initi\u00e9 par Catherine Berthillier, grand reporter pour les \u00e9missions d\u2019information de la t\u00e9l\u00e9vision fran\u00e7aise : Envoy\u00e9 sp\u00e9cial (France 2), Des racines et des [&hellip;]<\/p>\n","protected":false},"author":1,"featured_media":0,"parent":0,"menu_order":0,"comment_status":"closed","ping_status":"closed","template":"","meta":{"_acf_changed":false,"footnotes":""},"thematique":[],"class_list":["post-22683","page","type-page","status-publish","hentry"],"acf":{"top_page":false},"_links":{"self":[{"href":"https:\/\/shamengo-vps1.tetedecom.pro\/fr\/wp-json\/wp\/v2\/pages\/22683"}],"collection":[{"href":"https:\/\/shamengo-vps1.tetedecom.pro\/fr\/wp-json\/wp\/v2\/pages"}],"about":[{"href":"https:\/\/shamengo-vps1.tetedecom.pro\/fr\/wp-json\/wp\/v2\/types\/page"}],"author":[{"embeddable":true,"href":"https:\/\/shamengo-vps1.tetedecom.pro\/fr\/wp-json\/wp\/v2\/users\/1"}],"replies":[{"embeddable":true,"href":"https:\/\/shamengo-vps1.tetedecom.pro\/fr\/wp-json\/wp\/v2\/comments?post=22683"}],"version-history":[{"count":48,"href":"https:\/\/shamengo-vps1.tetedecom.pro\/fr\/wp-json\/wp\/v2\/pages\/22683\/revisions"}],"predecessor-version":[{"id":86246,"href":"https:\/\/shamengo-vps1.tetedecom.pro\/fr\/wp-json\/wp\/v2\/pages\/22683\/revisions\/86246"}],"wp:attachment":[{"href":"https:\/\/shamengo-vps1.tetedecom.pro\/fr\/wp-json\/wp\/v2\/media?parent=22683"}],"wp:term":[{"taxonomy":"thematique","embeddable":true,"href":"https:\/\/shamengo-vps1.tetedecom.pro\/fr\/wp-json\/wp\/v2\/thematique?post=22683"}],"curies":[{"name":"wp","href":"https:\/\/api.w.org\/{rel}","templated":true}]}}