{"id":2435,"date":"2017-10-19T17:25:53","date_gmt":"2017-10-19T15:25:53","guid":{"rendered":"https:\/\/shamengo-vps1.tetedecom.pro\/?page_id=2435"},"modified":"2024-09-30T15:49:10","modified_gmt":"2024-09-30T14:49:10","slug":"l-ecole","status":"publish","type":"page","link":"https:\/\/shamengo-vps1.tetedecom.pro\/fr\/l-ecole\/","title":{"rendered":"L&#8217;\u00e9cole"},"content":{"rendered":"<p>[vc_section][vc_row][vc_column][smartslider3 slider=&#8221;34&#8243;][\/vc_column][\/vc_row][\/vc_section][vc_section css=&#8221;.vc_custom_1529420954393{margin-top: 50px !important;}&#8221;][vc_row el_id=&#8221;site-title&#8221;][vc_column][vc_column_text]<\/p>\n<h1 style=\"text-align: center;\">L&#8217;\u00c9COLE SHAMENGO<\/h1>\n<p style=\"text-align: center;\">Hacke ton cerveau, fais corps avec le vivant, deviens Shaman du nouveau monde<\/p>\n<p>[\/vc_column_text][\/vc_column][\/vc_row][\/vc_section][vc_section full_width=&#8221;stretch_row_content&#8221;][vc_row equal_height=&#8221;yes&#8221; content_placement=&#8221;top&#8221; el_class=&#8221;stretch-right-col&#8221;][vc_column width=&#8221;1\/2&#8243; css=&#8221;.vc_custom_1525705002925{padding-bottom: 6em !important;}&#8221;][vc_column_text]<\/p>\n<h2><\/h2>\n<h2>Le pari d&#8217;une \u00e9cole de la transition<\/h2>\n<p>[\/vc_column_text][vc_column_text el_class=&#8221;sep-top&#8221;]Shamengo est une \u00e9cole de la transition \u00e9cologique, qui forme \u00e0 tout \u00e2ge de la vie \u00e0 de nouveaux savoir-\u00eatre et savoir-faire.<\/p>\n<p>On y apprend \u00e0 prendre soin de soi, cr\u00e9er dans l\u2019\u00e9thique, pr\u00e9server la plan\u00e8te et s\u2019engager pour les autres, \u00e0 travers les gestes les plus \u00e9l\u00e9mentaires de la vie quotidienne.<\/p>\n<p>Cette \u00e9cole s\u2019adresse autant aux particuliers qu\u2019aux professionnels. Le parcours de l&#8217;\u00e9cole commence par le kit d&#8217;initiation.[\/vc_column_text][vc_empty_space][vc_btn title=&#8221;JE ME LANCE !&#8221; color=&#8221;so-white&#8221; align=&#8221;left&#8221; link=&#8221;url:https%3A%2F%2Fshamengo-vps1.tetedecom.pro%2Ffr%2Fproduit%2Fkit-dinitiation%2F|title:Kit%20d%E2%80%99initiation&#8221; el_class=&#8221;button-text-size-26 btn-rose-sham&#8221;][\/vc_column][vc_column width=&#8221;1\/2&#8243; css=&#8221;.vc_custom_1601367154043{background-image: url(\/\/shamengo-vps1.tetedecom.pro\/wp-content\/uploads\/2020\/09\/shamen.jpg?id=56391) !important;background-position: center !important;background-repeat: no-repeat !important;background-size: cover !important;}&#8221; el_class=&#8221;bg-align-top&#8221;][\/vc_column][\/vc_row][\/vc_section][vc_section full_width=&#8221;stretch_row&#8221; el_id=&#8221;thematics-section&#8221; css=&#8221;.vc_custom_1525699249494{background-color: #f7f7f7 !important;}&#8221;][vc_row][vc_column][vc_column_text css=&#8221;.vc_custom_1525699685988{margin-bottom: 1em !important;}&#8221;]<\/p>\n<h2 style=\"text-align: center;\">Notre enseignement<\/h2>\n<p>[\/vc_column_text][\/vc_column][\/vc_row][vc_row][vc_column css_animation=&#8221;fadeIn&#8221;][vc_column_text]\n\n\t\t<div id=\"vc_so_categ_circles_468109\" class=\"vc_so_categ_circles  vc_custom_1540565136138\">\n\n\t\t<div class=\"vc_so_categ_circles_items\">\n\t\t\n\t\t\t<div class=\"vc_so_categ_circles_item\">\n\t\t\t<div class=\"wpb_single_image wpb_content_element vc_align_center \">\n\t\t\t<figure class=\"wpb_wrapper vc_figure\">\n\t\t\t<a href=\"https:\/\/shamengo-vps1.tetedecom.pro\/fr\/prendre-soin-de-soi\/\" target=\"_self\" class=\"vc_single_image-wrapper vc_box_rounded  vc_box_border_grey\">\n\t\t\t<img loading=\"lazy\" decoding=\"async\" width=\"300\" height=\"300\" src=\"\/\/shamengo-vps1.tetedecom.pro\/wp-content\/uploads\/2018\/02\/rond-bleu-text.png\" class=\"attachment-medium size-medium\" alt=\"\" srcset=\"\/\/shamengo-vps1.tetedecom.pro\/wp-content\/uploads\/2018\/02\/rond-bleu-text.png 300w, \/\/shamengo-vps1.tetedecom.pro\/wp-content\/uploads\/2018\/02\/rond-bleu-text-150x150.png 150w, \/\/shamengo-vps1.tetedecom.pro\/wp-content\/uploads\/2018\/02\/rond-bleu-text-180x180.png 180w\" sizes=\"(max-width: 300px) 100vw, 300px\" \/>\n\t\t\t<\/a>\n\t\t\t<\/figure>\n\t\t\t<\/div>\n\t\t\t<div class=\"wpb_text_column wpb_content_element \">\n\t\t\t<div class=\"wpb_wrapper\">\n\t\t\t<h4 style=\"text-align: center;\"><a href=\"https:\/\/shamengo-vps1.tetedecom.pro\/fr\/prendre-soin-de-soi\/\">Prendre<br> soin de soi<\/a><\/h4>\n\t\t\t<\/div>\n\t\t\t<\/div>\n\t\t\t<\/div>\n\t\t\t<div class=\"vc_so_categ_circles_item\">\n\t\t\t<div class=\"wpb_single_image wpb_content_element vc_align_center \">\n\t\t\t<figure class=\"wpb_wrapper vc_figure\">\n\t\t\t<a href=\"https:\/\/shamengo-vps1.tetedecom.pro\/fr\/creer-dans-lethique\/\" target=\"_self\" class=\"vc_single_image-wrapper vc_box_rounded  vc_box_border_grey\">\n\t\t\t<img loading=\"lazy\" decoding=\"async\" width=\"300\" height=\"300\" src=\"\/\/shamengo-vps1.tetedecom.pro\/wp-content\/uploads\/2018\/02\/rond-rose-text.png\" class=\"attachment-medium size-medium\" alt=\"\" srcset=\"\/\/shamengo-vps1.tetedecom.pro\/wp-content\/uploads\/2018\/02\/rond-rose-text.png 300w, \/\/shamengo-vps1.tetedecom.pro\/wp-content\/uploads\/2018\/02\/rond-rose-text-150x150.png 150w, \/\/shamengo-vps1.tetedecom.pro\/wp-content\/uploads\/2018\/02\/rond-rose-text-180x180.png 180w\" sizes=\"(max-width: 300px) 100vw, 300px\" \/>\n\t\t\t<\/a>\n\t\t\t<\/figure>\n\t\t\t<\/div>\n\t\t\t<div class=\"wpb_text_column wpb_content_element \">\n\t\t\t<div class=\"wpb_wrapper\">\n\t\t\t<h4 style=\"text-align: center;\"><a href=\"https:\/\/shamengo-vps1.tetedecom.pro\/fr\/creer-dans-lethique\/\">Cr\u00e9er<br> dans l'\u00e9thique<\/a><\/h4>\n\t\t\t<\/div>\n\t\t\t<\/div>\n\t\t\t<\/div>\n\t\t\t<div class=\"vc_so_categ_circles_item\">\n\t\t\t<div class=\"wpb_single_image wpb_content_element vc_align_center \">\n\t\t\t<figure class=\"wpb_wrapper vc_figure\">\n\t\t\t<a href=\"https:\/\/shamengo-vps1.tetedecom.pro\/fr\/preserver-la-planete\/\" target=\"_self\" class=\"vc_single_image-wrapper vc_box_rounded  vc_box_border_grey\">\n\t\t\t<img loading=\"lazy\" decoding=\"async\" width=\"300\" height=\"300\" src=\"\/\/shamengo-vps1.tetedecom.pro\/wp-content\/uploads\/2018\/02\/rond-vert-text.png\" class=\"attachment-medium size-medium\" alt=\"\" srcset=\"\/\/shamengo-vps1.tetedecom.pro\/wp-content\/uploads\/2018\/02\/rond-vert-text.png 300w, \/\/shamengo-vps1.tetedecom.pro\/wp-content\/uploads\/2018\/02\/rond-vert-text-150x150.png 150w, \/\/shamengo-vps1.tetedecom.pro\/wp-content\/uploads\/2018\/02\/rond-vert-text-180x180.png 180w\" sizes=\"(max-width: 300px) 100vw, 300px\" \/>\n\t\t\t<\/a>\n\t\t\t<\/figure>\n\t\t\t<\/div>\n\t\t\t<div class=\"wpb_text_column wpb_content_element \">\n\t\t\t<div class=\"wpb_wrapper\">\n\t\t\t<h4 style=\"text-align: center;\"><a href=\"https:\/\/shamengo-vps1.tetedecom.pro\/fr\/preserver-la-planete\/\">Pr\u00e9server<br> la plan\u00e8te<\/a><\/h4>\n\t\t\t<\/div>\n\t\t\t<\/div>\n\t\t\t<\/div>\n\t\t\t<div class=\"vc_so_categ_circles_item\">\n\t\t\t<div class=\"wpb_single_image wpb_content_element vc_align_center \">\n\t\t\t<figure class=\"wpb_wrapper vc_figure\">\n\t\t\t<a href=\"https:\/\/shamengo-vps1.tetedecom.pro\/fr\/sengager-pour-les-autres\/\" target=\"_self\" class=\"vc_single_image-wrapper vc_box_rounded  vc_box_border_grey\">\n\t\t\t<img loading=\"lazy\" decoding=\"async\" width=\"300\" height=\"300\" src=\"\/\/shamengo-vps1.tetedecom.pro\/wp-content\/uploads\/2018\/02\/rond-orange-text.png\" class=\"attachment-medium size-medium\" alt=\"\" srcset=\"\/\/shamengo-vps1.tetedecom.pro\/wp-content\/uploads\/2018\/02\/rond-orange-text.png 300w, \/\/shamengo-vps1.tetedecom.pro\/wp-content\/uploads\/2018\/02\/rond-orange-text-150x150.png 150w, \/\/shamengo-vps1.tetedecom.pro\/wp-content\/uploads\/2018\/02\/rond-orange-text-180x180.png 180w\" sizes=\"(max-width: 300px) 100vw, 300px\" \/>\n\t\t\t<\/a>\n\t\t\t<\/figure>\n\t\t\t<\/div>\n\t\t\t<div class=\"wpb_text_column wpb_content_element \">\n\t\t\t<div class=\"wpb_wrapper\">\n\t\t\t<h4 style=\"text-align: center;\"><a href=\"https:\/\/shamengo-vps1.tetedecom.pro\/fr\/sengager-pour-les-autres\/\">S'engager<br> pour les autres<\/a><\/h4>\n\t\t\t<\/div>\n\t\t\t<\/div>\n\t\t\t<\/div>\n\t\t<\/div>\n\n\t\t<\/div>\n\t\t[\/vc_column_text][\/vc_column][\/vc_row][\/vc_section][vc_section full_width=&#8221;stretch_row_content&#8221; css=&#8221;.vc_custom_1525700319451{padding-top: 0px !important;}&#8221;][vc_row equal_height=&#8221;yes&#8221; content_placement=&#8221;middle&#8221; el_class=&#8221;stretch-left-col&#8221;][vc_column width=&#8221;1\/2&#8243; css=&#8221;.vc_custom_1601367213577{background-image: url(\/\/shamengo-vps1.tetedecom.pro\/wp-content\/uploads\/2020\/09\/arbre.jpg?id=56393) !important;background-position: center !important;background-repeat: no-repeat !important;background-size: cover !important;}&#8221;][\/vc_column][vc_column width=&#8221;1\/2&#8243; css=&#8221;.vc_custom_1525700384979{padding-top: 8em !important;padding-bottom: 8em !important;}&#8221;][vc_column_text]<\/p>\n<h2>Le parcours p\u00e9dagogique ressemble \u00e0 la structure d&#8217;un arbre<\/h2>\n<p>[\/vc_column_text][vc_column_text el_class=&#8221;sep-top&#8221;]Un tronc commun, permet de mieux comprendre les enjeux du monde de demain et la mani\u00e8re d\u2019y r\u00e9pondre de mani\u00e8re syst\u00e9mique. Ce tronc se prolonge par 4 branches th\u00e9matiques correspondant \u00e0 nos valeurs, puis des rameaux et des feuillages, permettant d\u2019approfondir \u00e0 la carte et en mode DIY.<\/p>\n<p>Cette formation s\u2019applique \u00e0 la fois \u00e0 la sph\u00e8re personnelle et professionnelle.[\/vc_column_text][\/vc_column][\/vc_row][\/vc_section][vc_section full_width=&#8221;stretch_row&#8221; el_class=&#8221;steps-section&#8221; css=&#8221;.vc_custom_1525700860534{background-color: #f7f7f7 !important;}&#8221;][vc_row][vc_column][vc_column_text]<\/p>\n<h2 style=\"text-align: center;\">De mani\u00e8re ludique, chaque \u00e9tape de formation conduit \u00e0 la suivante<\/h2>\n<p>[\/vc_column_text][vc_row_inner][vc_column_inner width=&#8221;1\/3&#8243;][vc_column_text el_class=&#8221;step-number&#8221;]<\/p>\n<p style=\"text-align: center;\">1.<\/p>\n<p>[\/vc_column_text][vc_column_text]<\/p>\n<h3 style=\"text-align: center;\">EXPLORATION<\/h3>\n<p style=\"text-align: center;\"><strong><em>Inspire your life :\u00a0<\/em><\/strong><\/p>\n<p style=\"text-align: center;\">A la d\u00e9couverte du nouveau monde<\/p>\n<p>[\/vc_column_text][\/vc_column_inner][vc_column_inner width=&#8221;1\/3&#8243;][vc_column_text el_class=&#8221;step-number&#8221;]<\/p>\n<p style=\"text-align: center;\">2.<\/p>\n<p>[\/vc_column_text][vc_column_text]<\/p>\n<h3 style=\"text-align: center;\">EXPERIMENTATION<\/h3>\n<p style=\"text-align: center;\"><strong><em>Empower your time :\u00a0<\/em><\/strong><\/p>\n<p style=\"text-align: center;\">A la rencontre de son g\u00e9nie bricoleur<\/p>\n<p>[\/vc_column_text][\/vc_column_inner][vc_column_inner width=&#8221;1\/3&#8243;][vc_column_text el_class=&#8221;step-number&#8221;]<\/p>\n<p style=\"text-align: center;\">3.<\/p>\n<p>[\/vc_column_text][vc_column_text]<\/p>\n<h3 style=\"text-align: center;\">APPROPRIATION<\/h3>\n<p style=\"text-align: center;\"><strong><em>Make utopia your business :<\/em><\/strong><\/p>\n<p style=\"text-align: center;\">A la conqu\u00eate des m\u00e9tiers du futur<\/p>\n<p>[\/vc_column_text][\/vc_column_inner][\/vc_row_inner][\/vc_column][\/vc_row][\/vc_section][vc_section full_width=&#8221;stretch_row_content&#8221; css=&#8221;.vc_custom_1525703129789{padding-top: 0px !important;}&#8221;][vc_row equal_height=&#8221;yes&#8221; content_placement=&#8221;top&#8221; el_class=&#8221;stretch-right-col&#8221;][vc_column width=&#8221;1\/2&#8243; css=&#8221;.vc_custom_1525703141168{padding-top: 6em !important;padding-bottom: 6em !important;}&#8221;][vc_column_text]<\/p>\n<h2>Les premiers modules de formation se d\u00e9roulent chez soi<\/h2>\n<p>[\/vc_column_text][vc_column_text el_class=&#8221;sep-top&#8221;]Un point de d\u00e9part \u00f4 combien symbolique, quand on sait que la racine des mots \u00e9cologie et \u00e9conomie viennent d\u2019Oikos, qui signifie &#8220;maison&#8221; en grec.<\/p>\n<p>Afin de s\u2019appuyer sur la force d\u2019un groupe et de s\u2019\u00e9pauler entre pairs, chaque apprenti fait partie d\u2019une promo d\u2019une dizaine de personnes. Les interactions ont lieu dans un salon r\u00e9el, quand les membres de la promo sont physiquement r\u00e9unis, ou dans un salon virtuel quand ils habitent loin les uns des autres.[\/vc_column_text][\/vc_column][vc_column width=&#8221;1\/2&#8243; css=&#8221;.vc_custom_1601367267903{background-image: url(\/\/shamengo-vps1.tetedecom.pro\/wp-content\/uploads\/2020\/09\/totem.jpg?id=56395) !important;background-position: center !important;background-repeat: no-repeat !important;background-size: cover !important;}&#8221;][\/vc_column][\/vc_row][\/vc_section][vc_section el_class=&#8221;image-banner-text-box cta-soutenir-shamengo&#8221; css=&#8221;.vc_custom_1607964865184{margin-top: 50px !important;margin-bottom: 50px !important;background-image: url(\/\/shamengo-vps1.tetedecom.pro\/wp-content\/uploads\/2020\/11\/fond-dessins-gris.png?id=57504) !important;background-position: center !important;background-repeat: no-repeat !important;background-size: cover !important;}&#8221;][vc_row css=&#8221;.vc_custom_1607964883229{margin-top: 40px !important;margin-bottom: 40px !important;}&#8221;][vc_column][vc_column_text css=&#8221;.vc_custom_1608020258727{margin-top: 30px !important;margin-bottom: 13px !important;padding-bottom: 10px !important;background-color: #ffffff !important;}&#8221;]<\/p>\n<h2 style=\"text-align: center; font-size: 1.8em;\">H\u00e2te de m&#8217;inscrire pour d\u00e9marrer cette formation<\/h2>\n<p>[\/vc_column_text][vc_btn title=&#8221;JE ME LANCE !&#8221; color=&#8221;so-white&#8221; align=&#8221;center&#8221; link=&#8221;url:https%3A%2F%2Fshamengo-vps1.tetedecom.pro%2Ffr%2Fproduit%2Fkit-dinitiation%2F|title:Kit%20d%E2%80%99initiation&#8221; el_class=&#8221;button-text-size-26 btn-rose-sham&#8221;][\/vc_column][\/vc_row][\/vc_section]<\/p>\n","protected":false},"excerpt":{"rendered":"<p>[vc_section][vc_row][vc_column][smartslider3 slider=&#8221;34&#8243;][\/vc_column][\/vc_row][\/vc_section][vc_section css=&#8221;.vc_custom_1529420954393{margin-top: 50px !important;}&#8221;][vc_row el_id=&#8221;site-title&#8221;][vc_column][vc_column_text] L&#8217;\u00c9COLE SHAMENGO Hacke ton cerveau, fais corps avec le vivant, deviens Shaman du nouveau monde [\/vc_column_text][\/vc_column][\/vc_row][\/vc_section][vc_section full_width=&#8221;stretch_row_content&#8221;][vc_row equal_height=&#8221;yes&#8221; content_placement=&#8221;top&#8221; el_class=&#8221;stretch-right-col&#8221;][vc_column width=&#8221;1\/2&#8243; css=&#8221;.vc_custom_1525705002925{padding-bottom: 6em !important;}&#8221;][vc_column_text] Le pari d&#8217;une \u00e9cole de la transition [\/vc_column_text][vc_column_text el_class=&#8221;sep-top&#8221;]Shamengo est une \u00e9cole de la transition \u00e9cologique, qui forme \u00e0 tout \u00e2ge de la vie \u00e0 [&hellip;]<\/p>\n","protected":false},"author":1,"featured_media":0,"parent":0,"menu_order":0,"comment_status":"closed","ping_status":"closed","template":"","meta":{"_acf_changed":false,"footnotes":""},"thematique":[],"class_list":["post-2435","page","type-page","status-publish","hentry"],"acf":{"top_page":false,"top_page_img":"\/\/shamengo-vps1.tetedecom.pro\/wp-content\/uploads\/2020\/11\/Capture-d\u2019e\u0301cran-2020-11-26-a\u0300-13.29.51.png","top_page_subtitle":"Hacke ton cerveau, exp\u00e9rimente le meilleur de toi-m\u00eame, deviens Shaman du nouveau monde"},"_links":{"self":[{"href":"https:\/\/shamengo-vps1.tetedecom.pro\/fr\/wp-json\/wp\/v2\/pages\/2435"}],"collection":[{"href":"https:\/\/shamengo-vps1.tetedecom.pro\/fr\/wp-json\/wp\/v2\/pages"}],"about":[{"href":"https:\/\/shamengo-vps1.tetedecom.pro\/fr\/wp-json\/wp\/v2\/types\/page"}],"author":[{"embeddable":true,"href":"https:\/\/shamengo-vps1.tetedecom.pro\/fr\/wp-json\/wp\/v2\/users\/1"}],"replies":[{"embeddable":true,"href":"https:\/\/shamengo-vps1.tetedecom.pro\/fr\/wp-json\/wp\/v2\/comments?post=2435"}],"version-history":[{"count":101,"href":"https:\/\/shamengo-vps1.tetedecom.pro\/fr\/wp-json\/wp\/v2\/pages\/2435\/revisions"}],"predecessor-version":[{"id":63099,"href":"https:\/\/shamengo-vps1.tetedecom.pro\/fr\/wp-json\/wp\/v2\/pages\/2435\/revisions\/63099"}],"wp:attachment":[{"href":"https:\/\/shamengo-vps1.tetedecom.pro\/fr\/wp-json\/wp\/v2\/media?parent=2435"}],"wp:term":[{"taxonomy":"thematique","embeddable":true,"href":"https:\/\/shamengo-vps1.tetedecom.pro\/fr\/wp-json\/wp\/v2\/thematique?post=2435"}],"curies":[{"name":"wp","href":"https:\/\/api.w.org\/{rel}","templated":true}]}}