{"id":37133,"date":"2018-07-26T18:36:05","date_gmt":"2018-07-26T16:36:05","guid":{"rendered":"https:\/\/shamengo-vps1.tetedecom.pro\/?page_id=37133"},"modified":"2019-04-05T15:50:33","modified_gmt":"2019-04-05T13:50:33","slug":"devenir-pionnier-shamengo","status":"publish","type":"page","link":"https:\/\/shamengo-vps1.tetedecom.pro\/fr\/devenir-pionnier-shamengo\/","title":{"rendered":"Devenir pionnier"},"content":{"rendered":"<p>[vc_section full_width=&#8221;stretch_row_content&#8221; el_class=&#8221;header-image-section&#8221; css=&#8221;.vc_custom_1532623349272{background-image: url(\/\/shamengo-vps1.tetedecom.pro\/wp-content\/uploads\/2018\/07\/Bandeau_devenir_pionnier.jpg?id=37146) !important;}&#8221;][\/vc_section][vc_section css=&#8221;.vc_custom_1532451925120{margin-bottom: 0px !important;padding-bottom: 0px !important;}&#8221;][vc_row el_id=&#8221;site-title&#8221;][vc_column][vc_column_text]<\/p>\n<h1 style=\"text-align: center;\">DEVENIR PIONNIER SHAMENGO<\/h1>\n<p style=\"text-align: center;\">Promouvoir mon innovation verte, sociale et\/ou digitale.<\/p>\n<p>[\/vc_column_text][\/vc_column][\/vc_row][\/vc_section][vc_section full_width=&#8221;stretch_row&#8221; css=&#8221;.vc_custom_1532623481887{margin-top: 0px !important;padding-top: 0px !important;}&#8221;][vc_row equal_height=&#8221;yes&#8221; content_placement=&#8221;middle&#8221;][vc_column width=&#8221;1\/3&#8243; css=&#8221;.vc_custom_1532628669879{margin-right: 10px !important;}&#8221;][vc_column_text css=&#8221;.vc_custom_1542383913342{margin-top: 20px !important;}&#8221;]Vous souhaitez promouvoir votre innovation ? R\u00e9pondez \u00e0 notre questionnaire pour \u00eatre r\u00e9f\u00e9renc\u00e9(e) en tant que Pionnier Shamengo au sein de notre communaut\u00e9.<\/p>\n<p>Le r\u00e9f\u00e9rencement sur notre site est gratuit et sans engagement. Vous pouvez supprimer votre compte \u00e0 tout moment sur simple demande.<\/p>\n<p>La dur\u00e9e moyenne du questionnaire est de 5 min. Vous \u00eates pr\u00eat(e)\u00a0?[\/vc_column_text][\/vc_column][vc_column width=&#8221;2\/3&#8243;][vc_row_inner equal_height=&#8221;yes&#8221; content_placement=&#8221;middle&#8221; css=&#8221;.vc_custom_1532628699194{margin-left: 10px !important;background-color: #f7f7f7 !important;}&#8221;][vc_column_inner width=&#8221;1\/2&#8243;][vc_single_image image=&#8221;45980&#8243; img_size=&#8221;medium&#8221; alignment=&#8221;center&#8221;][\/vc_column_inner][vc_column_inner width=&#8221;1\/2&#8243; css=&#8221;.vc_custom_1532697535427{padding-right: 25px !important;padding-left: 25px !important;}&#8221;][vc_single_image image=&#8221;37227&#8243; alignment=&#8221;center&#8221; css=&#8221;.vc_custom_1532697508031{margin-bottom: 0px !important;padding-bottom: 0px !important;}&#8221;][vc_column_text css=&#8221;.vc_custom_1532697496655{margin-top: 0px !important;margin-bottom: 15px !important;padding-top: 0px !important;}&#8221;]<\/p>\n<h3 style=\"text-align: center;\"><strong>Qu\u2019est-ce qu\u2019un Pionnier Shamengo ?<\/strong><\/h3>\n<p style=\"text-align: center;\">Quels sont les avantages \u00e0 le devenir ?<\/p>\n<p>[\/vc_column_text][vc_btn title=&#8221;En savoir plus&#8221; color=&#8221;so-white&#8221; align=&#8221;center&#8221; link=&#8221;url:%2Ffr%2Frejoindre-la-communaute%23les-pionniers-shamengo|||&#8221;][\/vc_column_inner][\/vc_row_inner][\/vc_column][\/vc_row][\/vc_section][vc_section full_width=&#8221;stretch_row_content&#8221; el_class=&#8221;flux-activites-section&#8221;][vc_row][vc_column][vc_column_text]<\/p>\n<h2 style=\"text-align: center;\">Etes vous un Pionnier Shamengo ?<\/h2>\n<p>[\/vc_column_text]\n\t\t<style>\n\n\t\t<\/style><div id=\"vc_so_project_form_489952\" class=\"vc_so_project_form \"><div class=\"so-wrapper project_form_need_logged_in\"><h3>Vous devez \u00eatre inscrit(e) sur notre site et connect\u00e9(e) pour acc\u00e9der au questionnaire.<\/h3><div class=\"project_form_callback_buttons\">[vc_btn title=\"JE ME CONNECTE\" color=\"so-white\" align=\"center\" link=\"url:https%3A%2F%2Fshamengo-vps1.tetedecom.pro%2Ffr%2Fconnexion%2F%3Fredirect_to%3Dhttps%3A%2F%2Fshamengo-vps1.tetedecom.pro%2Ffr%2Fdevenir-pionnier-shamengo%2F|||\"][vc_btn title=\"JE m'INSCRIS\" color=\"so-white\" align=\"center\" link=\"url:https%3A%2F%2Fshamengo-vps1.tetedecom.pro%2Ffr%2Finscription%2F%3Fredirect_to%3Dhttps%3A%2F%2Fshamengo-vps1.tetedecom.pro%2Ffr%2Fdevenir-pionnier-shamengo%2F|||\"]<\/div><\/div><\/div>[\/vc_column][\/vc_row][\/vc_section]<\/p>\n","protected":false},"excerpt":{"rendered":"<p>[vc_section full_width=&#8221;stretch_row_content&#8221; el_class=&#8221;header-image-section&#8221; css=&#8221;.vc_custom_1532623349272{background-image: url(\/\/shamengo-vps1.tetedecom.pro\/wp-content\/uploads\/2018\/07\/Bandeau_devenir_pionnier.jpg?id=37146) !important;}&#8221;][\/vc_section][vc_section css=&#8221;.vc_custom_1532451925120{margin-bottom: 0px !important;padding-bottom: 0px !important;}&#8221;][vc_row el_id=&#8221;site-title&#8221;][vc_column][vc_column_text] DEVENIR PIONNIER SHAMENGO Promouvoir mon innovation verte, sociale et\/ou digitale. [\/vc_column_text][\/vc_column][\/vc_row][\/vc_section][vc_section full_width=&#8221;stretch_row&#8221; css=&#8221;.vc_custom_1532623481887{margin-top: 0px !important;padding-top: 0px !important;}&#8221;][vc_row equal_height=&#8221;yes&#8221; content_placement=&#8221;middle&#8221;][vc_column width=&#8221;1\/3&#8243; css=&#8221;.vc_custom_1532628669879{margin-right: 10px !important;}&#8221;][vc_column_text css=&#8221;.vc_custom_1542383913342{margin-top: 20px !important;}&#8221;]Vous souhaitez promouvoir votre innovation ? R\u00e9pondez \u00e0 notre questionnaire pour \u00eatre r\u00e9f\u00e9renc\u00e9(e) en tant que Pionnier Shamengo [&hellip;]<\/p>\n","protected":false},"author":1,"featured_media":0,"parent":0,"menu_order":0,"comment_status":"closed","ping_status":"closed","template":"","meta":{"_acf_changed":false,"footnotes":""},"thematique":[],"class_list":["post-37133","page","type-page","status-publish","hentry"],"acf":false,"_links":{"self":[{"href":"https:\/\/shamengo-vps1.tetedecom.pro\/fr\/wp-json\/wp\/v2\/pages\/37133"}],"collection":[{"href":"https:\/\/shamengo-vps1.tetedecom.pro\/fr\/wp-json\/wp\/v2\/pages"}],"about":[{"href":"https:\/\/shamengo-vps1.tetedecom.pro\/fr\/wp-json\/wp\/v2\/types\/page"}],"author":[{"embeddable":true,"href":"https:\/\/shamengo-vps1.tetedecom.pro\/fr\/wp-json\/wp\/v2\/users\/1"}],"replies":[{"embeddable":true,"href":"https:\/\/shamengo-vps1.tetedecom.pro\/fr\/wp-json\/wp\/v2\/comments?post=37133"}],"version-history":[{"count":26,"href":"https:\/\/shamengo-vps1.tetedecom.pro\/fr\/wp-json\/wp\/v2\/pages\/37133\/revisions"}],"predecessor-version":[{"id":47358,"href":"https:\/\/shamengo-vps1.tetedecom.pro\/fr\/wp-json\/wp\/v2\/pages\/37133\/revisions\/47358"}],"wp:attachment":[{"href":"https:\/\/shamengo-vps1.tetedecom.pro\/fr\/wp-json\/wp\/v2\/media?parent=37133"}],"wp:term":[{"taxonomy":"thematique","embeddable":true,"href":"https:\/\/shamengo-vps1.tetedecom.pro\/fr\/wp-json\/wp\/v2\/thematique?post=37133"}],"curies":[{"name":"wp","href":"https:\/\/api.w.org\/{rel}","templated":true}]}}