{"id":38533,"date":"2018-09-20T17:47:39","date_gmt":"2018-09-20T15:47:39","guid":{"rendered":"https:\/\/shamengo-vps1.tetedecom.pro\/?page_id=38533"},"modified":"2018-09-20T17:48:46","modified_gmt":"2018-09-20T15:48:46","slug":"donnees-personnelles","status":"publish","type":"page","link":"https:\/\/shamengo-vps1.tetedecom.pro\/fr\/donnees-personnelles\/","title":{"rendered":"Donn\u00e9es personnelles"},"content":{"rendered":"<p>[vc_section full_width=&#8221;stretch_row_content&#8221; el_class=&#8221;header-image-section&#8221; css=&#8221;.vc_custom_1528448493113{background-image: url(\/wp-content\/uploads\/2018\/09\/Les-Canaux-contact-shamengo-1.jpg?id=37894) !important;background-position: center !important;background-repeat: no-repeat !important;background-size: cover !important;}&#8221;][\/vc_section][vc_section][vc_row el_id=&#8221;site-title&#8221;][vc_column][vc_column_text]<\/p>\n<h1 style=\"text-align: center;\">DONN\u00c9ES PERSONNELLES<\/h1>\n<p>[\/vc_column_text][\/vc_column][\/vc_row][\/vc_section][vc_row full_width=&#8221;stretch_row&#8221; css=&#8221;.vc_custom_1537458521411{padding-top: 0px !important;padding-bottom: 30px !important;background-color: #ffffff !important;}&#8221;][vc_column][vc_column_text el_class=&#8221;info-en-avant&#8221;]<\/p>\n<h2>Qui sommes-nous ?<\/h2>\n<p>L\u2019adresse de notre site Web est : http:\/\/www.shamengo.com.<\/p>\n<p>Voir les <a href=\"\/fr\/mentions-legales\">Mentions l\u00e9gales<\/a> pour plus d\u2019informations sur le propri\u00e9taire du site.<\/p>\n<h3>Utilisation des donn\u00e9es personnelles collect\u00e9es<\/h3>\n<p>Shamengo s&#8217;engage \u00e0 ce que la collecte et le traitement de vos donn\u00e9es, effectu\u00e9s \u00e0 partir du site www.shamengo.com, soient conformes au r\u00e8glement g\u00e9n\u00e9ral sur la protection des donn\u00e9es (RGPD) et \u00e0 la loi Informatique et Libert\u00e9s.<\/p>\n<h3>Commentaires<\/h3>\n<p>Quand vous laissez un commentaire sur notre site web, les donn\u00e9es inscrites dans le formulaire de commentaire, mais aussi votre adresse IP et l\u2019agent utilisateur de votre navigateur sont collect\u00e9s pour nous aider \u00e0 la d\u00e9tection des commentaires ind\u00e9sirables.<\/p>\n<p>Apr\u00e8s validation de votre commentaire, votre photo de profil sera visible publiquement \u00e0 c\u00f4t\u00e9 de votre commentaire.<\/p>\n<h3>M\u00e9dia<\/h3>\n<p>Si vous \u00eates un utilisateur ou une utilisatrice enregistr\u00e9(e) et que vous t\u00e9l\u00e9versez des images sur le site web, nous vous conseillons d\u2019\u00e9viter de t\u00e9l\u00e9verser des images contenant des donn\u00e9es EXIF de coordonn\u00e9es GPS. Les visiteurs de votre site web peuvent t\u00e9l\u00e9charger et extraire des donn\u00e9es de localisation depuis ces images.<br \/>\nFormulaires de contact<br \/>\nLorsque vous nous envoyez un message via le formulaire de notre site, nous vous demandons les coordonn\u00e9es n\u00e9cessaires pour pouvoir vous r\u00e9pondre. Ces donn\u00e9es ne serviront pas \u00e0 d\u2019autres usages et nous seront transmises par e-mail.<\/p>\n<p>Chaque formulaire limite la collecte des donn\u00e9es personnelles au strict n\u00e9cessaire (minimisation des donn\u00e9es) et \u00a0:<\/p>\n<p>&#8211; les objectifs du recueil des donn\u00e9es sont clairement affich\u00e9s sur le(s) formulaire(s)<br \/>\n&#8211; les donn\u00e9es obligatoires ou facultatives sont clairement indiqu\u00e9es pour la gestion de votre demande<br \/>\n&#8211; T\u00eate de Com est seul \u00e0 avoir acc\u00e8s \u00e0 ces donn\u00e9es au moyen de la messagerie \u00e9lectronique<br \/>\n&#8211; aucune donn\u00e9e ne sera transmise \u00e0 des tiers<\/p>\n<h3>Lettres d\u2019information<\/h3>\n<p>Vous avez la possibilit\u00e9 de vous abonner \u00e0 notre lettre d\u2019information depuis notre site web. Le processus d\u2019abonnement est double opt\u2019in, c\u2019est-\u00e0-dire que lorsque vous vous abonnez \u00e0 notre lettre d\u2019information, vous recevez un e-mail contenant un lien pour confirmer votre abonnement. Cela nous garantit que vous avez bien demand\u00e9 \u00e0 vous abonner et que personne d\u2019autre n\u2019a utilis\u00e9 votre adresse e-mail \u00e0 votre place pour s\u2019inscrire.<\/p>\n<p>Nos lettres d\u2019informations sont cr\u00e9\u00e9es et g\u00e9r\u00e9es sur une plateforme externe (MailChimp). Le propri\u00e9taire du site T\u00eate de Com est seul \u00e0 pouvoir exploiter les coordonn\u00e9es des contacts enregistr\u00e9s dans les listes de diffusion.<\/p>\n<p>Vous pouvez vous d\u00e9sabonner \u00e0 tout instant par simple clic sur le lien figurant en bas de toutes nos lettres d\u2019informations. Vous disposez \u00e9galement d\u2019un droit d\u2019acc\u00e8s, de rectification et d\u2019effacement. Vous pouvez exercer ce droit par simple demande par tout moyen de contact \u00e0 votre convenance.<\/p>\n<h3>Cookies<\/h3>\n<p>Si vous d\u00e9posez un commentaire sur notre site, il vous sera propos\u00e9 d\u2019enregistrer votre nom, adresse de messagerie et site web dans des cookies. C\u2019est uniquement pour votre confort afin de ne pas avoir \u00e0 saisir ces informations si vous d\u00e9posez un autre commentaire plus tard. Ces cookies expirent au bout d\u2019un an.<\/p>\n<p>Si vous avez un compte et que vous vous connectez sur ce site, un cookie temporaire sera cr\u00e9\u00e9 afin de d\u00e9terminer si votre navigateur accepte les cookies. Il ne contient pas de donn\u00e9es personnelles et sera supprim\u00e9 automatiquement \u00e0 la fermeture de votre navigateur.<\/p>\n<p>Lorsque vous vous connecterez, nous mettrons en place un certain nombre de cookies pour enregistrer vos informations de connexion et vos pr\u00e9f\u00e9rences d\u2019\u00e9cran. La dur\u00e9e de vie d\u2019un cookie de connexion est de deux jours, celle d\u2019un cookie d\u2019option d\u2019\u00e9cran est d\u2019un an. Si vous cochez \u00ab Se souvenir de moi \u00bb, votre cookie de connexion sera conserv\u00e9 pendant deux semaines. Si vous vous d\u00e9connectez de votre compte, le cookie de connexion sera effac\u00e9.<\/p>\n<p>En modifiant ou en publiant un article, un cookie suppl\u00e9mentaire sera enregistr\u00e9 dans votre navigateur. Ce cookie ne comprend aucune donn\u00e9e personnelle. Il indique simplement l\u2019identifiant de l\u2019article que vous venez de modifier. Il expire au bout d\u2019un jour.<\/p>\n<p>Les cookies de ciblage sont li\u00e9s aux services fournis par des tierces parties, comme les boutons &#8220;J&#8217;aime&#8221; ou &#8220;Partager&#8221;. Ces cookies sont plac\u00e9s par des tierces parties.<\/p>\n<p>Lors de votre premi\u00e8re visite sur le site, un bandeau vous informe de la pr\u00e9sence de ces cookies et vous invite \u00e0 indiquer votre choix. Ils ne sont d\u00e9pos\u00e9s que si vous les acceptez ou que vous poursuivez votre navigation sur le site en visitant une seconde page. Vous pouvez \u00e0 tout moment vous informer et param\u00e9trer vos cookies pour les accepter ou les refuser en vous rendant sur la page Gestion des cookies pr\u00e9sente en bas de chaque page du site. Vous pourrez indiquer votre pr\u00e9f\u00e9rence soit globalement pour le site, soit service par service.<\/p>\n<h3>Contenu embarqu\u00e9 depuis d\u2019autres sites<\/h3>\n<p>Les articles de ce site peuvent inclure des contenus int\u00e9gr\u00e9s h\u00e9berg\u00e9s sur d\u2019autres sites (par exemple des vid\u00e9os, images, articles\u2026). Le contenu int\u00e9gr\u00e9 depuis d\u2019autres sites se comporte de la m\u00eame mani\u00e8re que si le visiteur se rendait sur cet autre site.<\/p>\n<p>Par exemple ces sites web tiers pourraient collecter des donn\u00e9es sur vous, utiliser des cookies, embarquer des outils de suivis tiers, suivre vos interactions avec ces contenus embarqu\u00e9s si vous disposez d\u2019un compte connect\u00e9 sur leur site web. Ces sites web sont responsables de la collecte et du traitement des donn\u00e9es \u00e0 partir des contenus qu\u2019ils h\u00e9bergent.<\/p>\n<h3>Statistiques et mesures d\u2019audience<\/h3>\n<p>Ce site utilise Google Analytics pour collecter des donn\u00e9es statistiques telles que pages visit\u00e9es, localisation de l\u2019internaute, heure de visite, etc. Nous n\u2019avons acc\u00e8s qu\u2019aux donn\u00e9es habituellement mises \u00e0 disposition par Google Analytics sur son interface. Elles sont totalement anonymes : il nous est impossible d\u2019identifier les personnes \u00e0 partir des rapports \u00e0 notre disposition.<\/p>\n<p>https:\/\/developers.google.com\/analytics\/devguides\/collection\/gtagjs\/cookie-usage<\/p>\n<h2>Utilisation et transmission de vos donn\u00e9es personnelles<\/h2>\n<p>Vos donn\u00e9es personnelles ne seront utilis\u00e9es que pour les usages pour lesquels vous nous les communiquez.<\/p>\n<p>Elles ne seront pas transmises \u00e0 des tiers.<\/p>\n<p>Lorsque vous utilisez notre plateforme et\/ou lors de votre inscription, nous collectons et traitons des donn\u00e9es \u00e0 caract\u00e8re personnel vous concernant telles que : vos noms et pr\u00e9noms dans le cadre de la cr\u00e9ation d&#8217;un compte.<\/p>\n<p>Nous vous demanderons \u00e9galement de nous transmettre votre adresse e-mail afin d&#8217;utiliser cette donn\u00e9e pour la cr\u00e9ation d&#8217;un compte, l&#8217;envoi d&#8217;e-mails d&#8217;informations et de notifications.<\/p>\n<p>Lorsque vous vous inscrivez sur la plateforme, vous pouvez vous inscrire gr\u00e2ce \u00e0 Facebook ou votre compte Google. Si vous vous connectez \u00e0 nos services en utilisant les fonctionnalit\u00e9s de r\u00e9seaux sociaux mises \u00e0 votre disposition et notamment Facebook, nous aurons acc\u00e8s \u00e0 certaines donn\u00e9es (notamment votre profil public Facebook, date de naissance et adresse e-mail) de votre compte sur ledit r\u00e9seau social conform\u00e9ment aux conditions g\u00e9n\u00e9rales d&#8217;utilisation du r\u00e9seau social concern\u00e9. Nous sommes \u00e9galement susceptibles de recueillir certaines de vos donn\u00e9es personnelles lorsque vous interagissez avec des fonctionnalit\u00e9s de ces r\u00e9seaux sociaux, telles que les fonctionnalit\u00e9s \u00ab J&#8217;aime \u00bb.<\/p>\n<h2>Dur\u00e9e de stockage de vos donn\u00e9es<\/h2>\n<p>Les donn\u00e9es sont conserv\u00e9es le temps n\u00e9cessaire aux traitements pour lesquels vous nous les avez communiqu\u00e9es et\/ou pour lesquels vous nous avez donn\u00e9 votre consentement explicite.<\/p>\n<p>Si vous laissez un commentaire, le commentaire et ses m\u00e9tadonn\u00e9es sont conserv\u00e9s ind\u00e9finiment. Cela permet de reconna\u00eetre et approuver automatiquement les commentaires suivants au lieu de les laisser dans la file de mod\u00e9ration.<\/p>\n<p>Les donn\u00e9es \u00e0 caract\u00e8re personnel communiqu\u00e9es par les Utilisateurs seront supprim\u00e9es \u00e0 l&#8217;issue d&#8217;une certaine p\u00e9riode et selon les donn\u00e9es trait\u00e9es.<\/p>\n<p>Afin de permettre aux membres de r\u00e9cup\u00e9rer leur compte en cas d&#8217;oubli de mot de passe apr\u00e8s une p\u00e9riode prolong\u00e9e sans connexion au Site, votre e-mail est conserv\u00e9 par s\u00e9curit\u00e9. Il est n\u00e9anmoins possible de le supprimer en modifiant les informations de son profil sur la section \u00ab Mon compte \u00bb du Site.<\/p>\n<p>Nous conservons vos donn\u00e9es uniquement le temps n\u00e9cessaire pour les finalit\u00e9s poursuivies, conform\u00e9ment aux prescriptions l\u00e9gales.<\/p>\n<h2>Les droits que vous avez sur vos donn\u00e9es<\/h2>\n<p>Si vous \u00eates abonn\u00e9(e) \u00e0 notre lettre d\u2019information ou si vous nous avez contact\u00e9s depuis le site, vous pouvez demander \u00e0 recevoir un fichier contenant toutes les donn\u00e9es personnelles que nous poss\u00e9dons \u00e0 votre sujet, incluant celles que vous nous avez fournies.<\/p>\n<p>Vous pouvez \u00e9galement demander la suppression des donn\u00e9es personnelles vous concernant. Cela ne prend pas en compte les donn\u00e9es stock\u00e9es \u00e0 des fins administratives, l\u00e9gales ou pour des raisons de s\u00e9curit\u00e9, ni les donn\u00e9es anonymes des statistiques.<\/p>\n<p>Ces actions seront r\u00e9alis\u00e9es dans les meilleurs d\u00e9lais, sous r\u00e9serve de faisabilit\u00e9 technique.<\/p>\n<p>Pour les utilisateurs et utilisatrices qui s\u2019enregistrent sur notre site (si cela est possible), nous stockons \u00e9galement les donn\u00e9es personnelles indiqu\u00e9es dans leur profil. Tous les utilisateurs et utilisatrices peuvent voir, modifier ou supprimer leurs informations personnelles \u00e0 tout moment (\u00e0 l\u2019exception de leur nom d\u2019utilisateur\u00b7ice). Les gestionnaires du site peuvent aussi voir et modifier ces informations.<\/p>\n<h2>Protection des donn\u00e9es personnelles<\/h2>\n<p>Nous appliquons les mesures de s\u00e9curit\u00e9 technologiques et organisationnelles g\u00e9n\u00e9ralement reconnues afin que les donn\u00e9es \u00e0 caract\u00e8re personnel recueillies ne soient, ni perdues, ni d\u00e9tourn\u00e9es, ni consult\u00e9es, ni modifi\u00e9es ni divulgu\u00e9es par des tiers non autoris\u00e9s sauf si la communication de ces donn\u00e9es est impos\u00e9e par la r\u00e9glementation en vigueur, notamment \u00e0 la requ\u00eate d&#8217;une autorit\u00e9 judiciaire, de police, de gendarmerie ou de toute autre autorit\u00e9 habilit\u00e9e par la loi.<\/p>\n<p>La s\u00e9curit\u00e9 des donn\u00e9es personnelles d\u00e9pend \u00e9galement des Utilisateurs. Les Utilisateurs qui sont membres s&#8217;engagent \u00e0 conserver la confidentialit\u00e9 de leur identifiant et de leur mot de passe. Les membres s&#8217;engagent \u00e9galement \u00e0 ne pas partager leur compte et \u00e0 nous d\u00e9clarer toute utilisation non autoris\u00e9e dudit compte d\u00e8s lors qu&#8217;ils en ont connaissance.<\/p>\n<h2>Transmission de vos donn\u00e9es personnelles<\/h2>\n<p>Nous conservons vos donn\u00e9es dans l&#8217;Union europ\u00e9enne.<\/p>\n<p>Si Shamengo ou tout ou partie de ses actifs sont rachet\u00e9s par un tiers, les donn\u00e9es en notre possession seront, le cas \u00e9ch\u00e9ant, transf\u00e9r\u00e9es au nouveau propri\u00e9taire.<\/p>\n<p>Les commentaires des visiteurs peuvent \u00eatre v\u00e9rifi\u00e9s \u00e0 l\u2019aide d\u2019un service automatis\u00e9 de d\u00e9tection des commentaires ind\u00e9sirables.<\/p>\n<h2>Informations de contact<\/h2>\n<p>Association Shamengo<br \/>\n62 boulevard Magenta 75010 Paris<br \/>\nT\u00e9l. +33 (0)1 72 38 29 52<\/p>\n<p><a href=\"\/fr\/contact\">Formulaire de contact<\/a>[\/vc_column_text][\/vc_column][\/vc_row]<\/p>\n","protected":false},"excerpt":{"rendered":"<p>[vc_section full_width=&#8221;stretch_row_content&#8221; el_class=&#8221;header-image-section&#8221; css=&#8221;.vc_custom_1528448493113{background-image: url(\/wp-content\/uploads\/2018\/09\/Les-Canaux-contact-shamengo-1.jpg?id=37894) !important;background-position: center !important;background-repeat: no-repeat !important;background-size: cover !important;}&#8221;][\/vc_section][vc_section][vc_row el_id=&#8221;site-title&#8221;][vc_column][vc_column_text] DONN\u00c9ES PERSONNELLES [\/vc_column_text][\/vc_column][\/vc_row][\/vc_section][vc_row full_width=&#8221;stretch_row&#8221; css=&#8221;.vc_custom_1537458521411{padding-top: 0px !important;padding-bottom: 30px !important;background-color: #ffffff !important;}&#8221;][vc_column][vc_column_text el_class=&#8221;info-en-avant&#8221;] Qui sommes-nous ? L\u2019adresse de notre site Web est : http:\/\/www.shamengo.com. Voir les Mentions l\u00e9gales pour plus d\u2019informations sur le propri\u00e9taire du site. Utilisation des donn\u00e9es personnelles collect\u00e9es Shamengo s&#8217;engage [&hellip;]<\/p>\n","protected":false},"author":7,"featured_media":0,"parent":0,"menu_order":0,"comment_status":"closed","ping_status":"closed","template":"","meta":{"_acf_changed":false,"footnotes":""},"thematique":[],"class_list":["post-38533","page","type-page","status-publish","hentry"],"acf":false,"_links":{"self":[{"href":"https:\/\/shamengo-vps1.tetedecom.pro\/fr\/wp-json\/wp\/v2\/pages\/38533"}],"collection":[{"href":"https:\/\/shamengo-vps1.tetedecom.pro\/fr\/wp-json\/wp\/v2\/pages"}],"about":[{"href":"https:\/\/shamengo-vps1.tetedecom.pro\/fr\/wp-json\/wp\/v2\/types\/page"}],"author":[{"embeddable":true,"href":"https:\/\/shamengo-vps1.tetedecom.pro\/fr\/wp-json\/wp\/v2\/users\/7"}],"replies":[{"embeddable":true,"href":"https:\/\/shamengo-vps1.tetedecom.pro\/fr\/wp-json\/wp\/v2\/comments?post=38533"}],"version-history":[{"count":3,"href":"https:\/\/shamengo-vps1.tetedecom.pro\/fr\/wp-json\/wp\/v2\/pages\/38533\/revisions"}],"predecessor-version":[{"id":38800,"href":"https:\/\/shamengo-vps1.tetedecom.pro\/fr\/wp-json\/wp\/v2\/pages\/38533\/revisions\/38800"}],"wp:attachment":[{"href":"https:\/\/shamengo-vps1.tetedecom.pro\/fr\/wp-json\/wp\/v2\/media?parent=38533"}],"wp:term":[{"taxonomy":"thematique","embeddable":true,"href":"https:\/\/shamengo-vps1.tetedecom.pro\/fr\/wp-json\/wp\/v2\/thematique?post=38533"}],"curies":[{"name":"wp","href":"https:\/\/api.w.org\/{rel}","templated":true}]}}