{"id":3895,"date":"2017-10-31T10:32:07","date_gmt":"2017-10-31T09:32:07","guid":{"rendered":"https:\/\/shamengo-vps1.tetedecom.pro\/?page_id=3895"},"modified":"2018-09-24T17:12:02","modified_gmt":"2018-09-24T15:12:02","slug":"mentions-legales","status":"publish","type":"page","link":"https:\/\/shamengo-vps1.tetedecom.pro\/fr\/mentions-legales\/","title":{"rendered":"Mentions l\u00e9gales"},"content":{"rendered":"<p>[vc_section full_width=&#8221;stretch_row_content&#8221; el_class=&#8221;header-image-section&#8221; css=&#8221;.vc_custom_1528448493113{background-image: url(\/wp-content\/uploads\/2018\/09\/Les-Canaux-contact-shamengo-1.jpg?id=37894) !important;background-position: center !important;background-repeat: no-repeat !important;background-size: cover !important;}&#8221;][\/vc_section][vc_section][vc_row el_id=&#8221;site-title&#8221;][vc_column][vc_column_text]<\/p>\n<h1 style=\"text-align: center;\">MENTIONS LEGALES<\/h1>\n<p>[\/vc_column_text][\/vc_column][\/vc_row][\/vc_section][vc_row full_width=&#8221;stretch_row&#8221; css=&#8221;.vc_custom_1537368439667{padding-top: 10px !important;padding-bottom: 30px !important;background-color: #ffffff !important;}&#8221;][vc_column][vc_column_text el_class=&#8221;info-en-avant&#8221;]<\/p>\n<h2 style=\"text-align: left;\">Editeur et responsable de la publication<\/h2>\n<div class=\"page\" title=\"Page 2\">\n<div class=\"section\">\n<div class=\"layoutArea\">\n<div class=\"column\">\n<p style=\"text-align: left;\">Association Shamengo<\/p>\n<p style=\"text-align: left;\">Responsable de la publication : Catherine Bertillier<\/p>\n<h2>Int\u00e9gration graphique &amp; D\u00e9veloppement du site<\/h2>\n<p>T\u00eate De Com<br \/>\n2b Rue de l&#8217;\u00e9glise<br \/>\n25000 Besan\u00e7on | FRANCE<br \/>\n<a href=\"https:\/\/www.tetedecom.eu\" target=\"_blank\" rel=\"noopener\">www.tetedecom.eu<\/a><\/p>\n<\/div>\n<h2>Cr\u00e9dits<\/h2>\n<h3>Photographies : Shamengo et images utilis\u00e9es sous licence de Shutterstock.com<\/h3>\n<h3>Vid\u00e9os : Shamengo<\/h3>\n<h2>H\u00e9bergement<\/h2>\n<p>OVH SAS au capital de 10 069 020 \u20ac<br \/>\nRCS Lille M\u00e9tropole 424 761 419 00045<br \/>\nCode APE 2620Z<br \/>\nN\u00b0 TVA : FR 22 424 761 419<br \/>\nSi\u00e8ge social : 2 rue Kellermann &#8211; 59100 Roubaix &#8211; France<br \/>\nDirecteur de la publication : Octave KLABA<\/p>\n<h2>Donn\u00e9es personnelles<\/h2>\n<p>Pour vous offrir des services adapt\u00e9s, nous pouvons \u00eatre amen\u00e9s \u00e0 vous demander de nous fournir des donn\u00e9es personnelles. En fonction des services auxquels vous souscrivez, il vous sera demand\u00e9 de fournir des informations, certaines obligatoires et d&#8217;autres facultatives.<br \/>\nShamengo s&#8217;engage \u00e0 respecter votre vie priv\u00e9e et \u00e0 prot\u00e9ger les informations que vous lui communiquez. Les donn\u00e9es personnelles collect\u00e9es nos sites Internet sont uniquement destin\u00e9es \u00e0 l&#8217;usage de l&#8217;association\u00a0Shamengo.<br \/>\nConform\u00e9ment \u00e0 la loi Informatique et Libert\u00e9s du 6 Janvier 1978, vous disposez d&#8217;un droit d&#8217;acc\u00e8s, de rectification, de modification et de suppression des donn\u00e9es personnelles que vous nous avez communiqu\u00e9es. Vous pouvez exercer ce droit en envoyant un courrier \u00e0 :<br \/>\nAssociation shamengo\u00a0&#8211; 22 Bd de Magenta, 75010 Paris.<br \/>\nSi vous \u00eates abonn\u00e9 \u00e0 des services d&#8217;information par courrier \u00e9lectronique (&#8220;newsletter&#8221;), vous pouvez demander \u00e0 ne plus recevoir ces courriers soit comme indiqu\u00e9 ci-dessus, soit en suivant les instructions figurant en fin de chacun de ces courriers, lorsque vous les recevez.<\/p>\n<h2>Cookies<\/h2>\n<p>Les sites de Shamengo utilisent des cookies. Ces fichiers stock\u00e9s sur votre ordinateur nous servent \u00e0 faciliter votre acc\u00e8s aux services que nous proposons. Les cookies du site ne contiennent pas de donn\u00e9es permettant de vous identifier personnellement, et ils sont con\u00e7us pour \u00eatre utilis\u00e9s uniquement par l&#8217;association Shamengo. Nous vous informons que vous pouvez vous opposer \u00e0 l&#8217;enregistrement de ces &#8220;cookies&#8221; en configurant votre ordinateur selon les modalit\u00e9s d\u00e9taill\u00e9es sur le site\u00a0http:\/\/www.cnil.fr<\/p>\n<h2>Liens vers d&#8217;autres sites<\/h2>\n<p>L&#8217;association Shamengo propose sur ses sites des liens vers des sites tiers. Ces liens sont \u00e9tablis en accord avec les sites concern\u00e9s \u00e0 un moment o\u00f9 l&#8217;association Shamengo a pu juger opportun de le faire, compte tenu des contenus et services de ces sites.\u00a0L&#8217;association\u00a0Shamengo ne pourra \u00eatre tenu responsable du contenu de ces sites et de l&#8217;usage qui pourra en \u00eatre fait par les utilisateurs.<\/p>\n<h2>Propri\u00e9t\u00e9 intellectuelle<\/h2>\n<p>L&#8217;acc\u00e8s aux sites de l&#8217;association\u00a0Shamengo vous conf\u00e8re un droit d&#8217;usage priv\u00e9 et non exclusif des dits sites.\u00a0Tous les articles, photographies et autres documents sur ce site sont la propri\u00e9t\u00e9 de l&#8217;association Shamengo, ou sont autoris\u00e9s par leurs propri\u00e9taires, et sont soumis au droit d&#8217;auteur et autres droits de propri\u00e9t\u00e9 intellectuelle.<br \/>\nLes marques de commerce, logos, personnages (d\u00e9sign\u00e9s ensemble &#8220;Marque&#8221;) pr\u00e9sents sur ce site Internet appartiennent \u00e0 l&#8217;association\u00a0Shamengo ou \u00e0 ses partenaires. Aucune interpr\u00e9tation ne peut \u00eatre faite en faveur d&#8217;une licence d&#8217;utilisation ou d&#8217;un quelconque droit d&#8217;utiliser la Marque affich\u00e9e sur le site Internet.<br \/>\nL&#8217;utilisation frauduleuse de la Marque ou de tout autre contenu du site Internet est totalement interdite. L&#8217;association\u00a0Shamengo vous informe qu&#8217;elle usera largement de ses droits de propri\u00e9t\u00e9 intellectuelle pour engager des poursuites, m\u00eames p\u00e9nales, si n\u00e9cessaires.<\/p>\n<h2>Indisponibilit\u00e9s des sites<\/h2>\n<p>L&#8217;association\u00a0Shamengo s&#8217;engage \u00e0 faire ses meilleurs efforts pour assurer aux utilisateurs une accessibilit\u00e9 \u00e0 ses sites \u00e0 tout moment.\u00a0L&#8217;association\u00a0Shamengo ne pourra \u00eatre tenu responsable, en cas d&#8217;indisponibilit\u00e9, pour quelque cause que ce soit.<\/p>\n<\/div>\n<\/div>\n<\/div>\n<p>[\/vc_column_text][\/vc_column][\/vc_row]<\/p>\n","protected":false},"excerpt":{"rendered":"<p>[vc_section full_width=&#8221;stretch_row_content&#8221; el_class=&#8221;header-image-section&#8221; css=&#8221;.vc_custom_1528448493113{background-image: url(\/wp-content\/uploads\/2018\/09\/Les-Canaux-contact-shamengo-1.jpg?id=37894) !important;background-position: center !important;background-repeat: no-repeat !important;background-size: cover !important;}&#8221;][\/vc_section][vc_section][vc_row el_id=&#8221;site-title&#8221;][vc_column][vc_column_text] MENTIONS LEGALES [\/vc_column_text][\/vc_column][\/vc_row][\/vc_section][vc_row full_width=&#8221;stretch_row&#8221; css=&#8221;.vc_custom_1537368439667{padding-top: 10px !important;padding-bottom: 30px !important;background-color: #ffffff !important;}&#8221;][vc_column][vc_column_text el_class=&#8221;info-en-avant&#8221;] Editeur et responsable de la publication Association Shamengo Responsable de la publication : Catherine Bertillier Int\u00e9gration graphique &amp; D\u00e9veloppement du site T\u00eate De Com 2b Rue de l&#8217;\u00e9glise 25000 Besan\u00e7on [&hellip;]<\/p>\n","protected":false},"author":1,"featured_media":0,"parent":0,"menu_order":0,"comment_status":"closed","ping_status":"closed","template":"","meta":{"_acf_changed":false,"footnotes":""},"thematique":[],"class_list":["post-3895","page","type-page","status-publish","hentry"],"acf":false,"_links":{"self":[{"href":"https:\/\/shamengo-vps1.tetedecom.pro\/fr\/wp-json\/wp\/v2\/pages\/3895"}],"collection":[{"href":"https:\/\/shamengo-vps1.tetedecom.pro\/fr\/wp-json\/wp\/v2\/pages"}],"about":[{"href":"https:\/\/shamengo-vps1.tetedecom.pro\/fr\/wp-json\/wp\/v2\/types\/page"}],"author":[{"embeddable":true,"href":"https:\/\/shamengo-vps1.tetedecom.pro\/fr\/wp-json\/wp\/v2\/users\/1"}],"replies":[{"embeddable":true,"href":"https:\/\/shamengo-vps1.tetedecom.pro\/fr\/wp-json\/wp\/v2\/comments?post=3895"}],"version-history":[{"count":5,"href":"https:\/\/shamengo-vps1.tetedecom.pro\/fr\/wp-json\/wp\/v2\/pages\/3895\/revisions"}],"predecessor-version":[{"id":39393,"href":"https:\/\/shamengo-vps1.tetedecom.pro\/fr\/wp-json\/wp\/v2\/pages\/3895\/revisions\/39393"}],"wp:attachment":[{"href":"https:\/\/shamengo-vps1.tetedecom.pro\/fr\/wp-json\/wp\/v2\/media?parent=3895"}],"wp:term":[{"taxonomy":"thematique","embeddable":true,"href":"https:\/\/shamengo-vps1.tetedecom.pro\/fr\/wp-json\/wp\/v2\/thematique?post=3895"}],"curies":[{"name":"wp","href":"https:\/\/api.w.org\/{rel}","templated":true}]}}