{"id":46934,"date":"2019-03-29T15:58:45","date_gmt":"2019-03-29T14:58:45","guid":{"rendered":"https:\/\/shamengo-vps1.tetedecom.pro\/?page_id=46934"},"modified":"2021-11-12T18:03:56","modified_gmt":"2021-11-12T17:03:56","slug":"chaine-tv-les-apprentis-ecole-shamengo","status":"publish","type":"page","link":"https:\/\/shamengo-vps1.tetedecom.pro\/fr\/chaine-tv-les-apprentis-ecole-shamengo\/","title":{"rendered":"Cha\u00eene TV : Les apprentis de l&#8217;\u00e9cole Shamengo"},"content":{"rendered":"<p>[vc_section full_width=&#8221;stretch_row_content&#8221; el_class=&#8221;header-image-section&#8221; css=&#8221;.vc_custom_1536573527852{background-image: url(\/\/shamengo-vps1.tetedecom.pro\/wp-content\/uploads\/2018\/04\/Laure-Meryam-Afrique-Sud.jpg?id=22030) !important;}&#8221;][vc_row][vc_column][\/vc_column][\/vc_row][\/vc_section][vc_section full_width=&#8221;stretch_row_content&#8221;][vc_row][vc_column]\n\t\t<div id=\"vc_so_video_channel_195366\" class=\"vc_so_video_channel  \">\n\t\t<p>[vc_section][vc_row el_id=&#8221;site-title&#8221;][vc_column][vc_column_text]<\/p>\n<h1 style=\"text-align: center;\">Les apprentis de l&#8217;\u00e9cole Shamengo<\/h1>\n<p>\t\t[\/vc_column_text][\/vc_column][\/vc_row][\/vc_section]<\/p>\n\n\n\t\t<div id=\"vc_so_video_channel_content\" class=\"so-wrapper\">\n\n\t\t<div class=\"playing_video_area\">\n\t\t\n\t\t<div id=\"video_player\">\n\t\t<script type=\"text\/javascript\">\n\n\t\tfunction loadJavaScriptSync(filePath){\n\t\t\tvar req = new XMLHttpRequest();\n\t\t\treq.open(\"GET\", filePath, false);\n\t\t\treq.send(null);\n\n\t\t\tvar headElement = document.getElementsByTagName(\"head\")[0];\n\t\t\tvar newScriptElement = document.createElement(\"script\");\n\t\t\tnewScriptElement.type = \"text\/javascript\";\n\t\t\tnewScriptElement.text = req.responseText;\n\t\t\tif (headElement) { headElement.appendChild(newScriptElement); }\n\t\t}\n\n\t\tloadJavaScriptSync(\"\/\/shamengo.streameo.tv\/getembed.js?custom_playlist=playlist&ids_prods=yt-bURiy0dTgtE,yt-kH7v02SWl3Y,811,813,806,815,812,803,802,732&lang=fr&id_app=186\");\n\n\t\t<\/script>\n\t\t<div class=\"video_poster\" style=\"background-image:url(\/\/shamengo-vps1.tetedecom.pro\/wp-content\/uploads\/2019\/03\/video-default-thumb.jpg)\"><i class=\"fa fa-play\" aria-hidden=\"true\"><\/i><\/div>\n\t\t<\/div>\n\t\t\n\t<div id=\"video_infos\">\n\n\t<div id=\"video_header\">\n\n\t<div id=\"video_title\">\n\t\n\t\n\t<h1>Video of eco-delegates from High School Fran\u00e7ois Mauriac<\/h1>\n\t<\/div>\n\n\t<div id=\"video_actions\">\n\n\t\n\t<div id=\"social_actions\">\n\t<div id=\"video_likes\">\n\t<span class=\"lb-wrapper\"><a href=\"https:\/\/shamengo-vps1.tetedecom.pro\/wp-admin\/admin-ajax.php?action=process_like_button&post_id=87371&nonce=d500740847&is_comment=0&disabled=true\" class=\"lb-button lb-button-87371\" data-nonce=\"d500740847\" data-post-id=\"87371\" data-iscomment=\"0\" title=\"J'aime\"><i class=\"fa fa-heart\"><\/i><\/a><span id=\"lb-loader\"><\/span><span class=\"lb-count\">0<\/span> J'aime<\/span>\n\t<\/div>\n\t<div id=\"video_share\">\n\t<span>\n\t<i class=\"fa fa-share-alt\" aria-hidden=\"true\"><\/i>\n\tPartager\n\t<\/span>\n\t<div class=\"sharing_box\">\n\t<a target=\"_blank\" title=\"Facebook\" href=\"https:\/\/www.facebook.com\/sharer\/sharer.php?u=https%3A%2F%2Fshamengo-vps1.tetedecom.pro%2Ffr%2Fvideo%2Fvideo-of-eco-delegates-from-high-school-francois-mauriac%2F\">\n\t<i class=\"fa fa-facebook-official\" aria-hidden=\"true\"><\/i>\n\t<\/a>\n\t<a target=\"_blank\" title=\"Twitter\" href=\"https:\/\/twitter.com\/intent\/tweet\/?url=https%3A%2F%2Fshamengo-vps1.tetedecom.pro%2Ffr%2Fvideo%2Fvideo-of-eco-delegates-from-high-school-francois-mauriac%2F&amp;text=Video+of+eco-delegates+from+High+School+Fran%C3%A7ois+Mauriac\">\n\t<i class=\"fa fa-twitter\" aria-hidden=\"true\"><\/i>\n\t<\/a>\n\t<\/div>\n\t<\/div>\n\t<\/div>\n\n\t<\/div>\n\n\t<\/div>\n\n\t\n\t<\/div>\n\n\t\n\t\t<\/div>\n\n\t\t<div class=\"related_videos_area\">\n\n\t\t<div id=\"play-mode\">\n\t\t<div class=\"toggle-bt\">\n\t\t<label for=\"play-mode-bt\">\n\t\t<span>Lecture al\u00e9atoire<\/span>\n\t\t<input id=\"play-mode-bt\" type=\"checkbox\"  >\n\t\t<div class=\"toggle-switch\"><\/div>\n\t\t<\/label>\n\t\t<\/div>\n\t\t<\/div>\n\n\t\t<div id=\"related-items\" data-simplebar>\n\t\t<ul id=\"related_videos\" ><li>\n\t\t\t<a href=\"https:\/\/shamengo-vps1.tetedecom.pro\/fr\/video\/video-of-eco-delegates-from-high-school-francois-mauriac\/\" class=\"active\" data-video-id=\"yt-bURiy0dTgtE\" data-wp-video-id=\"87371\">\n\n\t\t\t<div class=\"related_video_container\">\n\n\t\t\t<div class=\"video_poster\"><img loading=\"lazy\" decoding=\"async\" width=\"256\" height=\"144\" src=\"\/\/shamengo-vps1.tetedecom.pro\/wp-content\/uploads\/2019\/03\/video-default-thumb.jpg\" class=\"attachment-video-thumb size-video-thumb\" alt=\"\" \/><\/div>\n\n\t\t\t<div class=\"video_infos \">\n\t\t\t\n\t\t\t<div class=\"video_subtitle\">Video of eco-delegates from High School Fran\u00e7ois Mauriac<\/div>\n\t\t\t<\/div>\n\n\t\t\t<\/div>\n\n\t\t\t<\/a>\n\t\t\t<\/li><li>\n\t\t\t<a href=\"https:\/\/shamengo-vps1.tetedecom.pro\/fr\/video\/la-chasse-aux-innovations-avec-les-eco-delegues\/\"  data-video-id=\"yt-kH7v02SWl3Y\" data-wp-video-id=\"82822\">\n\n\t\t\t<div class=\"related_video_container\">\n\n\t\t\t<div class=\"video_poster\"><img loading=\"lazy\" decoding=\"async\" width=\"256\" height=\"144\" src=\"\/\/shamengo-vps1.tetedecom.pro\/wp-content\/uploads\/2023\/03\/Chasse-aux-innovations-2-Se-loger-256x144.png\" class=\"attachment-video-thumb size-video-thumb wp-post-image\" alt=\"\" srcset=\"\/\/shamengo-vps1.tetedecom.pro\/wp-content\/uploads\/2023\/03\/Chasse-aux-innovations-2-Se-loger-256x144.png 256w, \/\/shamengo-vps1.tetedecom.pro\/wp-content\/uploads\/2023\/03\/Chasse-aux-innovations-2-Se-loger-350x197.png 350w, \/\/shamengo-vps1.tetedecom.pro\/wp-content\/uploads\/2023\/03\/Chasse-aux-innovations-2-Se-loger-1024x577.png 1024w, \/\/shamengo-vps1.tetedecom.pro\/wp-content\/uploads\/2023\/03\/Chasse-aux-innovations-2-Se-loger-768x433.png 768w, \/\/shamengo-vps1.tetedecom.pro\/wp-content\/uploads\/2023\/03\/Chasse-aux-innovations-2-Se-loger-1536x865.png 1536w, \/\/shamengo-vps1.tetedecom.pro\/wp-content\/uploads\/2023\/03\/Chasse-aux-innovations-2-Se-loger-2048x1153.png 2048w, \/\/shamengo-vps1.tetedecom.pro\/wp-content\/uploads\/2023\/03\/Chasse-aux-innovations-2-Se-loger-600x338.png 600w\" sizes=\"(max-width: 256px) 100vw, 256px\" \/><\/div>\n\n\t\t\t<div class=\"video_infos \">\n\t\t\t\n\t\t\t<div class=\"video_subtitle\">La chasse aux innovations avec les \u00e9co-d\u00e9l\u00e9gu\u00e9s<\/div>\n\t\t\t<\/div>\n\n\t\t\t<\/div>\n\n\t\t\t<\/a>\n\t\t\t<\/li><li>\n\t\t\t<a href=\"https:\/\/shamengo-vps1.tetedecom.pro\/fr\/video\/temoignage-dhelene-promo-bonheur\/\"  data-video-id=\"811\" data-wp-video-id=\"69042\">\n\n\t\t\t<div class=\"related_video_container\">\n\n\t\t\t<div class=\"video_poster\"><img loading=\"lazy\" decoding=\"async\" width=\"256\" height=\"144\" src=\"\/\/shamengo-vps1.tetedecom.pro\/wp-content\/uploads\/2022\/01\/Capture-decran-2022-01-10-a-20.45.30-256x144.png\" class=\"attachment-video-thumb size-video-thumb wp-post-image\" alt=\"\" srcset=\"\/\/shamengo-vps1.tetedecom.pro\/wp-content\/uploads\/2022\/01\/Capture-decran-2022-01-10-a-20.45.30-256x144.png 256w, \/\/shamengo-vps1.tetedecom.pro\/wp-content\/uploads\/2022\/01\/Capture-decran-2022-01-10-a-20.45.30-350x195.png 350w, \/\/shamengo-vps1.tetedecom.pro\/wp-content\/uploads\/2022\/01\/Capture-decran-2022-01-10-a-20.45.30-1024x571.png 1024w, \/\/shamengo-vps1.tetedecom.pro\/wp-content\/uploads\/2022\/01\/Capture-decran-2022-01-10-a-20.45.30-768x428.png 768w, \/\/shamengo-vps1.tetedecom.pro\/wp-content\/uploads\/2022\/01\/Capture-decran-2022-01-10-a-20.45.30-1536x857.png 1536w, \/\/shamengo-vps1.tetedecom.pro\/wp-content\/uploads\/2022\/01\/Capture-decran-2022-01-10-a-20.45.30-2048x1142.png 2048w, \/\/shamengo-vps1.tetedecom.pro\/wp-content\/uploads\/2022\/01\/Capture-decran-2022-01-10-a-20.45.30-600x335.png 600w\" sizes=\"(max-width: 256px) 100vw, 256px\" \/><\/div>\n\n\t\t\t<div class=\"video_infos \">\n\t\t\t\n\t\t\t<div class=\"video_subtitle\">T\u00e9moignage d'H\u00e9l\u00e8ne (Promo Bonheur)<\/div>\n\t\t\t<\/div>\n\n\t\t\t<\/div>\n\n\t\t\t<\/a>\n\t\t\t<\/li><li>\n\t\t\t<a href=\"https:\/\/shamengo-vps1.tetedecom.pro\/fr\/video\/temoignage-de-laura-promo-bonheur\/\"  data-video-id=\"813\" data-wp-video-id=\"69039\">\n\n\t\t\t<div class=\"related_video_container\">\n\n\t\t\t<div class=\"video_poster\"><img loading=\"lazy\" decoding=\"async\" width=\"246\" height=\"144\" src=\"\/\/shamengo-vps1.tetedecom.pro\/wp-content\/uploads\/2022\/01\/Capture-decran-2022-01-10-a-17.31.51-246x144.png\" class=\"attachment-video-thumb size-video-thumb wp-post-image\" alt=\"\" srcset=\"\/\/shamengo-vps1.tetedecom.pro\/wp-content\/uploads\/2022\/01\/Capture-decran-2022-01-10-a-17.31.51-246x144.png 246w, \/\/shamengo-vps1.tetedecom.pro\/wp-content\/uploads\/2022\/01\/Capture-decran-2022-01-10-a-17.31.51-350x205.png 350w, \/\/shamengo-vps1.tetedecom.pro\/wp-content\/uploads\/2022\/01\/Capture-decran-2022-01-10-a-17.31.51-1024x600.png 1024w, \/\/shamengo-vps1.tetedecom.pro\/wp-content\/uploads\/2022\/01\/Capture-decran-2022-01-10-a-17.31.51-768x450.png 768w, \/\/shamengo-vps1.tetedecom.pro\/wp-content\/uploads\/2022\/01\/Capture-decran-2022-01-10-a-17.31.51-1536x900.png 1536w, \/\/shamengo-vps1.tetedecom.pro\/wp-content\/uploads\/2022\/01\/Capture-decran-2022-01-10-a-17.31.51-2048x1200.png 2048w, \/\/shamengo-vps1.tetedecom.pro\/wp-content\/uploads\/2022\/01\/Capture-decran-2022-01-10-a-17.31.51-600x352.png 600w\" sizes=\"(max-width: 246px) 100vw, 246px\" \/><\/div>\n\n\t\t\t<div class=\"video_infos \">\n\t\t\t\n\t\t\t<div class=\"video_subtitle\">T\u00e9moignage de Laura (Promo Bonheur)<\/div>\n\t\t\t<\/div>\n\n\t\t\t<\/div>\n\n\t\t\t<\/a>\n\t\t\t<\/li><li>\n\t\t\t<a href=\"https:\/\/shamengo-vps1.tetedecom.pro\/fr\/video\/temoignage-de-pablo-promo-baobab\/\"  data-video-id=\"806\" data-wp-video-id=\"66989\">\n\n\t\t\t<div class=\"related_video_container\">\n\n\t\t\t<div class=\"video_poster\"><img loading=\"lazy\" decoding=\"async\" width=\"256\" height=\"144\" src=\"\/\/shamengo-vps1.tetedecom.pro\/wp-content\/uploads\/2021\/10\/Temoignage-de-Pablo-Promo-Baobab-256x144.jpg\" class=\"attachment-video-thumb size-video-thumb wp-post-image\" alt=\"\" srcset=\"\/\/shamengo-vps1.tetedecom.pro\/wp-content\/uploads\/2021\/10\/Temoignage-de-Pablo-Promo-Baobab-256x144.jpg 256w, \/\/shamengo-vps1.tetedecom.pro\/wp-content\/uploads\/2021\/10\/Temoignage-de-Pablo-Promo-Baobab-350x197.jpg 350w, \/\/shamengo-vps1.tetedecom.pro\/wp-content\/uploads\/2021\/10\/Temoignage-de-Pablo-Promo-Baobab-1024x576.jpg 1024w, \/\/shamengo-vps1.tetedecom.pro\/wp-content\/uploads\/2021\/10\/Temoignage-de-Pablo-Promo-Baobab-768x432.jpg 768w, \/\/shamengo-vps1.tetedecom.pro\/wp-content\/uploads\/2021\/10\/Temoignage-de-Pablo-Promo-Baobab-600x338.jpg 600w, \/\/shamengo-vps1.tetedecom.pro\/wp-content\/uploads\/2021\/10\/Temoignage-de-Pablo-Promo-Baobab.jpg 1280w\" sizes=\"(max-width: 256px) 100vw, 256px\" \/><\/div>\n\n\t\t\t<div class=\"video_infos \">\n\t\t\t\n\t\t\t<div class=\"video_subtitle\">T\u00e9moignage de Pablo (promo Baobab)<\/div>\n\t\t\t<\/div>\n\n\t\t\t<\/div>\n\n\t\t\t<\/a>\n\t\t\t<\/li><li>\n\t\t\t<a href=\"https:\/\/shamengo-vps1.tetedecom.pro\/fr\/video\/temoignage-de-clara-promo-bichons\/\"  data-video-id=\"815\" data-wp-video-id=\"66988\">\n\n\t\t\t<div class=\"related_video_container\">\n\n\t\t\t<div class=\"video_poster\"><img loading=\"lazy\" decoding=\"async\" width=\"256\" height=\"144\" src=\"\/\/shamengo-vps1.tetedecom.pro\/wp-content\/uploads\/2021\/10\/Temoignage-de-Clara-Promo-Bichons-256x144.jpg\" class=\"attachment-video-thumb size-video-thumb wp-post-image\" alt=\"\" srcset=\"\/\/shamengo-vps1.tetedecom.pro\/wp-content\/uploads\/2021\/10\/Temoignage-de-Clara-Promo-Bichons-256x144.jpg 256w, \/\/shamengo-vps1.tetedecom.pro\/wp-content\/uploads\/2021\/10\/Temoignage-de-Clara-Promo-Bichons-350x197.jpg 350w, \/\/shamengo-vps1.tetedecom.pro\/wp-content\/uploads\/2021\/10\/Temoignage-de-Clara-Promo-Bichons-1024x576.jpg 1024w, \/\/shamengo-vps1.tetedecom.pro\/wp-content\/uploads\/2021\/10\/Temoignage-de-Clara-Promo-Bichons-768x432.jpg 768w, \/\/shamengo-vps1.tetedecom.pro\/wp-content\/uploads\/2021\/10\/Temoignage-de-Clara-Promo-Bichons-600x338.jpg 600w, \/\/shamengo-vps1.tetedecom.pro\/wp-content\/uploads\/2021\/10\/Temoignage-de-Clara-Promo-Bichons.jpg 1280w\" sizes=\"(max-width: 256px) 100vw, 256px\" \/><\/div>\n\n\t\t\t<div class=\"video_infos \">\n\t\t\t\n\t\t\t<div class=\"video_subtitle\">T\u00e9moignage de Clara (promo Bichons)<\/div>\n\t\t\t<\/div>\n\n\t\t\t<\/div>\n\n\t\t\t<\/a>\n\t\t\t<\/li><li>\n\t\t\t<a href=\"https:\/\/shamengo-vps1.tetedecom.pro\/fr\/video\/temoignage-de-david-promo-blairoo\/\"  data-video-id=\"812\" data-wp-video-id=\"66987\">\n\n\t\t\t<div class=\"related_video_container\">\n\n\t\t\t<div class=\"video_poster\"><img loading=\"lazy\" decoding=\"async\" width=\"256\" height=\"144\" src=\"\/\/shamengo-vps1.tetedecom.pro\/wp-content\/uploads\/2021\/10\/Temoignage-de-David-Promo-Blairoo-256x144.jpg\" class=\"attachment-video-thumb size-video-thumb wp-post-image\" alt=\"\" srcset=\"\/\/shamengo-vps1.tetedecom.pro\/wp-content\/uploads\/2021\/10\/Temoignage-de-David-Promo-Blairoo-256x144.jpg 256w, \/\/shamengo-vps1.tetedecom.pro\/wp-content\/uploads\/2021\/10\/Temoignage-de-David-Promo-Blairoo-350x197.jpg 350w, \/\/shamengo-vps1.tetedecom.pro\/wp-content\/uploads\/2021\/10\/Temoignage-de-David-Promo-Blairoo-1024x576.jpg 1024w, \/\/shamengo-vps1.tetedecom.pro\/wp-content\/uploads\/2021\/10\/Temoignage-de-David-Promo-Blairoo-768x432.jpg 768w, \/\/shamengo-vps1.tetedecom.pro\/wp-content\/uploads\/2021\/10\/Temoignage-de-David-Promo-Blairoo-600x338.jpg 600w, \/\/shamengo-vps1.tetedecom.pro\/wp-content\/uploads\/2021\/10\/Temoignage-de-David-Promo-Blairoo.jpg 1280w\" sizes=\"(max-width: 256px) 100vw, 256px\" \/><\/div>\n\n\t\t\t<div class=\"video_infos \">\n\t\t\t\n\t\t\t<div class=\"video_subtitle\">T\u00e9moignage de David (promo Blairoo)<\/div>\n\t\t\t<\/div>\n\n\t\t\t<\/div>\n\n\t\t\t<\/a>\n\t\t\t<\/li><li>\n\t\t\t<a href=\"https:\/\/shamengo-vps1.tetedecom.pro\/fr\/video\/temoignage-de-caroline-sur-lecole-shamengo-promo-abeille\/\"  data-video-id=\"803\" data-wp-video-id=\"65903\">\n\n\t\t\t<div class=\"related_video_container\">\n\n\t\t\t<div class=\"video_poster\"><img loading=\"lazy\" decoding=\"async\" width=\"256\" height=\"144\" src=\"\/\/shamengo-vps1.tetedecom.pro\/wp-content\/uploads\/2021\/10\/temoignage-caroline-abeille-256x144.jpg\" class=\"attachment-video-thumb size-video-thumb wp-post-image\" alt=\"\" srcset=\"\/\/shamengo-vps1.tetedecom.pro\/wp-content\/uploads\/2021\/10\/temoignage-caroline-abeille-256x144.jpg 256w, \/\/shamengo-vps1.tetedecom.pro\/wp-content\/uploads\/2021\/10\/temoignage-caroline-abeille-350x197.jpg 350w, \/\/shamengo-vps1.tetedecom.pro\/wp-content\/uploads\/2021\/10\/temoignage-caroline-abeille-1024x576.jpg 1024w, \/\/shamengo-vps1.tetedecom.pro\/wp-content\/uploads\/2021\/10\/temoignage-caroline-abeille-768x432.jpg 768w, \/\/shamengo-vps1.tetedecom.pro\/wp-content\/uploads\/2021\/10\/temoignage-caroline-abeille-600x338.jpg 600w, \/\/shamengo-vps1.tetedecom.pro\/wp-content\/uploads\/2021\/10\/temoignage-caroline-abeille.jpg 1280w\" sizes=\"(max-width: 256px) 100vw, 256px\" \/><\/div>\n\n\t\t\t<div class=\"video_infos \">\n\t\t\t\n\t\t\t<div class=\"video_subtitle\">T\u00e9moignage de Caroline sur l'\u00e9cole Shamengo (promo Abeille)<\/div>\n\t\t\t<\/div>\n\n\t\t\t<\/div>\n\n\t\t\t<\/a>\n\t\t\t<\/li><li>\n\t\t\t<a href=\"https:\/\/shamengo-vps1.tetedecom.pro\/fr\/video\/temoignage-de-karine-sur-lecole-shamengo\/\"  data-video-id=\"802\" data-wp-video-id=\"65902\">\n\n\t\t\t<div class=\"related_video_container\">\n\n\t\t\t<div class=\"video_poster\"><img loading=\"lazy\" decoding=\"async\" width=\"256\" height=\"144\" src=\"\/\/shamengo-vps1.tetedecom.pro\/wp-content\/uploads\/2021\/10\/temoignage-Karine-bonobo-256x144.jpg\" class=\"attachment-video-thumb size-video-thumb wp-post-image\" alt=\"\" srcset=\"\/\/shamengo-vps1.tetedecom.pro\/wp-content\/uploads\/2021\/10\/temoignage-Karine-bonobo-256x144.jpg 256w, \/\/shamengo-vps1.tetedecom.pro\/wp-content\/uploads\/2021\/10\/temoignage-Karine-bonobo-350x197.jpg 350w, \/\/shamengo-vps1.tetedecom.pro\/wp-content\/uploads\/2021\/10\/temoignage-Karine-bonobo-1024x576.jpg 1024w, \/\/shamengo-vps1.tetedecom.pro\/wp-content\/uploads\/2021\/10\/temoignage-Karine-bonobo-768x432.jpg 768w, \/\/shamengo-vps1.tetedecom.pro\/wp-content\/uploads\/2021\/10\/temoignage-Karine-bonobo-600x338.jpg 600w, \/\/shamengo-vps1.tetedecom.pro\/wp-content\/uploads\/2021\/10\/temoignage-Karine-bonobo.jpg 1280w\" sizes=\"(max-width: 256px) 100vw, 256px\" \/><\/div>\n\n\t\t\t<div class=\"video_infos \">\n\t\t\t\n\t\t\t<div class=\"video_subtitle\">T\u00e9moignage de Karine sur l'\u00e9cole Shamengo (promo Bo.No.Bo)<\/div>\n\t\t\t<\/div>\n\n\t\t\t<\/div>\n\n\t\t\t<\/a>\n\t\t\t<\/li><li>\n\t\t\t<a href=\"https:\/\/shamengo-vps1.tetedecom.pro\/fr\/video\/la-premiere-promo-temoigne\/\"  data-video-id=\"732\" data-wp-video-id=\"57501\">\n\n\t\t\t<div class=\"related_video_container\">\n\n\t\t\t<div class=\"video_poster\"><img loading=\"lazy\" decoding=\"async\" width=\"231\" height=\"144\" src=\"\/\/shamengo-vps1.tetedecom.pro\/wp-content\/uploads\/2020\/11\/Capture-d\u2019e\u0301cran-2020-11-26-a\u0300-13.29.51-231x144.png\" class=\"attachment-video-thumb size-video-thumb wp-post-image\" alt=\"\" srcset=\"\/\/shamengo-vps1.tetedecom.pro\/wp-content\/uploads\/2020\/11\/Capture-d\u2019e\u0301cran-2020-11-26-a\u0300-13.29.51-231x144.png 231w, \/\/shamengo-vps1.tetedecom.pro\/wp-content\/uploads\/2020\/11\/Capture-d\u2019e\u0301cran-2020-11-26-a\u0300-13.29.51-350x219.png 350w, \/\/shamengo-vps1.tetedecom.pro\/wp-content\/uploads\/2020\/11\/Capture-d\u2019e\u0301cran-2020-11-26-a\u0300-13.29.51-768x480.png 768w, \/\/shamengo-vps1.tetedecom.pro\/wp-content\/uploads\/2020\/11\/Capture-d\u2019e\u0301cran-2020-11-26-a\u0300-13.29.51-1024x639.png 1024w, \/\/shamengo-vps1.tetedecom.pro\/wp-content\/uploads\/2020\/11\/Capture-d\u2019e\u0301cran-2020-11-26-a\u0300-13.29.51-600x375.png 600w, \/\/shamengo-vps1.tetedecom.pro\/wp-content\/uploads\/2020\/11\/Capture-d\u2019e\u0301cran-2020-11-26-a\u0300-13.29.51.png 1326w\" sizes=\"(max-width: 231px) 100vw, 231px\" \/><\/div>\n\n\t\t\t<div class=\"video_infos \">\n\t\t\t\n\t\t\t<div class=\"video_subtitle\">La premi\u00e8re promo t\u00e9moigne<\/div>\n\t\t\t<\/div>\n\n\t\t\t<\/div>\n\n\t\t\t<\/a>\n\t\t\t<\/li><\/ul>\n\t\t<\/div>\n\t\t<\/div>\n\n\t\t<\/div>\n\n\t\t<div id=\"back_to_channel_listing\">\n\t\t<div class=\"so-wrapper\">\n\t\t<a href=\"https:\/\/shamengo-vps1.tetedecom.pro\/fr\/les-chaines-tv\/?t_body=1\"><i class=\"fa fa-caret-left\" aria-hidden=\"true\"><\/i>Retour aux cha\u00eenes TV<\/a>\n\t\t<\/div>\n\t\t<\/div>\n\n\t\t<\/div>\n\t\t[\/vc_column][\/vc_row][\/vc_section][vc_section full_width=&#8221;stretch_row_content&#8221; el_class=&#8221;image-banner-text-box cta-soutenir-shamengo&#8221; css=&#8221;.vc_custom_1569930781808{background-image: url(\/\/shamengo-vps1.tetedecom.pro\/wp-content\/uploads\/2019\/09\/CTA-Dons_villa_lounge-zoom.jpg?id=50150) !important;background-position: center !important;background-repeat: no-repeat !important;background-size: cover !important;}&#8221;][vc_row][vc_column][vc_column_text]<\/p>\n<h2 style=\"text-align: center; margin-bottom: 10px;\"><img loading=\"lazy\" decoding=\"async\" class=\"aligncenter wp-image-37745\" src=\"\/\/shamengo-vps1.tetedecom.pro\/wp-content\/uploads\/2018\/08\/don.png\" alt=\"\" width=\"110\" height=\"96\" \/><\/h2>\n<h2 style=\"text-align: center;\">JE SOUTIENS SHAMENGO<\/h2>\n<h3 style=\"text-align: center;\">Votre don est pr\u00e9cieux. Il nous permettra de continuer cette incroyable aventure.<\/h3>\n<p>[\/vc_column_text][vc_btn title=&#8221;EN SAVOIR PLUS&#8221; color=&#8221;so-white&#8221; align=&#8221;center&#8221; link=&#8221;url:https%3A%2F%2Fshamengo-vps1.tetedecom.pro%2Ffr%2Fsoutenir-shamengo%2F|||&#8221;][\/vc_column][\/vc_row][\/vc_section]<\/p>\n","protected":false},"excerpt":{"rendered":"<p>[vc_section full_width=&#8221;stretch_row_content&#8221; el_class=&#8221;header-image-section&#8221; css=&#8221;.vc_custom_1536573527852{background-image: url(\/\/shamengo-vps1.tetedecom.pro\/wp-content\/uploads\/2018\/04\/Laure-Meryam-Afrique-Sud.jpg?id=22030) !important;}&#8221;][vc_row][vc_column][\/vc_column][\/vc_row][\/vc_section][vc_section full_width=&#8221;stretch_row_content&#8221;][vc_row][vc_column][\/vc_column][\/vc_row][\/vc_section][vc_section full_width=&#8221;stretch_row_content&#8221; el_class=&#8221;image-banner-text-box cta-soutenir-shamengo&#8221; css=&#8221;.vc_custom_1569930781808{background-image: url(\/\/shamengo-vps1.tetedecom.pro\/wp-content\/uploads\/2019\/09\/CTA-Dons_villa_lounge-zoom.jpg?id=50150) !important;background-position: center !important;background-repeat: no-repeat !important;background-size: cover !important;}&#8221;][vc_row][vc_column][vc_column_text] JE SOUTIENS SHAMENGO Votre don est pr\u00e9cieux. Il nous permettra de continuer cette incroyable aventure. [\/vc_column_text][vc_btn title=&#8221;EN SAVOIR PLUS&#8221; color=&#8221;so-white&#8221; align=&#8221;center&#8221; link=&#8221;url:https%3A%2F%2Fshamengo-vps1.tetedecom.pro%2Ffr%2Fsoutenir-shamengo%2F|||&#8221;][\/vc_column][\/vc_row][\/vc_section]<\/p>\n","protected":false},"author":7,"featured_media":0,"parent":0,"menu_order":0,"comment_status":"closed","ping_status":"closed","template":"","meta":{"_acf_changed":false,"footnotes":""},"thematique":[],"class_list":["post-46934","page","type-page","status-publish","hentry"],"acf":{"top_page":false},"_links":{"self":[{"href":"https:\/\/shamengo-vps1.tetedecom.pro\/fr\/wp-json\/wp\/v2\/pages\/46934"}],"collection":[{"href":"https:\/\/shamengo-vps1.tetedecom.pro\/fr\/wp-json\/wp\/v2\/pages"}],"about":[{"href":"https:\/\/shamengo-vps1.tetedecom.pro\/fr\/wp-json\/wp\/v2\/types\/page"}],"author":[{"embeddable":true,"href":"https:\/\/shamengo-vps1.tetedecom.pro\/fr\/wp-json\/wp\/v2\/users\/7"}],"replies":[{"embeddable":true,"href":"https:\/\/shamengo-vps1.tetedecom.pro\/fr\/wp-json\/wp\/v2\/comments?post=46934"}],"version-history":[{"count":7,"href":"https:\/\/shamengo-vps1.tetedecom.pro\/fr\/wp-json\/wp\/v2\/pages\/46934\/revisions"}],"predecessor-version":[{"id":66972,"href":"https:\/\/shamengo-vps1.tetedecom.pro\/fr\/wp-json\/wp\/v2\/pages\/46934\/revisions\/66972"}],"wp:attachment":[{"href":"https:\/\/shamengo-vps1.tetedecom.pro\/fr\/wp-json\/wp\/v2\/media?parent=46934"}],"wp:term":[{"taxonomy":"thematique","embeddable":true,"href":"https:\/\/shamengo-vps1.tetedecom.pro\/fr\/wp-json\/wp\/v2\/thematique?post=46934"}],"curies":[{"name":"wp","href":"https:\/\/api.w.org\/{rel}","templated":true}]}}