{"id":51146,"date":"2019-11-07T15:45:10","date_gmt":"2019-11-07T14:45:10","guid":{"rendered":"https:\/\/shamengo-vps1.tetedecom.pro\/?page_id=51146"},"modified":"2019-11-07T15:45:10","modified_gmt":"2019-11-07T14:45:10","slug":"chaine-tv-un-chantier-completement-fou","status":"publish","type":"page","link":"https:\/\/shamengo-vps1.tetedecom.pro\/fr\/chaine-tv-un-chantier-completement-fou\/","title":{"rendered":"Cha\u00eene TV : Un chantier compl\u00e8tement fou !"},"content":{"rendered":"<p>[vc_section full_width=&#8221;stretch_row_content&#8221; el_class=&#8221;header-image-section&#8221; css=&#8221;.vc_custom_1536573527852{background-image: url(\/\/shamengo-vps1.tetedecom.pro\/wp-content\/uploads\/2018\/04\/Laure-Meryam-Afrique-Sud.jpg?id=22030) !important;}&#8221;][vc_row][vc_column][\/vc_column][\/vc_row][\/vc_section][vc_section full_width=&#8221;stretch_row_content&#8221;][vc_row][vc_column]\n\t\t<div id=\"vc_so_video_channel_923240\" class=\"vc_so_video_channel  \">\n\t\t<p>[vc_section][vc_row el_id=&#8221;site-title&#8221;][vc_column][vc_column_text]<\/p>\n<h1 style=\"text-align: center;\">Un chantier compl\u00e8tement fou !<\/h1>\n<p>\t\t[\/vc_column_text][\/vc_column][\/vc_row][\/vc_section]<\/p>\n\n\n\t\t<div id=\"vc_so_video_channel_content\" class=\"so-wrapper\">\n\n\t\t<div class=\"playing_video_area\">\n\t\t\n\t\t<div id=\"video_player\">\n\t\t<script type=\"text\/javascript\">\n\n\t\tfunction loadJavaScriptSync(filePath){\n\t\t\tvar req = new XMLHttpRequest();\n\t\t\treq.open(\"GET\", filePath, false);\n\t\t\treq.send(null);\n\n\t\t\tvar headElement = document.getElementsByTagName(\"head\")[0];\n\t\t\tvar newScriptElement = document.createElement(\"script\");\n\t\t\tnewScriptElement.type = \"text\/javascript\";\n\t\t\tnewScriptElement.text = req.responseText;\n\t\t\tif (headElement) { headElement.appendChild(newScriptElement); }\n\t\t}\n\n\t\tloadJavaScriptSync(\"\/\/shamengo.streameo.tv\/getembed.js?custom_playlist=playlist&ids_prods=yt-I9u-pp_YSD4,719,694&lang=fr&id_app=186\");\n\n\t\t<\/script>\n\t\t<div class=\"video_poster\" style=\"background-image:url(\/\/shamengo-vps1.tetedecom.pro\/wp-content\/uploads\/2020\/02\/miniature3-1024x576.jpg)\"><i class=\"fa fa-play\" aria-hidden=\"true\"><\/i><\/div>\n\t\t<\/div>\n\t\t\n\t<div id=\"video_infos\">\n\n\t<div id=\"video_header\">\n\n\t<div id=\"video_title\">\n\t\n\t\n\t<h1>Signez notre p\u00e9tition et partagez-la !<\/h1>\n\t<\/div>\n\n\t<div id=\"video_actions\">\n\n\t\n\t<div id=\"social_actions\">\n\t<div id=\"video_likes\">\n\t<span class=\"lb-wrapper\"><a href=\"https:\/\/shamengo-vps1.tetedecom.pro\/wp-admin\/admin-ajax.php?action=process_like_button&post_id=52439&nonce=128ef927d0&is_comment=0&disabled=true\" class=\"lb-button lb-button-52439\" data-nonce=\"128ef927d0\" data-post-id=\"52439\" data-iscomment=\"0\" title=\"J'aime\"><i class=\"fa fa-heart\"><\/i><\/a><span id=\"lb-loader\"><\/span><span class=\"lb-count\">0<\/span> J'aime<\/span>\n\t<\/div>\n\t<div id=\"video_share\">\n\t<span>\n\t<i class=\"fa fa-share-alt\" aria-hidden=\"true\"><\/i>\n\tPartager\n\t<\/span>\n\t<div class=\"sharing_box\">\n\t<a target=\"_blank\" title=\"Facebook\" href=\"https:\/\/www.facebook.com\/sharer\/sharer.php?u=https%3A%2F%2Fshamengo-vps1.tetedecom.pro%2Ffr%2Fvideo%2Fje-dis-oui-a-la-construction-de-la-villa-shamengo%2F\">\n\t<i class=\"fa fa-facebook-official\" aria-hidden=\"true\"><\/i>\n\t<\/a>\n\t<a target=\"_blank\" title=\"Twitter\" href=\"https:\/\/twitter.com\/intent\/tweet\/?url=https%3A%2F%2Fshamengo-vps1.tetedecom.pro%2Ffr%2Fvideo%2Fje-dis-oui-a-la-construction-de-la-villa-shamengo%2F&amp;text=Signez+notre+p%C3%A9tition+et+partagez-la+%21\">\n\t<i class=\"fa fa-twitter\" aria-hidden=\"true\"><\/i>\n\t<\/a>\n\t<\/div>\n\t<\/div>\n\t<\/div>\n\n\t<\/div>\n\n\t<\/div>\n\n\t<div class=\"video_description\"><p>Depuis le 3 janvier 2020, les travaux de la Villa Shamengo qui avaient bien commenc\u00e9s ont \u00e9t\u00e9 suspendus par la justice, sous la pression d\u2019un groupe de riverains oppos\u00e9s au projet. En attendant de d\u00e9poser un permis de construire modificatif, aidez-nous \u00e0 faire la preuve que ceux qui soutiennent ce projet sont plus nombreux que ceux qui s\u2019y opposent. Merci !<\/p>\n<p><span style=\"text-decoration: underline;\"><strong><span style=\"color: #db0c6a;\"><a style=\"color: #db0c6a; text-decoration: underline;\" href=\"https:\/\/www.change.org\/p\/bordeaux-dire-oui-%C3%A0-la-villa-shamengo\" target=\"_blank\" rel=\"noopener\">Signez la p\u00e9tition en cliquant ici<\/a><\/span><\/strong><\/span><\/p>\n<\/div>\n\t<\/div>\n\n\t\n\t\t<\/div>\n\n\t\t<div class=\"related_videos_area\">\n\n\t\t<div id=\"play-mode\">\n\t\t<div class=\"toggle-bt\">\n\t\t<label for=\"play-mode-bt\">\n\t\t<span>Lecture al\u00e9atoire<\/span>\n\t\t<input id=\"play-mode-bt\" type=\"checkbox\"  >\n\t\t<div class=\"toggle-switch\"><\/div>\n\t\t<\/label>\n\t\t<\/div>\n\t\t<\/div>\n\n\t\t<div id=\"related-items\" data-simplebar>\n\t\t<ul id=\"related_videos\" ><li>\n\t\t\t<a href=\"https:\/\/shamengo-vps1.tetedecom.pro\/fr\/video\/je-dis-oui-a-la-construction-de-la-villa-shamengo\/\" class=\"active\" data-video-id=\"yt-I9u-pp_YSD4\" data-wp-video-id=\"52439\">\n\n\t\t\t<div class=\"related_video_container\">\n\n\t\t\t<div class=\"video_poster\"><img loading=\"lazy\" decoding=\"async\" width=\"256\" height=\"144\" src=\"\/\/shamengo-vps1.tetedecom.pro\/wp-content\/uploads\/2020\/02\/miniature3-256x144.jpg\" class=\"attachment-video-thumb size-video-thumb wp-post-image\" alt=\"\" srcset=\"\/\/shamengo-vps1.tetedecom.pro\/wp-content\/uploads\/2020\/02\/miniature3-256x144.jpg 256w, \/\/shamengo-vps1.tetedecom.pro\/wp-content\/uploads\/2020\/02\/miniature3-350x197.jpg 350w, \/\/shamengo-vps1.tetedecom.pro\/wp-content\/uploads\/2020\/02\/miniature3-768x432.jpg 768w, \/\/shamengo-vps1.tetedecom.pro\/wp-content\/uploads\/2020\/02\/miniature3-1024x576.jpg 1024w, \/\/shamengo-vps1.tetedecom.pro\/wp-content\/uploads\/2020\/02\/miniature3-600x338.jpg 600w, \/\/shamengo-vps1.tetedecom.pro\/wp-content\/uploads\/2020\/02\/miniature3.jpg 1920w\" sizes=\"(max-width: 256px) 100vw, 256px\" \/><\/div>\n\n\t\t\t<div class=\"video_infos \">\n\t\t\t\n\t\t\t<div class=\"video_subtitle\">Signez notre p\u00e9tition et partagez-la !<\/div>\n\t\t\t<\/div>\n\n\t\t\t<\/div>\n\n\t\t\t<\/a>\n\t\t\t<\/li><li>\n\t\t\t<a href=\"https:\/\/shamengo-vps1.tetedecom.pro\/fr\/video\/un-chantier-completement-fou-2\/\"  data-video-id=\"719\" data-wp-video-id=\"52360\">\n\n\t\t\t<div class=\"related_video_container\">\n\n\t\t\t<div class=\"video_poster\"><img loading=\"lazy\" decoding=\"async\" width=\"256\" height=\"144\" src=\"\/\/shamengo-vps1.tetedecom.pro\/wp-content\/uploads\/2020\/01\/MINIATURE-CHANTIER-FOU-METISSE-256x144.jpg\" class=\"attachment-video-thumb size-video-thumb wp-post-image\" alt=\"\" srcset=\"\/\/shamengo-vps1.tetedecom.pro\/wp-content\/uploads\/2020\/01\/MINIATURE-CHANTIER-FOU-METISSE-256x144.jpg 256w, \/\/shamengo-vps1.tetedecom.pro\/wp-content\/uploads\/2020\/01\/MINIATURE-CHANTIER-FOU-METISSE-350x197.jpg 350w, \/\/shamengo-vps1.tetedecom.pro\/wp-content\/uploads\/2020\/01\/MINIATURE-CHANTIER-FOU-METISSE-768x431.jpg 768w, \/\/shamengo-vps1.tetedecom.pro\/wp-content\/uploads\/2020\/01\/MINIATURE-CHANTIER-FOU-METISSE-1024x575.jpg 1024w, \/\/shamengo-vps1.tetedecom.pro\/wp-content\/uploads\/2020\/01\/MINIATURE-CHANTIER-FOU-METISSE-600x337.jpg 600w, \/\/shamengo-vps1.tetedecom.pro\/wp-content\/uploads\/2020\/01\/MINIATURE-CHANTIER-FOU-METISSE.jpg 1920w\" sizes=\"(max-width: 256px) 100vw, 256px\" \/><\/div>\n\n\t\t\t<div class=\"video_infos \">\n\t\t\t\n\t\t\t<div class=\"video_subtitle\">Un chantier compl\u00e8tement fou ! #2<\/div>\n\t\t\t<\/div>\n\n\t\t\t<\/div>\n\n\t\t\t<\/a>\n\t\t\t<\/li><li>\n\t\t\t<a href=\"https:\/\/shamengo-vps1.tetedecom.pro\/fr\/video\/un-chantier-completement-fou\/\"  data-video-id=\"694\" data-wp-video-id=\"51095\">\n\n\t\t\t<div class=\"related_video_container\">\n\n\t\t\t<div class=\"video_poster\"><img loading=\"lazy\" decoding=\"async\" width=\"256\" height=\"141\" src=\"\/\/shamengo-vps1.tetedecom.pro\/wp-content\/uploads\/2019\/11\/FireShot-Capture-169-VOD-Construction-de-la-base-vie-Shamengo-shamengo.streameo.tv_-256x141.png\" class=\"attachment-video-thumb size-video-thumb wp-post-image\" alt=\"\" srcset=\"\/\/shamengo-vps1.tetedecom.pro\/wp-content\/uploads\/2019\/11\/FireShot-Capture-169-VOD-Construction-de-la-base-vie-Shamengo-shamengo.streameo.tv_-256x141.png 256w, \/\/shamengo-vps1.tetedecom.pro\/wp-content\/uploads\/2019\/11\/FireShot-Capture-169-VOD-Construction-de-la-base-vie-Shamengo-shamengo.streameo.tv_-350x193.png 350w, \/\/shamengo-vps1.tetedecom.pro\/wp-content\/uploads\/2019\/11\/FireShot-Capture-169-VOD-Construction-de-la-base-vie-Shamengo-shamengo.streameo.tv_.png 576w\" sizes=\"(max-width: 256px) 100vw, 256px\" \/><\/div>\n\n\t\t\t<div class=\"video_infos \">\n\t\t\t\n\t\t\t<div class=\"video_subtitle\">Un chantier compl\u00e8tement fou !<\/div>\n\t\t\t<\/div>\n\n\t\t\t<\/div>\n\n\t\t\t<\/a>\n\t\t\t<\/li><\/ul>\n\t\t<\/div>\n\t\t<\/div>\n\n\t\t<\/div>\n\n\t\t<div id=\"back_to_channel_listing\">\n\t\t<div class=\"so-wrapper\">\n\t\t<a href=\"https:\/\/shamengo-vps1.tetedecom.pro\/fr\/les-chaines-tv\/?t_body=1\"><i class=\"fa fa-caret-left\" aria-hidden=\"true\"><\/i>Retour aux cha\u00eenes TV<\/a>\n\t\t<\/div>\n\t\t<\/div>\n\n\t\t<\/div>\n\t\t[\/vc_column][\/vc_row][\/vc_section][vc_section full_width=&#8221;stretch_row_content&#8221; el_class=&#8221;image-banner-text-box cta-soutenir-shamengo&#8221; css=&#8221;.vc_custom_1569930869844{background-image: url(\/\/shamengo-vps1.tetedecom.pro\/wp-content\/uploads\/2019\/09\/CTA-Dons_villa_lounge-zoom.jpg?id=50150) !important;background-position: center !important;background-repeat: no-repeat !important;background-size: cover !important;}&#8221;][vc_row][vc_column][vc_column_text]<\/p>\n<h2 style=\"text-align: center; margin-bottom: 10px;\"><img loading=\"lazy\" decoding=\"async\" class=\"aligncenter wp-image-37745\" src=\"\/\/shamengo-vps1.tetedecom.pro\/wp-content\/uploads\/2018\/08\/don.png\" alt=\"\" width=\"110\" height=\"96\" \/><\/h2>\n<h2 style=\"text-align: center;\">JE SOUTIENS SHAMENGO<\/h2>\n<h3 style=\"text-align: center;\">Votre don est pr\u00e9cieux. Il nous permettra de continuer cette incroyable aventure.<\/h3>\n<p>[\/vc_column_text][vc_btn title=&#8221;EN SAVOIR PLUS&#8221; color=&#8221;so-white&#8221; align=&#8221;center&#8221; link=&#8221;url:https%3A%2F%2Fshamengo-vps1.tetedecom.pro%2Ffr%2Fsoutenir-shamengo%2F|||&#8221;][\/vc_column][\/vc_row][\/vc_section]<\/p>\n","protected":false},"excerpt":{"rendered":"<p>[vc_section full_width=&#8221;stretch_row_content&#8221; el_class=&#8221;header-image-section&#8221; css=&#8221;.vc_custom_1536573527852{background-image: url(\/\/shamengo-vps1.tetedecom.pro\/wp-content\/uploads\/2018\/04\/Laure-Meryam-Afrique-Sud.jpg?id=22030) !important;}&#8221;][vc_row][vc_column][\/vc_column][\/vc_row][\/vc_section][vc_section full_width=&#8221;stretch_row_content&#8221;][vc_row][vc_column][\/vc_column][\/vc_row][\/vc_section][vc_section full_width=&#8221;stretch_row_content&#8221; el_class=&#8221;image-banner-text-box cta-soutenir-shamengo&#8221; css=&#8221;.vc_custom_1569930869844{background-image: url(\/\/shamengo-vps1.tetedecom.pro\/wp-content\/uploads\/2019\/09\/CTA-Dons_villa_lounge-zoom.jpg?id=50150) !important;background-position: center !important;background-repeat: no-repeat !important;background-size: cover !important;}&#8221;][vc_row][vc_column][vc_column_text] JE SOUTIENS SHAMENGO Votre don est pr\u00e9cieux. Il nous permettra de continuer cette incroyable aventure. [\/vc_column_text][vc_btn title=&#8221;EN SAVOIR PLUS&#8221; color=&#8221;so-white&#8221; align=&#8221;center&#8221; link=&#8221;url:https%3A%2F%2Fshamengo-vps1.tetedecom.pro%2Ffr%2Fsoutenir-shamengo%2F|||&#8221;][\/vc_column][\/vc_row][\/vc_section]<\/p>\n","protected":false},"author":7,"featured_media":0,"parent":0,"menu_order":0,"comment_status":"closed","ping_status":"closed","template":"","meta":{"_acf_changed":false,"footnotes":""},"thematique":[],"class_list":["post-51146","page","type-page","status-publish","hentry"],"acf":false,"_links":{"self":[{"href":"https:\/\/shamengo-vps1.tetedecom.pro\/fr\/wp-json\/wp\/v2\/pages\/51146"}],"collection":[{"href":"https:\/\/shamengo-vps1.tetedecom.pro\/fr\/wp-json\/wp\/v2\/pages"}],"about":[{"href":"https:\/\/shamengo-vps1.tetedecom.pro\/fr\/wp-json\/wp\/v2\/types\/page"}],"author":[{"embeddable":true,"href":"https:\/\/shamengo-vps1.tetedecom.pro\/fr\/wp-json\/wp\/v2\/users\/7"}],"replies":[{"embeddable":true,"href":"https:\/\/shamengo-vps1.tetedecom.pro\/fr\/wp-json\/wp\/v2\/comments?post=51146"}],"version-history":[{"count":1,"href":"https:\/\/shamengo-vps1.tetedecom.pro\/fr\/wp-json\/wp\/v2\/pages\/51146\/revisions"}],"predecessor-version":[{"id":51148,"href":"https:\/\/shamengo-vps1.tetedecom.pro\/fr\/wp-json\/wp\/v2\/pages\/51146\/revisions\/51148"}],"wp:attachment":[{"href":"https:\/\/shamengo-vps1.tetedecom.pro\/fr\/wp-json\/wp\/v2\/media?parent=51146"}],"wp:term":[{"taxonomy":"thematique","embeddable":true,"href":"https:\/\/shamengo-vps1.tetedecom.pro\/fr\/wp-json\/wp\/v2\/thematique?post=51146"}],"curies":[{"name":"wp","href":"https:\/\/api.w.org\/{rel}","templated":true}]}}