{"id":76113,"date":"2022-09-21T10:45:18","date_gmt":"2022-09-21T09:45:18","guid":{"rendered":"https:\/\/shamengo-vps1.tetedecom.pro\/?page_id=76113"},"modified":"2024-01-22T22:46:32","modified_gmt":"2024-01-22T21:46:32","slug":"nos-actions","status":"publish","type":"page","link":"https:\/\/shamengo-vps1.tetedecom.pro\/fr\/nos-actions\/","title":{"rendered":"Notre mission"},"content":{"rendered":"<p>[vc_section full_width=&#8221;stretch_row_content&#8221; el_class=&#8221;header-image-section&#8221; css=&#8221;.vc_custom_1606310054547{background-image: url(\/\/shamengo-vps1.tetedecom.pro\/wp-content\/uploads\/2020\/11\/nos-formation-banner.jpg?id=57449) !important;}&#8221;][\/vc_section][vc_section css=&#8221;.vc_custom_1532451925120{margin-bottom: 0px !important;padding-bottom: 0px !important;}&#8221;][vc_row el_id=&#8221;site-title&#8221;][vc_column][vc_column_text]<\/p>\n<h1 style=\"text-align: center;\">NOTRE MISSION<\/h1>\n<p>[\/vc_column_text][\/vc_column][\/vc_row][\/vc_section][vc_section el_class=&#8221;color-banner-text-box&#8221; css=&#8221;.vc_custom_1606315308314{background-color: #89b600 !important;background-position: center !important;background-repeat: no-repeat !important;background-size: cover !important;}&#8221;][vc_row][vc_column][vc_column_text]<\/p>\n<h3 style=\"text-align: center;\"><em><strong>Acc\u00e9l\u00e9rer le passage \u00e0 une soci\u00e9t\u00e9 plus durable et d\u00e9sirable<\/strong><\/em><\/h3>\n<p>[\/vc_column_text][\/vc_column][\/vc_row][\/vc_section][vc_row][vc_column][vc_column_text]<\/p>\n<p style=\"font-weight: 400;\">Notre association d\u2019int\u00e9r\u00eat g\u00e9n\u00e9ral est apolitique et aconfessionnelle. Elle s\u2019inscrit dans la continuit\u00e9 des 17 objectifs du d\u00e9veloppement durable \u00e9dict\u00e9s par les Nations Unis, le pacte vert pour l\u2019Europe et France 2030.<\/p>\n<p style=\"font-weight: 400;\">Nous nous sommes fix\u00e9s comme mission de sensibiliser le plus grand nombre au carr\u00e9 des crises (sant\u00e9, emploi, environnement, solidarit\u00e9) pour mieux activer en chacun de nous notre pouvoir d\u2019agir et contribuer tous ensemble \u00e0 r\u00e9enchanter le monde.<\/p>\n<p>[\/vc_column_text][\/vc_column][\/vc_row][vc_row][vc_column][vc_empty_space height=&#8221;48px&#8221;][\/vc_column][\/vc_row]<\/p>\n","protected":false},"excerpt":{"rendered":"<p>[vc_section full_width=&#8221;stretch_row_content&#8221; el_class=&#8221;header-image-section&#8221; css=&#8221;.vc_custom_1606310054547{background-image: url(\/\/shamengo-vps1.tetedecom.pro\/wp-content\/uploads\/2020\/11\/nos-formation-banner.jpg?id=57449) !important;}&#8221;][\/vc_section][vc_section css=&#8221;.vc_custom_1532451925120{margin-bottom: 0px !important;padding-bottom: 0px !important;}&#8221;][vc_row el_id=&#8221;site-title&#8221;][vc_column][vc_column_text] NOTRE MISSION [\/vc_column_text][\/vc_column][\/vc_row][\/vc_section][vc_section el_class=&#8221;color-banner-text-box&#8221; css=&#8221;.vc_custom_1606315308314{background-color: #89b600 !important;background-position: center !important;background-repeat: no-repeat !important;background-size: cover !important;}&#8221;][vc_row][vc_column][vc_column_text] Acc\u00e9l\u00e9rer le passage \u00e0 une soci\u00e9t\u00e9 plus durable et d\u00e9sirable [\/vc_column_text][\/vc_column][\/vc_row][\/vc_section][vc_row][vc_column][vc_column_text] Notre association d\u2019int\u00e9r\u00eat g\u00e9n\u00e9ral est apolitique et aconfessionnelle. Elle s\u2019inscrit dans la continuit\u00e9 des 17 objectifs du d\u00e9veloppement durable [&hellip;]<\/p>\n","protected":false},"author":12337,"featured_media":0,"parent":0,"menu_order":0,"comment_status":"closed","ping_status":"closed","template":"","meta":{"_acf_changed":false,"footnotes":""},"thematique":[],"class_list":["post-76113","page","type-page","status-publish","hentry"],"acf":{"top_page":false},"_links":{"self":[{"href":"https:\/\/shamengo-vps1.tetedecom.pro\/fr\/wp-json\/wp\/v2\/pages\/76113"}],"collection":[{"href":"https:\/\/shamengo-vps1.tetedecom.pro\/fr\/wp-json\/wp\/v2\/pages"}],"about":[{"href":"https:\/\/shamengo-vps1.tetedecom.pro\/fr\/wp-json\/wp\/v2\/types\/page"}],"author":[{"embeddable":true,"href":"https:\/\/shamengo-vps1.tetedecom.pro\/fr\/wp-json\/wp\/v2\/users\/12337"}],"replies":[{"embeddable":true,"href":"https:\/\/shamengo-vps1.tetedecom.pro\/fr\/wp-json\/wp\/v2\/comments?post=76113"}],"version-history":[{"count":19,"href":"https:\/\/shamengo-vps1.tetedecom.pro\/fr\/wp-json\/wp\/v2\/pages\/76113\/revisions"}],"predecessor-version":[{"id":88300,"href":"https:\/\/shamengo-vps1.tetedecom.pro\/fr\/wp-json\/wp\/v2\/pages\/76113\/revisions\/88300"}],"wp:attachment":[{"href":"https:\/\/shamengo-vps1.tetedecom.pro\/fr\/wp-json\/wp\/v2\/media?parent=76113"}],"wp:term":[{"taxonomy":"thematique","embeddable":true,"href":"https:\/\/shamengo-vps1.tetedecom.pro\/fr\/wp-json\/wp\/v2\/thematique?post=76113"}],"curies":[{"name":"wp","href":"https:\/\/api.w.org\/{rel}","templated":true}]}}