{"id":76978,"date":"2022-10-26T13:00:35","date_gmt":"2022-10-26T12:00:35","guid":{"rendered":"https:\/\/shamengo-vps1.tetedecom.pro\/?page_id=76978"},"modified":"2024-01-09T19:40:17","modified_gmt":"2024-01-09T18:40:17","slug":"appart-ecole","status":"publish","type":"page","link":"https:\/\/shamengo-vps1.tetedecom.pro\/fr\/appart-ecole\/","title":{"rendered":"L&#8217;Appart&#8217;\u00c9cole"},"content":{"rendered":"<p>[vc_section full_width=&#8221;stretch_row_content&#8221; el_class=&#8221;header-image-section&#8221; css=&#8221;.vc_custom_1689846946338{background-image: url(\/\/shamengo-vps1.tetedecom.pro\/wp-content\/uploads\/2023\/07\/IMG_6932-scaled.jpeg?id=85434) !important;}&#8221;][vc_row][vc_column][\/vc_column][\/vc_row][\/vc_section][vc_section css=&#8221;.vc_custom_1560416911052{margin-top: 50px !important;}&#8221;][vc_row el_id=&#8221;site-title&#8221;][vc_column][vc_column_text]<\/p>\n<div class=\"page\" title=\"Page 2\">\n<div class=\"section\">\n<div class=\"layoutArea\">\n<div class=\"column\">\n<h1 style=\"text-align: center;\">L&#8217;APPART&#8217;\u00c9COLE<\/h1>\n<\/div>\n<\/div>\n<\/div>\n<\/div>\n<div class=\"page\" title=\"Page 2\">\n<div class=\"section\">\n<div class=\"layoutArea\">\n<div class=\"column\">\n<p style=\"text-align: center;\">Si\u00e8ge social de l&#8217;association<\/p>\n<\/div>\n<\/div>\n<\/div>\n<\/div>\n<p>[\/vc_column_text][\/vc_column][\/vc_row][\/vc_section][vc_section full_width=&#8221;stretch_row_content&#8221;][vc_row equal_height=&#8221;yes&#8221; content_placement=&#8221;middle&#8221; el_class=&#8221;stretch-right-col&#8221;][vc_column width=&#8221;1\/2&#8243; css=&#8221;.vc_custom_1525705002925{padding-bottom: 6em !important;}&#8221;][vc_empty_space][vc_column_text el_class=&#8221;sep-top&#8221;]<strong>Le si\u00e8ge social de notre association est localis\u00e9 \u00e0 Bordeaux<\/strong>, dans l\u2019appart\u2019\u00e9cole Shamengo. C\u2019est dans cet appartement situ\u00e9 au 40 rue Bergeret \u00e0 Bordeaux que nous avons nos bureaux mais aussi que <strong>nous animons des formations.<\/strong>[\/vc_column_text][\/vc_column][vc_column width=&#8221;1\/2&#8243; css=&#8221;.vc_custom_1704825491888{background-image: url(\/\/shamengo-vps1.tetedecom.pro\/wp-content\/uploads\/2023\/07\/IMG_6885-scaled.jpeg?id=85438) !important;background-position: center !important;background-repeat: no-repeat !important;background-size: cover !important;}&#8221; el_class=&#8221;bg-align-top&#8221;][\/vc_column][\/vc_row][\/vc_section][vc_row full_width=&#8221;stretch_row&#8221; css=&#8221;.vc_custom_1528446416595{padding-top: 10px !important;padding-bottom: 63px !important;background-color: #f7f7f7 !important;}&#8221;][vc_column offset=&#8221;vc_col-lg-offset-3 vc_col-lg-6 vc_col-md-offset-3 vc_col-md-6 vc_col-sm-offset-0 vc_col-xs-12&#8243; css=&#8221;.vc_custom_1528457278787{padding-bottom: 0px !important;}&#8221;][vc_column_text]<\/p>\n<div class=\"page\" title=\"Page 2\">\n<div class=\"section\">\n<div class=\"layoutArea\">\n<div class=\"column\">\n<h2 style=\"text-align: center;\">Un lieu de vie, d\u2019apprentissage et d\u2019expe\u0301rimentation pour<\/h2>\n<\/div>\n<\/div>\n<\/div>\n<\/div>\n<p>[\/vc_column_text][\/vc_column][vc_column css_animation=&#8221;fadeIn&#8221; css=&#8221;.vc_custom_1540564760895{padding-top: 0px !important;}&#8221;]\n\n\t\t<div id=\"vc_so_categ_circles_676507\" class=\"vc_so_categ_circles \">\n\n\t\t<div class=\"vc_so_categ_circles_items\">\n\t\t\n\t\t\t<div class=\"vc_so_categ_circles_item\">\n\t\t\t<div class=\"wpb_single_image wpb_content_element vc_align_center \">\n\t\t\t<figure class=\"wpb_wrapper vc_figure\">\n\t\t\t<a href=\"https:\/\/shamengo-vps1.tetedecom.pro\/fr\/prendre-soin-de-soi\/\" target=\"_self\" class=\"vc_single_image-wrapper vc_box_rounded  vc_box_border_grey\">\n\t\t\t<img loading=\"lazy\" decoding=\"async\" width=\"300\" height=\"300\" src=\"\/\/shamengo-vps1.tetedecom.pro\/wp-content\/uploads\/2018\/02\/rond-bleu-text.png\" class=\"attachment-medium size-medium\" alt=\"\" srcset=\"\/\/shamengo-vps1.tetedecom.pro\/wp-content\/uploads\/2018\/02\/rond-bleu-text.png 300w, \/\/shamengo-vps1.tetedecom.pro\/wp-content\/uploads\/2018\/02\/rond-bleu-text-150x150.png 150w, \/\/shamengo-vps1.tetedecom.pro\/wp-content\/uploads\/2018\/02\/rond-bleu-text-180x180.png 180w\" sizes=\"(max-width: 300px) 100vw, 300px\" \/>\n\t\t\t<\/a>\n\t\t\t<\/figure>\n\t\t\t<\/div>\n\t\t\t<div class=\"wpb_text_column wpb_content_element \">\n\t\t\t<div class=\"wpb_wrapper\">\n\t\t\t<h4 style=\"text-align: center;\"><a href=\"https:\/\/shamengo-vps1.tetedecom.pro\/fr\/prendre-soin-de-soi\/\">Prendre<br> soin de soi<\/a><\/h4>\n\t\t\t<\/div>\n\t\t\t<\/div>\n\t\t\t<\/div>\n\t\t\t<div class=\"vc_so_categ_circles_item\">\n\t\t\t<div class=\"wpb_single_image wpb_content_element vc_align_center \">\n\t\t\t<figure class=\"wpb_wrapper vc_figure\">\n\t\t\t<a href=\"https:\/\/shamengo-vps1.tetedecom.pro\/fr\/creer-dans-lethique\/\" target=\"_self\" class=\"vc_single_image-wrapper vc_box_rounded  vc_box_border_grey\">\n\t\t\t<img loading=\"lazy\" decoding=\"async\" width=\"300\" height=\"300\" src=\"\/\/shamengo-vps1.tetedecom.pro\/wp-content\/uploads\/2018\/02\/rond-rose-text.png\" class=\"attachment-medium size-medium\" alt=\"\" srcset=\"\/\/shamengo-vps1.tetedecom.pro\/wp-content\/uploads\/2018\/02\/rond-rose-text.png 300w, \/\/shamengo-vps1.tetedecom.pro\/wp-content\/uploads\/2018\/02\/rond-rose-text-150x150.png 150w, \/\/shamengo-vps1.tetedecom.pro\/wp-content\/uploads\/2018\/02\/rond-rose-text-180x180.png 180w\" sizes=\"(max-width: 300px) 100vw, 300px\" \/>\n\t\t\t<\/a>\n\t\t\t<\/figure>\n\t\t\t<\/div>\n\t\t\t<div class=\"wpb_text_column wpb_content_element \">\n\t\t\t<div class=\"wpb_wrapper\">\n\t\t\t<h4 style=\"text-align: center;\"><a href=\"https:\/\/shamengo-vps1.tetedecom.pro\/fr\/creer-dans-lethique\/\">Cr\u00e9er<br> dans l'\u00e9thique<\/a><\/h4>\n\t\t\t<\/div>\n\t\t\t<\/div>\n\t\t\t<\/div>\n\t\t\t<div class=\"vc_so_categ_circles_item\">\n\t\t\t<div class=\"wpb_single_image wpb_content_element vc_align_center \">\n\t\t\t<figure class=\"wpb_wrapper vc_figure\">\n\t\t\t<a href=\"https:\/\/shamengo-vps1.tetedecom.pro\/fr\/preserver-la-planete\/\" target=\"_self\" class=\"vc_single_image-wrapper vc_box_rounded  vc_box_border_grey\">\n\t\t\t<img loading=\"lazy\" decoding=\"async\" width=\"300\" height=\"300\" src=\"\/\/shamengo-vps1.tetedecom.pro\/wp-content\/uploads\/2018\/02\/rond-vert-text.png\" class=\"attachment-medium size-medium\" alt=\"\" srcset=\"\/\/shamengo-vps1.tetedecom.pro\/wp-content\/uploads\/2018\/02\/rond-vert-text.png 300w, \/\/shamengo-vps1.tetedecom.pro\/wp-content\/uploads\/2018\/02\/rond-vert-text-150x150.png 150w, \/\/shamengo-vps1.tetedecom.pro\/wp-content\/uploads\/2018\/02\/rond-vert-text-180x180.png 180w\" sizes=\"(max-width: 300px) 100vw, 300px\" \/>\n\t\t\t<\/a>\n\t\t\t<\/figure>\n\t\t\t<\/div>\n\t\t\t<div class=\"wpb_text_column wpb_content_element \">\n\t\t\t<div class=\"wpb_wrapper\">\n\t\t\t<h4 style=\"text-align: center;\"><a href=\"https:\/\/shamengo-vps1.tetedecom.pro\/fr\/preserver-la-planete\/\">Pr\u00e9server<br> la plan\u00e8te<\/a><\/h4>\n\t\t\t<\/div>\n\t\t\t<\/div>\n\t\t\t<\/div>\n\t\t\t<div class=\"vc_so_categ_circles_item\">\n\t\t\t<div class=\"wpb_single_image wpb_content_element vc_align_center \">\n\t\t\t<figure class=\"wpb_wrapper vc_figure\">\n\t\t\t<a href=\"https:\/\/shamengo-vps1.tetedecom.pro\/fr\/sengager-pour-les-autres\/\" target=\"_self\" class=\"vc_single_image-wrapper vc_box_rounded  vc_box_border_grey\">\n\t\t\t<img loading=\"lazy\" decoding=\"async\" width=\"300\" height=\"300\" src=\"\/\/shamengo-vps1.tetedecom.pro\/wp-content\/uploads\/2018\/02\/rond-orange-text.png\" class=\"attachment-medium size-medium\" alt=\"\" srcset=\"\/\/shamengo-vps1.tetedecom.pro\/wp-content\/uploads\/2018\/02\/rond-orange-text.png 300w, \/\/shamengo-vps1.tetedecom.pro\/wp-content\/uploads\/2018\/02\/rond-orange-text-150x150.png 150w, \/\/shamengo-vps1.tetedecom.pro\/wp-content\/uploads\/2018\/02\/rond-orange-text-180x180.png 180w\" sizes=\"(max-width: 300px) 100vw, 300px\" \/>\n\t\t\t<\/a>\n\t\t\t<\/figure>\n\t\t\t<\/div>\n\t\t\t<div class=\"wpb_text_column wpb_content_element \">\n\t\t\t<div class=\"wpb_wrapper\">\n\t\t\t<h4 style=\"text-align: center;\"><a href=\"https:\/\/shamengo-vps1.tetedecom.pro\/fr\/sengager-pour-les-autres\/\">S'engager<br> pour les autres<\/a><\/h4>\n\t\t\t<\/div>\n\t\t\t<\/div>\n\t\t\t<\/div>\n\t\t<\/div>\n\n\t\t<\/div>\n\t\t[\/vc_column][\/vc_row][vc_section full_width=&#8221;stretch_row_content&#8221; css=&#8221;.vc_custom_1528445594289{padding-top: 0px !important;}&#8221;][vc_row equal_height=&#8221;yes&#8221; content_placement=&#8221;middle&#8221; el_class=&#8221;stretch-right-col&#8221;][vc_column width=&#8221;1\/2&#8243; css=&#8221;.vc_custom_1529420344904{padding-top: 2em !important;padding-bottom: 3em !important;}&#8221;][vc_column_text]<\/p>\n<div class=\"page\" title=\"Page 3\">\n<div class=\"section\">\n<div class=\"layoutArea\">\n<div class=\"column\">\n<h2>Inventer un nouveau rapport au vivant en milieu urbain<\/h2>\n<\/div>\n<\/div>\n<\/div>\n<\/div>\n<p>[\/vc_column_text][vc_column_text el_class=&#8221;sep-top&#8221;]<strong>Enfin, l&#8217;Appart&#8217;\u00c9cole est un lieu de rencontre et d&#8217;\u00e9v\u00e8nements \u00e0 petite \u00e9chelle.<\/strong>\u00a0Tous ceux qui en feront la demande pourront utiliser ce lieu de vie comme lieu de r\u00e9union, de s\u00e9minaire, de stage de retraite, &#8230;<\/p>\n<p>Y s\u00e9journer sera peut-\u00eatre le d\u00e9but d&#8217;une r\u00e9flexion sur notre lien profond avec le vivant, l&#8217;habitat et notre capacit\u00e9 \u00e0 forger notre environnement dans une direction plus d\u00e9sirable.[\/vc_column_text][\/vc_column][vc_column width=&#8221;1\/2&#8243; css=&#8221;.vc_custom_1689848039943{background-image: url(\/\/shamengo-vps1.tetedecom.pro\/wp-content\/uploads\/2023\/07\/WhatsApp-Image-2023-07-20-at-12.02.12.jpeg?id=85442) !important;background-position: center !important;background-repeat: no-repeat !important;background-size: cover !important;}&#8221; el_class=&#8221;bg-align-top&#8221;][\/vc_column][\/vc_row][\/vc_section][vc_section full_width=&#8221;stretch_row_content&#8221; el_class=&#8221;image-banner-text-box&#8221; css=&#8221;.vc_custom_1689849543514{background-image: url(\/\/shamengo-vps1.tetedecom.pro\/wp-content\/uploads\/2023\/07\/IMG_5904-scaled.jpg?id=85449) !important;background-position: center !important;background-repeat: no-repeat !important;background-size: cover !important;}&#8221;][vc_row][vc_column][vc_column_text]<\/p>\n<h2 style=\"text-align: center;\">ENVIE DE R\u00c9SERVER L&#8217;APPART&#8217;ECOLE ?<\/h2>\n<p>[\/vc_column_text][vc_btn title=&#8221;Je r\u00e9serve&#8221; color=&#8221;so-white&#8221; align=&#8221;center&#8221; link=&#8221;url:https%3A%2F%2Fshamengo-vps1.tetedecom.pro%2Ffr%2Fvilla-shamengo%2Fpourquoi-une-villa%2F|||&#8221;][\/vc_column][\/vc_row][\/vc_section]<\/p>\n","protected":false},"excerpt":{"rendered":"<p>[vc_section full_width=&#8221;stretch_row_content&#8221; el_class=&#8221;header-image-section&#8221; css=&#8221;.vc_custom_1689846946338{background-image: url(\/\/shamengo-vps1.tetedecom.pro\/wp-content\/uploads\/2023\/07\/IMG_6932-scaled.jpeg?id=85434) !important;}&#8221;][vc_row][vc_column][\/vc_column][\/vc_row][\/vc_section][vc_section css=&#8221;.vc_custom_1560416911052{margin-top: 50px !important;}&#8221;][vc_row el_id=&#8221;site-title&#8221;][vc_column][vc_column_text] L&#8217;APPART&#8217;\u00c9COLE Si\u00e8ge social de l&#8217;association [\/vc_column_text][\/vc_column][\/vc_row][\/vc_section][vc_section full_width=&#8221;stretch_row_content&#8221;][vc_row equal_height=&#8221;yes&#8221; content_placement=&#8221;middle&#8221; el_class=&#8221;stretch-right-col&#8221;][vc_column width=&#8221;1\/2&#8243; css=&#8221;.vc_custom_1525705002925{padding-bottom: 6em !important;}&#8221;][vc_empty_space][vc_column_text el_class=&#8221;sep-top&#8221;]Le si\u00e8ge social de notre association est localis\u00e9 \u00e0 Bordeaux, dans l\u2019appart\u2019\u00e9cole Shamengo. C\u2019est dans cet appartement situ\u00e9 au 40 rue Bergeret \u00e0 Bordeaux que nous avons nos bureaux mais aussi [&hellip;]<\/p>\n","protected":false},"author":12337,"featured_media":0,"parent":0,"menu_order":0,"comment_status":"closed","ping_status":"closed","template":"","meta":{"_acf_changed":false,"footnotes":""},"thematique":[],"class_list":["post-76978","page","type-page","status-publish","hentry"],"acf":{"top_page":false},"_links":{"self":[{"href":"https:\/\/shamengo-vps1.tetedecom.pro\/fr\/wp-json\/wp\/v2\/pages\/76978"}],"collection":[{"href":"https:\/\/shamengo-vps1.tetedecom.pro\/fr\/wp-json\/wp\/v2\/pages"}],"about":[{"href":"https:\/\/shamengo-vps1.tetedecom.pro\/fr\/wp-json\/wp\/v2\/types\/page"}],"author":[{"embeddable":true,"href":"https:\/\/shamengo-vps1.tetedecom.pro\/fr\/wp-json\/wp\/v2\/users\/12337"}],"replies":[{"embeddable":true,"href":"https:\/\/shamengo-vps1.tetedecom.pro\/fr\/wp-json\/wp\/v2\/comments?post=76978"}],"version-history":[{"count":15,"href":"https:\/\/shamengo-vps1.tetedecom.pro\/fr\/wp-json\/wp\/v2\/pages\/76978\/revisions"}],"predecessor-version":[{"id":88109,"href":"https:\/\/shamengo-vps1.tetedecom.pro\/fr\/wp-json\/wp\/v2\/pages\/76978\/revisions\/88109"}],"wp:attachment":[{"href":"https:\/\/shamengo-vps1.tetedecom.pro\/fr\/wp-json\/wp\/v2\/media?parent=76978"}],"wp:term":[{"taxonomy":"thematique","embeddable":true,"href":"https:\/\/shamengo-vps1.tetedecom.pro\/fr\/wp-json\/wp\/v2\/thematique?post=76978"}],"curies":[{"name":"wp","href":"https:\/\/api.w.org\/{rel}","templated":true}]}}