{"id":77008,"date":"2022-10-26T14:13:54","date_gmt":"2022-10-26T13:13:54","guid":{"rendered":"https:\/\/shamengo-vps1.tetedecom.pro\/?page_id=77008"},"modified":"2024-01-22T12:52:10","modified_gmt":"2024-01-22T11:52:10","slug":"maison-ecole","status":"publish","type":"page","link":"https:\/\/shamengo-vps1.tetedecom.pro\/fr\/maison-ecole\/","title":{"rendered":"Maison \u00c9cole"},"content":{"rendered":"<p>[vc_section full_width=&#8221;stretch_row_content&#8221; el_class=&#8221;header-image-section&#8221; css=&#8221;.vc_custom_1705575801652{background-image: url(\/\/shamengo-vps1.tetedecom.pro\/wp-content\/uploads\/2024\/01\/Maison-Ecole-Visuel.png?id=88202) !important;}&#8221;][vc_row][vc_column][\/vc_column][\/vc_row][\/vc_section][vc_section css=&#8221;.vc_custom_1560416911052{margin-top: 50px !important;}&#8221;][vc_row el_id=&#8221;site-title&#8221;][vc_column][vc_column_text]<\/p>\n<div class=\"page\" title=\"Page 2\">\n<div class=\"section\">\n<div class=\"layoutArea\">\n<div class=\"column\">\n<h1 style=\"text-align: center;\">LA MAISON \u00c9COLE<\/h1>\n<\/div>\n<\/div>\n<\/div>\n<\/div>\n<p>[\/vc_column_text][\/vc_column][\/vc_row][\/vc_section][vc_section full_width=&#8221;stretch_row_content&#8221;][vc_row equal_height=&#8221;yes&#8221; content_placement=&#8221;middle&#8221; el_class=&#8221;stretch-right-col&#8221;][vc_column css=&#8221;.vc_custom_1525705002925{padding-bottom: 6em !important;}&#8221;][vc_column_text el_class=&#8221;sep-top&#8221;]<\/p>\n<p style=\"font-weight: 400; text-align: center;\">Apr\u00e8s avoir \u00e9cor\u00e9nov\u00e9 l\u2019appart\u2019\u00e9cole de 100 m2 situ\u00e9 au c\u0153ur de Bordeaux avec plus d\u2019une vingtaine d\u2019innovations de pionniers, nous avons d\u00e9cid\u00e9 d\u2019agrandir notre \u00ab\u00a0salle de classe pas comme les autres\u00a0\u00bb en nous lan\u00e7ant un nouveau d\u00e9fi\u00a0: \u00e9cor\u00e9nover une vieille b\u00e2tisse de 400 m2 en p\u00e9riph\u00e9rie de Bordeaux, \u00e0 Latresne le long de la Garonne, pour en faire une maison\u2019\u00e9cole Shamengo et permettre d\u2019accueillir encore plus de personnes pour nos formations.<\/p>\n<p>[\/vc_column_text][\/vc_column][\/vc_row][\/vc_section][vc_row full_width=&#8221;stretch_row&#8221; css=&#8221;.vc_custom_1528446416595{padding-top: 10px !important;padding-bottom: 63px !important;background-color: #f7f7f7 !important;}&#8221;][vc_column offset=&#8221;vc_col-lg-offset-3 vc_col-lg-6 vc_col-md-offset-3 vc_col-md-6 vc_col-sm-offset-0 vc_col-xs-12&#8243; css=&#8221;.vc_custom_1528457278787{padding-bottom: 0px !important;}&#8221;][vc_column_text]<\/p>\n<div class=\"page\" title=\"Page 2\">\n<div class=\"section\">\n<div class=\"layoutArea\">\n<div class=\"column\">\n<h2 style=\"text-align: center;\">Un lieu de vie, d\u2019apprentissage et d\u2019expe\u0301rimentation pour<\/h2>\n<\/div>\n<\/div>\n<\/div>\n<\/div>\n<p>[\/vc_column_text][\/vc_column][vc_column css_animation=&#8221;fadeIn&#8221; css=&#8221;.vc_custom_1540564760895{padding-top: 0px !important;}&#8221;]\n\n\t\t<div id=\"vc_so_categ_circles_485022\" class=\"vc_so_categ_circles \">\n\n\t\t<div class=\"vc_so_categ_circles_items\">\n\t\t\n\t\t\t<div class=\"vc_so_categ_circles_item\">\n\t\t\t<div class=\"wpb_single_image wpb_content_element vc_align_center \">\n\t\t\t<figure class=\"wpb_wrapper vc_figure\">\n\t\t\t<a href=\"https:\/\/shamengo-vps1.tetedecom.pro\/fr\/prendre-soin-de-soi\/\" target=\"_self\" class=\"vc_single_image-wrapper vc_box_rounded  vc_box_border_grey\">\n\t\t\t<img loading=\"lazy\" decoding=\"async\" width=\"300\" height=\"300\" src=\"\/\/shamengo-vps1.tetedecom.pro\/wp-content\/uploads\/2018\/02\/rond-bleu-text.png\" class=\"attachment-medium size-medium\" alt=\"\" srcset=\"\/\/shamengo-vps1.tetedecom.pro\/wp-content\/uploads\/2018\/02\/rond-bleu-text.png 300w, \/\/shamengo-vps1.tetedecom.pro\/wp-content\/uploads\/2018\/02\/rond-bleu-text-150x150.png 150w, \/\/shamengo-vps1.tetedecom.pro\/wp-content\/uploads\/2018\/02\/rond-bleu-text-180x180.png 180w\" sizes=\"(max-width: 300px) 100vw, 300px\" \/>\n\t\t\t<\/a>\n\t\t\t<\/figure>\n\t\t\t<\/div>\n\t\t\t<div class=\"wpb_text_column wpb_content_element \">\n\t\t\t<div class=\"wpb_wrapper\">\n\t\t\t<h4 style=\"text-align: center;\"><a href=\"https:\/\/shamengo-vps1.tetedecom.pro\/fr\/prendre-soin-de-soi\/\">Prendre<br> soin de soi<\/a><\/h4>\n\t\t\t<\/div>\n\t\t\t<\/div>\n\t\t\t<\/div>\n\t\t\t<div class=\"vc_so_categ_circles_item\">\n\t\t\t<div class=\"wpb_single_image wpb_content_element vc_align_center \">\n\t\t\t<figure class=\"wpb_wrapper vc_figure\">\n\t\t\t<a href=\"https:\/\/shamengo-vps1.tetedecom.pro\/fr\/creer-dans-lethique\/\" target=\"_self\" class=\"vc_single_image-wrapper vc_box_rounded  vc_box_border_grey\">\n\t\t\t<img loading=\"lazy\" decoding=\"async\" width=\"300\" height=\"300\" src=\"\/\/shamengo-vps1.tetedecom.pro\/wp-content\/uploads\/2018\/02\/rond-rose-text.png\" class=\"attachment-medium size-medium\" alt=\"\" srcset=\"\/\/shamengo-vps1.tetedecom.pro\/wp-content\/uploads\/2018\/02\/rond-rose-text.png 300w, \/\/shamengo-vps1.tetedecom.pro\/wp-content\/uploads\/2018\/02\/rond-rose-text-150x150.png 150w, \/\/shamengo-vps1.tetedecom.pro\/wp-content\/uploads\/2018\/02\/rond-rose-text-180x180.png 180w\" sizes=\"(max-width: 300px) 100vw, 300px\" \/>\n\t\t\t<\/a>\n\t\t\t<\/figure>\n\t\t\t<\/div>\n\t\t\t<div class=\"wpb_text_column wpb_content_element \">\n\t\t\t<div class=\"wpb_wrapper\">\n\t\t\t<h4 style=\"text-align: center;\"><a href=\"https:\/\/shamengo-vps1.tetedecom.pro\/fr\/creer-dans-lethique\/\">Cr\u00e9er<br> dans l'\u00e9thique<\/a><\/h4>\n\t\t\t<\/div>\n\t\t\t<\/div>\n\t\t\t<\/div>\n\t\t\t<div class=\"vc_so_categ_circles_item\">\n\t\t\t<div class=\"wpb_single_image wpb_content_element vc_align_center \">\n\t\t\t<figure class=\"wpb_wrapper vc_figure\">\n\t\t\t<a href=\"https:\/\/shamengo-vps1.tetedecom.pro\/fr\/preserver-la-planete\/\" target=\"_self\" class=\"vc_single_image-wrapper vc_box_rounded  vc_box_border_grey\">\n\t\t\t<img loading=\"lazy\" decoding=\"async\" width=\"300\" height=\"300\" src=\"\/\/shamengo-vps1.tetedecom.pro\/wp-content\/uploads\/2018\/02\/rond-vert-text.png\" class=\"attachment-medium size-medium\" alt=\"\" srcset=\"\/\/shamengo-vps1.tetedecom.pro\/wp-content\/uploads\/2018\/02\/rond-vert-text.png 300w, \/\/shamengo-vps1.tetedecom.pro\/wp-content\/uploads\/2018\/02\/rond-vert-text-150x150.png 150w, \/\/shamengo-vps1.tetedecom.pro\/wp-content\/uploads\/2018\/02\/rond-vert-text-180x180.png 180w\" sizes=\"(max-width: 300px) 100vw, 300px\" \/>\n\t\t\t<\/a>\n\t\t\t<\/figure>\n\t\t\t<\/div>\n\t\t\t<div class=\"wpb_text_column wpb_content_element \">\n\t\t\t<div class=\"wpb_wrapper\">\n\t\t\t<h4 style=\"text-align: center;\"><a href=\"https:\/\/shamengo-vps1.tetedecom.pro\/fr\/preserver-la-planete\/\">Pr\u00e9server<br> la plan\u00e8te<\/a><\/h4>\n\t\t\t<\/div>\n\t\t\t<\/div>\n\t\t\t<\/div>\n\t\t\t<div class=\"vc_so_categ_circles_item\">\n\t\t\t<div class=\"wpb_single_image wpb_content_element vc_align_center \">\n\t\t\t<figure class=\"wpb_wrapper vc_figure\">\n\t\t\t<a href=\"https:\/\/shamengo-vps1.tetedecom.pro\/fr\/sengager-pour-les-autres\/\" target=\"_self\" class=\"vc_single_image-wrapper vc_box_rounded  vc_box_border_grey\">\n\t\t\t<img loading=\"lazy\" decoding=\"async\" width=\"300\" height=\"300\" src=\"\/\/shamengo-vps1.tetedecom.pro\/wp-content\/uploads\/2018\/02\/rond-orange-text.png\" class=\"attachment-medium size-medium\" alt=\"\" srcset=\"\/\/shamengo-vps1.tetedecom.pro\/wp-content\/uploads\/2018\/02\/rond-orange-text.png 300w, \/\/shamengo-vps1.tetedecom.pro\/wp-content\/uploads\/2018\/02\/rond-orange-text-150x150.png 150w, \/\/shamengo-vps1.tetedecom.pro\/wp-content\/uploads\/2018\/02\/rond-orange-text-180x180.png 180w\" sizes=\"(max-width: 300px) 100vw, 300px\" \/>\n\t\t\t<\/a>\n\t\t\t<\/figure>\n\t\t\t<\/div>\n\t\t\t<div class=\"wpb_text_column wpb_content_element \">\n\t\t\t<div class=\"wpb_wrapper\">\n\t\t\t<h4 style=\"text-align: center;\"><a href=\"https:\/\/shamengo-vps1.tetedecom.pro\/fr\/sengager-pour-les-autres\/\">S'engager<br> pour les autres<\/a><\/h4>\n\t\t\t<\/div>\n\t\t\t<\/div>\n\t\t\t<\/div>\n\t\t<\/div>\n\n\t\t<\/div>\n\t\t[\/vc_column][\/vc_row][vc_row][vc_column]\n\n\t\t<div id=\"vc_so_categ_circles_310923\" class=\"vc_so_categ_circles \">\n\n\t\t<div class=\"vc_so_categ_circles_items\">\n\t\t\n\t\t\t<div class=\"vc_so_categ_circles_item\">\n\t\t\t<div class=\"wpb_single_image wpb_content_element vc_align_center \">\n\t\t\t<figure class=\"wpb_wrapper vc_figure\">\n\t\t\t<a href=\"https:\/\/shamengo-vps1.tetedecom.pro\/fr\/prendre-soin-de-soi\/\" target=\"_self\" class=\"vc_single_image-wrapper vc_box_rounded  vc_box_border_grey\">\n\t\t\t<img loading=\"lazy\" decoding=\"async\" width=\"300\" height=\"300\" src=\"\/\/shamengo-vps1.tetedecom.pro\/wp-content\/uploads\/2018\/02\/rond-bleu-text.png\" class=\"attachment-medium size-medium\" alt=\"\" srcset=\"\/\/shamengo-vps1.tetedecom.pro\/wp-content\/uploads\/2018\/02\/rond-bleu-text.png 300w, \/\/shamengo-vps1.tetedecom.pro\/wp-content\/uploads\/2018\/02\/rond-bleu-text-150x150.png 150w, \/\/shamengo-vps1.tetedecom.pro\/wp-content\/uploads\/2018\/02\/rond-bleu-text-180x180.png 180w\" sizes=\"(max-width: 300px) 100vw, 300px\" \/>\n\t\t\t<\/a>\n\t\t\t<\/figure>\n\t\t\t<\/div>\n\t\t\t<div class=\"wpb_text_column wpb_content_element \">\n\t\t\t<div class=\"wpb_wrapper\">\n\t\t\t<h4 style=\"text-align: center;\"><a href=\"https:\/\/shamengo-vps1.tetedecom.pro\/fr\/prendre-soin-de-soi\/\">Prendre<br> soin de soi<\/a><\/h4>\n\t\t\t<\/div>\n\t\t\t<\/div>\n\t\t\t<\/div>\n\t\t\t<div class=\"vc_so_categ_circles_item\">\n\t\t\t<div class=\"wpb_single_image wpb_content_element vc_align_center \">\n\t\t\t<figure class=\"wpb_wrapper vc_figure\">\n\t\t\t<a href=\"https:\/\/shamengo-vps1.tetedecom.pro\/fr\/creer-dans-lethique\/\" target=\"_self\" class=\"vc_single_image-wrapper vc_box_rounded  vc_box_border_grey\">\n\t\t\t<img loading=\"lazy\" decoding=\"async\" width=\"300\" height=\"300\" src=\"\/\/shamengo-vps1.tetedecom.pro\/wp-content\/uploads\/2018\/02\/rond-rose-text.png\" class=\"attachment-medium size-medium\" alt=\"\" srcset=\"\/\/shamengo-vps1.tetedecom.pro\/wp-content\/uploads\/2018\/02\/rond-rose-text.png 300w, \/\/shamengo-vps1.tetedecom.pro\/wp-content\/uploads\/2018\/02\/rond-rose-text-150x150.png 150w, \/\/shamengo-vps1.tetedecom.pro\/wp-content\/uploads\/2018\/02\/rond-rose-text-180x180.png 180w\" sizes=\"(max-width: 300px) 100vw, 300px\" \/>\n\t\t\t<\/a>\n\t\t\t<\/figure>\n\t\t\t<\/div>\n\t\t\t<div class=\"wpb_text_column wpb_content_element \">\n\t\t\t<div class=\"wpb_wrapper\">\n\t\t\t<h4 style=\"text-align: center;\"><a href=\"https:\/\/shamengo-vps1.tetedecom.pro\/fr\/creer-dans-lethique\/\">Cr\u00e9er<br> dans l'\u00e9thique<\/a><\/h4>\n\t\t\t<\/div>\n\t\t\t<\/div>\n\t\t\t<\/div>\n\t\t\t<div class=\"vc_so_categ_circles_item\">\n\t\t\t<div class=\"wpb_single_image wpb_content_element vc_align_center \">\n\t\t\t<figure class=\"wpb_wrapper vc_figure\">\n\t\t\t<a href=\"https:\/\/shamengo-vps1.tetedecom.pro\/fr\/preserver-la-planete\/\" target=\"_self\" class=\"vc_single_image-wrapper vc_box_rounded  vc_box_border_grey\">\n\t\t\t<img loading=\"lazy\" decoding=\"async\" width=\"300\" height=\"300\" src=\"\/\/shamengo-vps1.tetedecom.pro\/wp-content\/uploads\/2018\/02\/rond-vert-text.png\" class=\"attachment-medium size-medium\" alt=\"\" srcset=\"\/\/shamengo-vps1.tetedecom.pro\/wp-content\/uploads\/2018\/02\/rond-vert-text.png 300w, \/\/shamengo-vps1.tetedecom.pro\/wp-content\/uploads\/2018\/02\/rond-vert-text-150x150.png 150w, \/\/shamengo-vps1.tetedecom.pro\/wp-content\/uploads\/2018\/02\/rond-vert-text-180x180.png 180w\" sizes=\"(max-width: 300px) 100vw, 300px\" \/>\n\t\t\t<\/a>\n\t\t\t<\/figure>\n\t\t\t<\/div>\n\t\t\t<div class=\"wpb_text_column wpb_content_element \">\n\t\t\t<div class=\"wpb_wrapper\">\n\t\t\t<h4 style=\"text-align: center;\"><a href=\"https:\/\/shamengo-vps1.tetedecom.pro\/fr\/preserver-la-planete\/\">Pr\u00e9server<br> la plan\u00e8te<\/a><\/h4>\n\t\t\t<\/div>\n\t\t\t<\/div>\n\t\t\t<\/div>\n\t\t\t<div class=\"vc_so_categ_circles_item\">\n\t\t\t<div class=\"wpb_single_image wpb_content_element vc_align_center \">\n\t\t\t<figure class=\"wpb_wrapper vc_figure\">\n\t\t\t<a href=\"https:\/\/shamengo-vps1.tetedecom.pro\/fr\/sengager-pour-les-autres\/\" target=\"_self\" class=\"vc_single_image-wrapper vc_box_rounded  vc_box_border_grey\">\n\t\t\t<img loading=\"lazy\" decoding=\"async\" width=\"300\" height=\"300\" src=\"\/\/shamengo-vps1.tetedecom.pro\/wp-content\/uploads\/2018\/02\/rond-orange-text.png\" class=\"attachment-medium size-medium\" alt=\"\" srcset=\"\/\/shamengo-vps1.tetedecom.pro\/wp-content\/uploads\/2018\/02\/rond-orange-text.png 300w, \/\/shamengo-vps1.tetedecom.pro\/wp-content\/uploads\/2018\/02\/rond-orange-text-150x150.png 150w, \/\/shamengo-vps1.tetedecom.pro\/wp-content\/uploads\/2018\/02\/rond-orange-text-180x180.png 180w\" sizes=\"(max-width: 300px) 100vw, 300px\" \/>\n\t\t\t<\/a>\n\t\t\t<\/figure>\n\t\t\t<\/div>\n\t\t\t<div class=\"wpb_text_column wpb_content_element \">\n\t\t\t<div class=\"wpb_wrapper\">\n\t\t\t<h4 style=\"text-align: center;\"><a href=\"https:\/\/shamengo-vps1.tetedecom.pro\/fr\/sengager-pour-les-autres\/\">S'engager<br> pour les autres<\/a><\/h4>\n\t\t\t<\/div>\n\t\t\t<\/div>\n\t\t\t<\/div>\n\t\t<\/div>\n\n\t\t<\/div>\n\t\t[vc_row_inner][vc_column_inner][vc_video link=&#8221;https:\/\/youtu.be\/DkOYGBXJpgU&#8221; align=&#8221;center&#8221; css_animation=&#8221;none&#8221;][\/vc_column_inner][\/vc_row_inner][\/vc_column][\/vc_row][vc_section full_width=&#8221;stretch_row_content&#8221; el_class=&#8221;image-banner-text-box cta-soutenir-shamengo&#8221; css=&#8221;.vc_custom_1570200008113{background-image: url(\/\/shamengo-vps1.tetedecom.pro\/wp-content\/uploads\/2019\/09\/CTA-Dons_villa_lounge-zoom.jpg?id=50150) !important;background-position: center !important;background-repeat: no-repeat !important;background-size: cover !important;}&#8221;][vc_row][vc_column][vc_column_text]<\/p>\n<h2 style=\"text-align: center; margin-bottom: 10px;\"><img loading=\"lazy\" decoding=\"async\" class=\"aligncenter wp-image-37745\" src=\"\/\/shamengo-vps1.tetedecom.pro\/wp-content\/uploads\/2018\/08\/don.png\" alt=\"\" width=\"90\" height=\"78\" \/><\/h2>\n<h2 style=\"text-align: center;\">JE SOUTIENS SHAMENGO<\/h2>\n<h3 style=\"text-align: center;\">Votre don est pr\u00e9cieux. Il nous permettra de continuer cette incroyable aventure.<\/h3>\n<p>[\/vc_column_text][vc_btn title=&#8221;EN SAVOIR PLUS&#8221; color=&#8221;so-white&#8221; align=&#8221;center&#8221; link=&#8221;url:https%3A%2F%2Fwww.helloasso.com%2Fassociations%2Fecole-shamengo%2Fformulaires%2F2&#8243;][\/vc_column][\/vc_row][\/vc_section]<\/p>\n","protected":false},"excerpt":{"rendered":"<p>[vc_section full_width=&#8221;stretch_row_content&#8221; el_class=&#8221;header-image-section&#8221; css=&#8221;.vc_custom_1705575801652{background-image: url(\/\/shamengo-vps1.tetedecom.pro\/wp-content\/uploads\/2024\/01\/Maison-Ecole-Visuel.png?id=88202) !important;}&#8221;][vc_row][vc_column][\/vc_column][\/vc_row][\/vc_section][vc_section css=&#8221;.vc_custom_1560416911052{margin-top: 50px !important;}&#8221;][vc_row el_id=&#8221;site-title&#8221;][vc_column][vc_column_text] LA MAISON \u00c9COLE [\/vc_column_text][\/vc_column][\/vc_row][\/vc_section][vc_section full_width=&#8221;stretch_row_content&#8221;][vc_row equal_height=&#8221;yes&#8221; content_placement=&#8221;middle&#8221; el_class=&#8221;stretch-right-col&#8221;][vc_column css=&#8221;.vc_custom_1525705002925{padding-bottom: 6em !important;}&#8221;][vc_column_text el_class=&#8221;sep-top&#8221;] Apr\u00e8s avoir \u00e9cor\u00e9nov\u00e9 l\u2019appart\u2019\u00e9cole de 100 m2 situ\u00e9 au c\u0153ur de Bordeaux avec plus d\u2019une vingtaine d\u2019innovations de pionniers, nous avons d\u00e9cid\u00e9 d\u2019agrandir notre \u00ab\u00a0salle de classe pas comme les autres\u00a0\u00bb en nous [&hellip;]<\/p>\n","protected":false},"author":12337,"featured_media":0,"parent":0,"menu_order":0,"comment_status":"closed","ping_status":"closed","template":"","meta":{"_acf_changed":false,"footnotes":""},"thematique":[],"class_list":["post-77008","page","type-page","status-publish","hentry"],"acf":{"top_page":false},"_links":{"self":[{"href":"https:\/\/shamengo-vps1.tetedecom.pro\/fr\/wp-json\/wp\/v2\/pages\/77008"}],"collection":[{"href":"https:\/\/shamengo-vps1.tetedecom.pro\/fr\/wp-json\/wp\/v2\/pages"}],"about":[{"href":"https:\/\/shamengo-vps1.tetedecom.pro\/fr\/wp-json\/wp\/v2\/types\/page"}],"author":[{"embeddable":true,"href":"https:\/\/shamengo-vps1.tetedecom.pro\/fr\/wp-json\/wp\/v2\/users\/12337"}],"replies":[{"embeddable":true,"href":"https:\/\/shamengo-vps1.tetedecom.pro\/fr\/wp-json\/wp\/v2\/comments?post=77008"}],"version-history":[{"count":10,"href":"https:\/\/shamengo-vps1.tetedecom.pro\/fr\/wp-json\/wp\/v2\/pages\/77008\/revisions"}],"predecessor-version":[{"id":88295,"href":"https:\/\/shamengo-vps1.tetedecom.pro\/fr\/wp-json\/wp\/v2\/pages\/77008\/revisions\/88295"}],"wp:attachment":[{"href":"https:\/\/shamengo-vps1.tetedecom.pro\/fr\/wp-json\/wp\/v2\/media?parent=77008"}],"wp:term":[{"taxonomy":"thematique","embeddable":true,"href":"https:\/\/shamengo-vps1.tetedecom.pro\/fr\/wp-json\/wp\/v2\/thematique?post=77008"}],"curies":[{"name":"wp","href":"https:\/\/api.w.org\/{rel}","templated":true}]}}