{"id":80607,"date":"2023-01-20T10:51:49","date_gmt":"2023-01-20T09:51:49","guid":{"rendered":"https:\/\/shamengo-vps1.tetedecom.pro\/?page_id=80607"},"modified":"2024-03-05T10:41:37","modified_gmt":"2024-03-05T09:41:37","slug":"association","status":"publish","type":"page","link":"https:\/\/shamengo-vps1.tetedecom.pro\/fr\/association\/","title":{"rendered":"Association"},"content":{"rendered":"<p>[vc_section][vc_row][vc_column][smartslider3 slider=&#8221;34&#8243;][\/vc_column][\/vc_row][\/vc_section][vc_row el_id=&#8221;site-title&#8221;][vc_column][vc_column_text]<\/p>\n<h1 style=\"text-align: center;\">L&#8217;\u00c9COLE SHAMENGO<\/h1>\n<p style=\"text-align: center;\">Nous vous accompagnons dans votre vie pro et perso pour rendre vos modes de production et de consommation plus durables<\/p>\n<p>[\/vc_column_text][\/vc_column][\/vc_row][vc_section css=&#8221;.vc_custom_1529420954393{margin-top: 50px !important;}&#8221;][vc_row][vc_column][vc_column_text css=&#8221;.vc_custom_1690296073583{margin-bottom: 1em !important;}&#8221;]<\/p>\n<h2 style=\"text-align: center;\">Nos valeurs<\/h2>\n<p>[\/vc_column_text][\/vc_column][\/vc_row][vc_row][vc_column css_animation=&#8221;fadeIn&#8221;][vc_column_text]\n\n\t\t<div id=\"vc_so_categ_circles_819811\" class=\"vc_so_categ_circles  vc_custom_1540565136138\">\n\n\t\t<div class=\"vc_so_categ_circles_items\">\n\t\t\n\t\t\t<div class=\"vc_so_categ_circles_item\">\n\t\t\t<div class=\"wpb_single_image wpb_content_element vc_align_center \">\n\t\t\t<figure class=\"wpb_wrapper vc_figure\">\n\t\t\t<a href=\"https:\/\/shamengo-vps1.tetedecom.pro\/fr\/prendre-soin-de-soi\/\" target=\"_self\" class=\"vc_single_image-wrapper vc_box_rounded  vc_box_border_grey\">\n\t\t\t<img loading=\"lazy\" decoding=\"async\" width=\"300\" height=\"300\" src=\"\/\/shamengo-vps1.tetedecom.pro\/wp-content\/uploads\/2018\/02\/rond-bleu-text.png\" class=\"attachment-medium size-medium\" alt=\"\" srcset=\"\/\/shamengo-vps1.tetedecom.pro\/wp-content\/uploads\/2018\/02\/rond-bleu-text.png 300w, \/\/shamengo-vps1.tetedecom.pro\/wp-content\/uploads\/2018\/02\/rond-bleu-text-150x150.png 150w, \/\/shamengo-vps1.tetedecom.pro\/wp-content\/uploads\/2018\/02\/rond-bleu-text-180x180.png 180w\" sizes=\"(max-width: 300px) 100vw, 300px\" \/>\n\t\t\t<\/a>\n\t\t\t<\/figure>\n\t\t\t<\/div>\n\t\t\t<div class=\"wpb_text_column wpb_content_element \">\n\t\t\t<div class=\"wpb_wrapper\">\n\t\t\t<h4 style=\"text-align: center;\"><a href=\"https:\/\/shamengo-vps1.tetedecom.pro\/fr\/prendre-soin-de-soi\/\">Prendre<br> soin de soi<\/a><\/h4>\n\t\t\t<\/div>\n\t\t\t<\/div>\n\t\t\t<\/div>\n\t\t\t<div class=\"vc_so_categ_circles_item\">\n\t\t\t<div class=\"wpb_single_image wpb_content_element vc_align_center \">\n\t\t\t<figure class=\"wpb_wrapper vc_figure\">\n\t\t\t<a href=\"https:\/\/shamengo-vps1.tetedecom.pro\/fr\/creer-dans-lethique\/\" target=\"_self\" class=\"vc_single_image-wrapper vc_box_rounded  vc_box_border_grey\">\n\t\t\t<img loading=\"lazy\" decoding=\"async\" width=\"300\" height=\"300\" src=\"\/\/shamengo-vps1.tetedecom.pro\/wp-content\/uploads\/2018\/02\/rond-rose-text.png\" class=\"attachment-medium size-medium\" alt=\"\" srcset=\"\/\/shamengo-vps1.tetedecom.pro\/wp-content\/uploads\/2018\/02\/rond-rose-text.png 300w, \/\/shamengo-vps1.tetedecom.pro\/wp-content\/uploads\/2018\/02\/rond-rose-text-150x150.png 150w, \/\/shamengo-vps1.tetedecom.pro\/wp-content\/uploads\/2018\/02\/rond-rose-text-180x180.png 180w\" sizes=\"(max-width: 300px) 100vw, 300px\" \/>\n\t\t\t<\/a>\n\t\t\t<\/figure>\n\t\t\t<\/div>\n\t\t\t<div class=\"wpb_text_column wpb_content_element \">\n\t\t\t<div class=\"wpb_wrapper\">\n\t\t\t<h4 style=\"text-align: center;\"><a href=\"https:\/\/shamengo-vps1.tetedecom.pro\/fr\/creer-dans-lethique\/\">Cr\u00e9er<br> dans l'\u00e9thique<\/a><\/h4>\n\t\t\t<\/div>\n\t\t\t<\/div>\n\t\t\t<\/div>\n\t\t\t<div class=\"vc_so_categ_circles_item\">\n\t\t\t<div class=\"wpb_single_image wpb_content_element vc_align_center \">\n\t\t\t<figure class=\"wpb_wrapper vc_figure\">\n\t\t\t<a href=\"https:\/\/shamengo-vps1.tetedecom.pro\/fr\/preserver-la-planete\/\" target=\"_self\" class=\"vc_single_image-wrapper vc_box_rounded  vc_box_border_grey\">\n\t\t\t<img loading=\"lazy\" decoding=\"async\" width=\"300\" height=\"300\" src=\"\/\/shamengo-vps1.tetedecom.pro\/wp-content\/uploads\/2018\/02\/rond-vert-text.png\" class=\"attachment-medium size-medium\" alt=\"\" srcset=\"\/\/shamengo-vps1.tetedecom.pro\/wp-content\/uploads\/2018\/02\/rond-vert-text.png 300w, \/\/shamengo-vps1.tetedecom.pro\/wp-content\/uploads\/2018\/02\/rond-vert-text-150x150.png 150w, \/\/shamengo-vps1.tetedecom.pro\/wp-content\/uploads\/2018\/02\/rond-vert-text-180x180.png 180w\" sizes=\"(max-width: 300px) 100vw, 300px\" \/>\n\t\t\t<\/a>\n\t\t\t<\/figure>\n\t\t\t<\/div>\n\t\t\t<div class=\"wpb_text_column wpb_content_element \">\n\t\t\t<div class=\"wpb_wrapper\">\n\t\t\t<h4 style=\"text-align: center;\"><a href=\"https:\/\/shamengo-vps1.tetedecom.pro\/fr\/preserver-la-planete\/\">Pr\u00e9server<br> la plan\u00e8te<\/a><\/h4>\n\t\t\t<\/div>\n\t\t\t<\/div>\n\t\t\t<\/div>\n\t\t\t<div class=\"vc_so_categ_circles_item\">\n\t\t\t<div class=\"wpb_single_image wpb_content_element vc_align_center \">\n\t\t\t<figure class=\"wpb_wrapper vc_figure\">\n\t\t\t<a href=\"https:\/\/shamengo-vps1.tetedecom.pro\/fr\/sengager-pour-les-autres\/\" target=\"_self\" class=\"vc_single_image-wrapper vc_box_rounded  vc_box_border_grey\">\n\t\t\t<img loading=\"lazy\" decoding=\"async\" width=\"300\" height=\"300\" src=\"\/\/shamengo-vps1.tetedecom.pro\/wp-content\/uploads\/2018\/02\/rond-orange-text.png\" class=\"attachment-medium size-medium\" alt=\"\" srcset=\"\/\/shamengo-vps1.tetedecom.pro\/wp-content\/uploads\/2018\/02\/rond-orange-text.png 300w, \/\/shamengo-vps1.tetedecom.pro\/wp-content\/uploads\/2018\/02\/rond-orange-text-150x150.png 150w, \/\/shamengo-vps1.tetedecom.pro\/wp-content\/uploads\/2018\/02\/rond-orange-text-180x180.png 180w\" sizes=\"(max-width: 300px) 100vw, 300px\" \/>\n\t\t\t<\/a>\n\t\t\t<\/figure>\n\t\t\t<\/div>\n\t\t\t<div class=\"wpb_text_column wpb_content_element \">\n\t\t\t<div class=\"wpb_wrapper\">\n\t\t\t<h4 style=\"text-align: center;\"><a href=\"https:\/\/shamengo-vps1.tetedecom.pro\/fr\/sengager-pour-les-autres\/\">S'engager<br> pour les autres<\/a><\/h4>\n\t\t\t<\/div>\n\t\t\t<\/div>\n\t\t\t<\/div>\n\t\t<\/div>\n\n\t\t<\/div>\n\t\t[\/vc_column_text][\/vc_column][\/vc_row][\/vc_section][vc_section full_width=&#8221;stretch_row&#8221; el_id=&#8221;thematics-section&#8221; css=&#8221;.vc_custom_1525699249494{background-color: #f7f7f7 !important;}&#8221;][vc_row][vc_column][smartslider3 slider=&#8221;56&#8243;][\/vc_column][\/vc_row][\/vc_section][vc_section full_width=&#8221;stretch_row_content&#8221;][vc_row equal_height=&#8221;yes&#8221; content_placement=&#8221;top&#8221; el_class=&#8221;stretch-right-col&#8221;][vc_column width=&#8221;1\/2&#8243; css=&#8221;.vc_custom_1525705002925{padding-bottom: 6em !important;}&#8221;][vc_column_text]<\/p>\n<h2><\/h2>\n<h2>Le pari d&#8217;une approche syst\u00e9mique et ludique !<\/h2>\n<p>[\/vc_column_text][vc_column_text el_class=&#8221;sep-top&#8221;]L&#8217;association \u00c9cole Shamengo est une association d&#8217;int\u00e9r\u00eat g\u00e9n\u00e9ral qui d\u00e9veloppe des modules p\u00e9dagogiques \u00e0 la transition \u00e9cologique en s&#8217;appuyant sur l&#8217;innovation durable.[\/vc_column_text][vc_tta_accordion][vc_tta_section title=&#8221;Une rigueur journalistique&#8221; tab_id=&#8221;1690456822620-c77fb415-22c6&#8243;][vc_column_text]L&#8217;association d\u00e9veloppe des <strong>parcours p\u00e9dagogiques \u00e0 la transition \u00e9cologique<\/strong> qui\u00a0pr\u00e9sente les enjeux \u00e0 relever en mati\u00e8re de sant\u00e9, d&#8217;emploi, d&#8217;environnement et de solidarit\u00e9, de mani\u00e8re vivante et document\u00e9e\u00a0en s&#8217;appuyant sur les <strong>innovations durables<\/strong>\u00a0r\u00e9pertori\u00e9es par ses \u00e9quipes dans le monde entier.[\/vc_column_text][\/vc_tta_section][vc_tta_section title=&#8221;Promouvoir une \u00e9conomie respectant les principes du vivant&#8221; tab_id=&#8221;1697468785931-ae64fcdc-f589&#8243;][vc_column_text]Nous souhaitons d\u00e9velopper et <strong>promouvoir une \u00e9conomie<\/strong> respectant les principes du vivant en formant pas \u00e0 pas les consommateurs, les producteurs et les r\u00e9gulateurs <strong>\u00e0 travers 8 activit\u00e9s de la vie quotidienne<\/strong> : se nourrir, se loger, s\u2019habiller, se soigner, se d\u00e9placer, communiquer, se divertir et s\u2019entraider.[\/vc_column_text][\/vc_tta_section][vc_tta_section title=&#8221;Une approche syst\u00e9mique&#8221; tab_id=&#8221;1697468836675-8fe1a041-19de&#8221;][vc_column_text]Le choix d\u2019une <strong>approche syst\u00e9mique<\/strong> permet de cultiver autant dans sa sph\u00e8re personnelle que professionnelle les 4 valeurs de Shamengo.[\/vc_column_text][\/vc_tta_section][\/vc_tta_accordion][vc_column_text el_class=&#8221;sep-top&#8221;]<\/p>\n<p style=\"font-weight: 400;\">Nos offres s\u2019adressent autant aux particuliers qu\u2019aux professionnels et \u00e9tudiants. Ils peuvent se d\u00e9rouler en <strong>distanciel<\/strong> comme en <strong>pr\u00e9sentiel<\/strong>, \u00e0 <strong>l&#8217;Appart&#8217;\u00c9cole, notre si\u00e8ge social,<\/strong>\u00a0ou partout en France !<\/p>\n<p>[\/vc_column_text][vc_empty_space][\/vc_column][vc_column width=&#8221;1\/2&#8243; css=&#8221;.vc_custom_1690296047584{background-image: url(\/\/shamengo-vps1.tetedecom.pro\/wp-content\/uploads\/2023\/07\/IMG_6932-scaled.jpeg?id=85434) !important;background-position: center !important;background-repeat: no-repeat !important;background-size: cover !important;}&#8221; el_class=&#8221;bg-align-top&#8221;][\/vc_column][\/vc_row][\/vc_section][vc_section full_width=&#8221;stretch_row_content&#8221; css=&#8221;.vc_custom_1525700319451{padding-top: 0px !important;}&#8221;][vc_row equal_height=&#8221;yes&#8221; content_placement=&#8221;middle&#8221; el_class=&#8221;stretch-left-col&#8221;][vc_column width=&#8221;1\/2&#8243; css=&#8221;.vc_custom_1690297091331{background-image: url(\/\/shamengo-vps1.tetedecom.pro\/wp-content\/uploads\/2020\/09\/totem.jpg?id=56395) !important;background-position: center !important;background-repeat: no-repeat !important;background-size: cover !important;}&#8221;][\/vc_column][vc_column width=&#8221;1\/2&#8243; css=&#8221;.vc_custom_1525700384979{padding-top: 8em !important;padding-bottom: 8em !important;}&#8221;][vc_column_text]<\/p>\n<h2>Notre proposition<\/h2>\n<p>[\/vc_column_text][vc_column_text el_class=&#8221;sep-top&#8221;]Afin d&#8217;acc\u00e9l\u00e9rer le passage \u00e0 une \u00e9conomie plus durable, nous sommes convaincus que les bonnes pratiques se g\u00e9n\u00e9raliseront gr\u00e2ce \u00e0 une approche p\u00e9dagogique de terrain favorisant les prises de conscience, les partages de connaissance et les retours d&#8217;exp\u00e9rience.<\/p>\n<p>Mais qu&#8217;est-ce que les &#8220;bonnes pratiques&#8221; ? Et bien, la boussole Shamengo avec ses 4 valeurs nous aident \u00e0 orienter nos choix de producteurs et de consom&#8217;acteurs au quotidien !<\/p>\n<p>C&#8217;est cette m\u00eame boussole qui guide l&#8217;\u00e9quipe Shamengo dans ses choix au quotidien.[\/vc_column_text][vc_empty_space][vc_btn title=&#8221;J&#8217;adh\u00e8re !&#8221; color=&#8221;so-white&#8221; link=&#8221;url:https%3A%2F%2Fwww.helloasso.com%2Fassociations%2Fecole-shamengo%2Fadhesions%2Fadherent-ecole-shamengo|title:J&#8217;adh%C3%A8re&#8221; el_class=&#8221;button-text-size-26 btn-rose-sham&#8221;][\/vc_column][\/vc_row][\/vc_section][vc_section full_width=&#8221;stretch_row&#8221; el_class=&#8221;steps-section&#8221; css=&#8221;.vc_custom_1525700860534{background-color: #f7f7f7 !important;}&#8221;][vc_row][vc_column][vc_column_text]<\/p>\n<h2 style=\"text-align: center;\">Nos offres s&#8217;adressent aux :<\/h2>\n<p>[\/vc_column_text][vc_row_inner][vc_column_inner width=&#8221;1\/3&#8243;][vc_column_text el_class=&#8221;step-number&#8221;]<\/p>\n<p style=\"text-align: center;\">1.<\/p>\n<p>[\/vc_column_text][vc_column_text]<\/p>\n<h3 style=\"text-align: center;\">ENTREPRISES<\/h3>\n<p>[\/vc_column_text][vc_btn title=&#8221;En savoir plus&#8221; color=&#8221;so-white&#8221; align=&#8221;center&#8221; link=&#8221;url:https%3A%2F%2Fshamengo-vps1.tetedecom.pro%2Ffr%2Foffres-entreprises%2F|title:Offres%20entreprises&#8221; el_class=&#8221;button-text-size-26 btn-rose-sham&#8221;][\/vc_column_inner][vc_column_inner width=&#8221;1\/3&#8243;][vc_column_text el_class=&#8221;step-number&#8221;]<\/p>\n<p style=\"text-align: center;\">2.<\/p>\n<p>[\/vc_column_text][vc_column_text]<\/p>\n<h3 style=\"text-align: center;\">\u00c9COLES<\/h3>\n<p>[\/vc_column_text][vc_btn title=&#8221;En savoir plus&#8221; color=&#8221;so-white&#8221; align=&#8221;center&#8221; link=&#8221;url:https%3A%2F%2Fshamengo-vps1.tetedecom.pro%2Ffr%2Foffres-scolaires%2F|title:Offres%20entreprises&#8221; el_class=&#8221;button-text-size-26 btn-rose-sham&#8221;][\/vc_column_inner][vc_column_inner width=&#8221;1\/3&#8243;][vc_column_text el_class=&#8221;step-number&#8221;]<\/p>\n<p style=\"text-align: center;\">3.<\/p>\n<p>[\/vc_column_text][vc_column_text]<\/p>\n<h3 style=\"text-align: center;\">PARTICULIERS<\/h3>\n<p>[\/vc_column_text][vc_btn title=&#8221;En savoir plus&#8221; color=&#8221;so-white&#8221; align=&#8221;center&#8221; link=&#8221;url:https%3A%2F%2Fshamengo-vps1.tetedecom.pro%2Ffr%2Foffres-particuliers%2F|title:Offres%20entreprises&#8221; el_class=&#8221;button-text-size-26 btn-rose-sham&#8221;][\/vc_column_inner][\/vc_row_inner][vc_empty_space][\/vc_column][\/vc_row][\/vc_section][vc_section full_width=&#8221;stretch_row_content&#8221; css=&#8221;.vc_custom_1525703129789{padding-top: 0px !important;}&#8221;][vc_row equal_height=&#8221;yes&#8221; content_placement=&#8221;top&#8221; el_class=&#8221;stretch-right-col&#8221;][vc_column width=&#8221;1\/2&#8243; css=&#8221;.vc_custom_1525703141168{padding-top: 6em !important;padding-bottom: 6em !important;}&#8221;][vc_column_text]<\/p>\n<h2>Nous rencontrer<\/h2>\n<p>[\/vc_column_text][vc_column_text el_class=&#8221;sep-top&#8221;]Nous organisons \u00e0 chaque saison un Ap\u00e9ro Shamengo pour r\u00e9unir la communaut\u00e9 d&#8217;acteurs engag\u00e9s et pr\u00e9senter les derni\u00e8res actualit\u00e9s !<\/p>\n<p>Suivez-nous sur les r\u00e9seaux sociaux pour connaitre la prochaine date !<\/p>\n<p>[\/vc_column_text][vc_btn title=&#8221;R\u00e9serve ta place pour le prochain ap\u00e9ro !&#8221; color=&#8221;so-white&#8221; el_class=&#8221;btn-rose-sham&#8221; link=&#8221;url:https%3A%2F%2Fwww.helloasso.com%2Fassociations%2Fecole-shamengo&#8221; css=&#8221;.vc_custom_1693557593790{margin-top: 10px !important;}&#8221;][\/vc_column][vc_column width=&#8221;1\/2&#8243; css=&#8221;.vc_custom_1690301916940{background-image: url(\/\/shamengo-vps1.tetedecom.pro\/wp-content\/uploads\/2023\/07\/Buffet-Apero.jpeg?id=85576) !important;background-position: center !important;background-repeat: no-repeat !important;background-size: cover !important;}&#8221;][\/vc_column][\/vc_row][\/vc_section][vc_section el_class=&#8221;image-banner-text-box cta-soutenir-shamengo&#8221; css=&#8221;.vc_custom_1607964865184{margin-top: 50px !important;margin-bottom: 50px !important;background-image: url(\/\/shamengo-vps1.tetedecom.pro\/wp-content\/uploads\/2020\/11\/fond-dessins-gris.png?id=57504) !important;background-position: center !important;background-repeat: no-repeat !important;background-size: cover !important;}&#8221;][vc_row css=&#8221;.vc_custom_1607964883229{margin-top: 40px !important;margin-bottom: 40px !important;}&#8221;][vc_column][vc_column_text css=&#8221;.vc_custom_1690301968643{margin-top: 30px !important;margin-bottom: 13px !important;padding-bottom: 10px !important;background-color: #ffffff !important;}&#8221;]<\/p>\n<h2 style=\"text-align: center; font-size: 1.8em;\">Alors partant.e ?<\/h2>\n<p>[\/vc_column_text][vc_btn title=&#8221;Demande une plaquette de pr\u00e9sentation !&#8221; color=&#8221;so-white&#8221; align=&#8221;center&#8221; link=&#8221;url:https%3A%2F%2Fshamengo-vps1.tetedecom.pro%2Ffr%2Fcontact%2F|title:Contact&#8221; el_class=&#8221;button-text-size-26 btn-rose-sham&#8221;][\/vc_column][\/vc_row][\/vc_section]<\/p>\n","protected":false},"excerpt":{"rendered":"<p>[vc_section][vc_row][vc_column][smartslider3 slider=&#8221;34&#8243;][\/vc_column][\/vc_row][\/vc_section][vc_row el_id=&#8221;site-title&#8221;][vc_column][vc_column_text] L&#8217;\u00c9COLE SHAMENGO Nous vous accompagnons dans votre vie pro et perso pour rendre vos modes de production et de consommation plus durables [\/vc_column_text][\/vc_column][\/vc_row][vc_section css=&#8221;.vc_custom_1529420954393{margin-top: 50px !important;}&#8221;][vc_row][vc_column][vc_column_text css=&#8221;.vc_custom_1690296073583{margin-bottom: 1em !important;}&#8221;] Nos valeurs [\/vc_column_text][\/vc_column][\/vc_row][vc_row][vc_column css_animation=&#8221;fadeIn&#8221;][vc_column_text][\/vc_column_text][\/vc_column][\/vc_row][\/vc_section][vc_section full_width=&#8221;stretch_row&#8221; el_id=&#8221;thematics-section&#8221; css=&#8221;.vc_custom_1525699249494{background-color: #f7f7f7 !important;}&#8221;][vc_row][vc_column][smartslider3 slider=&#8221;56&#8243;][\/vc_column][\/vc_row][\/vc_section][vc_section full_width=&#8221;stretch_row_content&#8221;][vc_row equal_height=&#8221;yes&#8221; content_placement=&#8221;top&#8221; el_class=&#8221;stretch-right-col&#8221;][vc_column width=&#8221;1\/2&#8243; css=&#8221;.vc_custom_1525705002925{padding-bottom: 6em !important;}&#8221;][vc_column_text] Le pari d&#8217;une approche syst\u00e9mique [&hellip;]<\/p>\n","protected":false},"author":12337,"featured_media":0,"parent":0,"menu_order":0,"comment_status":"closed","ping_status":"closed","template":"","meta":{"_acf_changed":false,"footnotes":""},"thematique":[],"class_list":["post-80607","page","type-page","status-publish","hentry"],"acf":{"top_page":false,"top_page_img":"\/\/shamengo-vps1.tetedecom.pro\/wp-content\/uploads\/2020\/11\/Capture-d\u2019e\u0301cran-2020-11-26-a\u0300-13.29.51.png","top_page_subtitle":"Hacke ton cerveau, exp\u00e9rimente le meilleur de toi-m\u00eame, deviens Shaman du nouveau monde"},"_links":{"self":[{"href":"https:\/\/shamengo-vps1.tetedecom.pro\/fr\/wp-json\/wp\/v2\/pages\/80607"}],"collection":[{"href":"https:\/\/shamengo-vps1.tetedecom.pro\/fr\/wp-json\/wp\/v2\/pages"}],"about":[{"href":"https:\/\/shamengo-vps1.tetedecom.pro\/fr\/wp-json\/wp\/v2\/types\/page"}],"author":[{"embeddable":true,"href":"https:\/\/shamengo-vps1.tetedecom.pro\/fr\/wp-json\/wp\/v2\/users\/12337"}],"replies":[{"embeddable":true,"href":"https:\/\/shamengo-vps1.tetedecom.pro\/fr\/wp-json\/wp\/v2\/comments?post=80607"}],"version-history":[{"count":27,"href":"https:\/\/shamengo-vps1.tetedecom.pro\/fr\/wp-json\/wp\/v2\/pages\/80607\/revisions"}],"predecessor-version":[{"id":90415,"href":"https:\/\/shamengo-vps1.tetedecom.pro\/fr\/wp-json\/wp\/v2\/pages\/80607\/revisions\/90415"}],"wp:attachment":[{"href":"https:\/\/shamengo-vps1.tetedecom.pro\/fr\/wp-json\/wp\/v2\/media?parent=80607"}],"wp:term":[{"taxonomy":"thematique","embeddable":true,"href":"https:\/\/shamengo-vps1.tetedecom.pro\/fr\/wp-json\/wp\/v2\/thematique?post=80607"}],"curies":[{"name":"wp","href":"https:\/\/api.w.org\/{rel}","templated":true}]}}