{"id":85487,"date":"2023-07-20T13:38:02","date_gmt":"2023-07-20T12:38:02","guid":{"rendered":"https:\/\/shamengo-vps1.tetedecom.pro\/?page_id=85487"},"modified":"2024-03-05T10:18:35","modified_gmt":"2024-03-05T09:18:35","slug":"escape-game-shamengo","status":"publish","type":"page","link":"https:\/\/shamengo-vps1.tetedecom.pro\/fr\/escape-game-shamengo\/","title":{"rendered":"Escape game"},"content":{"rendered":"<p>[vc_row full_width=&#8221;stretch_row_content&#8221; css=&#8221;.vc_custom_1690471854019{background-image: url(\/\/shamengo-vps1.tetedecom.pro\/wp-content\/uploads\/2023\/07\/Ambiance.png?id=85679) !important;background-position: center !important;background-repeat: no-repeat !important;background-size: cover !important;}&#8221; el_class=&#8221;header-image-section&#8221;][vc_column][\/vc_column][\/vc_row][vc_row full_width=&#8221;stretch_row_content_no_spaces&#8221; css=&#8221;.vc_custom_1693834454329{margin-top: 0px !important;padding-top: 20px !important;padding-bottom: 50px !important;background-image: url(\/\/shamengo-vps1.tetedecom.pro\/wp-content\/uploads\/2023\/07\/Escape-Game-Shamengo-Moodboard.png?id=85682) !important;background-position: center !important;background-repeat: no-repeat !important;background-size: cover !important;}&#8221;][vc_column][vc_custom_heading text=&#8221;ESCAPE GAME&#8221; font_container=&#8221;tag:h1|text_align:center|color:%23ffffff&#8221; google_fonts=&#8221;font_family:Titillium%20Web%3A200%2C200italic%2C300%2C300italic%2Cregular%2Citalic%2C600%2C600italic%2C700%2C700italic%2C900|font_style:400%20regular%3A400%3Anormal&#8221;][\/vc_column][\/vc_row][vc_row full_width=&#8221;stretch_row&#8221; css=&#8221;.vc_custom_1693834468893{padding-top: 20px !important;padding-bottom: 50px !important;background-color: #ffffff !important;}&#8221;][vc_column][vc_row_inner equal_height=&#8221;yes&#8221; content_placement=&#8221;middle&#8221;][vc_column_inner el_class=&#8221;left_col&#8221; width=&#8221;1\/3&#8243;][vc_column_text css_animation=&#8221;bounceInLeft&#8221;]<\/p>\n<h3 style=\"text-align: right;\"><b>GENRE<\/b><\/h3>\n<h3 style=\"text-align: right;\"><span style=\"font-size: 16px;\">Science-fiction<\/span><\/h3>\n<p>[\/vc_column_text][vc_column_text css_animation=&#8221;bounceInLeft&#8221;]<\/p>\n<h3 style=\"text-align: right;\"><strong>\u00c9QUIPE<\/strong><\/h3>\n<p style=\"text-align: right;\">4 \u00e0 6 \u00a0personnes<\/p>\n<p>[\/vc_column_text][\/vc_column_inner][vc_column_inner el_class=&#8221;middle_col&#8221; width=&#8221;1\/3&#8243;][vc_single_image image=&#8221;83718&#8243; img_size=&#8221;medium&#8221; alignment=&#8221;center&#8221; style=&#8221;vc_box_circle_2&#8243; css_animation=&#8221;bounceIn&#8221; css=&#8221;.vc_custom_1698058301895{margin-bottom: 0px !important;}&#8221;][\/vc_column_inner][vc_column_inner el_class=&#8221;right_col&#8221; width=&#8221;1\/3&#8243;][vc_column_text css_animation=&#8221;bounceInRight&#8221;]<\/p>\n<h3><strong>NIVEAU<\/strong><\/h3>\n<p style=\"text-align: left;\">Difficile<\/p>\n<p>[\/vc_column_text][vc_column_text css_animation=&#8221;bounceInRight&#8221;]<\/p>\n<h3 style=\"text-align: left;\"><strong>DUR\u00c9E<\/strong><\/h3>\n<p style=\"text-align: left;\">90 min<\/p>\n<p>[\/vc_column_text][\/vc_column_inner][\/vc_row_inner][\/vc_column][\/vc_row][vc_row][vc_column css_animation=&#8221;bounceInUp&#8221; css=&#8221;.vc_custom_1695739856776{padding-top: 0px !important;}&#8221;]\n\t<style>\n\n\t\t#vc_so_image_banner_478908 .vc_so_image_banner_banner_title{color : #656462;}\n\n\t\t#vc_so_image_banner_478908 .vc_so_image_banner_banner_description{color : #656462;}\n\n\t\t#vc_so_image_banner_478908 .vc_so_image_banner_banner_button a{ color : #fff0; background-color: #fff0; border-color: #fff0; }\n\n\t\t#vc_so_image_banner_478908 .vc_so_image_banner_banner_button a:hover{ color : #fff0; background-color: #fff0; border-color: #fff0; }\n\n\t\n\t\t\t#vc_so_image_banner_478908 .vc_so_image_banner_banner_content{\tbackground-color:#fff;}\n\t\t\t#vc_so_image_banner_478908{ background-size:cover; background-image:url(\"\/\/shamengo-vps1.tetedecom.pro\/wp-content\/uploads\/2023\/07\/The-Ultimate-Guide-to-Backpacking-in-Singapore-\u2022-Unexpected-Occurrence.jpg\");\t}\n\t\t<\/style><div id=\"vc_so_image_banner_478908\" class=\"vc_so_image_banner image_overlay \" style=\"background-color:#656462\">\n\n\t\t<div class=\"so-wrapper\">\n\n\t\t\t<div class=\"vc_so_image_banner_banner_container\">\n\n\t\t\t\t<div class=\"vc_so_image_banner_banner_content\">\n\n\t\t\t\t\t<h2 class=\"vc_so_image_banner_banner_title\">En qu\u00eate du nouveau monde<\/h2>\n\t\t\t\t\t<div class=\"vc_so_image_banner_banner_description\">En 2070, la quasi totalit\u00e9 de l'humanit\u00e9 vit hors sol dans des m\u00e9gacit\u00e9s o\u00f9 la robotique et le virtuel sont devenus omnipr\u00e9sents.<\/p>\n<p>Par souci de se reconnecter au vivant, un groupe rebelle appel\u00e9 les ``\u00e9claireurs de la Tribu Bhala``, d\u00e9cide de sortir de la ville, \u00e0 la recherche de modes de vie alternatifs et de savoir-faire oubli\u00e9s dans le domaine de la construction.<\/p>\n<p>En chemin, ils font la rencontre d'une \u00e9nigmatique oracle, qui va les emmener aux portes d'un lieu myst\u00e9rieux qui accueillit jadis les plus grands innovateurs du monde.<\/p>\n<p>Vont-ils y arriver ? Ils auront besoin de vous dans cette qu\u00eate !<\/div>\n\t\t\t\t\t\n\t\t\t\t<\/div>\n\n\t\t\t<\/div>\n\n\t\t<\/div>\n\n\t\t<\/div>[vc_row_inner gap=&#8221;20&#8243; css=&#8221;.vc_custom_1695740504565{padding-top: 20px !important;padding-bottom: 10px !important;}&#8221;][vc_column_inner width=&#8221;1\/4&#8243;][vc_single_image image=&#8221;86830&#8243; img_size=&#8221;large&#8221; alignment=&#8221;center&#8221; style=&#8221;vc_box_circle_2&#8243;][\/vc_column_inner][vc_column_inner width=&#8221;1\/4&#8243;][vc_single_image image=&#8221;86832&#8243; img_size=&#8221;large&#8221; alignment=&#8221;center&#8221; style=&#8221;vc_box_circle_2&#8243;][\/vc_column_inner][vc_column_inner width=&#8221;1\/4&#8243;][vc_single_image image=&#8221;86834&#8243; img_size=&#8221;large&#8221; alignment=&#8221;center&#8221; style=&#8221;vc_box_circle_2&#8243;][\/vc_column_inner][vc_column_inner width=&#8221;1\/4&#8243;][vc_single_image image=&#8221;86836&#8243; img_size=&#8221;large&#8221; alignment=&#8221;center&#8221; style=&#8221;vc_box_circle_2&#8243;][\/vc_column_inner][\/vc_row_inner]\n\t<style>\n\n\t\t#vc_so_image_banner_6905 .vc_so_image_banner_banner_title{color : #656462;}\n\n\t\t#vc_so_image_banner_6905 .vc_so_image_banner_banner_description{color : #656462;}\n\n\t\t#vc_so_image_banner_6905 .vc_so_image_banner_banner_button a{ color : #fff; background-color: #656462; border-color: #656462; }\n\n\t\t#vc_so_image_banner_6905 .vc_so_image_banner_banner_button a:hover{ color : #656462; background-color: #fff; border-color: #656462; }\n\n\t\n\t\t\t#vc_so_image_banner_6905 .vc_so_image_banner_banner_content{\tbackground-color:#fff;}\n\t\t\t#vc_so_image_banner_6905{ background-size:cover; background-image:url(\"\/\/shamengo-vps1.tetedecom.pro\/wp-content\/uploads\/2023\/07\/Escape-Game-Shamengo-Moodboard.png\");\t}\n\t\t<\/style><div id=\"vc_so_image_banner_6905\" class=\"vc_so_image_banner image_overlay \" style=\"background-color:#656462\">\n\n\t\t<div class=\"so-wrapper\">\n\n\t\t\t<div class=\"vc_so_image_banner_banner_container\">\n\n\t\t\t\t<div class=\"vc_so_image_banner_banner_content\">\n\n\t\t\t\t\t<h2 class=\"vc_so_image_banner_banner_title\">Cette qu\u00eate s'adresse au rebelle en vous !<\/h2>\n\t\t\t\t\t\n\t\t\t\t\t<div class=\"vc_so_image_banner_banner_button\">\n\t\t\t\t\t<a href=\"https:\/\/shamengo-vps1.tetedecom.pro\/fr\/contact\/\" target=\"\">Contactez-nous !<\/a>\n\t\t\t\t\t<\/div>\n\t\t\t\t\t\n\t\t\t\t<\/div>\n\n\t\t\t<\/div>\n\n\t\t<\/div>\n\n\t\t<\/div>[\/vc_column][\/vc_row][vc_row][vc_column][vc_video link=&#8221;https:\/\/youtu.be\/8i0DoZGEQxs&#8221; align=&#8221;center&#8221;][\/vc_column][\/vc_row]<\/p>\n","protected":false},"excerpt":{"rendered":"<p>[vc_row full_width=&#8221;stretch_row_content&#8221; css=&#8221;.vc_custom_1690471854019{background-image: url(\/\/shamengo-vps1.tetedecom.pro\/wp-content\/uploads\/2023\/07\/Ambiance.png?id=85679) !important;background-position: center !important;background-repeat: no-repeat !important;background-size: cover !important;}&#8221; el_class=&#8221;header-image-section&#8221;][vc_column][\/vc_column][\/vc_row][vc_row full_width=&#8221;stretch_row_content_no_spaces&#8221; css=&#8221;.vc_custom_1693834454329{margin-top: 0px !important;padding-top: 20px !important;padding-bottom: 50px !important;background-image: url(\/\/shamengo-vps1.tetedecom.pro\/wp-content\/uploads\/2023\/07\/Escape-Game-Shamengo-Moodboard.png?id=85682) !important;background-position: center !important;background-repeat: no-repeat !important;background-size: cover !important;}&#8221;][vc_column][vc_custom_heading text=&#8221;ESCAPE GAME&#8221; font_container=&#8221;tag:h1|text_align:center|color:%23ffffff&#8221; google_fonts=&#8221;font_family:Titillium%20Web%3A200%2C200italic%2C300%2C300italic%2Cregular%2Citalic%2C600%2C600italic%2C700%2C700italic%2C900|font_style:400%20regular%3A400%3Anormal&#8221;][\/vc_column][\/vc_row][vc_row full_width=&#8221;stretch_row&#8221; css=&#8221;.vc_custom_1693834468893{padding-top: 20px !important;padding-bottom: 50px !important;background-color: #ffffff !important;}&#8221;][vc_column][vc_row_inner equal_height=&#8221;yes&#8221; content_placement=&#8221;middle&#8221;][vc_column_inner el_class=&#8221;left_col&#8221; width=&#8221;1\/3&#8243;][vc_column_text css_animation=&#8221;bounceInLeft&#8221;] GENRE Science-fiction [\/vc_column_text][vc_column_text css_animation=&#8221;bounceInLeft&#8221;] \u00c9QUIPE 4 \u00e0 6 \u00a0personnes [\/vc_column_text][\/vc_column_inner][vc_column_inner [&hellip;]<\/p>\n","protected":false},"author":12337,"featured_media":0,"parent":0,"menu_order":0,"comment_status":"closed","ping_status":"closed","template":"thematic-page.php","meta":{"_acf_changed":false,"footnotes":""},"thematique":[],"class_list":["post-85487","page","type-page","status-publish","hentry"],"acf":{"top_page":false},"_links":{"self":[{"href":"https:\/\/shamengo-vps1.tetedecom.pro\/fr\/wp-json\/wp\/v2\/pages\/85487"}],"collection":[{"href":"https:\/\/shamengo-vps1.tetedecom.pro\/fr\/wp-json\/wp\/v2\/pages"}],"about":[{"href":"https:\/\/shamengo-vps1.tetedecom.pro\/fr\/wp-json\/wp\/v2\/types\/page"}],"author":[{"embeddable":true,"href":"https:\/\/shamengo-vps1.tetedecom.pro\/fr\/wp-json\/wp\/v2\/users\/12337"}],"replies":[{"embeddable":true,"href":"https:\/\/shamengo-vps1.tetedecom.pro\/fr\/wp-json\/wp\/v2\/comments?post=85487"}],"version-history":[{"count":19,"href":"https:\/\/shamengo-vps1.tetedecom.pro\/fr\/wp-json\/wp\/v2\/pages\/85487\/revisions"}],"predecessor-version":[{"id":90408,"href":"https:\/\/shamengo-vps1.tetedecom.pro\/fr\/wp-json\/wp\/v2\/pages\/85487\/revisions\/90408"}],"wp:attachment":[{"href":"https:\/\/shamengo-vps1.tetedecom.pro\/fr\/wp-json\/wp\/v2\/media?parent=85487"}],"wp:term":[{"taxonomy":"thematique","embeddable":true,"href":"https:\/\/shamengo-vps1.tetedecom.pro\/fr\/wp-json\/wp\/v2\/thematique?post=85487"}],"curies":[{"name":"wp","href":"https:\/\/api.w.org\/{rel}","templated":true}]}}