{"id":88050,"date":"2024-01-09T13:20:29","date_gmt":"2024-01-09T12:20:29","guid":{"rendered":"https:\/\/shamengo-vps1.tetedecom.pro\/?page_id=88050"},"modified":"2024-01-22T23:12:03","modified_gmt":"2024-01-22T22:12:03","slug":"offres-entreprises","status":"publish","type":"page","link":"https:\/\/shamengo-vps1.tetedecom.pro\/fr\/offres-entreprises\/","title":{"rendered":"Offres entreprises"},"content":{"rendered":"<p>[vc_section full_width=&#8221;stretch_row_content&#8221; el_class=&#8221;header-image-section&#8221; css=&#8221;.vc_custom_1704823348833{background-image: url(\/\/shamengo-vps1.tetedecom.pro\/wp-content\/uploads\/2024\/01\/Booster-entreprise-SIG.png?id=88090) !important;}&#8221;][vc_row][vc_column][\/vc_column][\/vc_row][\/vc_section][vc_section css=&#8221;.vc_custom_1539007037745{margin-bottom: 0px !important;}&#8221;][vc_row el_id=&#8221;site-title&#8221;][vc_column][vc_column_text]<\/p>\n<h1 style=\"text-align: center;\">OFFRE ENTREPRISE<\/h1>\n<p style=\"font-weight: 400; text-align: center;\">Nous vous accompagnons dans votre vie pro et perso\u00a0pour rendre vos modes de production et consommation plus durables<\/p>\n<p>[\/vc_column_text][\/vc_column][\/vc_row][\/vc_section][vc_section full_width=&#8221;stretch_row_content&#8221; el_class=&#8221;special-v-tabs&#8221;][vc_row][vc_column][vc_tta_accordion shape=&#8221;square&#8221; c_icon=&#8221;chevron&#8221; c_position=&#8221;right&#8221; active_section=&#8221;1&#8243; collapsible_all=&#8221;true&#8221;][vc_tta_section title=&#8221;\u00c0 la d\u00e9couverte du nouveau monde&#8221; tab_id=&#8221;1704799166549-6c92aa16-7b4f&#8221; el_class=&#8221;explo-tab&#8221;][vc_row_inner equal_height=&#8221;yes&#8221; content_placement=&#8221;top&#8221; el_class=&#8221;col-with-sep row-with-bg-img right-img&#8221;][vc_column_inner][vc_column_text]<\/p>\n<h1>Conf\u00e9rence inspirante<\/h1>\n<p>[\/vc_column_text][vc_empty_space][vc_column_text]<\/p>\n<h3>Objectif: sensibiliser les dirigeants et leurs collaborateurs \u00e0 de nouveaux gisements de prosp\u00e9rit\u00e9 en lien avec la transition \u00e9cologique et sociale.<\/h3>\n<p>[\/vc_column_text][vc_toggle title=&#8221;En savoir plus&#8221;]<\/p>\n<p style=\"font-weight: 400;\">L\u2019\u00e9conomie de demain prendra en compte les principes du vivant ou ne sera pas. Telle est la conviction de Catherine Berthillier, journaliste grand reporteur et fondatrice de l\u2019\u00e9cole Shamengo. Une conviction forg\u00e9e au fil du temps, gr\u00e2ce \u00e0 des centaines de rencontres d\u2019experts, d\u2019entrepreneurs innovants et de citoyens engag\u00e9s. Ce r\u00e9seau unique, qui se construit jour apr\u00e8s jour depuis 15 ans sur tous les continents, lui permet aujourd\u2019hui d\u2019\u00e9tayer son propos d\u2019exemples tr\u00e8s concrets.<\/p>\n<p style=\"font-weight: 400;\">Catherine Berthillier aime d\u00e9marrer sa conf\u00e9rence en disant\u00a0: \u00ab\u00a0Nous ne sommes pas \u00e0 la fin du monde, mais \u00e0 la fin d\u2019un monde.\u00a0Charge \u00e0 nous, individuellement et collectivement de r\u00e9-enchanter le nouveau monde qui s\u2019offre \u00e0 nous pour \u00eatre fiers de l\u2019empreinte que nous laisserons dans l\u2019histoire.\u00a0\u00bb<\/p>\n<p>[\/vc_toggle][vc_column_text]<\/p>\n<p style=\"font-weight: 400;\">Public\u00a0: direction\/Innovation\/RSE\/ESG<\/p>\n<p style=\"font-weight: 400;\">Pr\u00e9-requis\u00a0: App\u00e9tence pour la RSE\/ESG\/ l\u2019approche syst\u00e9mique et l\u2019\u00e9cocitoyennet\u00e9<\/p>\n<p style=\"font-weight: 400;\">Dur\u00e9e\u00a0: 1h \u00e0 2h<\/p>\n<p style=\"font-weight: 400;\">Lieu\u00a0: \u00e0 la convenance du commanditaire<\/p>\n<p style=\"font-weight: 400;\">Nombre de participants\u00a0: sans limite<\/p>\n<p style=\"font-weight: 400;\">Prix\u00a0: sur demande<\/p>\n<p>[\/vc_column_text][\/vc_column_inner][\/vc_row_inner][\/vc_tta_section][vc_tta_section title=&#8221;Ambassadeurs RSE &#8211; Adopter une posture \u00e9coresponsable&#8221; tab_id=&#8221;1704799479029-578c0c1e-a3ab&#8221; el_class=&#8221;explo-tab&#8221;][vc_row_inner equal_height=&#8221;yes&#8221; content_placement=&#8221;top&#8221; el_class=&#8221;col-with-sep row-with-bg-img right-img&#8221;][vc_column_inner][vc_column_text]<\/p>\n<h1>Booster votre \u00e9cocitoyennet\u00e9 \u00e0 travers 8 activit\u00e9s quotidiennes<\/h1>\n<p>[\/vc_column_text][vc_empty_space][vc_column_text]<\/p>\n<h3>Objectif:\u00a0embarquer vos collaborateurs dans votre strat\u00e9gie RSE en les sensibilisant \u00e0 leur pouvoir d\u2019agir en tant que consommateur, producteur et r\u00e9gulateur \u00e0 travers 8 activit\u00e9s de la vie quotidienne\u00a0: se nourrir, se loger, s\u2019habiller, se d\u00e9placer, se soigner, communiquer, se divertir et s\u2019entraider.<\/h3>\n<p>[\/vc_column_text][vc_toggle title=&#8221;En savoir plus&#8221;]<\/p>\n<p style=\"font-weight: 400;\">Ce \u00ab\u00a0booster initiation\u00a0\u00bb est un atelier de sensibilisation qui permet de mieux comprendre le carr\u00e9 des crises (sant\u00e9, emploi, environnement, solidarit\u00e9) et la mani\u00e8re de les surmonter en d\u00e9couvrant des actions pratico-pratiques \u00e0 mettre en place dans son quotidien pro et perso.<\/p>\n<p style=\"font-weight: 400;\">Un premier pas qui permet d\u2019\u00e9crire son plan d\u2019action personnel et recueillir les id\u00e9es d\u2019actions RSE que les collaborateurs aimeraient mettre en place dans leur entreprise.<\/p>\n<p>[\/vc_toggle][vc_column_text]<\/p>\n<p style=\"font-weight: 400;\">Public\u00a0: toutes les directions et l\u2019ensemble des collaborateurs<\/p>\n<p style=\"font-weight: 400;\">Pr\u00e9-requis\u00a0: R\u00e9flexion ou d\u00e9ploiement d\u2019une strat\u00e9gie RSE\/ESG<\/p>\n<p style=\"font-weight: 400;\">Dur\u00e9e\u00a0: 3 h<\/p>\n<p style=\"font-weight: 400;\">Lieu\u00a0: \u00e0 la convenance du commanditaire<\/p>\n<p style=\"font-weight: 400;\">Nombre\u00a0de participants : jusqu\u2019\u00e0 50 personnes<\/p>\n<p style=\"font-weight: 400;\">Prix\u00a0: sur demande<\/p>\n<p style=\"font-weight: 400;\">Formation port\u00e9e par Coop Cit\u00e9s formation, finan\u00e7able par les OPCO<\/p>\n<p>[\/vc_column_text][vc_empty_space][vc_single_image image=&#8221;88056&#8243; img_size=&#8221;249&#215;100&#8243;][vc_btn title=&#8221;Un aper\u00e7u en vid\u00e9o&#8221; color=&#8221;so-white&#8221; link=&#8221;url:https%3A%2F%2Fyoutu.be%2F6JjbtiIkslM&#8221;][\/vc_column_inner][\/vc_row_inner][\/vc_tta_section][vc_tta_section title=&#8221;Contributeurs RSE &#8211; Affiner les pistes d&#8217;actions \u00e9coresponsables&#8221; tab_id=&#8221;1704801002142-efc47e2d-4e72&#8243; el_class=&#8221;explo-tab&#8221;][vc_row_inner equal_height=&#8221;yes&#8221; content_placement=&#8221;top&#8221; el_class=&#8221;col-with-sep row-with-bg-img right-img&#8221;][vc_column_inner][vc_column_text]<\/p>\n<h1>Booster votre strat\u00e9gie RSE en affinant votre plan d&#8217;action th\u00e9matis\u00e9<\/h1>\n<p>[\/vc_column_text][vc_empty_space][vc_column_text]<\/p>\n<h3>Objectif:\u00a0aider les collaborateurs en charge de la strat\u00e9gie RSE, \u00e0 concevoir, am\u00e9liorer et d\u00e9ployer leur plan d\u2019action, en s\u2019appuyant sur des solutions concr\u00e8tes qui ont fait leurs preuves ailleurs. L\u2019acc\u00e8s \u00e0 de l\u2019information de premi\u00e8re main, coupl\u00e9 aux retours d\u2019exp\u00e9rience de la communaut\u00e9 Shamengo constitue une aide pr\u00e9cieuse \u00e0 l\u2019heure des choix.<\/h3>\n<p>[\/vc_column_text][vc_toggle title=&#8221;En savoir plus&#8221;]<\/p>\n<p style=\"font-weight: 400;\">\u00ab\u00a0Le booster sp\u00e9cialisation\u00a0\u00bb est un atelier permettant d\u2019approfondir \u00e0 la carte, une ou plusieurs des 8 th\u00e9matiques propos\u00e9es (se nourrir, se loger, s\u2019habiller, se d\u00e9placer, se soigner, communiquer, se divertir et s\u2019entraider). Elles correspondent soit au c\u0153ur de m\u00e9tier de l\u2019entreprise soit \u00e0 ses fonctions supports et aux activit\u00e9s de ses parties prenantes, englobant comme pour le calcul des \u00e9missions carbone, le scope 1,2,3.<\/p>\n<p style=\"font-weight: 400;\">Ces ateliers synchrones et asynchrones permettent d\u2019avoir une vision \u00e0 360\u00b0degr\u00e9 de la th\u00e9matique abord\u00e9e au niveau national et international, gr\u00e2ce \u00e0 des fiches papiers et expos\u00e9s vid\u00e9os \u00e0 la fois clair, synth\u00e9tique et impactant, r\u00e9alis\u00e9s par la r\u00e9daction de Shamengo.<\/p>\n<p style=\"font-weight: 400;\">Ces ateliers sont \u00e9galement l\u2019occasion de d\u00e9couvrir des innovations inconnues et de pouvoir directement \u00e9changer avec leurs concepteurs et leurs utilisateurs.<\/p>\n<p style=\"font-weight: 400;\">Au final, ces ateliers th\u00e9matiques permettent aux responsables en charge de la RSE\/ESG d\u2019enrichir leurs r\u00e9flexions strat\u00e9giques et de faire les bons choix au moment de d\u00e9rouler leur plan d\u2019action.<\/p>\n<p>[\/vc_toggle][vc_column_text]<\/p>\n<p style=\"font-weight: 400;\">Public\u00a0: ambassadeurs RSE\/ESG, contributeurs RSE\/ESG, responsables RSE\/ESG<\/p>\n<p style=\"font-weight: 400;\">Pr\u00e9-requis\u00a0: R\u00e9flexion ou d\u00e9ploiement d\u2019une strat\u00e9gie RSE\/ESG<\/p>\n<p style=\"font-weight: 400;\">Dur\u00e9e\u00a0: 3 h (possibilit\u00e9 d\u2019avoir plusieurs ateliers sur le m\u00eame th\u00e8me)<\/p>\n<p style=\"font-weight: 400;\">Lieu\u00a0: \u00e0 la convenance du commanditaire<\/p>\n<p style=\"font-weight: 400;\">Nombre\u00a0de participants : jusqu\u2019\u00e0 15 personnes<\/p>\n<p style=\"font-weight: 400;\">Prix\u00a0: sur demande<\/p>\n<p style=\"font-weight: 400;\">Formation port\u00e9e par Coop Cit\u00e9s formation, finan\u00e7able par les OPCO<\/p>\n<p>[\/vc_column_text][vc_empty_space][vc_single_image image=&#8221;88056&#8243; img_size=&#8221;249&#215;100&#8243;][vc_btn title=&#8221;Un aper\u00e7u en vid\u00e9o&#8221; color=&#8221;so-white&#8221;][\/vc_column_inner][\/vc_row_inner][\/vc_tta_section][vc_tta_section title=&#8221;L\u2019univers du jeu d\u2019\u00e9vasion au service de l\u2019\u00e9cocitoyennet\u00e9&#8221; tab_id=&#8221;1704801333170-c836612f-bb19&#8243; el_class=&#8221;explo-tab&#8221;][vc_row_inner equal_height=&#8221;yes&#8221; content_placement=&#8221;top&#8221; el_class=&#8221;col-with-sep row-with-bg-img right-img&#8221;][vc_column_inner][vc_column_text]<\/p>\n<h1>Escape Game Shamengo<\/h1>\n<p>[\/vc_column_text][vc_empty_space][vc_column_text]<\/p>\n<h3>Objectif: offrir \u00e0 ses \u00e9quipes une parenth\u00e8se r\u00e9cr\u00e9ative et instructive \u00e0 l\u2019occasion d\u2019un s\u00e9minaire d\u2019entreprise, une c\u00e9l\u00e9bration (f\u00eates de fin d\u2019ann\u00e9e civile, scolaire, anniversaire\u2026) ou pour r\u00e9compenser certains collaborateurs.<\/h3>\n<p>[\/vc_column_text][vc_toggle title=&#8221;En savoir plus&#8221;]<\/p>\n<p style=\"font-weight: 400;\">L\u2019escape game Shamengo d\u00e9multiplie la satisfaction procur\u00e9e par la r\u00e9solution d\u2019\u00e9nigmes permettant de retrouver LA CL\u00c9, point d\u2019orgue embl\u00e9matique de tout escape game. Dans celui-ci, chaque temps fort permet de d\u00e9couvrir une innovation \u00ab\u00a0Waouh\u00a0\u00bb utilis\u00e9e pour l\u2019\u00e9co-r\u00e9novation du lieu. De quoi, alimenter une discussion riche de sens \u00e0 l\u2019issue du jeu et donner envie de conserver la cl\u00e9 pour mieux revenir\u00a0\u00e0 l\u2019appart\u2019\u00e9cole Shamengo !<\/p>\n<p style=\"font-weight: 400;\">Ces ateliers sont \u00e9galement l\u2019occasion de d\u00e9couvrir des innovations inconnues et de pouvoir directement \u00e9changer avec leurs concepteurs et leurs utilisateurs.<\/p>\n<p style=\"font-weight: 400;\">Au final, ces ateliers th\u00e9matiques permettent aux responsables en charge de la RSE\/ESG d\u2019enrichir leurs r\u00e9flexions strat\u00e9giques et de faire les bons choix au moment de d\u00e9rouler leur plan d\u2019action.<\/p>\n<p>[\/vc_toggle][vc_column_text]<\/p>\n<p style=\"font-weight: 400;\">Public\u00a0: Toute entreprise<\/p>\n<p style=\"font-weight: 400;\">Pr\u00e9-requis\u00a0: Envie de sensibiliser ses collaborateurs \u00e0 l\u2019\u00e9cocitoyennet\u00e9<\/p>\n<p style=\"font-weight: 400;\">Dur\u00e9e\u00a0:2 heures<\/p>\n<p style=\"font-weight: 400;\">Lieu\u00a0: Appart\u2019\u00e9cole Shamengo, 40 rue bergeret, 33000 Bordeaux<\/p>\n<p style=\"font-weight: 400;\">Nombre\u00a0de participants : 4 \u00e0 6 joueurs<\/p>\n<p style=\"font-weight: 400;\">Prix\u00a0: sur demande<\/p>\n<p>[\/vc_column_text][vc_btn title=&#8221;D\u00e9couvrir&#8221; color=&#8221;so-white&#8221; link=&#8221;url:https%3A%2F%2Fshamengo-vps1.tetedecom.pro%2Ffr%2Fescape-game-shamengo%2F|title:Escape%20game&#8221;][\/vc_column_inner][\/vc_row_inner][\/vc_tta_section][vc_tta_section title=&#8221;Exp\u00e9rience immersive ludo-\u00e9ducative&#8221; tab_id=&#8221;1704801572376-89bf1c72-e7f0&#8243; el_class=&#8221;explo-tab&#8221;][vc_row_inner equal_height=&#8221;yes&#8221; content_placement=&#8221;top&#8221; el_class=&#8221;col-with-sep row-with-bg-img right-img&#8221;][vc_column_inner][vc_column_text]<\/p>\n<h1>In Vivo Shamengo<\/h1>\n<p>[\/vc_column_text][vc_empty_space][vc_column_text]<\/p>\n<h3>Objectif: Donner envie d\u2019adopter de nouveaux modes de production et consommation en reliant la t\u00eate, les mains et le c\u0153ur \u00e0 l\u2019occasion d\u2019ateliers DIWO (do it with others) organis\u00e9s \u00e0 l\u2019\u00e9cole Shamengo sur Bordeaux (appart\u2019\u00e9cole et\/ou maison\u2019\u00e9cole).<\/h3>\n<p>[\/vc_column_text][vc_toggle title=&#8221;En savoir plus&#8221;]<\/p>\n<p style=\"font-weight: 400;\">\u00ab\u00a0In Vivo Shamengo\u00a0\u00bb est une mani\u00e8re originale de\u00a0tomber comme Alice \u00ab\u00a0dans le trou du lapin\u00a0\u00bb et de pouvoir exp\u00e9rimenter \u00ab\u00a0le nouveau monde\u00a0\u00bb pendant un \u00e0 deux jours en sortant \u00ab\u00a0la t\u00eate du guidon\u00a0\u00bb afin de mieux concevoir une politique RSE, s\u2019armer de propositions concr\u00e8tes et susciter l\u2019enthousiasme au sein de ses \u00e9quipes afin de mieux la d\u00e9ployer.<\/p>\n<p style=\"font-weight: 400;\">Le programme est con\u00e7u sur mesure \u00e0 partir d\u2019un large panel d\u2019ateliers DIWO, de quizz, de vid\u00e9os inspirantes et de mini-challenges \u00e0 relever en lien avec 8 actions de la vie quotidienne : se nourrir, se loger, s\u2019habiller, se d\u00e9placer, se soigner, communiquer, se divertir et s\u2019entraider.<\/p>\n<p>[\/vc_toggle][vc_column_text]<\/p>\n<p style=\"font-weight: 400;\">Public\u00a0: la direction g\u00e9n\u00e9rale et l\u2019ensemble des collaborateurs<\/p>\n<p style=\"font-weight: 400;\">Pr\u00e9-requis\u00a0: R\u00e9flexion ou d\u00e9ploiement d\u2019une strat\u00e9gie RSE\/ESG<\/p>\n<p style=\"font-weight: 400;\">Dur\u00e9e\u00a0: \u00bd jours \u00e0 deux jours<\/p>\n<p style=\"font-weight: 400;\">Lieu\u00a0: Bordeaux \u00e0 l\u2019appart\u2019\u00e9cole et en p\u00e9riph\u00e9rie de Bordeaux (Latresne) \u00e0 la maison \u00e9cole. En fonction du programme, la d\u00e9localisation des activit\u00e9s sur un lieu choisi par le commanditaire peut-\u00eatre envisag\u00e9e.<\/p>\n<p style=\"font-weight: 400;\">Nombre\u00a0de participants : jusqu\u2019\u00e0 32 personnes<\/p>\n<p style=\"font-weight: 400;\">Prix\u00a0: sur demande<\/p>\n<p style=\"font-weight: 400;\">Formation port\u00e9e par Coop Cit\u00e9s formation, finan\u00e7able par les OPCO<\/p>\n<p>[\/vc_column_text][vc_empty_space][vc_single_image image=&#8221;88056&#8243; img_size=&#8221;249&#215;100&#8243;][\/vc_column_inner][\/vc_row_inner][\/vc_tta_section][vc_tta_section title=&#8221;Sur un air de t\u00e9l\u00e9r\u00e9alit\u00e9&#8230;apprenante !&#8221; tab_id=&#8221;1704801779290-f4145fdd-0fd5&#8243; el_class=&#8221;explo-tab&#8221;][vc_row_inner equal_height=&#8221;yes&#8221; content_placement=&#8221;top&#8221; el_class=&#8221;col-with-sep row-with-bg-img right-img&#8221;][vc_column_inner][vc_column_text]<\/p>\n<h1>Top Model Shamengo<\/h1>\n<p>[\/vc_column_text][vc_empty_space][vc_column_text]<\/p>\n<h3>Objectif:\u00a0vivre une exp\u00e9rience inoubliable aux couleurs de son entreprise, en relevant des d\u00e9fis en lien avec la transition \u00e9cologique et sociale afin d\u2019impulser des changements personnels et professionnels profonds et durables.<\/h3>\n<p>[\/vc_column_text][vc_toggle title=&#8221;En savoir plus&#8221;]<\/p>\n<p style=\"font-weight: 400;\">Et si le concept de Koh Lanta, \u00e0 l\u2019origine de son immense succ\u00e8s \u00e9tait repris pour imaginer une t\u00e9l\u00e9r\u00e9alit\u00e9 au service de la construction du nouveau monde\u00a0? C\u2019est l\u2019essence m\u00eame de ce programme dans lequel 8 candidats vont relever pendant une semaine, petits et grands d\u00e9fis en lien avec les 8 activit\u00e9s de l\u2019\u00e9cole. A l\u2019arriv\u00e9e, un seul candidat montera sur la premi\u00e8re marche du podium et deviendra Top Model Shamengo.<\/p>\n<p>[\/vc_toggle][vc_column_text]<\/p>\n<p style=\"font-weight: 400;\">Public\u00a0: Alternant en entreprise<\/p>\n<p style=\"font-weight: 400;\">Pr\u00e9-requis\u00a0: Entreprise engag\u00e9e dans une d\u00e9marche RSE\/ESG<\/p>\n<p style=\"font-weight: 400;\">Dur\u00e9e\u00a0: 7 jours<\/p>\n<p style=\"font-weight: 400;\">Lieu\u00a0: Bordeaux et p\u00e9riph\u00e9rie de Bordeaux (Latresne)<\/p>\n<p style=\"font-weight: 400;\">Nombre\u00a0de participants : 8 personnes<\/p>\n<p style=\"font-weight: 400;\">Prix\u00a0: sur demande<\/p>\n<p style=\"font-weight: 400;\">Formation port\u00e9e par Coop Cit\u00e9s formation, finan\u00e7able par les OPCO<\/p>\n<p>[\/vc_column_text][vc_empty_space][vc_single_image image=&#8221;88056&#8243; img_size=&#8221;249&#215;100&#8243;][\/vc_column_inner][\/vc_row_inner][\/vc_tta_section][vc_tta_section title=&#8221;Voyage exploratoire&#8221; tab_id=&#8221;1704801956845-c19033f1-d4f2&#8243; el_class=&#8221;explo-tab&#8221;][vc_row_inner equal_height=&#8221;yes&#8221; content_placement=&#8221;top&#8221; el_class=&#8221;col-with-sep row-with-bg-img right-img&#8221;][vc_column_inner][vc_column_text]<\/p>\n<h1>Learning expedition by Shamengo<\/h1>\n<p>[\/vc_column_text][vc_empty_space][vc_column_text]<\/p>\n<h3>Objectif: renforcer la coh\u00e9sion de vos \u00e9quipes en s\u2019inspirant des innovations durables des territoires et consolider votre strat\u00e9gie d\u2019entreprise pour r\u00e9ussir votre transition \u00e9cologique.<\/h3>\n<p>[\/vc_column_text][vc_toggle title=&#8221;En savoir plus&#8221;]<\/p>\n<p style=\"font-weight: 400;\">S\u00e9lectionnez votre destination (locale, r\u00e9gionale, nationale, internationale) la dur\u00e9e, les th\u00e9matiques, et les objectifs \u00e0 atteindre. Fort de vos choix, nous vous proposons la meilleure combinaison possible pour faire vivre \u00e0 vos \u00e9quipes, un voyage exploratoire inoubliable gr\u00e2ce aux rencontres avec des acteurs du changement les plus exceptionnels de la plan\u00e8te.<\/p>\n<p>[\/vc_toggle][vc_column_text]<\/p>\n<p style=\"font-weight: 400;\">Public\u00a0: Direction\/Communication\/Marketing\/RH\/RSE\/Industrie<\/p>\n<p style=\"font-weight: 400;\">Pr\u00e9-requis\u00a0: aspiration \u00e9cologique<\/p>\n<p style=\"font-weight: 400;\">Dur\u00e9e\u00a0: 1 jour\/2 jours\/5 jours<\/p>\n<p style=\"font-weight: 400;\">Lieu\u00a0: \u00e0 la convenance du commanditaire<\/p>\n<p style=\"font-weight: 400;\">Date\u00a0: \u00e0 la convenance du commanditaire<\/p>\n<p style=\"font-weight: 400;\">Prix\u00a0: sur demande<\/p>\n<p style=\"font-weight: 400;\">Formation port\u00e9e par Coop Cit\u00e9s formation, finan\u00e7able par les OPCO<\/p>\n<p>[\/vc_column_text][vc_empty_space][vc_single_image image=&#8221;88056&#8243; img_size=&#8221;249&#215;100&#8243;][\/vc_column_inner][\/vc_row_inner][\/vc_tta_section][vc_tta_section title=&#8221;Chantier collaboratif Maison \u00c9cole&#8221; tab_id=&#8221;1704802078509-8ada3d07-6dfb&#8221; el_class=&#8221;explo-tab&#8221;][vc_row_inner equal_height=&#8221;yes&#8221; content_placement=&#8221;top&#8221; el_class=&#8221;col-with-sep row-with-bg-img right-img&#8221;][vc_column_inner][vc_column_text]<\/p>\n<h1>Masterclass Shamengo<\/h1>\n<p>[\/vc_column_text][vc_empty_space][vc_column_text]<\/p>\n<h3>Objectif:\u00a0se former aupr\u00e8s de pionniers et d\u2019experts d\u2019exception \u00e0 l\u2019occasion du chantier en \u00e9cor\u00e9novation de la maison\u2019Ecole Shamengo.<\/h3>\n<p>[\/vc_column_text][vc_toggle title=&#8221;En savoir plus&#8221;]<\/p>\n<p style=\"font-weight: 400;\">Les Masterclass Shamengo permettent de d\u00e9couvrir, rencontrer et apprendre aupr\u00e8s des plus grands dans leur domaine de pr\u00e9dilection. \u00a0Ces femmes et ces hommes ont consacr\u00e9 une grande partie de leur vie \u00e0 acqu\u00e9rir une expertise dans le domaine de la transition sociale et environnementale. Certains d\u2019entre eux ont m\u00eame mis au point des innovations de rupture. Venez \u00e0 leurs rencontres, sur le chantier\u2019\u00e9cole au moment o\u00f9 nous impl\u00e9menterons leurs solutions pour d\u00e9couvrir leurs secrets de fabrication.<\/p>\n<p>[\/vc_toggle][vc_column_text]<\/p>\n<p style=\"font-weight: 400;\">Public\u00a0: Entreprise du BTP ou ayant des travaux de construction, de r\u00e9novation et d\u2019am\u00e9nagement \u00e0 r\u00e9aliser<\/p>\n<p style=\"font-weight: 400;\">Pr\u00e9-requis\u00a0: App\u00e9tence pour l\u2019\u00e9co-construction, la neuroarchitecture et la biophilie<\/p>\n<p style=\"font-weight: 400;\">Dur\u00e9e\u00a0: 3 heures<\/p>\n<p style=\"font-weight: 400;\">Lieu\u00a0: Latresne, p\u00e9riph\u00e9rie de Bordeaux<\/p>\n<p style=\"font-weight: 400;\">Date\u00a0: en fonction de l\u2019avancement du chantier (2024-2025)<\/p>\n<p style=\"font-weight: 400;\">Prix\u00a0: sur demande<\/p>\n<p style=\"font-weight: 400;\"><span style=\"font-weight: 400;\">Formation port\u00e9e par Coop Cit\u00e9s formation, finan\u00e7able par les OPCO <\/span><\/p>\n<p>[\/vc_column_text][vc_empty_space][vc_single_image image=&#8221;88056&#8243; img_size=&#8221;249&#215;100&#8243;][\/vc_column_inner][\/vc_row_inner][\/vc_tta_section][\/vc_tta_accordion][\/vc_column][\/vc_row][\/vc_section][vc_section full_width=&#8221;stretch_row&#8221; el_class=&#8221;flux-activites-section&#8221; css=&#8221;.vc_custom_1530028835103{background-color: #f7f7f7 !important;}&#8221;][vc_row][vc_column]\n\t<style>\n\n\t\t#vc_so_image_banner_41951 .vc_so_image_banner_banner_title{color : #fff;}\n\n\t\t#vc_so_image_banner_41951 .vc_so_image_banner_banner_description{color : #656462;}\n\n\t\t#vc_so_image_banner_41951 .vc_so_image_banner_banner_button a{ color : #fff0; background-color: #fff0; border-color: #fff0; }\n\n\t\t#vc_so_image_banner_41951 .vc_so_image_banner_banner_button a:hover{ color : #656462; background-color: #656462; border-color: #656462; }\n\n\t\n\t\t\t#vc_so_image_banner_41951 .vc_so_image_banner_banner_content{\tbackground-color:#cc096c;}\n\t\t\t#vc_so_image_banner_41951{ background-size:cover; background-image:url(\"\/\/shamengo-vps1.tetedecom.pro\/wp-content\/uploads\/2023\/07\/IMG_6932-scaled.jpeg\");\t}\n\t\t<\/style><div id=\"vc_so_image_banner_41951\" class=\"vc_so_image_banner image_overlay \" style=\"background-color:#656462\">\n\n\t\t<div class=\"so-wrapper\">\n\n\t\t\t<div class=\"vc_so_image_banner_banner_container\">\n\n\t\t\t\t<div class=\"vc_so_image_banner_banner_content\">\n\n\t\t\t\t\t<h2 class=\"vc_so_image_banner_banner_title\">Contactez-nous<\/h2>\n\t\t\t\t\t\n\t\t\t\t\t<div class=\"vc_so_image_banner_banner_button\">\n\t\t\t\t\t<a href=\"https:\/\/shamengo-vps1.tetedecom.pro\/fr\/contact\/\" target=\"\">Contact<\/a>\n\t\t\t\t\t<\/div>\n\t\t\t\t\t\n\t\t\t\t<\/div>\n\n\t\t\t<\/div>\n\n\t\t<\/div>\n\n\t\t<\/div>[\/vc_column][\/vc_row][\/vc_section]<\/p>\n","protected":false},"excerpt":{"rendered":"<p>[vc_section full_width=&#8221;stretch_row_content&#8221; el_class=&#8221;header-image-section&#8221; css=&#8221;.vc_custom_1704823348833{background-image: url(\/\/shamengo-vps1.tetedecom.pro\/wp-content\/uploads\/2024\/01\/Booster-entreprise-SIG.png?id=88090) !important;}&#8221;][vc_row][vc_column][\/vc_column][\/vc_row][\/vc_section][vc_section css=&#8221;.vc_custom_1539007037745{margin-bottom: 0px !important;}&#8221;][vc_row el_id=&#8221;site-title&#8221;][vc_column][vc_column_text] OFFRE ENTREPRISE Nous vous accompagnons dans votre vie pro et perso\u00a0pour rendre vos modes de production et consommation plus durables [\/vc_column_text][\/vc_column][\/vc_row][\/vc_section][vc_section full_width=&#8221;stretch_row_content&#8221; el_class=&#8221;special-v-tabs&#8221;][vc_row][vc_column][vc_tta_accordion shape=&#8221;square&#8221; c_icon=&#8221;chevron&#8221; c_position=&#8221;right&#8221; active_section=&#8221;1&#8243; collapsible_all=&#8221;true&#8221;][vc_tta_section title=&#8221;\u00c0 la d\u00e9couverte du nouveau monde&#8221; tab_id=&#8221;1704799166549-6c92aa16-7b4f&#8221; el_class=&#8221;explo-tab&#8221;][vc_row_inner equal_height=&#8221;yes&#8221; content_placement=&#8221;top&#8221; el_class=&#8221;col-with-sep row-with-bg-img right-img&#8221;][vc_column_inner][vc_column_text] Conf\u00e9rence inspirante [\/vc_column_text][vc_empty_space][vc_column_text] Objectif: [&hellip;]<\/p>\n","protected":false},"author":12337,"featured_media":0,"parent":0,"menu_order":0,"comment_status":"closed","ping_status":"closed","template":"","meta":{"_acf_changed":false,"footnotes":""},"thematique":[],"class_list":["post-88050","page","type-page","status-publish","hentry"],"acf":{"top_page":false},"_links":{"self":[{"href":"https:\/\/shamengo-vps1.tetedecom.pro\/fr\/wp-json\/wp\/v2\/pages\/88050"}],"collection":[{"href":"https:\/\/shamengo-vps1.tetedecom.pro\/fr\/wp-json\/wp\/v2\/pages"}],"about":[{"href":"https:\/\/shamengo-vps1.tetedecom.pro\/fr\/wp-json\/wp\/v2\/types\/page"}],"author":[{"embeddable":true,"href":"https:\/\/shamengo-vps1.tetedecom.pro\/fr\/wp-json\/wp\/v2\/users\/12337"}],"replies":[{"embeddable":true,"href":"https:\/\/shamengo-vps1.tetedecom.pro\/fr\/wp-json\/wp\/v2\/comments?post=88050"}],"version-history":[{"count":18,"href":"https:\/\/shamengo-vps1.tetedecom.pro\/fr\/wp-json\/wp\/v2\/pages\/88050\/revisions"}],"predecessor-version":[{"id":88305,"href":"https:\/\/shamengo-vps1.tetedecom.pro\/fr\/wp-json\/wp\/v2\/pages\/88050\/revisions\/88305"}],"wp:attachment":[{"href":"https:\/\/shamengo-vps1.tetedecom.pro\/fr\/wp-json\/wp\/v2\/media?parent=88050"}],"wp:term":[{"taxonomy":"thematique","embeddable":true,"href":"https:\/\/shamengo-vps1.tetedecom.pro\/fr\/wp-json\/wp\/v2\/thematique?post=88050"}],"curies":[{"name":"wp","href":"https:\/\/api.w.org\/{rel}","templated":true}]}}