{"id":88078,"date":"2024-01-09T13:36:57","date_gmt":"2024-01-09T12:36:57","guid":{"rendered":"https:\/\/shamengo-vps1.tetedecom.pro\/?page_id=88078"},"modified":"2024-01-22T23:04:48","modified_gmt":"2024-01-22T22:04:48","slug":"offres-particuliers","status":"publish","type":"page","link":"https:\/\/shamengo-vps1.tetedecom.pro\/fr\/offres-particuliers\/","title":{"rendered":"Offres particuliers"},"content":{"rendered":"<p>[vc_section full_width=&#8221;stretch_row_content&#8221; el_class=&#8221;header-image-section&#8221; css=&#8221;.vc_custom_1704824411748{background-image: url(\/\/shamengo-vps1.tetedecom.pro\/wp-content\/uploads\/2023\/07\/WhatsApp-Image-2023-07-20-at-12.02.12.jpeg?id=85442) !important;}&#8221;][vc_row][vc_column][\/vc_column][\/vc_row][\/vc_section][vc_section css=&#8221;.vc_custom_1539007037745{margin-bottom: 0px !important;}&#8221;][vc_row el_id=&#8221;site-title&#8221;][vc_column][vc_column_text]<\/p>\n<h1 style=\"text-align: center;\">OFFRE PARTICULIER<\/h1>\n<p style=\"font-weight: 400; text-align: center;\">Nous vous accompagnons dans votre vie pro et perso\u00a0pour rendre vos modes de production et consommation plus durables<\/p>\n<p>[\/vc_column_text][\/vc_column][\/vc_row][\/vc_section][vc_section full_width=&#8221;stretch_row_content&#8221; el_class=&#8221;special-v-tabs&#8221;][vc_row][vc_column][vc_tta_accordion shape=&#8221;square&#8221; c_icon=&#8221;chevron&#8221; c_position=&#8221;right&#8221; active_section=&#8221;1&#8243; collapsible_all=&#8221;true&#8221;][vc_tta_section title=&#8221;\u00c0 la d\u00e9couverte des initiatives durables de votre quartier&#8221; tab_id=&#8221;1704799166549-6c92aa16-7b4f&#8221; el_class=&#8221;explo-tab&#8221;][vc_row_inner equal_height=&#8221;yes&#8221; content_placement=&#8221;top&#8221; el_class=&#8221;col-with-sep row-with-bg-img right-img&#8221;][vc_column_inner][vc_column_text]<\/p>\n<h1>Shamenquest<\/h1>\n<p>[\/vc_column_text][vc_empty_space][vc_column_text]<\/p>\n<h3>Objectif:\u00a0d\u00e9couvrir les initiatives \u00e9thiques et \u00e9co-responsables des quartiers bordelais r\u00e9pondant aux 8 activit\u00e9s de la vie quotidienne.<\/h3>\n<p>[\/vc_column_text][vc_toggle title=&#8221;En savoir plus&#8221;]<\/p>\n<p style=\"font-weight: 400;\">Le Shamenquest est une qu\u00eate interactive qui permet aux citoyens de s\u2019approprier son \u00e9cocitoyennet\u00e9 \u00e0 travers la (re)d\u00e9couverte de son quartier. Gr\u00e2ce \u00e0 la boussole Shamengo et ses 4 points cardinaux, Prendre soin de soi, Cr\u00e9er dans l\u2019\u00e9thique, Pr\u00e9server la plan\u00e8te et S\u2019engager pour les autres, les participants partent \u00e0 la rencontre des commer\u00e7ants locaux partageant ces valeurs. Un moyen \u00e0 la port\u00e9e de tous pour mieux saisir cette \u00e9cosyst\u00e8me d\u00e9j\u00e0 bien pr\u00e9sent, d\u2019impulser les changements de mode de vie\u00a0et d\u2019entamer sa transition \u00e9cologique\u00a0!<\/p>\n<p>[\/vc_toggle][vc_column_text]<\/p>\n<p style=\"font-weight: 400;\">Public\u00a0: Tous public<\/p>\n<p style=\"font-weight: 400;\">Pr\u00e9-requis\u00a0: Envie de d\u00e9couvrir et de changer son mode de vie<\/p>\n<p style=\"font-weight: 400;\">Dur\u00e9e\u00a0: 1h<\/p>\n<p style=\"font-weight: 400;\">Lieu\u00a0: Bordeaux<\/p>\n<p style=\"font-weight: 400;\">Nombre de participants\u00a0: 8 par qu\u00eate<\/p>\n<p style=\"font-weight: 400;\">Prix\u00a0: Gratuit<\/p>\n<p>[\/vc_column_text][\/vc_column_inner][\/vc_row_inner][\/vc_tta_section][vc_tta_section title=&#8221;L\u2019univers du jeu d\u2019\u00e9vasion au service de l\u2019\u00e9cocitoyennet\u00e9&#8221; tab_id=&#8221;1704801333170-c836612f-bb19&#8243; el_class=&#8221;explo-tab&#8221;][vc_row_inner equal_height=&#8221;yes&#8221; content_placement=&#8221;top&#8221; el_class=&#8221;col-with-sep row-with-bg-img right-img&#8221;][vc_column_inner][vc_column_text]<\/p>\n<h1>Escape Game Shamengo<\/h1>\n<p>[\/vc_column_text][vc_empty_space][vc_column_text]<\/p>\n<h3>Objectif: offrir une parenth\u00e8se r\u00e9cr\u00e9ative et instructive \u00e0 l\u2019occasion d\u2019un s\u00e9minaire d\u2019entreprise, une c\u00e9l\u00e9bration (f\u00eates de fin d\u2019ann\u00e9e civile, scolaire, anniversaire\u2026) ou par simple curiosit\u00e9 !<\/h3>\n<p>[\/vc_column_text][vc_toggle title=&#8221;En savoir plus&#8221;]<\/p>\n<p style=\"font-weight: 400;\">L\u2019escape game Shamengo d\u00e9multiplie la satisfaction procur\u00e9e par la r\u00e9solution d\u2019\u00e9nigmes permettant de retrouver LA CL\u00c9, point d\u2019orgue embl\u00e9matique de tout escape game. Dans celui-ci, chaque temps fort permet de d\u00e9couvrir une innovation \u00ab\u00a0Waouh\u00a0\u00bb utilis\u00e9e pour l\u2019\u00e9co-r\u00e9novation du lieu. De quoi, alimenter une discussion riche de sens \u00e0 l\u2019issue du jeu et donner envie de conserver la cl\u00e9 pour mieux revenir\u00a0\u00e0 l\u2019appart\u2019\u00e9cole Shamengo !<\/p>\n<p>[\/vc_toggle][vc_column_text]<\/p>\n<p style=\"font-weight: 400;\">Public\u00a0: Tous public<\/p>\n<p style=\"font-weight: 400;\">Pr\u00e9-requis\u00a0: Envie de sensibiliser ses proches \u00e0 l\u2019\u00e9cocitoyennet\u00e9<\/p>\n<p style=\"font-weight: 400;\">Dur\u00e9e\u00a0:2 heures<\/p>\n<p style=\"font-weight: 400;\">Lieu\u00a0: Appart\u2019\u00e9cole Shamengo, 40 rue bergeret, 33000 Bordeaux<\/p>\n<p style=\"font-weight: 400;\">Nombre\u00a0de participants : 4 \u00e0 6 joueurs<\/p>\n<p style=\"font-weight: 400;\">Prix\u00a0: sur demande<\/p>\n<p>[\/vc_column_text][vc_btn title=&#8221;D\u00e9couvrir&#8221; color=&#8221;so-white&#8221; link=&#8221;url:https%3A%2F%2Fshamengo-vps1.tetedecom.pro%2Ffr%2Fescape-game-shamengo%2F|title:Escape%20game&#8221;][\/vc_column_inner][\/vc_row_inner][\/vc_tta_section][vc_tta_section title=&#8221;Exp\u00e9rience immersive ludo-\u00e9ducative&#8221; tab_id=&#8221;1704801572376-89bf1c72-e7f0&#8243; el_class=&#8221;explo-tab&#8221;][vc_row_inner equal_height=&#8221;yes&#8221; content_placement=&#8221;top&#8221; el_class=&#8221;col-with-sep row-with-bg-img right-img&#8221;][vc_column_inner][vc_column_text]<\/p>\n<h1>In Vivo Shamengo<\/h1>\n<p>[\/vc_column_text][vc_empty_space][vc_column_text]<\/p>\n<h3>Objectif: Donner envie d\u2019adopter de nouveaux modes de production et consommation en reliant la t\u00eate, les mains et le c\u0153ur \u00e0 l\u2019occasion d\u2019ateliers DIWO (do it with others) organis\u00e9s \u00e0 l\u2019\u00e9cole Shamengo sur Bordeaux (appart\u2019\u00e9cole et\/ou maison\u2019\u00e9cole).<\/h3>\n<p>[\/vc_column_text][vc_toggle title=&#8221;En savoir plus&#8221;]<\/p>\n<p style=\"font-weight: 400;\">\u00ab\u00a0In Vivo Shamengo\u00a0\u00bb est une mani\u00e8re originale de\u00a0tomber comme Alice \u00ab\u00a0dans le trou du lapin\u00a0\u00bb et de pouvoir exp\u00e9rimenter \u00ab\u00a0le nouveau monde\u00a0\u00bb pendant un \u00e0 deux jours en sortant \u00ab\u00a0la t\u00eate du guidon\u00a0\u00bb afin de mieux concevoir son \u00e9co-citoyennet\u00e9, s\u2019armer de propositions concr\u00e8tes et susciter l\u2019enthousiasme \u00e0 son entourage afin de mieux la d\u00e9ployer.<\/p>\n<p style=\"font-weight: 400; text-align: left;\">Le programme est con\u00e7u sur mesure \u00e0 partir d\u2019un large panel d\u2019ateliers DIWO, de quizz, de vid\u00e9os inspirantes et de mini-challenges \u00e0 relever en lien avec 8 actions de la vie quotidienne : se nourrir, se loger, s\u2019habiller, se d\u00e9placer, se soigner, communiquer, se divertir et s\u2019entraider.<\/p>\n<p>[\/vc_toggle][vc_column_text]<\/p>\n<p style=\"font-weight: 400;\">Public\u00a0: Tous public<\/p>\n<p style=\"font-weight: 400;\">Pr\u00e9-requis\u00a0: R\u00e9flexion autour d&#8217;une des 8 activit\u00e9s de la vie quotidienne<\/p>\n<p style=\"font-weight: 400;\">Dur\u00e9e\u00a0: \u00bd jours \u00e0 deux jours<\/p>\n<p style=\"font-weight: 400;\">Lieu\u00a0: Bordeaux \u00e0 l\u2019appart\u2019\u00e9cole et en p\u00e9riph\u00e9rie de Bordeaux (Latresne) \u00e0 la maison \u00e9cole. En fonction du programme, la d\u00e9localisation des activit\u00e9s sur un lieu choisi par le commanditaire peut-\u00eatre envisag\u00e9e.<\/p>\n<p style=\"font-weight: 400;\">Nombre\u00a0de participants : jusqu\u2019\u00e0 32 personnes<\/p>\n<p style=\"font-weight: 400;\">Prix\u00a0: sur demande<\/p>\n<p style=\"font-weight: 400;\">Formation port\u00e9e par Coop Cit\u00e9s formation, finan\u00e7able par les OPCO<\/p>\n<p>[\/vc_column_text][vc_empty_space][vc_single_image image=&#8221;88056&#8243; img_size=&#8221;249&#215;100&#8243;][\/vc_column_inner][\/vc_row_inner][\/vc_tta_section][vc_tta_section title=&#8221;Sur un air de t\u00e9l\u00e9r\u00e9alit\u00e9&#8230;apprenante !&#8221; tab_id=&#8221;1704801779290-f4145fdd-0fd5&#8243; el_class=&#8221;explo-tab&#8221;][vc_row_inner equal_height=&#8221;yes&#8221; content_placement=&#8221;top&#8221; el_class=&#8221;col-with-sep row-with-bg-img right-img&#8221;][vc_column_inner][vc_column_text]<\/p>\n<h1>Top Model Shamengo<\/h1>\n<p>[\/vc_column_text][vc_empty_space][vc_column_text]<\/p>\n<h3>Objectif:\u00a0vivre une exp\u00e9rience inoubliable en relevant des d\u00e9fis en lien avec la transition \u00e9cologique et sociale afin d\u2019impulser des changements personnels et professionnels profonds et durables.<\/h3>\n<p>[\/vc_column_text][vc_toggle title=&#8221;En savoir plus&#8221;]<\/p>\n<p style=\"font-weight: 400;\">Et si le concept de Koh Lanta, \u00e0 l\u2019origine de son immense succ\u00e8s \u00e9tait repris pour imaginer une t\u00e9l\u00e9r\u00e9alit\u00e9 au service de la construction du nouveau monde\u00a0? C\u2019est l\u2019essence m\u00eame de ce programme dans lequel 8 candidats vont relever pendant une semaine, petits et grands d\u00e9fis en lien avec les 8 activit\u00e9s de l\u2019\u00e9cole. A l\u2019arriv\u00e9e, un seul candidat montera sur la premi\u00e8re marche du podium et deviendra Top Model Shamengo.<\/p>\n<p>[\/vc_toggle][vc_column_text]<\/p>\n<p style=\"font-weight: 400;\">Public\u00a0: Tous public (\u00e9l\u00e8ves, salari\u00e9s, entrepreneurs, salari\u00e9s)<\/p>\n<p style=\"font-weight: 400;\">Pr\u00e9-requis\u00a0: Motivation et curiosit\u00e9<\/p>\n<p style=\"font-weight: 400;\">Dur\u00e9e\u00a0: 7 jours<\/p>\n<p style=\"font-weight: 400;\">Lieu\u00a0: Bordeaux et p\u00e9riph\u00e9rie de Bordeaux (Latresne)<\/p>\n<p style=\"font-weight: 400;\">Nombre\u00a0de participants : 8 personnes<\/p>\n<p style=\"font-weight: 400;\">Prix\u00a0: sur demande<\/p>\n<p style=\"font-weight: 400;\">Formation port\u00e9e par Coop Cit\u00e9s formation, finan\u00e7able par les OPCO<\/p>\n<p>[\/vc_column_text][vc_empty_space][vc_single_image image=&#8221;88056&#8243; img_size=&#8221;249&#215;100&#8243;][\/vc_column_inner][\/vc_row_inner][\/vc_tta_section][vc_tta_section title=&#8221;Chantier collaboratif de la Maison \u00c9cole&#8221; tab_id=&#8221;1704802078509-8ada3d07-6dfb&#8221; el_class=&#8221;explo-tab&#8221;][vc_row_inner equal_height=&#8221;yes&#8221; content_placement=&#8221;top&#8221; el_class=&#8221;col-with-sep row-with-bg-img right-img&#8221;][vc_column_inner][vc_column_text]<\/p>\n<h2>Masterclass Shamengo<\/h2>\n<p>[\/vc_column_text][vc_empty_space][vc_column_text]<\/p>\n<h3>Objectif:\u00a0se former aupr\u00e8s de pionniers et d\u2019experts d\u2019exception \u00e0 l\u2019occasion du chantier en \u00e9cor\u00e9novation de la maison\u2019Ecole Shamengo.<\/h3>\n<p>[\/vc_column_text][vc_toggle title=&#8221;En savoir plus&#8221;]<\/p>\n<p style=\"font-weight: 400;\">Les Masterclass Shamengo permettent de d\u00e9couvrir, rencontrer et apprendre aupr\u00e8s des plus grands dans leur domaine de pr\u00e9dilection. \u00a0Ces femmes et ces hommes ont consacr\u00e9 une grande partie de leur vie \u00e0 acqu\u00e9rir une expertise dans le domaine de la transition sociale et environnementale. Certains d\u2019entre eux ont m\u00eame mis au point des innovations de rupture. Venez \u00e0 leurs rencontres, sur le chantier\u2019\u00e9cole au moment o\u00f9 nous impl\u00e9menterons leurs solutions pour d\u00e9couvrir leurs secrets de fabrication.<\/p>\n<p>[\/vc_toggle][vc_column_text]<\/p>\n<p style=\"font-weight: 400;\">Public\u00a0: Groupe de particuliers<\/p>\n<p style=\"font-weight: 400;\">Pr\u00e9-requis\u00a0: App\u00e9tence pour l\u2019\u00e9co-construction, la neuroarchitecture et la biophilie<\/p>\n<p style=\"font-weight: 400;\">Dur\u00e9e\u00a0: 3 heures<\/p>\n<p style=\"font-weight: 400;\">Lieu\u00a0: Latresne, p\u00e9riph\u00e9rie de Bordeaux<\/p>\n<p style=\"font-weight: 400;\">Date\u00a0: en fonction de l\u2019avancement du chantier (2024-2025)<\/p>\n<p style=\"font-weight: 400;\">Prix\u00a0: sur demande<\/p>\n<p style=\"font-weight: 400;\"><span style=\"font-weight: 400;\">Formation port\u00e9e par Coop Cit\u00e9s formation, finan\u00e7able par les OPCO <\/span><\/p>\n<p>[\/vc_column_text][vc_empty_space][vc_single_image image=&#8221;88056&#8243; img_size=&#8221;249&#215;100&#8243;][\/vc_column_inner][\/vc_row_inner][\/vc_tta_section][\/vc_tta_accordion][\/vc_column][\/vc_row][\/vc_section][vc_section full_width=&#8221;stretch_row&#8221; el_class=&#8221;flux-activites-section&#8221; css=&#8221;.vc_custom_1530028835103{background-color: #f7f7f7 !important;}&#8221;][vc_row][vc_column]\n\t<style>\n\n\t\t#vc_so_image_banner_498236 .vc_so_image_banner_banner_title{color : #fff;}\n\n\t\t#vc_so_image_banner_498236 .vc_so_image_banner_banner_description{color : #656462;}\n\n\t\t#vc_so_image_banner_498236 .vc_so_image_banner_banner_button a{ color : #fff0; background-color: #fff0; border-color: #fff0; }\n\n\t\t#vc_so_image_banner_498236 .vc_so_image_banner_banner_button a:hover{ color : #656462; background-color: #656462; border-color: #656462; }\n\n\t\n\t\t\t#vc_so_image_banner_498236 .vc_so_image_banner_banner_content{\tbackground-color:#cc096c;}\n\t\t\t#vc_so_image_banner_498236{ background-size:cover; background-image:url(\"\/\/shamengo-vps1.tetedecom.pro\/wp-content\/uploads\/2023\/07\/IMG_6932-scaled.jpeg\");\t}\n\t\t<\/style><div id=\"vc_so_image_banner_498236\" class=\"vc_so_image_banner image_overlay \" style=\"background-color:#656462\">\n\n\t\t<div class=\"so-wrapper\">\n\n\t\t\t<div class=\"vc_so_image_banner_banner_container\">\n\n\t\t\t\t<div class=\"vc_so_image_banner_banner_content\">\n\n\t\t\t\t\t<h2 class=\"vc_so_image_banner_banner_title\">Contactez-nous<\/h2>\n\t\t\t\t\t\n\t\t\t\t\t<div class=\"vc_so_image_banner_banner_button\">\n\t\t\t\t\t<a href=\"https:\/\/shamengo-vps1.tetedecom.pro\/fr\/contact\/\" target=\"\">Contact<\/a>\n\t\t\t\t\t<\/div>\n\t\t\t\t\t\n\t\t\t\t<\/div>\n\n\t\t\t<\/div>\n\n\t\t<\/div>\n\n\t\t<\/div>[\/vc_column][\/vc_row][\/vc_section]<\/p>\n","protected":false},"excerpt":{"rendered":"<p>[vc_section full_width=&#8221;stretch_row_content&#8221; el_class=&#8221;header-image-section&#8221; css=&#8221;.vc_custom_1704824411748{background-image: url(\/\/shamengo-vps1.tetedecom.pro\/wp-content\/uploads\/2023\/07\/WhatsApp-Image-2023-07-20-at-12.02.12.jpeg?id=85442) !important;}&#8221;][vc_row][vc_column][\/vc_column][\/vc_row][\/vc_section][vc_section css=&#8221;.vc_custom_1539007037745{margin-bottom: 0px !important;}&#8221;][vc_row el_id=&#8221;site-title&#8221;][vc_column][vc_column_text] OFFRE PARTICULIER Nous vous accompagnons dans votre vie pro et perso\u00a0pour rendre vos modes de production et consommation plus durables [\/vc_column_text][\/vc_column][\/vc_row][\/vc_section][vc_section full_width=&#8221;stretch_row_content&#8221; el_class=&#8221;special-v-tabs&#8221;][vc_row][vc_column][vc_tta_accordion shape=&#8221;square&#8221; c_icon=&#8221;chevron&#8221; c_position=&#8221;right&#8221; active_section=&#8221;1&#8243; collapsible_all=&#8221;true&#8221;][vc_tta_section title=&#8221;\u00c0 la d\u00e9couverte des initiatives durables de votre quartier&#8221; tab_id=&#8221;1704799166549-6c92aa16-7b4f&#8221; el_class=&#8221;explo-tab&#8221;][vc_row_inner equal_height=&#8221;yes&#8221; content_placement=&#8221;top&#8221; el_class=&#8221;col-with-sep row-with-bg-img right-img&#8221;][vc_column_inner][vc_column_text] Shamenquest [&hellip;]<\/p>\n","protected":false},"author":12337,"featured_media":0,"parent":0,"menu_order":0,"comment_status":"closed","ping_status":"closed","template":"","meta":{"_acf_changed":false,"footnotes":""},"thematique":[],"class_list":["post-88078","page","type-page","status-publish","hentry"],"acf":{"top_page":false},"_links":{"self":[{"href":"https:\/\/shamengo-vps1.tetedecom.pro\/fr\/wp-json\/wp\/v2\/pages\/88078"}],"collection":[{"href":"https:\/\/shamengo-vps1.tetedecom.pro\/fr\/wp-json\/wp\/v2\/pages"}],"about":[{"href":"https:\/\/shamengo-vps1.tetedecom.pro\/fr\/wp-json\/wp\/v2\/types\/page"}],"author":[{"embeddable":true,"href":"https:\/\/shamengo-vps1.tetedecom.pro\/fr\/wp-json\/wp\/v2\/users\/12337"}],"replies":[{"embeddable":true,"href":"https:\/\/shamengo-vps1.tetedecom.pro\/fr\/wp-json\/wp\/v2\/comments?post=88078"}],"version-history":[{"count":7,"href":"https:\/\/shamengo-vps1.tetedecom.pro\/fr\/wp-json\/wp\/v2\/pages\/88078\/revisions"}],"predecessor-version":[{"id":88303,"href":"https:\/\/shamengo-vps1.tetedecom.pro\/fr\/wp-json\/wp\/v2\/pages\/88078\/revisions\/88303"}],"wp:attachment":[{"href":"https:\/\/shamengo-vps1.tetedecom.pro\/fr\/wp-json\/wp\/v2\/media?parent=88078"}],"wp:term":[{"taxonomy":"thematique","embeddable":true,"href":"https:\/\/shamengo-vps1.tetedecom.pro\/fr\/wp-json\/wp\/v2\/thematique?post=88078"}],"curies":[{"name":"wp","href":"https:\/\/api.w.org\/{rel}","templated":true}]}}