{"id":90416,"date":"2024-03-05T16:05:36","date_gmt":"2024-03-05T15:05:36","guid":{"rendered":"https:\/\/shamengo-vps1.tetedecom.pro\/?page_id=90416"},"modified":"2024-03-12T10:31:35","modified_gmt":"2024-03-12T09:31:35","slug":"top-model-shamengo","status":"publish","type":"page","link":"https:\/\/shamengo-vps1.tetedecom.pro\/fr\/top-model-shamengo\/","title":{"rendered":"Top Model Shamengo"},"content":{"rendered":"<p>[vc_section full_width=&#8221;stretch_row_content&#8221; el_class=&#8221;header-image-section&#8221; css=&#8221;.vc_custom_1710234385217{background-image: url(\/\/shamengo-vps1.tetedecom.pro\/wp-content\/uploads\/2024\/03\/Bandeau-yeux-Top-Model-Shamengo-3.png?id=91047) !important;}&#8221;][\/vc_section][vc_row el_id=&#8221;site-title&#8221;][vc_column][vc_column_text]<\/p>\n<h1 style=\"text-align: center;\">TOP MODEL SHAMENGO<\/h1>\n<p>[\/vc_column_text][vc_single_image image=&#8221;90925&#8243; img_size=&#8221;medium&#8221; alignment=&#8221;center&#8221;][\/vc_column][\/vc_row][vc_section css=&#8221;.vc_custom_1709917876413{margin-top: -50px !important;}&#8221;][vc_row css=&#8221;.vc_custom_1709917882149{margin-top: -50px !important;}&#8221;][vc_column][vc_column_text css=&#8221;.vc_custom_1709903982250{margin-bottom: 1em !important;}&#8221;]<\/p>\n<h2 style=\"text-align: center;\">Du 6 au 12 Juillet 2024 \u00e0 Bordeaux<\/h2>\n<p>[\/vc_column_text][vc_column_text css=&#8221;.vc_custom_1709917585931{margin-bottom: 1em !important;}&#8221;]<\/p>\n<h3 style=\"text-align: center;\"><span style=\"font-weight: 400;\">Participez \u00e0 un concours pas comme les autres qui vous fera vivre une exp\u00e9rience inoubliable sur le chemin de la transition \u00e9cologique et sociale. <\/span><\/h3>\n<p>[\/vc_column_text][vc_single_image image=&#8221;90925&#8243; img_size=&#8221;medium&#8221; alignment=&#8221;center&#8221;][vc_column_text css=&#8221;.vc_custom_1709917594383{margin-bottom: 1em !important;}&#8221;]<\/p>\n<h3 style=\"text-align: center;\"><span style=\"font-weight: 400;\">Repoussez vos limites lors d&#8217;\u00e9preuves individuelles et collectives concoct\u00e9es par nos \u00ab pionniers Shamengo\u00bb dans 8 activit\u00e9s de la vie quotidienne.<\/span><\/h3>\n<p>[\/vc_column_text][vc_single_image image=&#8221;90925&#8243; img_size=&#8221;medium&#8221; alignment=&#8221;center&#8221;][vc_column_text css=&#8221;.vc_custom_1709917603116{margin-bottom: 1em !important;}&#8221;]<\/p>\n<h3 style=\"text-align: center;\"><span style=\"font-weight: 400;\">Reliez votre t\u00eate, vos mains et votre c\u0153ur pour maitriser de nouveaux savoir-\u00eatre et savoir-faire et tenter de d\u00e9crocher parmi 8 candidats, le titre de Top Model Shamengo, <\/span><span style=\"font-weight: 400;\">un mod\u00e8le d&#8217;\u00e9cocitoyennet\u00e9 inspir\u00e9 et inspirant.<\/span><\/h3>\n<p>[\/vc_column_text][vc_single_image image=&#8221;90925&#8243; img_size=&#8221;medium&#8221; alignment=&#8221;center&#8221;][vc_column_text css=&#8221;.vc_custom_1709917612300{margin-bottom: 1em !important;}&#8221;]<\/p>\n<h3 style=\"text-align: center;\"><span style=\"font-weight: 400;\">Immortalisez cette semaine riche en \u00e9motion, apprentissage et partage dans une s\u00e9rie vid\u00e9o diffus\u00e9e sur les r\u00e9seaux sociaux.<\/span><\/h3>\n<p>[\/vc_column_text][vc_single_image image=&#8221;90925&#8243; img_size=&#8221;medium&#8221; alignment=&#8221;center&#8221;][vc_empty_space][vc_empty_space][\/vc_column][\/vc_row][vc_row][vc_column][vc_video link=&#8221;https:\/\/youtu.be\/RUOmPYKJTuY?si=EjpBst_k8NLS9izM&#8221; align=&#8221;center&#8221;][\/vc_column][\/vc_row][\/vc_section][vc_section full_width=&#8221;stretch_row_content&#8221;][vc_row equal_height=&#8221;yes&#8221; content_placement=&#8221;top&#8221; el_class=&#8221;stretch-right-col&#8221;][vc_column width=&#8221;1\/2&#8243; css=&#8221;.vc_custom_1525705002925{padding-bottom: 6em !important;}&#8221;][vc_column_text]<\/p>\n<h2><\/h2>\n<h2>UNE OCCASION UNIQUE<\/h2>\n<p>[\/vc_column_text][vc_column_text el_class=&#8221;sep-top&#8221;]<span style=\"font-weight: 400;\">De prendre de la hauteur sur sa vie<\/span><\/p>\n<p><span style=\"font-weight: 400;\">Exp\u00e9rimenter une meilleure version de soi-m\u00eame<\/span><\/p>\n<p><span style=\"font-weight: 400;\">Se familiariser avec les principes du vivant\u00a0<\/span><\/p>\n<p><span style=\"font-weight: 400;\">Apprendre un tas de choses lors d&#8217;ateliers DIWO (Do It With Others)<\/span><\/p>\n<p><span style=\"font-weight: 400;\">D\u00e9velopper son talent cr\u00e9atif\u00a0<\/span><\/p>\n<p><span style=\"font-weight: 400;\">Faire des rencontres exceptionnelles<\/span><\/p>\n<p><span style=\"font-weight: 400;\">Enrichir son carnet d&#8217;adresse<\/span><\/p>\n<p><span style=\"font-weight: 400;\">D\u00e9couvrir les vertus de la coop\u00e9tition (coop\u00e9ration et comp\u00e9tition)\u00a0<\/span><\/p>\n<p><span style=\"font-weight: 400;\">Acqu\u00e9rir 4 comp\u00e9tences cl\u00e9s dans le monde en devenir (<\/span><span style=\"font-weight: 400;\">L&#8217;empathie cognitive, le travail en \u00e9quipe, la gouvernance collaborative et l&#8217;aptitude \u00e0 \u00eatre acteur du changement)\u00a0<\/span><\/p>\n<p><span style=\"font-weight: 400;\">Et surtout s&#8217;engager pour un avenir meilleur !<\/span>[\/vc_column_text][vc_column_text el_class=&#8221;sep-top&#8221;]<\/p>\n<p style=\"font-weight: 400;\">Pour en apprendre davantage sur le d\u00e9roul\u00e9, les questions pratiques et le planning, nous vous invitons \u00e0 explorer notre FAQ sur le programme Top Model Shamengo !<\/p>\n<p>[\/vc_column_text][vc_empty_space][vc_btn title=&#8221;Voir la FAQ Top Model Shamengo&#8221; color=&#8221;so-white&#8221; link=&#8221;url:https%3A%2F%2Fshamengo-vps1.tetedecom.pro%2Ffr%2Ffaq-top-model-shamengo%2F|title:FAQ%20Top%20Model%20Shamengo&#8221; el_class=&#8221;button-text-size-26 btn-rose-sham&#8221;][\/vc_column][vc_column width=&#8221;1\/2&#8243; css=&#8221;.vc_custom_1710235880199{background-image: url(\/\/shamengo-vps1.tetedecom.pro\/wp-content\/uploads\/2024\/03\/Grille-8-activites-V2.png?id=91052) !important;background-position: center !important;background-repeat: no-repeat !important;background-size: cover !important;}&#8221; el_class=&#8221;bg-align-top&#8221;][\/vc_column][\/vc_row][\/vc_section][vc_section full_width=&#8221;stretch_row_content&#8221; css=&#8221;.vc_custom_1525700319451{padding-top: 0px !important;}&#8221;][vc_row equal_height=&#8221;yes&#8221; content_placement=&#8221;middle&#8221; el_class=&#8221;stretch-left-col&#8221;][vc_column width=&#8221;1\/2&#8243; css=&#8221;.vc_custom_1709634610020{background-image: url(\/\/shamengo-vps1.tetedecom.pro\/wp-content\/uploads\/2024\/03\/Benevoles-Base-vie.png?id=90429) !important;background-position: center !important;background-repeat: no-repeat !important;background-size: cover !important;}&#8221;][\/vc_column][vc_column width=&#8221;1\/2&#8243; css=&#8221;.vc_custom_1525700384979{padding-top: 8em !important;padding-bottom: 8em !important;}&#8221;][vc_column_text]<\/p>\n<h2>LES CRIT\u00c8RES DE S\u00c9LECTION<\/h2>\n<p>[\/vc_column_text][vc_column_text el_class=&#8221;sep-top&#8221;]Vous avez + de 14 ans ?<\/p>\n<p>Vous aimez voyager en terre inconnue ?<\/p>\n<p>Vous n&#8217;avez pas froid aux yeux ?<\/p>\n<p>Vous \u00eates \u00e0 l&#8217;aise \u00e0 v\u00e9lo en ville ?<\/p>\n<p>Vous vous int\u00e9ressez au d\u00e9veloppement durable ?<\/p>\n<p>Vous cherchez les bons plans gratuits ?<\/p>\n<p>Vous \u00eates libre d\u00e9but juillet ?<\/p>\n<p>&nbsp;<\/p>\n<p>Alors n&#8217;attendez pas pour candidater. Il n&#8217;y a que 8 places pour vivre cette exp\u00e9rience unique !<\/p>\n<p><br style=\"font-weight: 400;\" \/><br style=\"font-weight: 400;\" \/>[\/vc_column_text][vc_empty_space][vc_btn title=&#8221;Remplir le formulaire en ligne pour candidater&#8221; color=&#8221;so-white&#8221; link=&#8221;url:https%3A%2F%2Fairtable.com%2FappwjEUuBYWz6jSpi%2FpagCu319Em2dwwD6w%2Fform|title:Formulaire%20en%20ligne&#8221; el_class=&#8221;button-text-size-26 btn-rose-sham&#8221;][\/vc_column][\/vc_row][\/vc_section][vc_section full_width=&#8221;stretch_row&#8221; el_class=&#8221;steps-section&#8221; css=&#8221;.vc_custom_1525700860534{background-color: #f7f7f7 !important;}&#8221;][vc_row][vc_column][vc_column_text]<\/p>\n<h2 style=\"text-align: center;\">Envie de faire connaitre ce programme d\u00e9coiffant ?<\/h2>\n<p>[\/vc_column_text][vc_row_inner][vc_column_inner width=&#8221;1\/2&#8243;][vc_column_text el_class=&#8221;step-number&#8221;]<\/p>\n<p style=\"text-align: center;\">1.<\/p>\n<p>[\/vc_column_text][vc_column_text]<\/p>\n<h3 style=\"text-align: center;\">T\u00c9L\u00c9CHARGE LA BROCHURE<\/h3>\n<p>[\/vc_column_text][vc_btn title=&#8221;La pr\u00e9sentation&#8221; color=&#8221;so-white&#8221; align=&#8221;center&#8221; link=&#8221;url:%2F%2Fshamengo-vps1.tetedecom.pro%2Fwp-content%2Fuploads%2F2024%2F03%2FTop-model-Shamengo-.pdf-light.pdf.zip|title:La%20pr%C3%A9sentation&#8221; el_class=&#8221;button-text-size-26 btn-rose-sham&#8221;][\/vc_column_inner][vc_column_inner width=&#8221;1\/2&#8243;][vc_column_text el_class=&#8221;step-number&#8221;]<\/p>\n<p style=\"text-align: center;\">2.<\/p>\n<p>[\/vc_column_text][vc_column_text]<\/p>\n<h3 style=\"text-align: center;\">T\u00c9L\u00c9CHARGE LE FLYER<\/h3>\n<p>[\/vc_column_text][vc_btn title=&#8221;Le flyer&#8221; color=&#8221;so-white&#8221; align=&#8221;center&#8221; link=&#8221;url:%2F%2Fshamengo-vps1.tetedecom.pro%2Fwp-content%2Fuploads%2F2024%2F03%2FFlyer-Top-Model-Shamengo-.pdf-4.zip|title:Le%20flyer&#8221; el_class=&#8221;button-text-size-26 btn-rose-sham&#8221;][\/vc_column_inner][\/vc_row_inner][vc_empty_space][\/vc_column][\/vc_row][\/vc_section][vc_section full_width=&#8221;stretch_row&#8221; content_placement=&#8221;middle&#8221; css=&#8221;.vc_custom_1709636255967{margin-top: 50px !important;margin-bottom: 50px !important;background-image: url(\/\/shamengo-vps1.tetedecom.pro\/wp-content\/uploads\/2024\/03\/Charte-graphique-Top-Model-Shamengo.jpg?id=90441) !important;background-position: center !important;background-repeat: no-repeat !important;background-size: cover !important;}&#8221;][vc_row css=&#8221;.vc_custom_1607964883229{margin-top: 40px !important;margin-bottom: 40px !important;}&#8221;][vc_column][vc_column_text css=&#8221;.vc_custom_1709633584878{margin-top: 30px !important;margin-bottom: 13px !important;padding-bottom: 10px !important;background-color: #ffffff !important;}&#8221;]<\/p>\n<h2 style=\"text-align: center; font-size: 1.8em;\"><span style=\"font-weight: 400;\">Top Model Shamengo, c&#8217;est bien plus qu&#8217;un concours. C&#8217;est l&#8217;occasion de vivre une aventure humaine unique, de vous engager pour la plan\u00e8te et de devenir un v\u00e9ritable acteur du changement !<\/span><\/h2>\n<p>[\/vc_column_text][vc_btn title=&#8221;Alors pr\u00eat.e \u00e0 relever le d\u00e9fi ?&#8221; color=&#8221;so-white&#8221; align=&#8221;center&#8221; link=&#8221;url:https%3A%2F%2Fairtable.com%2FappwjEUuBYWz6jSpi%2FpagCu319Em2dwwD6w%2Fform|title:Formulaire%20en%20ligne&#8221; el_class=&#8221;button-text-size-26 btn-rose-sham&#8221;][\/vc_column][\/vc_row][\/vc_section]<\/p>\n","protected":false},"excerpt":{"rendered":"<p>[vc_section full_width=&#8221;stretch_row_content&#8221; el_class=&#8221;header-image-section&#8221; css=&#8221;.vc_custom_1710234385217{background-image: url(\/\/shamengo-vps1.tetedecom.pro\/wp-content\/uploads\/2024\/03\/Bandeau-yeux-Top-Model-Shamengo-3.png?id=91047) !important;}&#8221;][\/vc_section][vc_row el_id=&#8221;site-title&#8221;][vc_column][vc_column_text] TOP MODEL SHAMENGO [\/vc_column_text][vc_single_image image=&#8221;90925&#8243; img_size=&#8221;medium&#8221; alignment=&#8221;center&#8221;][\/vc_column][\/vc_row][vc_section css=&#8221;.vc_custom_1709917876413{margin-top: -50px !important;}&#8221;][vc_row css=&#8221;.vc_custom_1709917882149{margin-top: -50px !important;}&#8221;][vc_column][vc_column_text css=&#8221;.vc_custom_1709903982250{margin-bottom: 1em !important;}&#8221;] Du 6 au 12 Juillet 2024 \u00e0 Bordeaux [\/vc_column_text][vc_column_text css=&#8221;.vc_custom_1709917585931{margin-bottom: 1em !important;}&#8221;] Participez \u00e0 un concours pas comme les autres qui vous fera vivre une exp\u00e9rience inoubliable sur le chemin de la [&hellip;]<\/p>\n","protected":false},"author":12337,"featured_media":0,"parent":0,"menu_order":0,"comment_status":"closed","ping_status":"closed","template":"","meta":{"_acf_changed":false,"footnotes":""},"thematique":[],"class_list":["post-90416","page","type-page","status-publish","hentry"],"acf":{"top_page":false,"top_page_img":"\/\/shamengo-vps1.tetedecom.pro\/wp-content\/uploads\/2020\/11\/Capture-d\u2019e\u0301cran-2020-11-26-a\u0300-13.29.51.png","top_page_subtitle":"Hacke ton cerveau, exp\u00e9rimente le meilleur de toi-m\u00eame, deviens Shaman du nouveau monde"},"_links":{"self":[{"href":"https:\/\/shamengo-vps1.tetedecom.pro\/fr\/wp-json\/wp\/v2\/pages\/90416"}],"collection":[{"href":"https:\/\/shamengo-vps1.tetedecom.pro\/fr\/wp-json\/wp\/v2\/pages"}],"about":[{"href":"https:\/\/shamengo-vps1.tetedecom.pro\/fr\/wp-json\/wp\/v2\/types\/page"}],"author":[{"embeddable":true,"href":"https:\/\/shamengo-vps1.tetedecom.pro\/fr\/wp-json\/wp\/v2\/users\/12337"}],"replies":[{"embeddable":true,"href":"https:\/\/shamengo-vps1.tetedecom.pro\/fr\/wp-json\/wp\/v2\/comments?post=90416"}],"version-history":[{"count":53,"href":"https:\/\/shamengo-vps1.tetedecom.pro\/fr\/wp-json\/wp\/v2\/pages\/90416\/revisions"}],"predecessor-version":[{"id":91054,"href":"https:\/\/shamengo-vps1.tetedecom.pro\/fr\/wp-json\/wp\/v2\/pages\/90416\/revisions\/91054"}],"wp:attachment":[{"href":"https:\/\/shamengo-vps1.tetedecom.pro\/fr\/wp-json\/wp\/v2\/media?parent=90416"}],"wp:term":[{"taxonomy":"thematique","embeddable":true,"href":"https:\/\/shamengo-vps1.tetedecom.pro\/fr\/wp-json\/wp\/v2\/thematique?post=90416"}],"curies":[{"name":"wp","href":"https:\/\/api.w.org\/{rel}","templated":true}]}}